{"id":358,"date":"2015-08-12T12:27:19","date_gmt":"2015-08-12T10:27:19","guid":{"rendered":"http:\/\/savoy.nordicmade.com\/?page_id=358"},"modified":"2025-10-02T19:18:14","modified_gmt":"2025-10-02T17:18:14","slug":"o-nas-2","status":"publish","type":"page","link":"https:\/\/fundacjamalak.pl\/sklep\/o-nas-2\/","title":{"rendered":"O nas!"},"content":{"rendered":"\t\t<div data-elementor-type=\"wp-page\" data-elementor-id=\"358\" class=\"elementor elementor-358\">\n\t\t\t\t\t\t<section class=\"elementor-section elementor-top-section elementor-element elementor-element-9340f67 elementor-section-boxed elementor-section-height-default elementor-section-height-default\" data-id=\"9340f67\" data-element_type=\"section\" data-e-type=\"section\">\n\t\t\t\t\t\t<div class=\"elementor-container elementor-column-gap-extended\">\n\t\t\t\t\t<div class=\"elementor-column elementor-col-100 elementor-top-column elementor-element elementor-element-abe2cca\" data-id=\"abe2cca\" data-element_type=\"column\" data-e-type=\"column\">\n\t\t\t<div class=\"elementor-widget-wrap elementor-element-populated\">\n\t\t\t\t\t\t<div class=\"elementor-element elementor-element-530fccd elementor-widget elementor-widget-heading\" data-id=\"530fccd\" data-element_type=\"widget\" data-e-type=\"widget\" data-widget_type=\"heading.default\">\n\t\t\t\t<div class=\"elementor-widget-container\">\n\t\t\t\t\t<h2 class=\"elementor-heading-title elementor-size-default\">Jeste\u015bmy sklepem charytatywnym Fundacji Malak<\/h2>\t\t\t\t<\/div>\n\t\t\t\t<\/div>\n\t\t\t\t\t<\/div>\n\t\t<\/div>\n\t\t\t\t\t<\/div>\n\t\t<\/section>\n\t\t\t\t<section class=\"elementor-section elementor-top-section elementor-element elementor-element-0cabd80 elementor-section-boxed elementor-section-height-default elementor-section-height-default\" data-id=\"0cabd80\" data-element_type=\"section\" data-e-type=\"section\">\n\t\t\t\t\t\t<div class=\"elementor-container elementor-column-gap-extended\">\n\t\t\t\t\t<div class=\"elementor-column elementor-col-50 elementor-top-column elementor-element elementor-element-004c2af\" data-id=\"004c2af\" data-element_type=\"column\" data-e-type=\"column\">\n\t\t\t<div class=\"elementor-widget-wrap elementor-element-populated\">\n\t\t\t\t\t\t<div class=\"elementor-element elementor-element-9eb89a1 elementor-widget elementor-widget-heading\" data-id=\"9eb89a1\" data-element_type=\"widget\" data-e-type=\"widget\" data-widget_type=\"heading.default\">\n\t\t\t\t<div class=\"elementor-widget-container\">\n\t\t\t\t\t<h4 class=\"elementor-heading-title elementor-size-default\"><a href=\"https:\/\/fundacjamalak.pl\/\">Cze\u015b\u0107!<\/a><\/h4>\t\t\t\t<\/div>\n\t\t\t\t<\/div>\n\t\t\t\t\t<\/div>\n\t\t<\/div>\n\t\t\t\t<div class=\"elementor-column elementor-col-50 elementor-top-column elementor-element elementor-element-e968738\" data-id=\"e968738\" data-element_type=\"column\" data-e-type=\"column\">\n\t\t\t<div class=\"elementor-widget-wrap elementor-element-populated\">\n\t\t\t\t\t\t<div class=\"elementor-element elementor-element-edcf037 elementor-widget elementor-widget-text-editor\" data-id=\"edcf037\" data-element_type=\"widget\" data-e-type=\"widget\" data-widget_type=\"text-editor.default\">\n\t\t\t\t<div class=\"elementor-widget-container\">\n\t\t\t\t\t\t\t\t\t<p><strong>Sklep charytatywny Fundacji Malak<\/strong> powsta\u0142 jako spos\u00f3b na szerzenie dobrych tre\u015bci i sprzeda\u017c ksi\u0105\u017cek\/audiobook\u00f3w\/gad\u017cet\u00f3w, kt\u00f3re ukazywa\u0142y si\u0119 pod naszym wydawnictwem.<\/p>\n<p>Dzi\u0119ki waszym zakupom mo\u017cemy dzia\u0142a\u0107, pomaga\u0107 i realizowa\u0107 cele statutowe fundacji.\u00a0<\/p>\n<p>Nie jeste\u015bmy kolejnym komercyjnym sklepem tylko przestrzeni\u0105 gdzie ka\u017cda pozostawiona przez Was z\u0142ot\u00f3wka mo\u017ce dzia\u0142a\u0107 dalej i pomaga\u0107 innym.<\/p>\n<p>Seria naszych produkt\u00f3w cegie\u0142ek <a href=\"https:\/\/fundacjamalak.pl\/sklep\/kategoria-produktu\/cegielki\/\"><strong>&#8222;nie ma zwyk\u0142ych chwil&#8221; <\/strong><\/a>powsta\u0142a by da\u0107 wam wyj\u0105tkowy produkt, cegie\u0142k\u0119, kt\u00f3ry jednocze\u015bnie szerzy nasze has\u0142o przypominaj\u0105c, \u017ce ka\u017cdy najmniejszy moment ma znaczenie i mo\u017ce zmieni\u0107 nasze \u017cycie.\u00a0<\/p>\n<p><a href=\"https:\/\/fundacjamalak.pl\/sklep\/kategoria-produktu\/cegielki\/\"><img fetchpriority=\"high\" decoding=\"async\" class=\"aligncenter wp-image-6791 size-large\" src=\"https:\/\/fundacjamalak.pl\/sklep\/wp-content\/uploads\/2024\/10\/m-sklep_mniejsze30-683x1024.jpg\" alt=\"\" width=\"683\" height=\"1024\" srcset=\"https:\/\/fundacjamalak.pl\/sklep\/wp-content\/uploads\/2024\/10\/m-sklep_mniejsze30-683x1024.jpg 683w, https:\/\/fundacjamalak.pl\/sklep\/wp-content\/uploads\/2024\/10\/m-sklep_mniejsze30-200x300.jpg 200w, https:\/\/fundacjamalak.pl\/sklep\/wp-content\/uploads\/2024\/10\/m-sklep_mniejsze30-768x1152.jpg 768w, https:\/\/fundacjamalak.pl\/sklep\/wp-content\/uploads\/2024\/10\/m-sklep_mniejsze30-1024x1536.jpg 1024w, https:\/\/fundacjamalak.pl\/sklep\/wp-content\/uploads\/2024\/10\/m-sklep_mniejsze30-350x525.jpg 350w, https:\/\/fundacjamalak.pl\/sklep\/wp-content\/uploads\/2024\/10\/m-sklep_mniejsze30-680x1020.jpg 680w, https:\/\/fundacjamalak.pl\/sklep\/wp-content\/uploads\/2024\/10\/m-sklep_mniejsze30.jpg 1365w\" sizes=\"(max-width: 683px) 100vw, 683px\" \/><\/a><\/p>\n<p>\u00a0<\/p>\n<p><strong>Jako<\/strong> <a href=\"https:\/\/fundacjamalak.pl\/wspieram\/\"><strong>Fundacja Malak<\/strong><\/a> <strong>Od 13 lat dzia\u0142amy w obszarze<\/strong> <strong>ROZWOJU CIA\u0141A, UMYS\u0141U i DUSZY.<\/strong><\/p>\n<p>Organizujemy r\u00f3\u017cnorodne wydarzenia, takie jak warsztaty, konferencje i spotkania, a tak\u017ce prowadzimy akcje charytatywne.<\/p>\n<p>Realizujemy projekty o zr\u00f3\u017cnicowanej skali, wspieraj\u0105c innych w odkrywaniu i rozwijaniu swojego potencja\u0142u. Prowadzimy wydawnictwo i sklep, z kt\u00f3rych ca\u0142kowity doch\u00f3d przekazujemy na nasz g\u0142\u00f3wny cel \u2013 dzia\u0142alno\u015b\u0107 dobroczynn\u0105 i charytatywn\u0105.<\/p>\n<p><strong>MISJA<\/strong><\/p>\n<p>Inspirujemy ludzi do zmiany i wspieramy w procesie samorozwoju, aby \u015bwiadomie odkrywali i realizowali sw\u00f3j potencja\u0142, a swoj\u0105 przemian\u0105 s\u0142u\u017cyli innym.<\/p>\n<p>Opieraj\u0105c si\u0119 na warto\u015bciach chrze\u015bcija\u0144skich wierzymy, \u017ce prawdziwy rozw\u00f3j rodzi si\u0119 z wolno\u015bci i odpowiedzialno\u015bci za swoje wybory i w tym duchu tworzymy przestrze\u0144 poszukiwania r\u00f3wnowagi mi\u0119dzy cia\u0142em, umys\u0142em i duchem.<\/p>\n<p><strong>WIZJA<\/strong><\/p>\n<p>Jeste\u015bmy miejscem, w kt\u00f3rym motywujemy, inspirujemy i wyposa\u017camy w konkretne narz\u0119dzia do samorozwoju, do kt\u00f3rego zapraszamy ka\u017cdego, kto poszukuje g\u0142\u0119bi w \u017cyciu i w relacjach z drugim cz\u0142owiekiem i Stw\u00f3rc\u0105.<\/p>\n<p><strong>Chcesz razem z nami TWORZY\u0106, EDUKOWA\u0106, INSPIROWA\u0106?<\/strong><\/p>\n<p>Odwied\u017a nasz\u0105 stron\u0119 <a href=\"https:\/\/fundacjamalak.pl\/\">Fundacja Malak<\/a><\/p>\n<p>Przeka\u017c nam <a href=\"https:\/\/fundacjamalak.pl\/wspieram\/\">jednorazow\u0105 darowizn\u0119<\/a>.<\/p>\n<p>Wspieraj nas regularnie, do\u0142\u0105czaj\u0105c do\u00a0<a href=\"https:\/\/fundacjamalak.pl\/\" target=\"_blank\" rel=\"noopener\">Bliskich Malaka<\/a>\u00a0<\/p>\n<p>Zr\u00f3b zakupy w naszym sklepie internetowym\u00a0<a style=\"font-family: var( --e-global-typography-text-font-family ), Sans-serif; background-color: #eeeeee;\" href=\"https:\/\/fundacjamalak.pl\/sklep\/\" target=\"_blank\" rel=\"noopener\">www.fundacjamalak.pl\/sklep<\/a><\/p>\n<p><\/p>\n<p>Dzi\u0119kujemy za ka\u017cde wsparcie\u00a0<\/p>\t\t\t\t\t\t\t\t<\/div>\n\t\t\t\t<\/div>\n\t\t\t\t\t<\/div>\n\t\t<\/div>\n\t\t\t\t\t<\/div>\n\t\t<\/section>\n\t\t\t\t<section class=\"elementor-section elementor-top-section elementor-element elementor-element-38f9f1c elementor-section-boxed elementor-section-height-default elementor-section-height-default\" data-id=\"38f9f1c\" data-element_type=\"section\" data-e-type=\"section\">\n\t\t\t\t\t\t<div class=\"elementor-container elementor-column-gap-extended\">\n\t\t\t\t\t<div class=\"elementor-column elementor-col-50 elementor-top-column elementor-element elementor-element-18536f3\" data-id=\"18536f3\" data-element_type=\"column\" data-e-type=\"column\">\n\t\t\t<div class=\"elementor-widget-wrap elementor-element-populated\">\n\t\t\t\t\t\t<div class=\"elementor-element elementor-element-adb2430 elementor-widget elementor-widget-heading\" data-id=\"adb2430\" data-element_type=\"widget\" data-e-type=\"widget\" data-widget_type=\"heading.default\">\n\t\t\t\t<div class=\"elementor-widget-container\">\n\t\t\t\t\t<h4 class=\"elementor-heading-title elementor-size-default\">Malak to anio\u0142<\/h4>\t\t\t\t<\/div>\n\t\t\t\t<\/div>\n\t\t\t\t\t<\/div>\n\t\t<\/div>\n\t\t\t\t<div class=\"elementor-column elementor-col-50 elementor-top-column elementor-element elementor-element-f40756e\" data-id=\"f40756e\" data-element_type=\"column\" data-e-type=\"column\">\n\t\t\t<div class=\"elementor-widget-wrap elementor-element-populated\">\n\t\t\t\t\t\t<div class=\"elementor-element elementor-element-c551d30 elementor-widget elementor-widget-text-editor\" data-id=\"c551d30\" data-element_type=\"widget\" data-e-type=\"widget\" data-widget_type=\"text-editor.default\">\n\t\t\t\t<div class=\"elementor-widget-container\">\n\t\t\t\t\t\t\t\t\t<p>Biblia m\u00f3wi o nim na ka\u017cdym kroku. To on w imieniu Jahwe rozmawia z Moj\u017ceszem w p\u0142on\u0105cym krzaku, on chroni Izraelit\u00f3w przed egipskimi wojskami i prowadzi ich przez pustyni\u0119. Cz\u0119sto trudno odr\u00f3\u017cni\u0107, gdzie dzia\u0142a sam B\u00f3g, a gdzie Jego pomys\u0142y realizuje Malak.<\/p>\t\t\t\t\t\t\t\t<\/div>\n\t\t\t\t<\/div>\n\t\t\t\t\t<\/div>\n\t\t<\/div>\n\t\t\t\t\t<\/div>\n\t\t<\/section>\n\t\t\t\t<section class=\"elementor-section elementor-top-section elementor-element elementor-element-d13a73e elementor-section-boxed elementor-section-height-default elementor-section-height-default\" data-id=\"d13a73e\" data-element_type=\"section\" data-e-type=\"section\">\n\t\t\t\t\t\t<div class=\"elementor-container elementor-column-gap-extended\">\n\t\t\t\t\t<div class=\"elementor-column elementor-col-50 elementor-top-column elementor-element elementor-element-14b7bba\" data-id=\"14b7bba\" data-element_type=\"column\" data-e-type=\"column\">\n\t\t\t<div class=\"elementor-widget-wrap elementor-element-populated\">\n\t\t\t\t\t\t<div class=\"elementor-element elementor-element-593cec4 elementor-widget elementor-widget-heading\" data-id=\"593cec4\" data-element_type=\"widget\" data-e-type=\"widget\" data-widget_type=\"heading.default\">\n\t\t\t\t<div class=\"elementor-widget-container\">\n\t\t\t\t\t<h4 class=\"elementor-heading-title elementor-size-default\">Ekipa Malaka<\/h4>\t\t\t\t<\/div>\n\t\t\t\t<\/div>\n\t\t\t\t\t<\/div>\n\t\t<\/div>\n\t\t\t\t<div class=\"elementor-column elementor-col-50 elementor-top-column elementor-element elementor-element-35b68fe\" data-id=\"35b68fe\" data-element_type=\"column\" data-e-type=\"column\">\n\t\t\t<div class=\"elementor-widget-wrap elementor-element-populated\">\n\t\t\t\t\t\t<div class=\"elementor-element elementor-element-2e8dd15 elementor-widget elementor-widget-nm-team\" data-id=\"2e8dd15\" data-element_type=\"widget\" data-e-type=\"widget\" data-widget_type=\"nm-team.default\">\n\t\t\t\t<div class=\"elementor-widget-container\">\n\t\t\t\t\t\r\n\t\t\t<ul class=\"nm-team xsmall-block-grid-2 small-block-grid-2 medium-block-grid-2 large-block-grid-2 text-align-center\">\r\n\t\t\t\t<li>\r\n\t\t\t\t\t<div class=\"nm-team-member\">\r\n\t\t\t\t\t\t<div class=\"nm-team-member-image default\"><img decoding=\"async\" src=\"https:\/\/fundacjamalak.pl\/sklep\/wp-content\/uploads\/2015\/08\/3-malaki-mniejsze.jpg\" alt=\"Pawe\u0142 Mleczko\" \/>\r\n\t\t\t\t\t\t\t<div class=\"nm-team-member-overlay\">\r\n\t\t\t\t\t\t\t<\/div>\r\n\t\t\t\t\t\t<\/div>\r\n\t\t\t\t\t\t<div class=\"nm-team-member-content\"><h2>Pawe\u0142 Mleczko<\/h2><h3>specjalista e-commerce<\/h3><div class=\"wpb_text_column\"><\/div>\r\n\t\t\t\t\t\t<\/div>\r\n\t\t\t\t\t<\/div>\r\n\t\t\t\t<\/li>\r\n\t\t\t\t<li>\r\n\t\t\t\t\t<div class=\"nm-team-member\">\r\n\t\t\t\t\t\t<div class=\"nm-team-member-image default\"><img decoding=\"async\" src=\"https:\/\/fundacjamalak.pl\/sklep\/wp-content\/uploads\/2015\/08\/21-malaki-mniejsze.jpg\" alt=\"Maja Kwiatkowska\" \/>\r\n\t\t\t\t\t\t\t<div class=\"nm-team-member-overlay\">\r\n\t\t\t\t\t\t\t<\/div>\r\n\t\t\t\t\t\t<\/div>\r\n\t\t\t\t\t\t<div class=\"nm-team-member-content\"><h2>Maja Kwiatkowska<\/h2><h3>Prezes zarz\u0105du Fundacji Malak<\/h3><div class=\"wpb_text_column\"><\/div>\r\n\t\t\t\t\t\t<\/div>\r\n\t\t\t\t\t<\/div>\r\n\t\t\t\t<\/li>\r\n\t\t\t<\/ul>\t\t\t\t<\/div>\n\t\t\t\t<\/div>\n\t\t\t\t\t<\/div>\n\t\t<\/div>\n\t\t\t\t\t<\/div>\n\t\t<\/section>\n\t\t\t\t<\/div>\n\t\t","protected":false},"excerpt":{"rendered":"<p>Jeste\u015bmy sklepem charytatywnym Fundacji Malak Cze\u015b\u0107! Sklep charytatywny Fundacji Malak powsta\u0142 jako spos\u00f3b na szerzenie dobrych tre\u015bci i sprzeda\u017c ksi\u0105\u017cek\/audiobook\u00f3w\/gad\u017cet\u00f3w, kt\u00f3re ukazywa\u0142y si\u0119 pod naszym wydawnictwem. Dzi\u0119ki waszym zakupom mo\u017cemy dzia\u0142a\u0107, pomaga\u0107 i realizowa\u0107 cele statutowe fundacji.\u00a0 Nie jeste\u015bmy kolejnym komercyjnym sklepem tylko przestrzeni\u0105 gdzie ka\u017cda pozostawiona przez Was z\u0142ot\u00f3wka mo\u017ce dzia\u0142a\u0107 dalej i pomaga\u0107 &hellip;<\/p>\n","protected":false},"author":1,"featured_media":0,"parent":0,"menu_order":0,"comment_status":"closed","ping_status":"closed","template":"","meta":{"_acf_changed":false,"footnotes":""},"class_list":["post-358","page","type-page","status-publish","hentry"],"acf":[],"yoast_head":"<!-- This site is optimized with the Yoast SEO plugin v27.1.1 - https:\/\/yoast.com\/product\/yoast-seo-wordpress\/ -->\n<title>O nas! - Sklep Malak<\/title>\n<meta name=\"robots\" content=\"index, follow, max-snippet:-1, max-image-preview:large, max-video-preview:-1\" \/>\n<link rel=\"canonical\" href=\"https:\/\/fundacjamalak.pl\/sklep\/o-nas-2\/\" \/>\n<meta property=\"og:locale\" content=\"pl_PL\" \/>\n<meta property=\"og:type\" content=\"article\" \/>\n<meta property=\"og:title\" content=\"O nas! - Sklep Malak\" \/>\n<meta property=\"og:description\" content=\"Jeste\u015bmy sklepem charytatywnym Fundacji Malak Cze\u015b\u0107! Sklep charytatywny Fundacji Malak powsta\u0142 jako spos\u00f3b na szerzenie dobrych tre\u015bci i sprzeda\u017c ksi\u0105\u017cek\/audiobook\u00f3w\/gad\u017cet\u00f3w, kt\u00f3re ukazywa\u0142y si\u0119 pod naszym wydawnictwem. Dzi\u0119ki waszym zakupom mo\u017cemy dzia\u0142a\u0107, pomaga\u0107 i realizowa\u0107 cele statutowe fundacji.\u00a0 Nie jeste\u015bmy kolejnym komercyjnym sklepem tylko przestrzeni\u0105 gdzie ka\u017cda pozostawiona przez Was z\u0142ot\u00f3wka mo\u017ce dzia\u0142a\u0107 dalej i pomaga\u0107 &hellip;\" \/>\n<meta property=\"og:url\" content=\"https:\/\/fundacjamalak.pl\/sklep\/o-nas-2\/\" \/>\n<meta property=\"og:site_name\" content=\"Sklep Malak\" \/>\n<meta property=\"article:publisher\" content=\"https:\/\/www.facebook.com\/FundacjaMalak\" \/>\n<meta property=\"article:modified_time\" content=\"2025-10-02T17:18:14+00:00\" \/>\n<meta property=\"og:image\" content=\"https:\/\/fundacjamalak.pl\/sklep\/wp-content\/uploads\/2024\/10\/m-sklep_mniejsze30.jpg\" \/>\n\t<meta property=\"og:image:width\" content=\"1365\" \/>\n\t<meta property=\"og:image:height\" content=\"2048\" \/>\n\t<meta property=\"og:image:type\" content=\"image\/jpeg\" \/>\n<meta name=\"twitter:card\" content=\"summary_large_image\" \/>\n<meta name=\"twitter:label1\" content=\"Szacowany czas czytania\" \/>\n\t<meta name=\"twitter:data1\" content=\"3 minuty\" \/>\n<script type=\"application\/ld+json\" class=\"yoast-schema-graph\">{\"@context\":\"https:\/\/schema.org\",\"@graph\":[{\"@type\":\"WebPage\",\"@id\":\"https:\/\/fundacjamalak.pl\/sklep\/o-nas-2\/\",\"url\":\"https:\/\/fundacjamalak.pl\/sklep\/o-nas-2\/\",\"name\":\"O nas! - Sklep Malak\",\"isPartOf\":{\"@id\":\"https:\/\/sklepmalak.pl\/#website\"},\"primaryImageOfPage\":{\"@id\":\"https:\/\/fundacjamalak.pl\/sklep\/o-nas-2\/#primaryimage\"},\"image\":{\"@id\":\"https:\/\/fundacjamalak.pl\/sklep\/o-nas-2\/#primaryimage\"},\"thumbnailUrl\":\"https:\/\/fundacjamalak.pl\/sklep\/wp-content\/uploads\/2024\/10\/m-sklep_mniejsze30-683x1024.jpg\",\"datePublished\":\"2015-08-12T10:27:19+00:00\",\"dateModified\":\"2025-10-02T17:18:14+00:00\",\"breadcrumb\":{\"@id\":\"https:\/\/fundacjamalak.pl\/sklep\/o-nas-2\/#breadcrumb\"},\"inLanguage\":\"pl-PL\",\"potentialAction\":[{\"@type\":\"ReadAction\",\"target\":[\"https:\/\/fundacjamalak.pl\/sklep\/o-nas-2\/\"]}]},{\"@type\":\"ImageObject\",\"inLanguage\":\"pl-PL\",\"@id\":\"https:\/\/fundacjamalak.pl\/sklep\/o-nas-2\/#primaryimage\",\"url\":\"https:\/\/fundacjamalak.pl\/sklep\/wp-content\/uploads\/2024\/10\/m-sklep_mniejsze30.jpg\",\"contentUrl\":\"https:\/\/fundacjamalak.pl\/sklep\/wp-content\/uploads\/2024\/10\/m-sklep_mniejsze30.jpg\",\"width\":1365,\"height\":2048},{\"@type\":\"BreadcrumbList\",\"@id\":\"https:\/\/fundacjamalak.pl\/sklep\/o-nas-2\/#breadcrumb\",\"itemListElement\":[{\"@type\":\"ListItem\",\"position\":1,\"name\":\"Strona g\u0142\u00f3wna\",\"item\":\"https:\/\/sklepmalak.pl\/\"},{\"@type\":\"ListItem\",\"position\":2,\"name\":\"O nas!\"}]},{\"@type\":\"WebSite\",\"@id\":\"https:\/\/sklepmalak.pl\/#website\",\"url\":\"https:\/\/sklepmalak.pl\/\",\"name\":\"Sklep Malak\",\"description\":\"Nie ma zwyk\u0142ych chwil!\",\"publisher\":{\"@id\":\"https:\/\/sklepmalak.pl\/#organization\"},\"potentialAction\":[{\"@type\":\"SearchAction\",\"target\":{\"@type\":\"EntryPoint\",\"urlTemplate\":\"https:\/\/sklepmalak.pl\/?s={search_term_string}\"},\"query-input\":{\"@type\":\"PropertyValueSpecification\",\"valueRequired\":true,\"valueName\":\"search_term_string\"}}],\"inLanguage\":\"pl-PL\"},{\"@type\":\"Organization\",\"@id\":\"https:\/\/sklepmalak.pl\/#organization\",\"name\":\"Sklep Malak\",\"alternateName\":\"Sklep Fundacji Malak\",\"url\":\"https:\/\/sklepmalak.pl\/\",\"logo\":{\"@type\":\"ImageObject\",\"inLanguage\":\"pl-PL\",\"@id\":\"https:\/\/sklepmalak.pl\/#\/schema\/logo\/image\/\",\"url\":\"https:\/\/fundacjamalak.pl\/sklep\/wp-content\/uploads\/2023\/09\/logo.malak-14-2.png\",\"contentUrl\":\"https:\/\/fundacjamalak.pl\/sklep\/wp-content\/uploads\/2023\/09\/logo.malak-14-2.png\",\"width\":355,\"height\":355,\"caption\":\"Sklep Malak\"},\"image\":{\"@id\":\"https:\/\/sklepmalak.pl\/#\/schema\/logo\/image\/\"},\"sameAs\":[\"https:\/\/www.facebook.com\/FundacjaMalak\",\"https:\/\/www.instagram.com\/fundacjamalak\"]}]}<\/script>\n<!-- \/ Yoast SEO plugin. -->","yoast_head_json":{"title":"O nas! - Sklep Malak","robots":{"index":"index","follow":"follow","max-snippet":"max-snippet:-1","max-image-preview":"max-image-preview:large","max-video-preview":"max-video-preview:-1"},"canonical":"https:\/\/fundacjamalak.pl\/sklep\/o-nas-2\/","og_locale":"pl_PL","og_type":"article","og_title":"O nas! - Sklep Malak","og_description":"Jeste\u015bmy sklepem charytatywnym Fundacji Malak Cze\u015b\u0107! Sklep charytatywny Fundacji Malak powsta\u0142 jako spos\u00f3b na szerzenie dobrych tre\u015bci i sprzeda\u017c ksi\u0105\u017cek\/audiobook\u00f3w\/gad\u017cet\u00f3w, kt\u00f3re ukazywa\u0142y si\u0119 pod naszym wydawnictwem. Dzi\u0119ki waszym zakupom mo\u017cemy dzia\u0142a\u0107, pomaga\u0107 i realizowa\u0107 cele statutowe fundacji.\u00a0 Nie jeste\u015bmy kolejnym komercyjnym sklepem tylko przestrzeni\u0105 gdzie ka\u017cda pozostawiona przez Was z\u0142ot\u00f3wka mo\u017ce dzia\u0142a\u0107 dalej i pomaga\u0107 &hellip;","og_url":"https:\/\/fundacjamalak.pl\/sklep\/o-nas-2\/","og_site_name":"Sklep Malak","article_publisher":"https:\/\/www.facebook.com\/FundacjaMalak","article_modified_time":"2025-10-02T17:18:14+00:00","og_image":[{"width":1365,"height":2048,"url":"https:\/\/fundacjamalak.pl\/sklep\/wp-content\/uploads\/2024\/10\/m-sklep_mniejsze30.jpg","type":"image\/jpeg"}],"twitter_card":"summary_large_image","twitter_misc":{"Szacowany czas czytania":"3 minuty"},"schema":{"@context":"https:\/\/schema.org","@graph":[{"@type":"WebPage","@id":"https:\/\/fundacjamalak.pl\/sklep\/o-nas-2\/","url":"https:\/\/fundacjamalak.pl\/sklep\/o-nas-2\/","name":"O nas! - Sklep Malak","isPartOf":{"@id":"https:\/\/sklepmalak.pl\/#website"},"primaryImageOfPage":{"@id":"https:\/\/fundacjamalak.pl\/sklep\/o-nas-2\/#primaryimage"},"image":{"@id":"https:\/\/fundacjamalak.pl\/sklep\/o-nas-2\/#primaryimage"},"thumbnailUrl":"https:\/\/fundacjamalak.pl\/sklep\/wp-content\/uploads\/2024\/10\/m-sklep_mniejsze30-683x1024.jpg","datePublished":"2015-08-12T10:27:19+00:00","dateModified":"2025-10-02T17:18:14+00:00","breadcrumb":{"@id":"https:\/\/fundacjamalak.pl\/sklep\/o-nas-2\/#breadcrumb"},"inLanguage":"pl-PL","potentialAction":[{"@type":"ReadAction","target":["https:\/\/fundacjamalak.pl\/sklep\/o-nas-2\/"]}]},{"@type":"ImageObject","inLanguage":"pl-PL","@id":"https:\/\/fundacjamalak.pl\/sklep\/o-nas-2\/#primaryimage","url":"https:\/\/fundacjamalak.pl\/sklep\/wp-content\/uploads\/2024\/10\/m-sklep_mniejsze30.jpg","contentUrl":"https:\/\/fundacjamalak.pl\/sklep\/wp-content\/uploads\/2024\/10\/m-sklep_mniejsze30.jpg","width":1365,"height":2048},{"@type":"BreadcrumbList","@id":"https:\/\/fundacjamalak.pl\/sklep\/o-nas-2\/#breadcrumb","itemListElement":[{"@type":"ListItem","position":1,"name":"Strona g\u0142\u00f3wna","item":"https:\/\/sklepmalak.pl\/"},{"@type":"ListItem","position":2,"name":"O nas!"}]},{"@type":"WebSite","@id":"https:\/\/sklepmalak.pl\/#website","url":"https:\/\/sklepmalak.pl\/","name":"Sklep Malak","description":"Nie ma zwyk\u0142ych chwil!","publisher":{"@id":"https:\/\/sklepmalak.pl\/#organization"},"potentialAction":[{"@type":"SearchAction","target":{"@type":"EntryPoint","urlTemplate":"https:\/\/sklepmalak.pl\/?s={search_term_string}"},"query-input":{"@type":"PropertyValueSpecification","valueRequired":true,"valueName":"search_term_string"}}],"inLanguage":"pl-PL"},{"@type":"Organization","@id":"https:\/\/sklepmalak.pl\/#organization","name":"Sklep Malak","alternateName":"Sklep Fundacji Malak","url":"https:\/\/sklepmalak.pl\/","logo":{"@type":"ImageObject","inLanguage":"pl-PL","@id":"https:\/\/sklepmalak.pl\/#\/schema\/logo\/image\/","url":"https:\/\/fundacjamalak.pl\/sklep\/wp-content\/uploads\/2023\/09\/logo.malak-14-2.png","contentUrl":"https:\/\/fundacjamalak.pl\/sklep\/wp-content\/uploads\/2023\/09\/logo.malak-14-2.png","width":355,"height":355,"caption":"Sklep Malak"},"image":{"@id":"https:\/\/sklepmalak.pl\/#\/schema\/logo\/image\/"},"sameAs":["https:\/\/www.facebook.com\/FundacjaMalak","https:\/\/www.instagram.com\/fundacjamalak"]}]}},"_links":{"self":[{"href":"https:\/\/fundacjamalak.pl\/sklep\/wp-json\/wp\/v2\/pages\/358","targetHints":{"allow":["GET"]}}],"collection":[{"href":"https:\/\/fundacjamalak.pl\/sklep\/wp-json\/wp\/v2\/pages"}],"about":[{"href":"https:\/\/fundacjamalak.pl\/sklep\/wp-json\/wp\/v2\/types\/page"}],"author":[{"embeddable":true,"href":"https:\/\/fundacjamalak.pl\/sklep\/wp-json\/wp\/v2\/users\/1"}],"replies":[{"embeddable":true,"href":"https:\/\/fundacjamalak.pl\/sklep\/wp-json\/wp\/v2\/comments?post=358"}],"version-history":[{"count":59,"href":"https:\/\/fundacjamalak.pl\/sklep\/wp-json\/wp\/v2\/pages\/358\/revisions"}],"predecessor-version":[{"id":9226,"href":"https:\/\/fundacjamalak.pl\/sklep\/wp-json\/wp\/v2\/pages\/358\/revisions\/9226"}],"wp:attachment":[{"href":"https:\/\/fundacjamalak.pl\/sklep\/wp-json\/wp\/v2\/media?parent=358"}],"curies":[{"name":"wp","href":"https:\/\/api.w.org\/{rel}","templated":true}]}}