{"id":13951,"date":"2025-12-08T12:59:30","date_gmt":"2025-12-08T11:59:30","guid":{"rendered":"https:\/\/fundacjamalak.pl\/sklep\/?post_type=product&#038;p=13951"},"modified":"2026-04-18T23:55:59","modified_gmt":"2026-04-18T21:55:59","slug":"zamknij-oczy-adam-szustak-op","status":"publish","type":"product","link":"https:\/\/fundacjamalak.pl\/sklep\/produkt\/ksiazki\/zamknij-oczy-adam-szustak-op\/","title":{"rendered":"Zamknij oczy -Adam Szustak OP"},"content":{"rendered":"<p>Adam Szustak OP przeprowadzi Ci\u0119 przez drog\u0119, dzi\u0119ki kt\u00f3rej zatrzymasz ha\u0142as \u015bwiata i poszukasz odpowiedzi na najwa\u017cniejsze pytania w g\u0142\u0119bi siebie. Wreszcie us\u0142yszysz siebie i Tego, kt\u00f3ry m\u00f3wi ciszej ni\u017c powiadomienia. Poznaj biblijnego Samsona \u2013 cz\u0142owieka, kt\u00f3ry odwa\u017cnie pod\u0105\u017ca\u0142 za swoimi najg\u0142\u0119bszymi pragnieniami i mimo nieokie\u0142znanych emocji oraz uwik\u0142a\u0144, zasmakowa\u0142 prawdziwej wolno\u015bci w Bogu, zwyci\u0119zcy ka\u017cdej \u015bmierci.<\/p>\n<p>B\u00f3g stworzy\u0142 nas jako wolnych ludzi, przed kt\u00f3rymi rozci\u0105gaj\u0105 si\u0119 wspania\u0142e perspektywy. Jednak co\u015b po drodze posz\u0142o nie tak. Spotykaj\u0105 nas r\u00f3\u017cne nieszcz\u0119\u015bcia i gdzie\u015b to pierwotne szcz\u0119\u015bcie nam si\u0119 rozmywa. Ale wcale tak nie musi by\u0107! <\/p>\n<p>Mo\u017cemy rozpozna\u0107 w sobie mechanizmy, kt\u00f3re nas blokuj\u0105. Rozpozna\u0107 je odpowiednio wcze\u015bnie i zacz\u0105\u0107 im przeciwdzia\u0142a\u0107, bo to one nie pozwalaj\u0105 nam \u017cy\u0107 pe\u0142ni\u0105 \u017cycia.<\/p>\n<p>Ksi\u0105\u017cka \u201eZamknij oczy\u201d to zaproszenie do podj\u0119cia pr\u00f3by zbadania samego siebie i p\u00f3j\u015bcia drog\u0105 \u2013 od uzale\u017cniania si\u0119, wchodzenia w tysi\u0105ce pragnie\u0144, r\u00f3\u017cnorodnych przyzwyczaje\u0144 i impuls\u00f3w do wolno\u015bci oraz szcz\u0119\u015bcia.<\/p>\n<p>CZEGO KONKRETNIE DOWIESZ SI\u0118 Z KSI\u0104\u017bKI?<br \/>\n-Poznasz 4 etapy wychodzenia z r\u00f3\u017cnorodnych przywi\u0105za\u0144 i nawyk\u00f3w<br \/>\n-Zrozumiesz p\u0119tl\u0119 nawyku i nauczysz si\u0119 z niej wychodzi\u0107<br \/>\n-Odkryjesz, dlaczego pope\u0142niasz wci\u0105\u017c te same b\u0142\u0119dy i zaczniesz sobie z tym radzi\u0107<br \/>\n-Przeczytasz o kluczowym mechanizmie w kwestii nawr\u00f3cenia<br \/>\n-Otrzymasz \u0107wiczenia, dzi\u0119ki kt\u00f3rym lepiej poznasz siebie, zrozumiesz swoj\u0105 sytuacj\u0119 i zaczniesz dzia\u0142a\u0107.<\/p>\n<p><strong>Kupuj\u0105c wspierasz! Ca\u0142kowity doch\u00f3d ze sprzeda\u017cy w sklepie Malak przeznaczony jest na dzia\u0142ania i pomoc charytatywn\u0105 realizowan\u0105 przez\u00a0<a href=\"https:\/\/fundacjamalak.pl\/\">Fundacj\u0119 Malak<\/a>.<\/strong><\/p>\n","protected":false},"excerpt":{"rendered":"<p>Adam Szustak OP przeprowadzi Ci\u0119 przez drog\u0119, dzi\u0119ki kt\u00f3rej zatrzymasz ha\u0142as \u015bwiata i poszukasz odpowiedzi na najwa\u017cniejsze pytania w g\u0142\u0119bi siebie. Wreszcie us\u0142yszysz siebie i Tego, kt\u00f3ry m\u00f3wi ciszej ni\u017c powiadomienia. Poznaj biblijnego Samsona \u2013 cz\u0142owieka, kt\u00f3ry odwa\u017cnie pod\u0105\u017ca\u0142 za swoimi najg\u0142\u0119bszymi pragnieniami i mimo nieokie\u0142znanych emocji oraz uwik\u0142a\u0144, zasmakowa\u0142 prawdziwej wolno\u015bci w Bogu, zwyci\u0119zcy ka\u017cdej \u015bmierci. Przeczytaj ksi\u0105\u017ck\u0119 \u201eZamknij oczy\u201d! Wejd\u017a na drog\u0119 ku wewn\u0119trznej sile, pokonywaniu s\u0142abo\u015bci i odnajdywaniu sensu \u017cycia.<\/p>\n","protected":false},"featured_media":14442,"template":"","meta":{"_acf_changed":false},"product_brand":[],"product_cat":[69,68,71,288],"product_tag":[],"class_list":{"0":"post-13951","1":"product","2":"type-product","3":"status-publish","4":"has-post-thumbnail","6":"product_cat-adam-szustak-op","7":"product_cat-ksiazki","8":"product_cat-edukacja-i-rozwoj","9":"product_cat-okazje-i-nowosci","11":"first","12":"outofstock","13":"taxable","14":"shipping-taxable","15":"purchasable","16":"product-type-variable","17":"has-default-attributes"},"acf":[],"yoast_head":"<!-- This site is optimized with the Yoast SEO plugin v27.1.1 - https:\/\/yoast.com\/product\/yoast-seo-wordpress\/ -->\n<title>Zamknij oczy -Adam Szustak OP - Sklep Malak<\/title>\n<meta name=\"robots\" content=\"index, follow, max-snippet:-1, max-image-preview:large, max-video-preview:-1\" \/>\n<link rel=\"canonical\" href=\"https:\/\/fundacjamalak.pl\/sklep\/produkt\/ksiazki\/zamknij-oczy-adam-szustak-op\/\" \/>\n<meta property=\"og:locale\" content=\"pl_PL\" \/>\n<meta property=\"og:type\" content=\"article\" \/>\n<meta property=\"og:title\" content=\"Zamknij oczy -Adam Szustak OP - Sklep Malak\" \/>\n<meta property=\"og:description\" content=\"Adam Szustak OP przeprowadzi Ci\u0119 przez drog\u0119, dzi\u0119ki kt\u00f3rej zatrzymasz ha\u0142as \u015bwiata i poszukasz odpowiedzi na najwa\u017cniejsze pytania w g\u0142\u0119bi siebie. Wreszcie us\u0142yszysz siebie i Tego, kt\u00f3ry m\u00f3wi ciszej ni\u017c powiadomienia. Poznaj biblijnego Samsona \u2013 cz\u0142owieka, kt\u00f3ry odwa\u017cnie pod\u0105\u017ca\u0142 za swoimi najg\u0142\u0119bszymi pragnieniami i mimo nieokie\u0142znanych emocji oraz uwik\u0142a\u0144, zasmakowa\u0142 prawdziwej wolno\u015bci w Bogu, zwyci\u0119zcy ka\u017cdej \u015bmierci. Przeczytaj ksi\u0105\u017ck\u0119 \u201eZamknij oczy\u201d! Wejd\u017a na drog\u0119 ku wewn\u0119trznej sile, pokonywaniu s\u0142abo\u015bci i odnajdywaniu sensu \u017cycia.\" \/>\n<meta property=\"og:url\" content=\"https:\/\/fundacjamalak.pl\/sklep\/produkt\/ksiazki\/zamknij-oczy-adam-szustak-op\/\" \/>\n<meta property=\"og:site_name\" content=\"Sklep Malak\" \/>\n<meta property=\"article:publisher\" content=\"https:\/\/www.facebook.com\/FundacjaMalak\" \/>\n<meta property=\"article:modified_time\" content=\"2026-04-18T21:55:59+00:00\" \/>\n<meta property=\"og:image\" content=\"https:\/\/fundacjamalak.pl\/sklep\/wp-content\/uploads\/2025\/12\/Zamknij-Oczy_Adam-Szustak.png\" \/>\n\t<meta property=\"og:image:width\" content=\"1280\" \/>\n\t<meta property=\"og:image:height\" content=\"1588\" \/>\n\t<meta property=\"og:image:type\" content=\"image\/png\" \/>\n<meta name=\"twitter:card\" content=\"summary_large_image\" \/>\n<meta name=\"twitter:label1\" content=\"Szacowany czas czytania\" \/>\n\t<meta name=\"twitter:data1\" content=\"1 minuta\" \/>\n<script type=\"application\/ld+json\" class=\"yoast-schema-graph\">{\"@context\":\"https:\/\/schema.org\",\"@graph\":[{\"@type\":\"WebPage\",\"@id\":\"https:\/\/fundacjamalak.pl\/sklep\/produkt\/ksiazki\/zamknij-oczy-adam-szustak-op\/\",\"url\":\"https:\/\/fundacjamalak.pl\/sklep\/produkt\/ksiazki\/zamknij-oczy-adam-szustak-op\/\",\"name\":\"Zamknij oczy -Adam Szustak OP - Sklep Malak\",\"isPartOf\":{\"@id\":\"https:\/\/sklepmalak.pl\/#website\"},\"primaryImageOfPage\":{\"@id\":\"https:\/\/fundacjamalak.pl\/sklep\/produkt\/ksiazki\/zamknij-oczy-adam-szustak-op\/#primaryimage\"},\"image\":{\"@id\":\"https:\/\/fundacjamalak.pl\/sklep\/produkt\/ksiazki\/zamknij-oczy-adam-szustak-op\/#primaryimage\"},\"thumbnailUrl\":\"https:\/\/fundacjamalak.pl\/sklep\/wp-content\/uploads\/2025\/12\/Zamknij-Oczy_Adam-Szustak.png\",\"datePublished\":\"2025-12-08T11:59:30+00:00\",\"dateModified\":\"2026-04-18T21:55:59+00:00\",\"breadcrumb\":{\"@id\":\"https:\/\/fundacjamalak.pl\/sklep\/produkt\/ksiazki\/zamknij-oczy-adam-szustak-op\/#breadcrumb\"},\"inLanguage\":\"pl-PL\",\"potentialAction\":[{\"@type\":\"ReadAction\",\"target\":[\"https:\/\/fundacjamalak.pl\/sklep\/produkt\/ksiazki\/zamknij-oczy-adam-szustak-op\/\"]}]},{\"@type\":\"ImageObject\",\"inLanguage\":\"pl-PL\",\"@id\":\"https:\/\/fundacjamalak.pl\/sklep\/produkt\/ksiazki\/zamknij-oczy-adam-szustak-op\/#primaryimage\",\"url\":\"https:\/\/fundacjamalak.pl\/sklep\/wp-content\/uploads\/2025\/12\/Zamknij-Oczy_Adam-Szustak.png\",\"contentUrl\":\"https:\/\/fundacjamalak.pl\/sklep\/wp-content\/uploads\/2025\/12\/Zamknij-Oczy_Adam-Szustak.png\",\"width\":1280,\"height\":1588},{\"@type\":\"BreadcrumbList\",\"@id\":\"https:\/\/fundacjamalak.pl\/sklep\/produkt\/ksiazki\/zamknij-oczy-adam-szustak-op\/#breadcrumb\",\"itemListElement\":[{\"@type\":\"ListItem\",\"position\":1,\"name\":\"Strona g\u0142\u00f3wna\",\"item\":\"https:\/\/sklepmalak.pl\/\"},{\"@type\":\"ListItem\",\"position\":2,\"name\":\"Sklep\",\"item\":\"https:\/\/sklepmalak.pl\/\"},{\"@type\":\"ListItem\",\"position\":3,\"name\":\"Zamknij oczy -Adam Szustak OP\"}]},{\"@type\":\"WebSite\",\"@id\":\"https:\/\/sklepmalak.pl\/#website\",\"url\":\"https:\/\/sklepmalak.pl\/\",\"name\":\"Sklep Malak\",\"description\":\"Nie ma zwyk\u0142ych chwil!\",\"publisher\":{\"@id\":\"https:\/\/sklepmalak.pl\/#organization\"},\"potentialAction\":[{\"@type\":\"SearchAction\",\"target\":{\"@type\":\"EntryPoint\",\"urlTemplate\":\"https:\/\/sklepmalak.pl\/?s={search_term_string}\"},\"query-input\":{\"@type\":\"PropertyValueSpecification\",\"valueRequired\":true,\"valueName\":\"search_term_string\"}}],\"inLanguage\":\"pl-PL\"},{\"@type\":\"Organization\",\"@id\":\"https:\/\/sklepmalak.pl\/#organization\",\"name\":\"Sklep Malak\",\"alternateName\":\"Sklep Fundacji Malak\",\"url\":\"https:\/\/sklepmalak.pl\/\",\"logo\":{\"@type\":\"ImageObject\",\"inLanguage\":\"pl-PL\",\"@id\":\"https:\/\/sklepmalak.pl\/#\/schema\/logo\/image\/\",\"url\":\"https:\/\/fundacjamalak.pl\/sklep\/wp-content\/uploads\/2023\/09\/logo.malak-14-2.png\",\"contentUrl\":\"https:\/\/fundacjamalak.pl\/sklep\/wp-content\/uploads\/2023\/09\/logo.malak-14-2.png\",\"width\":355,\"height\":355,\"caption\":\"Sklep Malak\"},\"image\":{\"@id\":\"https:\/\/sklepmalak.pl\/#\/schema\/logo\/image\/\"},\"sameAs\":[\"https:\/\/www.facebook.com\/FundacjaMalak\",\"https:\/\/www.instagram.com\/fundacjamalak\"]}]}<\/script>\n<!-- \/ Yoast SEO plugin. -->","yoast_head_json":{"title":"Zamknij oczy -Adam Szustak OP - Sklep Malak","robots":{"index":"index","follow":"follow","max-snippet":"max-snippet:-1","max-image-preview":"max-image-preview:large","max-video-preview":"max-video-preview:-1"},"canonical":"https:\/\/fundacjamalak.pl\/sklep\/produkt\/ksiazki\/zamknij-oczy-adam-szustak-op\/","og_locale":"pl_PL","og_type":"article","og_title":"Zamknij oczy -Adam Szustak OP - Sklep Malak","og_description":"Adam Szustak OP przeprowadzi Ci\u0119 przez drog\u0119, dzi\u0119ki kt\u00f3rej zatrzymasz ha\u0142as \u015bwiata i poszukasz odpowiedzi na najwa\u017cniejsze pytania w g\u0142\u0119bi siebie. Wreszcie us\u0142yszysz siebie i Tego, kt\u00f3ry m\u00f3wi ciszej ni\u017c powiadomienia. Poznaj biblijnego Samsona \u2013 cz\u0142owieka, kt\u00f3ry odwa\u017cnie pod\u0105\u017ca\u0142 za swoimi najg\u0142\u0119bszymi pragnieniami i mimo nieokie\u0142znanych emocji oraz uwik\u0142a\u0144, zasmakowa\u0142 prawdziwej wolno\u015bci w Bogu, zwyci\u0119zcy ka\u017cdej \u015bmierci. Przeczytaj ksi\u0105\u017ck\u0119 \u201eZamknij oczy\u201d! Wejd\u017a na drog\u0119 ku wewn\u0119trznej sile, pokonywaniu s\u0142abo\u015bci i odnajdywaniu sensu \u017cycia.","og_url":"https:\/\/fundacjamalak.pl\/sklep\/produkt\/ksiazki\/zamknij-oczy-adam-szustak-op\/","og_site_name":"Sklep Malak","article_publisher":"https:\/\/www.facebook.com\/FundacjaMalak","article_modified_time":"2026-04-18T21:55:59+00:00","og_image":[{"width":1280,"height":1588,"url":"https:\/\/fundacjamalak.pl\/sklep\/wp-content\/uploads\/2025\/12\/Zamknij-Oczy_Adam-Szustak.png","type":"image\/png"}],"twitter_card":"summary_large_image","twitter_misc":{"Szacowany czas czytania":"1 minuta"},"schema":{"@context":"https:\/\/schema.org","@graph":[{"@type":"WebPage","@id":"https:\/\/fundacjamalak.pl\/sklep\/produkt\/ksiazki\/zamknij-oczy-adam-szustak-op\/","url":"https:\/\/fundacjamalak.pl\/sklep\/produkt\/ksiazki\/zamknij-oczy-adam-szustak-op\/","name":"Zamknij oczy -Adam Szustak OP - Sklep Malak","isPartOf":{"@id":"https:\/\/sklepmalak.pl\/#website"},"primaryImageOfPage":{"@id":"https:\/\/fundacjamalak.pl\/sklep\/produkt\/ksiazki\/zamknij-oczy-adam-szustak-op\/#primaryimage"},"image":{"@id":"https:\/\/fundacjamalak.pl\/sklep\/produkt\/ksiazki\/zamknij-oczy-adam-szustak-op\/#primaryimage"},"thumbnailUrl":"https:\/\/fundacjamalak.pl\/sklep\/wp-content\/uploads\/2025\/12\/Zamknij-Oczy_Adam-Szustak.png","datePublished":"2025-12-08T11:59:30+00:00","dateModified":"2026-04-18T21:55:59+00:00","breadcrumb":{"@id":"https:\/\/fundacjamalak.pl\/sklep\/produkt\/ksiazki\/zamknij-oczy-adam-szustak-op\/#breadcrumb"},"inLanguage":"pl-PL","potentialAction":[{"@type":"ReadAction","target":["https:\/\/fundacjamalak.pl\/sklep\/produkt\/ksiazki\/zamknij-oczy-adam-szustak-op\/"]}]},{"@type":"ImageObject","inLanguage":"pl-PL","@id":"https:\/\/fundacjamalak.pl\/sklep\/produkt\/ksiazki\/zamknij-oczy-adam-szustak-op\/#primaryimage","url":"https:\/\/fundacjamalak.pl\/sklep\/wp-content\/uploads\/2025\/12\/Zamknij-Oczy_Adam-Szustak.png","contentUrl":"https:\/\/fundacjamalak.pl\/sklep\/wp-content\/uploads\/2025\/12\/Zamknij-Oczy_Adam-Szustak.png","width":1280,"height":1588},{"@type":"BreadcrumbList","@id":"https:\/\/fundacjamalak.pl\/sklep\/produkt\/ksiazki\/zamknij-oczy-adam-szustak-op\/#breadcrumb","itemListElement":[{"@type":"ListItem","position":1,"name":"Strona g\u0142\u00f3wna","item":"https:\/\/sklepmalak.pl\/"},{"@type":"ListItem","position":2,"name":"Sklep","item":"https:\/\/sklepmalak.pl\/"},{"@type":"ListItem","position":3,"name":"Zamknij oczy -Adam Szustak OP"}]},{"@type":"WebSite","@id":"https:\/\/sklepmalak.pl\/#website","url":"https:\/\/sklepmalak.pl\/","name":"Sklep Malak","description":"Nie ma zwyk\u0142ych chwil!","publisher":{"@id":"https:\/\/sklepmalak.pl\/#organization"},"potentialAction":[{"@type":"SearchAction","target":{"@type":"EntryPoint","urlTemplate":"https:\/\/sklepmalak.pl\/?s={search_term_string}"},"query-input":{"@type":"PropertyValueSpecification","valueRequired":true,"valueName":"search_term_string"}}],"inLanguage":"pl-PL"},{"@type":"Organization","@id":"https:\/\/sklepmalak.pl\/#organization","name":"Sklep Malak","alternateName":"Sklep Fundacji Malak","url":"https:\/\/sklepmalak.pl\/","logo":{"@type":"ImageObject","inLanguage":"pl-PL","@id":"https:\/\/sklepmalak.pl\/#\/schema\/logo\/image\/","url":"https:\/\/fundacjamalak.pl\/sklep\/wp-content\/uploads\/2023\/09\/logo.malak-14-2.png","contentUrl":"https:\/\/fundacjamalak.pl\/sklep\/wp-content\/uploads\/2023\/09\/logo.malak-14-2.png","width":355,"height":355,"caption":"Sklep Malak"},"image":{"@id":"https:\/\/sklepmalak.pl\/#\/schema\/logo\/image\/"},"sameAs":["https:\/\/www.facebook.com\/FundacjaMalak","https:\/\/www.instagram.com\/fundacjamalak"]}]}},"_links":{"self":[{"href":"https:\/\/fundacjamalak.pl\/sklep\/wp-json\/wp\/v2\/product\/13951","targetHints":{"allow":["GET"]}}],"collection":[{"href":"https:\/\/fundacjamalak.pl\/sklep\/wp-json\/wp\/v2\/product"}],"about":[{"href":"https:\/\/fundacjamalak.pl\/sklep\/wp-json\/wp\/v2\/types\/product"}],"wp:featuredmedia":[{"embeddable":true,"href":"https:\/\/fundacjamalak.pl\/sklep\/wp-json\/wp\/v2\/media\/14442"}],"wp:attachment":[{"href":"https:\/\/fundacjamalak.pl\/sklep\/wp-json\/wp\/v2\/media?parent=13951"}],"wp:term":[{"taxonomy":"product_brand","embeddable":true,"href":"https:\/\/fundacjamalak.pl\/sklep\/wp-json\/wp\/v2\/product_brand?post=13951"},{"taxonomy":"product_cat","embeddable":true,"href":"https:\/\/fundacjamalak.pl\/sklep\/wp-json\/wp\/v2\/product_cat?post=13951"},{"taxonomy":"product_tag","embeddable":true,"href":"https:\/\/fundacjamalak.pl\/sklep\/wp-json\/wp\/v2\/product_tag?post=13951"}],"curies":[{"name":"wp","href":"https:\/\/api.w.org\/{rel}","templated":true}]}}