{"id":3688,"date":"2023-04-27T22:20:52","date_gmt":"2023-04-27T20:20:52","guid":{"rendered":"https:\/\/sklep.fundacjamalak.pl\/?post_type=product&#038;p=3688"},"modified":"2026-04-18T23:55:26","modified_gmt":"2026-04-18T21:55:26","slug":"akrobatyka-rodzicielska-ksiazka-adam-szustak-op","status":"publish","type":"product","link":"https:\/\/fundacjamalak.pl\/sklep\/produkt\/ksiazki\/akrobatyka-rodzicielska-ksiazka-adam-szustak-op\/","title":{"rendered":"Akrobatyka Rodzicielska &#8211; ksi\u0105\u017cka &#8211; Adam Szustak OP"},"content":{"rendered":"<p>\u201eAkrobatyka rodzicielska\u201d to druga ksi\u0105\u017cka Adama Szustaka OP po\u015bwi\u0119cona budowaniu relacji w ma\u0142\u017ce\u0144stwie i rodzinie, kt\u00f3ra tym razem bierze na warsztat relacj\u0119 rodzic\u00f3w z dzie\u0107mi. Publikacja zawiera odpowiedzi na wa\u017cne, a czasem k\u0142opotliwe pytania: co znaczy, \u017ce rodzice s\u0105 wychowawcami swoich dzieci? Jak towarzyszy\u0107 m\u0142odym ludziom w rozwoju? Jak budowa\u0107 z nimi relacje oparte na dobrej komunikacji? Jak rozmawia\u0107 z dzie\u0107mi o seksie? Jak przeprowadzi\u0107 je przez inicjacj\u0119 i dojrzewanie?<\/p>\n<p><span style=\"font-weight: 400;\">Autor, inspiruj\u0105c si\u0119 Bibli\u0105 oraz czerpi\u0105c z do\u015bwiadczenia rodzic\u00f3w i nauczycieli, poznanych podczas rekolekcji w Polsce i poza jej granicami, zbiera wed\u0142ug niego najlepsze pomys\u0142y dotycz\u0105ce wychowania. \u201eAkrobatyka rodzicielska\u201d jest zatem nie tyle podr\u0119cznikiem, ale poradnikiem, w kt\u00f3rym o. Adam zaprasza obecnych i przysz\u0142ych rodzic\u00f3w do wsp\u00f3lnego przyjrzenia si\u0119 sposobom kszta\u0142towania zdrowych i rozwijaj\u0105cych (dla obydwu stron) relacji z dzie\u0107mi. \u201eAkrobatyka rodzicielska\u201d to ksi\u0105\u017cka, kt\u00f3ra prosto i konkretnie porusza najwa\u017cniejsze zagadnienia zwi\u0105zane z rodzicielstwem, a nie pomijaj\u0105c tego, co wa\u017cne, z perspektywy wiary, podaje mn\u00f3stwo praktycznych wskaz\u00f3wek, kt\u00f3re mog\u0105 pom\u00f3c rodzicom w towarzyszeniu swoim dzieciom w odkrywaniu w\u0142asnej to\u017csamo\u015bci oraz szcz\u0119\u015bcia z niego wynikaj\u0105cego.\u00a0<\/span><\/p>\n<p><strong><strong>Pytania, na kt\u00f3re odpowiada ta ksi\u0105\u017cka:<\/strong><\/strong><\/p>\n<ul>\n<li style=\"font-weight: 400;\"><span style=\"font-weight: 400;\">Co to znaczy by\u0107 rodzicem?<\/span><\/li>\n<li style=\"font-weight: 400;\"><span style=\"font-weight: 400;\">Jakie s\u0105 podstawowe zasady wychowania m\u0142odych ludzi?<\/span><\/li>\n<li style=\"font-weight: 400;\"><span style=\"font-weight: 400;\">Jak budowa\u0107 wi\u0119\u017a ze swoim dzieckiem na poszczeg\u00f3lnych etapach jego rozwoju?<\/span><\/li>\n<li style=\"font-weight: 400;\"><span style=\"font-weight: 400;\">O czym i kiedy nale\u017cy rozmawia\u0107 z dzieckiem?<\/span><\/li>\n<li style=\"font-weight: 400;\"><span style=\"font-weight: 400;\">Jak pom\u00f3c dziecku radzi\u0107 sobie z emocjami?<\/span><\/li>\n<li style=\"font-weight: 400;\"><span style=\"font-weight: 400;\">Jakie rodzicielskie sposoby wyra\u017cania my\u015bli s\u0105 rani\u0105ce dla dzieci?<\/span><\/li>\n<li style=\"font-weight: 400;\"><span style=\"font-weight: 400;\">Jakie granice nale\u017cy jasno postawi\u0107 w domu? I w jaki spos\u00f3b uczy\u0107 ich respektowania?<\/span><\/li>\n<li style=\"font-weight: 400;\"><span style=\"font-weight: 400;\">Kiedy zasady panuj\u0105ce w domu powinny sta\u0107 si\u0119 elastyczne?<\/span><\/li>\n<li style=\"font-weight: 400;\"><span style=\"font-weight: 400;\">Kto i w jaki spos\u00f3b jest odpowiedzialny za edukacj\u0119 seksualn\u0105 dzieci?<\/span><\/li>\n<li style=\"font-weight: 400;\"><span style=\"font-weight: 400;\">Jak nauczy\u0107 dziecko budowania relacji z Bogiem?<\/span><\/li>\n<\/ul>\n<p>a tak\u017ce nieco mniej standardowe:<\/p>\n<ul>\n<li style=\"font-weight: 400;\"><span style=\"font-weight: 400;\">Jak d\u0142ugo rodzice mog\u0105 pozwoli\u0107 dziecku spa\u0107 z nimi w \u0142\u00f3\u017cku?\u00a0<\/span><\/li>\n<li style=\"font-weight: 400;\"><span style=\"font-weight: 400;\">Kiedy trzeba przesta\u0107 dokarmia\u0107 dziecko?<\/span><\/li>\n<li style=\"font-weight: 400;\"><span style=\"font-weight: 400;\">Dlaczego wsp\u00f3\u0142czesne zabawki nie rozwijaj\u0105 dzieci?<\/span><\/li>\n<li style=\"font-weight: 400;\"><span style=\"font-weight: 400;\">Do kiedy dziecko nie powinno posiada\u0107 w\u0142asnego telefonu kom\u00f3rkowego?<\/span><\/li>\n<li style=\"font-weight: 400;\"><span style=\"font-weight: 400;\">Dlaczego za\u0142o\u017cenia og\u00f3lnokszta\u0142c\u0105cej edukacji s\u0105 b\u0142\u0119dne?<\/span><\/li>\n<li style=\"font-weight: 400;\"><span style=\"font-weight: 400;\">Jak pom\u00f3c dziecku prze\u017cy\u0107 \u015bmier\u0107 pupila?<\/span><\/li>\n<li style=\"font-weight: 400;\"><span style=\"font-weight: 400;\">Kiedy dziecko staje si\u0119 doros\u0142e?<\/span><\/li>\n<li style=\"font-weight: 400;\"><span style=\"font-weight: 400;\">Dlaczego ju\u017c z pi\u0119ciolatkiem warto rozmawia\u0107 o seksualno\u015bci?<\/span><\/li>\n<\/ul>\n<p>&nbsp;<\/p>\n<p style=\"text-align: center;\"><strong>Ca\u0142kowity doch\u00f3d ze sprzeda\u017cy w sklepie Malak przeznaczony jest\u00a0<\/strong><strong>na dzia\u0142ania i pomoc charytatywn\u0105\u00a0<\/strong><strong>realizowan\u0105 przez\u00a0<a href=\"https:\/\/fundacjamalak.pl\/\">Fundacj\u0119 Malak<\/a>.<\/strong><\/p>\n","protected":false},"excerpt":{"rendered":"<p>\u201eAkrobatyka rodzicielska\u201d to druga ksi\u0105\u017cka Adama Szustaka OP po\u015bwi\u0119cona budowaniu relacji w ma\u0142\u017ce\u0144stwie i rodzinie, kt\u00f3ra tym razem bierze na warsztat relacj\u0119 rodzic\u00f3w z dzie\u0107mi. Publikacja zawiera odpowiedzi na wa\u017cne, a czasem k\u0142opotliwe pytania: co znaczy, \u017ce rodzice s\u0105 wychowawcami swoich dzieci? Jak towarzyszy\u0107 m\u0142odym ludziom w rozwoju? Jak budowa\u0107 z nimi relacje oparte na dobrej komunikacji? Jak rozmawia\u0107 z dzie\u0107mi o seksie? Jak przeprowadzi\u0107 je przez inicjacj\u0119 i dojrzewanie?<\/p>\n<p><span style=\"font-weight: 400;\">Autor, inspiruj\u0105c si\u0119 Bibli\u0105 oraz czerpi\u0105c z do\u015bwiadczenia rodzic\u00f3w i nauczycieli, poznanych podczas rekolekcji w Polsce i poza jej granicami, zbiera wed\u0142ug niego najlepsze pomys\u0142y dotycz\u0105ce wychowania. \u201eAkrobatyka rodzicielska\u201d jest zatem nie tyle podr\u0119cznikiem, ale poradnikiem, w kt\u00f3rym o. Adam zaprasza obecnych i przysz\u0142ych rodzic\u00f3w do wsp\u00f3lnego przyjrzenia si\u0119 sposobom kszta\u0142towania zdrowych i rozwijaj\u0105cych (dla obydwu stron) relacji z dzie\u0107mi. \u201eAkrobatyka rodzicielska\u201d to ksi\u0105\u017cka, kt\u00f3ra prosto i konkretnie porusza najwa\u017cniejsze zagadnienia zwi\u0105zane z rodzicielstwem, a nie pomijaj\u0105c tego, co wa\u017cne, z perspektywy wiary, podaje mn\u00f3stwo praktycznych wskaz\u00f3wek, kt\u00f3re mog\u0105 pom\u00f3c rodzicom w towarzyszeniu swoim dzieciom w odkrywaniu w\u0142asnej to\u017csamo\u015bci oraz szcz\u0119\u015bcia z niego wynikaj\u0105cego.\u00a0<\/span><\/p>\n","protected":false},"featured_media":4896,"template":"","meta":{"_acf_changed":false},"product_brand":[],"product_cat":[69,68,71],"product_tag":[57,58,56,59,60],"class_list":{"0":"post-3688","1":"product","2":"type-product","3":"status-publish","4":"has-post-thumbnail","6":"product_cat-adam-szustak-op","7":"product_cat-ksiazki","8":"product_cat-edukacja-i-rozwoj","9":"product_tag-adam-szustak-op","10":"product_tag-akrobatyka","11":"product_tag-akrobatyka-rodzicielska","12":"product_tag-rodzicielstwo","13":"product_tag-wychowanie","15":"first","16":"instock","17":"taxable","18":"shipping-taxable","19":"purchasable","20":"product-type-variable","21":"has-default-attributes"},"acf":[],"yoast_head":"<!-- This site is optimized with the Yoast SEO plugin v27.1.1 - https:\/\/yoast.com\/product\/yoast-seo-wordpress\/ -->\n<title>Akrobatyka Rodzicielska - ksi\u0105\u017cka - Adam Szustak OP - Sklep Malak<\/title>\n<meta name=\"robots\" content=\"index, follow, max-snippet:-1, max-image-preview:large, max-video-preview:-1\" \/>\n<link rel=\"canonical\" href=\"https:\/\/fundacjamalak.pl\/sklep\/produkt\/ksiazki\/akrobatyka-rodzicielska-ksiazka-adam-szustak-op\/\" \/>\n<meta property=\"og:locale\" content=\"pl_PL\" \/>\n<meta property=\"og:type\" content=\"article\" \/>\n<meta property=\"og:title\" content=\"Akrobatyka Rodzicielska - ksi\u0105\u017cka - Adam Szustak OP - Sklep Malak\" \/>\n<meta property=\"og:description\" content=\"\u201eAkrobatyka rodzicielska\u201d to druga ksi\u0105\u017cka Adama Szustaka OP po\u015bwi\u0119cona budowaniu relacji w ma\u0142\u017ce\u0144stwie i rodzinie, kt\u00f3ra tym razem bierze na warsztat relacj\u0119 rodzic\u00f3w z dzie\u0107mi. Publikacja zawiera odpowiedzi na wa\u017cne, a czasem k\u0142opotliwe pytania: co znaczy, \u017ce rodzice s\u0105 wychowawcami swoich dzieci? Jak towarzyszy\u0107 m\u0142odym ludziom w rozwoju? Jak budowa\u0107 z nimi relacje oparte na dobrej komunikacji? Jak rozmawia\u0107 z dzie\u0107mi o seksie? Jak przeprowadzi\u0107 je przez inicjacj\u0119 i dojrzewanie?  Autor, inspiruj\u0105c si\u0119 Bibli\u0105 oraz czerpi\u0105c z do\u015bwiadczenia rodzic\u00f3w i nauczycieli, poznanych podczas rekolekcji w Polsce i poza jej granicami, zbiera wed\u0142ug niego najlepsze pomys\u0142y dotycz\u0105ce wychowania. \u201eAkrobatyka rodzicielska\u201d jest zatem nie tyle podr\u0119cznikiem, ale poradnikiem, w kt\u00f3rym o. Adam zaprasza obecnych i przysz\u0142ych rodzic\u00f3w do wsp\u00f3lnego przyjrzenia si\u0119 sposobom kszta\u0142towania zdrowych i rozwijaj\u0105cych (dla obydwu stron) relacji z dzie\u0107mi. \u201eAkrobatyka rodzicielska\u201d to ksi\u0105\u017cka, kt\u00f3ra prosto i konkretnie porusza najwa\u017cniejsze zagadnienia zwi\u0105zane z rodzicielstwem, a nie pomijaj\u0105c tego, co wa\u017cne, z perspektywy wiary, podaje mn\u00f3stwo praktycznych wskaz\u00f3wek, kt\u00f3re mog\u0105 pom\u00f3c rodzicom w towarzyszeniu swoim dzieciom w odkrywaniu w\u0142asnej to\u017csamo\u015bci oraz szcz\u0119\u015bcia z niego wynikaj\u0105cego.\u00a0\" \/>\n<meta property=\"og:url\" content=\"https:\/\/fundacjamalak.pl\/sklep\/produkt\/ksiazki\/akrobatyka-rodzicielska-ksiazka-adam-szustak-op\/\" \/>\n<meta property=\"og:site_name\" content=\"Sklep Malak\" \/>\n<meta property=\"article:publisher\" content=\"https:\/\/www.facebook.com\/FundacjaMalak\" \/>\n<meta property=\"article:modified_time\" content=\"2026-04-18T21:55:26+00:00\" \/>\n<meta property=\"og:image\" content=\"https:\/\/fundacjamalak.pl\/sklep\/wp-content\/uploads\/2023\/10\/Akrobatyka-rodzicielska-ksiazka-Adam-Szustak-OP.png\" \/>\n\t<meta property=\"og:image:width\" content=\"1280\" \/>\n\t<meta property=\"og:image:height\" content=\"1588\" \/>\n\t<meta property=\"og:image:type\" content=\"image\/png\" \/>\n<meta name=\"twitter:card\" content=\"summary_large_image\" \/>\n<meta name=\"twitter:label1\" content=\"Szacowany czas czytania\" \/>\n\t<meta name=\"twitter:data1\" content=\"3 minuty\" \/>\n<script type=\"application\/ld+json\" class=\"yoast-schema-graph\">{\"@context\":\"https:\/\/schema.org\",\"@graph\":[{\"@type\":\"WebPage\",\"@id\":\"https:\/\/fundacjamalak.pl\/sklep\/produkt\/ksiazki\/akrobatyka-rodzicielska-ksiazka-adam-szustak-op\/\",\"url\":\"https:\/\/fundacjamalak.pl\/sklep\/produkt\/ksiazki\/akrobatyka-rodzicielska-ksiazka-adam-szustak-op\/\",\"name\":\"Akrobatyka Rodzicielska - ksi\u0105\u017cka - Adam Szustak OP - Sklep Malak\",\"isPartOf\":{\"@id\":\"https:\/\/sklepmalak.pl\/#website\"},\"primaryImageOfPage\":{\"@id\":\"https:\/\/fundacjamalak.pl\/sklep\/produkt\/ksiazki\/akrobatyka-rodzicielska-ksiazka-adam-szustak-op\/#primaryimage\"},\"image\":{\"@id\":\"https:\/\/fundacjamalak.pl\/sklep\/produkt\/ksiazki\/akrobatyka-rodzicielska-ksiazka-adam-szustak-op\/#primaryimage\"},\"thumbnailUrl\":\"https:\/\/fundacjamalak.pl\/sklep\/wp-content\/uploads\/2023\/10\/Akrobatyka-rodzicielska-ksiazka-Adam-Szustak-OP.png\",\"datePublished\":\"2023-04-27T20:20:52+00:00\",\"dateModified\":\"2026-04-18T21:55:26+00:00\",\"breadcrumb\":{\"@id\":\"https:\/\/fundacjamalak.pl\/sklep\/produkt\/ksiazki\/akrobatyka-rodzicielska-ksiazka-adam-szustak-op\/#breadcrumb\"},\"inLanguage\":\"pl-PL\",\"potentialAction\":[{\"@type\":\"ReadAction\",\"target\":[\"https:\/\/fundacjamalak.pl\/sklep\/produkt\/ksiazki\/akrobatyka-rodzicielska-ksiazka-adam-szustak-op\/\"]}]},{\"@type\":\"ImageObject\",\"inLanguage\":\"pl-PL\",\"@id\":\"https:\/\/fundacjamalak.pl\/sklep\/produkt\/ksiazki\/akrobatyka-rodzicielska-ksiazka-adam-szustak-op\/#primaryimage\",\"url\":\"https:\/\/fundacjamalak.pl\/sklep\/wp-content\/uploads\/2023\/10\/Akrobatyka-rodzicielska-ksiazka-Adam-Szustak-OP.png\",\"contentUrl\":\"https:\/\/fundacjamalak.pl\/sklep\/wp-content\/uploads\/2023\/10\/Akrobatyka-rodzicielska-ksiazka-Adam-Szustak-OP.png\",\"width\":1280,\"height\":1588},{\"@type\":\"BreadcrumbList\",\"@id\":\"https:\/\/fundacjamalak.pl\/sklep\/produkt\/ksiazki\/akrobatyka-rodzicielska-ksiazka-adam-szustak-op\/#breadcrumb\",\"itemListElement\":[{\"@type\":\"ListItem\",\"position\":1,\"name\":\"Strona g\u0142\u00f3wna\",\"item\":\"https:\/\/sklepmalak.pl\/\"},{\"@type\":\"ListItem\",\"position\":2,\"name\":\"Sklep\",\"item\":\"https:\/\/sklepmalak.pl\/\"},{\"@type\":\"ListItem\",\"position\":3,\"name\":\"Akrobatyka Rodzicielska &#8211; ksi\u0105\u017cka &#8211; Adam Szustak OP\"}]},{\"@type\":\"WebSite\",\"@id\":\"https:\/\/sklepmalak.pl\/#website\",\"url\":\"https:\/\/sklepmalak.pl\/\",\"name\":\"Sklep Malak\",\"description\":\"Nie ma zwyk\u0142ych chwil!\",\"publisher\":{\"@id\":\"https:\/\/sklepmalak.pl\/#organization\"},\"potentialAction\":[{\"@type\":\"SearchAction\",\"target\":{\"@type\":\"EntryPoint\",\"urlTemplate\":\"https:\/\/sklepmalak.pl\/?s={search_term_string}\"},\"query-input\":{\"@type\":\"PropertyValueSpecification\",\"valueRequired\":true,\"valueName\":\"search_term_string\"}}],\"inLanguage\":\"pl-PL\"},{\"@type\":\"Organization\",\"@id\":\"https:\/\/sklepmalak.pl\/#organization\",\"name\":\"Sklep Malak\",\"alternateName\":\"Sklep Fundacji Malak\",\"url\":\"https:\/\/sklepmalak.pl\/\",\"logo\":{\"@type\":\"ImageObject\",\"inLanguage\":\"pl-PL\",\"@id\":\"https:\/\/sklepmalak.pl\/#\/schema\/logo\/image\/\",\"url\":\"https:\/\/fundacjamalak.pl\/sklep\/wp-content\/uploads\/2023\/09\/logo.malak-14-2.png\",\"contentUrl\":\"https:\/\/fundacjamalak.pl\/sklep\/wp-content\/uploads\/2023\/09\/logo.malak-14-2.png\",\"width\":355,\"height\":355,\"caption\":\"Sklep Malak\"},\"image\":{\"@id\":\"https:\/\/sklepmalak.pl\/#\/schema\/logo\/image\/\"},\"sameAs\":[\"https:\/\/www.facebook.com\/FundacjaMalak\",\"https:\/\/www.instagram.com\/fundacjamalak\"]}]}<\/script>\n<!-- \/ Yoast SEO plugin. -->","yoast_head_json":{"title":"Akrobatyka Rodzicielska - ksi\u0105\u017cka - Adam Szustak OP - Sklep Malak","robots":{"index":"index","follow":"follow","max-snippet":"max-snippet:-1","max-image-preview":"max-image-preview:large","max-video-preview":"max-video-preview:-1"},"canonical":"https:\/\/fundacjamalak.pl\/sklep\/produkt\/ksiazki\/akrobatyka-rodzicielska-ksiazka-adam-szustak-op\/","og_locale":"pl_PL","og_type":"article","og_title":"Akrobatyka Rodzicielska - ksi\u0105\u017cka - Adam Szustak OP - Sklep Malak","og_description":"\u201eAkrobatyka rodzicielska\u201d to druga ksi\u0105\u017cka Adama Szustaka OP po\u015bwi\u0119cona budowaniu relacji w ma\u0142\u017ce\u0144stwie i rodzinie, kt\u00f3ra tym razem bierze na warsztat relacj\u0119 rodzic\u00f3w z dzie\u0107mi. Publikacja zawiera odpowiedzi na wa\u017cne, a czasem k\u0142opotliwe pytania: co znaczy, \u017ce rodzice s\u0105 wychowawcami swoich dzieci? Jak towarzyszy\u0107 m\u0142odym ludziom w rozwoju? Jak budowa\u0107 z nimi relacje oparte na dobrej komunikacji? Jak rozmawia\u0107 z dzie\u0107mi o seksie? Jak przeprowadzi\u0107 je przez inicjacj\u0119 i dojrzewanie?  Autor, inspiruj\u0105c si\u0119 Bibli\u0105 oraz czerpi\u0105c z do\u015bwiadczenia rodzic\u00f3w i nauczycieli, poznanych podczas rekolekcji w Polsce i poza jej granicami, zbiera wed\u0142ug niego najlepsze pomys\u0142y dotycz\u0105ce wychowania. \u201eAkrobatyka rodzicielska\u201d jest zatem nie tyle podr\u0119cznikiem, ale poradnikiem, w kt\u00f3rym o. Adam zaprasza obecnych i przysz\u0142ych rodzic\u00f3w do wsp\u00f3lnego przyjrzenia si\u0119 sposobom kszta\u0142towania zdrowych i rozwijaj\u0105cych (dla obydwu stron) relacji z dzie\u0107mi. \u201eAkrobatyka rodzicielska\u201d to ksi\u0105\u017cka, kt\u00f3ra prosto i konkretnie porusza najwa\u017cniejsze zagadnienia zwi\u0105zane z rodzicielstwem, a nie pomijaj\u0105c tego, co wa\u017cne, z perspektywy wiary, podaje mn\u00f3stwo praktycznych wskaz\u00f3wek, kt\u00f3re mog\u0105 pom\u00f3c rodzicom w towarzyszeniu swoim dzieciom w odkrywaniu w\u0142asnej to\u017csamo\u015bci oraz szcz\u0119\u015bcia z niego wynikaj\u0105cego.\u00a0","og_url":"https:\/\/fundacjamalak.pl\/sklep\/produkt\/ksiazki\/akrobatyka-rodzicielska-ksiazka-adam-szustak-op\/","og_site_name":"Sklep Malak","article_publisher":"https:\/\/www.facebook.com\/FundacjaMalak","article_modified_time":"2026-04-18T21:55:26+00:00","og_image":[{"width":1280,"height":1588,"url":"https:\/\/fundacjamalak.pl\/sklep\/wp-content\/uploads\/2023\/10\/Akrobatyka-rodzicielska-ksiazka-Adam-Szustak-OP.png","type":"image\/png"}],"twitter_card":"summary_large_image","twitter_misc":{"Szacowany czas czytania":"3 minuty"},"schema":{"@context":"https:\/\/schema.org","@graph":[{"@type":"WebPage","@id":"https:\/\/fundacjamalak.pl\/sklep\/produkt\/ksiazki\/akrobatyka-rodzicielska-ksiazka-adam-szustak-op\/","url":"https:\/\/fundacjamalak.pl\/sklep\/produkt\/ksiazki\/akrobatyka-rodzicielska-ksiazka-adam-szustak-op\/","name":"Akrobatyka Rodzicielska - ksi\u0105\u017cka - Adam Szustak OP - Sklep Malak","isPartOf":{"@id":"https:\/\/sklepmalak.pl\/#website"},"primaryImageOfPage":{"@id":"https:\/\/fundacjamalak.pl\/sklep\/produkt\/ksiazki\/akrobatyka-rodzicielska-ksiazka-adam-szustak-op\/#primaryimage"},"image":{"@id":"https:\/\/fundacjamalak.pl\/sklep\/produkt\/ksiazki\/akrobatyka-rodzicielska-ksiazka-adam-szustak-op\/#primaryimage"},"thumbnailUrl":"https:\/\/fundacjamalak.pl\/sklep\/wp-content\/uploads\/2023\/10\/Akrobatyka-rodzicielska-ksiazka-Adam-Szustak-OP.png","datePublished":"2023-04-27T20:20:52+00:00","dateModified":"2026-04-18T21:55:26+00:00","breadcrumb":{"@id":"https:\/\/fundacjamalak.pl\/sklep\/produkt\/ksiazki\/akrobatyka-rodzicielska-ksiazka-adam-szustak-op\/#breadcrumb"},"inLanguage":"pl-PL","potentialAction":[{"@type":"ReadAction","target":["https:\/\/fundacjamalak.pl\/sklep\/produkt\/ksiazki\/akrobatyka-rodzicielska-ksiazka-adam-szustak-op\/"]}]},{"@type":"ImageObject","inLanguage":"pl-PL","@id":"https:\/\/fundacjamalak.pl\/sklep\/produkt\/ksiazki\/akrobatyka-rodzicielska-ksiazka-adam-szustak-op\/#primaryimage","url":"https:\/\/fundacjamalak.pl\/sklep\/wp-content\/uploads\/2023\/10\/Akrobatyka-rodzicielska-ksiazka-Adam-Szustak-OP.png","contentUrl":"https:\/\/fundacjamalak.pl\/sklep\/wp-content\/uploads\/2023\/10\/Akrobatyka-rodzicielska-ksiazka-Adam-Szustak-OP.png","width":1280,"height":1588},{"@type":"BreadcrumbList","@id":"https:\/\/fundacjamalak.pl\/sklep\/produkt\/ksiazki\/akrobatyka-rodzicielska-ksiazka-adam-szustak-op\/#breadcrumb","itemListElement":[{"@type":"ListItem","position":1,"name":"Strona g\u0142\u00f3wna","item":"https:\/\/sklepmalak.pl\/"},{"@type":"ListItem","position":2,"name":"Sklep","item":"https:\/\/sklepmalak.pl\/"},{"@type":"ListItem","position":3,"name":"Akrobatyka Rodzicielska &#8211; ksi\u0105\u017cka &#8211; Adam Szustak OP"}]},{"@type":"WebSite","@id":"https:\/\/sklepmalak.pl\/#website","url":"https:\/\/sklepmalak.pl\/","name":"Sklep Malak","description":"Nie ma zwyk\u0142ych chwil!","publisher":{"@id":"https:\/\/sklepmalak.pl\/#organization"},"potentialAction":[{"@type":"SearchAction","target":{"@type":"EntryPoint","urlTemplate":"https:\/\/sklepmalak.pl\/?s={search_term_string}"},"query-input":{"@type":"PropertyValueSpecification","valueRequired":true,"valueName":"search_term_string"}}],"inLanguage":"pl-PL"},{"@type":"Organization","@id":"https:\/\/sklepmalak.pl\/#organization","name":"Sklep Malak","alternateName":"Sklep Fundacji Malak","url":"https:\/\/sklepmalak.pl\/","logo":{"@type":"ImageObject","inLanguage":"pl-PL","@id":"https:\/\/sklepmalak.pl\/#\/schema\/logo\/image\/","url":"https:\/\/fundacjamalak.pl\/sklep\/wp-content\/uploads\/2023\/09\/logo.malak-14-2.png","contentUrl":"https:\/\/fundacjamalak.pl\/sklep\/wp-content\/uploads\/2023\/09\/logo.malak-14-2.png","width":355,"height":355,"caption":"Sklep Malak"},"image":{"@id":"https:\/\/sklepmalak.pl\/#\/schema\/logo\/image\/"},"sameAs":["https:\/\/www.facebook.com\/FundacjaMalak","https:\/\/www.instagram.com\/fundacjamalak"]}]}},"_links":{"self":[{"href":"https:\/\/fundacjamalak.pl\/sklep\/wp-json\/wp\/v2\/product\/3688","targetHints":{"allow":["GET"]}}],"collection":[{"href":"https:\/\/fundacjamalak.pl\/sklep\/wp-json\/wp\/v2\/product"}],"about":[{"href":"https:\/\/fundacjamalak.pl\/sklep\/wp-json\/wp\/v2\/types\/product"}],"wp:featuredmedia":[{"embeddable":true,"href":"https:\/\/fundacjamalak.pl\/sklep\/wp-json\/wp\/v2\/media\/4896"}],"wp:attachment":[{"href":"https:\/\/fundacjamalak.pl\/sklep\/wp-json\/wp\/v2\/media?parent=3688"}],"wp:term":[{"taxonomy":"product_brand","embeddable":true,"href":"https:\/\/fundacjamalak.pl\/sklep\/wp-json\/wp\/v2\/product_brand?post=3688"},{"taxonomy":"product_cat","embeddable":true,"href":"https:\/\/fundacjamalak.pl\/sklep\/wp-json\/wp\/v2\/product_cat?post=3688"},{"taxonomy":"product_tag","embeddable":true,"href":"https:\/\/fundacjamalak.pl\/sklep\/wp-json\/wp\/v2\/product_tag?post=3688"}],"curies":[{"name":"wp","href":"https:\/\/api.w.org\/{rel}","templated":true}]}}