{"id":3690,"date":"2023-04-27T22:30:47","date_gmt":"2023-04-27T20:30:47","guid":{"rendered":"https:\/\/sklep.fundacjamalak.pl\/?post_type=product&#038;p=3690"},"modified":"2026-04-18T23:55:27","modified_gmt":"2026-04-18T21:55:27","slug":"akrobatyka-malzenska-ksiazka-adam-szustak-op","status":"publish","type":"product","link":"https:\/\/fundacjamalak.pl\/sklep\/produkt\/ksiazki\/akrobatyka-malzenska-ksiazka-adam-szustak-op\/","title":{"rendered":"Akrobatyka ma\u0142\u017ce\u0144ska &#8211; ksi\u0105\u017cka &#8211; Adam Szustak OP"},"content":{"rendered":"<p style=\"text-align: center;\"><strong>Akrobatyka ma\u0142\u017ce\u0144ska &#8211; Adam Szustak OP &#8211; ksi\u0105\u017cka<\/strong><\/p>\n<p><em>Ka\u017cdy z nas, bez wzgl\u0119du na to, czy jest m\u0119\u017cczyzn\u0105, czy kobiet\u0105, ma w sobie co\u015b, co zwyk\u0142em nazywa\u0107 w moim w\u0142asnym dziwnym j\u0119zyku \u201cwielk\u0105 dziur\u0105\u201d. Psychologowie zazwyczaj nazywaj\u0105 to zbiornikiem. Oczywi\u015bcie nie chodzi o to, \u017ce jest w nas jaki\u015b b\u0142\u0105d, bo Pan B\u00f3g zrobi\u0142 fuszerk\u0119 i powsta\u0142a w nas jaka\u015b dziura-On stworzy\u0142 j\u0105 w nas celowo. Ka\u017cdy ma zatem w sobie ogromn\u0105 dziur\u0119 w \u015brodku wymagaj\u0105c\u0105 wype\u0142nienia, kt\u00f3r\u0105 jest nic innego, jak pragnienie bycia kochanym.<\/em><\/p>\n<p><em>fragment ksi\u0105\u017cki ( s.115-116)<\/em><\/p>\n<p><strong>Dla kogo jest ta ksi\u0105\u017cka?<\/strong><\/p>\n<p>-Dla ka\u017cdego, kto jest w relacji,-dla poszukuj\u0105cych wiedzy na temat relacji mi\u0119dzyludzkich,<\/p>\n<p>-dla tych, kt\u00f3rzy chc\u0105 zg\u0142\u0119bi\u0107 temat mi\u0142o\u015bci i rz\u0105dz\u0105cych ni\u0105 mechanizm\u00f3w,<\/p>\n<p>-dla tych, kt\u00f3rzy chc\u0105 pozna\u0107 j\u0119zyk mi\u0142o\u015bci<\/p>\n<p>-dla tych, kt\u00f3rzy szukaj\u0105 rozwi\u0105zania swoich problem\u00f3w w zwi\u0105zkach,<\/p>\n<p>-dla tych, kt\u00f3rzy potrzebuj\u0105 kontaktu z Bibli\u0105,<\/p>\n<p>-dla wszystkich, kt\u00f3rzy lubi\u0105 poczucie humoru i j\u0119zyka o.Adama Szustaka.<\/p>\n<p><strong>Czego m.in. dowiesz si\u0119 z tej ksi\u0105\u017cki?<\/strong><\/p>\n<p>-Dlaczego ma\u0142\u017ce\u0144stwo wbrew pozorom wcale nie jest takie proste?<\/p>\n<p>-Kim s\u0105: prawdziwy m\u0119\u017cczyzna i prawdziwa kobieta?<\/p>\n<p>-Co jest \u017cyciow\u0105 misj\u0105 m\u0119\u017cczyzny?<\/p>\n<p>-W czym tkwi si\u0142a m\u0119\u017cczyzny?<\/p>\n<p>-Jak rozumie\u0107 metafor\u0119 rajskiej \u0142opaty?<\/p>\n<p>-Na czym polega wielko\u015b\u0107 J\u00f3zefa?<\/p>\n<p>-Na czym polega si\u0142a kobiet?<\/p>\n<p>-Jakie jest powo\u0142anie kobiety?<\/p>\n<p>-Dlaczego Pan B\u00f3g jest najwi\u0119kszym feminist\u0105?<\/p>\n<p>-Na czym polega mi\u0142o\u015b\u0107 i jak j\u0105 zbudowa\u0107?<\/p>\n<p>-Jakie s\u0105 cechy mi\u0142o\u015bci?<\/p>\n<p>-Jak dogada\u0107 si\u0119 w zwi\u0105zku?<\/p>\n<div>\n<p>-Jak prze\u017cywa\u0107 swoj\u0105 seksualno\u015b\u0107 w ma\u0142\u017ce\u0144stwie?<strong>\u00a0 \u00a0 \u00a0 \u00a0 <\/strong><\/p>\n<p><strong>A tak\u017ce:<\/strong><\/p>\n<p>-Jak powinno si\u0119 wybiera\u0107 imi\u0119 dla swojego dziecka?-Jak b\u0119dzie wygl\u0105da\u0142 czy\u015bciec dla m\u0119\u017cczyzn?<\/p>\n<\/div>\n<div>-Jaki jest najprostszy i najszybszy spos\u00f3b doprowadzenia m\u0119\u017cczyzny do alkoholizmu?<\/div>\n<div>-Dlaczego Adam milcza\u0142, gdy Ewa rozmawia\u0142a z w\u0119\u017cem?<\/div>\n<div>-Dlaczego kobiety tak cz\u0119sto wtr\u0105caj\u0105 si\u0119 w ma\u0142\u017ce\u0144stwa swoich dzieci?<\/div>\n<div>-Dlaczego feministki powinny nauczy\u0107 si\u0119 biblijnego hebrajskiego?<\/div>\n<div>-Co naprawd\u0119 znacz\u0105 s\u0142owa \u201ea\u017c do \u015bmierci\u201d ze \u015blubnej przysi\u0119gi?<\/div>\n<div>-Jakie s\u0142owa nale\u017cy wykre\u015bli\u0107 z relacyjnego s\u0142ownika komunikacji?<\/div>\n<div>-Kiedy m\u0119\u017cowi nie wolno p\u00f3j\u015b\u0107 do \u0142\u00f3\u017cka z w\u0142asn\u0105 \u017con\u0105?<\/div>\n<div><\/div>\n<div><\/div>\n<div><strong>O ksi\u0105\u017cce subiektywnie- recenzja<\/strong><br \/>\nAbsolutny bestseller ojca Adama! Od lat rozchodzi si\u0119 w tysi\u0105cach egzemplarzy. Niezast\u0105piony prezent \u015blubny. To prawda. Je\u015bli jednak jeste\u015b singlem, singielk\u0105, wdow\u0105, wdowcem, nastolatk\u0105, nastolatkiem i my\u015blisz, \u017ce to ksi\u0105\u017cka nie dla ciebie- mylisz si\u0119. W og\u00f3le, je\u015bli przysz\u0142o Ci do g\u0142owy, patrz\u0105c na ok\u0142adk\u0119, \u017ce to nudna ksi\u0105\u017cka napisana przez ksi\u0119dza, to od razu wyrzu\u0107 to przekonanie z g\u0142owy. My\u015blisz pewnie- co tam jaki\u015b ksi\u0105dz mo\u017ce wiedzie\u0107 o ma\u0142\u017ce\u0144stwie? Jakim prawem b\u0119dzie udziela\u0142 przedma\u0142\u017ce\u0144skich porad? O tym te\u017c zapomnij. Ale od pocz\u0105tku.<\/div>\n<div><\/div>\n<div><strong>Tytu\u0142<\/strong><br \/>\nAkrobatyka ma\u0142\u017ce\u0144ska. To jest ca\u0142kiem zgrabny tytu\u0142, sugeruj\u0105cy, \u017ce ma\u0142\u017ce\u0144stwo to wcale nie taka najprostsza sprawa. Bardziej nawet pasowa\u0142oby ekwilibrystyka, ale nie przesadzajmy. Pr\u00f3cz nie\u0142atwej relacji, s\u0142owo akrobatyka mo\u017ce mie\u0107 inne konotacje, ale pozostawiam to tym, kt\u00f3rzy znaj\u0105 poczucie humoru ojca Adama Szustaka. Dla nas to te\u017c okazja, by po\u0107wiczy\u0107 akcentowanie wyraz\u00f3w ko\u0144cz\u0105cych si\u0119 na \u2013 yka ( zawsze na trzeciej sylabie od ko\u0144ca).<\/div>\n<div><\/div>\n<div>\n<p><strong>Spis tre\u015bci<\/strong>Kr\u00f3tko. Na ksi\u0105\u017ck\u0119 sk\u0142adaj\u0105 si\u0119 cztery rozdzia\u0142y:<\/p>\n<p>1-M\u0119\u017cczy\u017ani<\/p>\n<p>2-Kobiety<\/p>\n<p>3-O mi\u0142o\u015bci<\/p>\n<p>4-O naprawianiu relacji<\/p>\n<p>Wydaje si\u0119 logiczne, proste i konkretne, ale czy mo\u017cna tak w og\u00f3le powiedzie\u0107 o relacjach? We wst\u0119pie o. Adam Szustak wyja\u015bnia, \u017ce Adam i Ewa nie robili \u017cadnych kurs\u00f3w przedma\u0142\u017ce\u0144skich i on te\u017c nie ma zamiaru. Tak naprawd\u0119 potrzebujemy dw\u00f3ch element\u00f3w, by zwi\u0105zek ma\u0142\u017ce\u0144ski stworzy\u0107- kobiety i m\u0119\u017cczyzny. Serio? To by\u0142oby zbyt proste. Trzeba doda\u0107 jeszcze \u201dprawdziwych\u201d i tutaj w\u0142a\u015bnie zaczyna si\u0119 akrobatyka.<\/p>\n<p><strong>Co tam w \u015brodku?<\/strong><br \/>\nKto ma poczucie humoru i nie traktuje wszystkiego tak bardzo serio, ten odnajdzie si\u0119 w tre\u015bci tej ksi\u0105\u017cki bardzo dobrze. Owszem, o. Adam przytacza wybrane biblijne sceny &#8211; od Ksi\u0119gi Rodzaju przez Pie\u015b\u0144 nad Pie\u015bniami a\u017c do Ewangelii, ale robi to w spos\u00f3b tak przyst\u0119pny, \u017ce nawet Ci, kt\u00f3rzy Bibli\u0119 widzieli z daleka, odnajd\u0105 si\u0119 bez problemu.<br \/>\nRajska \u0142opata jest genialna. W ko\u0144cu ten przedmiot to m\u0119ski atrybut i z pierwszej cz\u0119\u015bci dowiecie si\u0119, dlaczego to m\u0119\u017cczyzna ma zorganizowa\u0107 rzeczywisto\u015b\u0107. Czy mu to wyjdzie? Nie mnie ocenia\u0107, w ko\u0144cu po co\u015b pojawi\u0142a si\u0119 Ewa. Z tego rozdzia\u0142u dowiecie si\u0119 nie tylko, jakie m\u0119\u017cczyzna ma cechy, na czym polega wielko\u015b\u0107 J\u00f3zefa, ale te\u017c odpowiecie sobie sami na szereg pyta\u0144, bo o. Adam robi dygresje, wodzi nas za nos. Akrobatyka umys\u0142owa gwarantowana, kiedy spr\u00f3bujesz odpowiedzie\u0107 sobie na pytanie: czy mamy w \u017cyciu takie rzeczy, przez kt\u00f3re realizujemy nasze pierwsze powo\u0142anie z raju?<br \/>\nKobieta. Rozdzia\u0142 drugi. Tutaj o. Adam Szustak bierze na tapet Pie\u015b\u0144 nad Pie\u015bniami i przygl\u0105da si\u0119 temu, co Pan B\u00f3g m\u00f3wi o kobiecie. Jakie odgrywa role, jakimi darami jest obdarzona? Pi\u0119kny rozdzia\u0142 \u2013 uwaga- nie tylko dla kobiet. Zaskoczeniem mo\u017ce okaza\u0107 si\u0119 dla wielu fakt, \u017ce Pan B\u00f3g jest najwi\u0119kszym feminist\u0105 \u015bwiata!<br \/>\nKo\u0144cowe rozdzia\u0142y dotycz\u0105 mi\u0142o\u015bci i problem\u00f3w z ni\u0105 zwi\u0105zanych. Otrzymujemy gotowy biblijny przepis na mi\u0142o\u015b\u0107. Nie wystarczy jednak wrzuci\u0107 sk\u0142adniki i zamiesza\u0107, nie ma te\u017c podanej temperatury, ale za to genialny cytat, \u017ce \u201e niecelebrowana mi\u0142o\u015b\u0107 obumiera\u201d ( strona 95) albo : \u201eMi\u0142o\u015b\u0107 polega na umiej\u0119tno\u015bci oddawania s\u0142abo\u015bci i na umiej\u0119tno\u015bci przyjmowania ich\u201d ( strona 111).<\/p>\n<p><strong>J\u0119zyk<\/strong><br \/>\nMi\u0142o\u015bci czy ksi\u0105\u017cki? Mi\u0142o\u015b\u0107 potrzebuje a\u017c pi\u0119ciu j\u0119zyk\u00f3w, o czym przeczytacie, ale ten o. Szustaka jest z jednej strony prosty, konkretny, zabawny, ale jest te\u017c ta druga, nieuchwytna strona. Sami poczujecie.<\/p>\n<p><strong>Ciekawostki<\/strong><br \/>\nJest kasja, czyli seks. Du\u017co seksu i du\u017co konkret\u00f3w. Nie wszyscy oczywi\u015bcie musz\u0105 zgadza\u0107 si\u0119 ze zdaniem o. Adama.<br \/>\nNie wszyscy te\u017c wiedz\u0105, \u017ce Noe jest patronem alkoholik\u00f3w!<\/p>\n<p>Zapraszamy do czytania!<\/p>\n<p style=\"text-align: center;\"><strong>Kupuj\u0105c wspierasz! Ca\u0142kowity doch\u00f3d ze sprzeda\u017cy w sklepie Malak przeznaczony jest na dzia\u0142ania i pomoc charytatywn\u0105 realizowan\u0105 przez <a href=\"https:\/\/fundacjamalak.pl\/\">Fundacj\u0119 Malak<\/a>.<\/strong><\/p>\n<\/div>\n","protected":false},"excerpt":{"rendered":"<p><span style=\"font-weight: 400;\">Ksi\u0105\u017cka pt. <\/span><i><span style=\"font-weight: 400;\">Akrobatyka ma\u0142\u017ce\u0144ska<\/span><\/i><span style=\"font-weight: 400;\"> to efekt konferencji, kt\u00f3r\u0105 ojciec Adam Szustak OP wyg\u0142osi\u0142 w\u00a02015 roku w ramach spotkania dla narzeczonych i ma\u0142\u017conk\u00f3w organizowanego przez Fundacj\u0119 Malak.<\/span><\/p>\n<p><span style=\"font-weight: 400;\">Pos\u0142uguj\u0105c si\u0119 wybranymi fragmentami Biblii, autor opowiada o pierwotnym pomy\u015ble Pana Boga na ludzi, a dok\u0142adniej wyja\u015bnia, czym jest to\u017csamo\u015b\u0107 kobiety i m\u0119\u017cczyzny. Dominikanin opisuje, jakie s\u0105 ich najwi\u0119ksze pragnienia, jakie role powinni pe\u0142ni\u0107 w zwi\u0105zku, jak mog\u0105 budowa\u0107 i\u00a0rozwija\u0107 mi\u0142o\u015b\u0107.\u00a0<\/span><\/p>\n","protected":false},"featured_media":4893,"template":"","meta":{"_acf_changed":false},"product_brand":[],"product_cat":[69,68,288],"product_tag":[57,61,106,62,63,105,81,60],"class_list":{"0":"post-3690","1":"product","2":"type-product","3":"status-publish","4":"has-post-thumbnail","6":"product_cat-adam-szustak-op","7":"product_cat-ksiazki","8":"product_cat-okazje-i-nowosci","9":"product_tag-adam-szustak-op","10":"product_tag-akrobatyka-malzenska","11":"product_tag-kryzysy","12":"product_tag-ksiazka","13":"product_tag-malzenstwo","14":"product_tag-relacje","15":"product_tag-rozwoj","16":"product_tag-wychowanie","18":"first","19":"instock","20":"taxable","21":"shipping-taxable","22":"purchasable","23":"product-type-variable","24":"has-default-attributes"},"acf":[],"yoast_head":"<!-- This site is optimized with the Yoast SEO plugin v27.1.1 - https:\/\/yoast.com\/product\/yoast-seo-wordpress\/ -->\n<title>Akrobatyka ma\u0142\u017ce\u0144ska - ksi\u0105\u017cka - Adam Szustak OP - Sklep Malak<\/title>\n<meta name=\"robots\" content=\"index, follow, max-snippet:-1, max-image-preview:large, max-video-preview:-1\" \/>\n<link rel=\"canonical\" href=\"https:\/\/fundacjamalak.pl\/sklep\/produkt\/ksiazki\/akrobatyka-malzenska-ksiazka-adam-szustak-op\/\" \/>\n<meta property=\"og:locale\" content=\"pl_PL\" \/>\n<meta property=\"og:type\" content=\"article\" \/>\n<meta property=\"og:title\" content=\"Akrobatyka ma\u0142\u017ce\u0144ska - ksi\u0105\u017cka - Adam Szustak OP - Sklep Malak\" \/>\n<meta property=\"og:description\" content=\"Ksi\u0105\u017cka pt. Akrobatyka ma\u0142\u017ce\u0144ska to efekt konferencji, kt\u00f3r\u0105 ojciec Adam Szustak OP wyg\u0142osi\u0142 w\u00a02015 roku w ramach spotkania dla narzeczonych i ma\u0142\u017conk\u00f3w organizowanego przez Fundacj\u0119 Malak.  Pos\u0142uguj\u0105c si\u0119 wybranymi fragmentami Biblii, autor opowiada o pierwotnym pomy\u015ble Pana Boga na ludzi, a dok\u0142adniej wyja\u015bnia, czym jest to\u017csamo\u015b\u0107 kobiety i m\u0119\u017cczyzny. Dominikanin opisuje, jakie s\u0105 ich najwi\u0119ksze pragnienia, jakie role powinni pe\u0142ni\u0107 w zwi\u0105zku, jak mog\u0105 budowa\u0107 i\u00a0rozwija\u0107 mi\u0142o\u015b\u0107.\u00a0\" \/>\n<meta property=\"og:url\" content=\"https:\/\/fundacjamalak.pl\/sklep\/produkt\/ksiazki\/akrobatyka-malzenska-ksiazka-adam-szustak-op\/\" \/>\n<meta property=\"og:site_name\" content=\"Sklep Malak\" \/>\n<meta property=\"article:publisher\" content=\"https:\/\/www.facebook.com\/FundacjaMalak\" \/>\n<meta property=\"article:modified_time\" content=\"2026-04-18T21:55:27+00:00\" \/>\n<meta property=\"og:image\" content=\"https:\/\/fundacjamalak.pl\/sklep\/wp-content\/uploads\/2023\/10\/Akrobatyka-malzenska-Ksiazka-Adam-Szustak-OP.png\" \/>\n\t<meta property=\"og:image:width\" content=\"1280\" \/>\n\t<meta property=\"og:image:height\" content=\"1588\" \/>\n\t<meta property=\"og:image:type\" content=\"image\/png\" \/>\n<meta name=\"twitter:card\" content=\"summary_large_image\" \/>\n<meta name=\"twitter:label1\" content=\"Szacowany czas czytania\" \/>\n\t<meta name=\"twitter:data1\" content=\"6 minut\" \/>\n<script type=\"application\/ld+json\" class=\"yoast-schema-graph\">{\"@context\":\"https:\/\/schema.org\",\"@graph\":[{\"@type\":\"WebPage\",\"@id\":\"https:\/\/fundacjamalak.pl\/sklep\/produkt\/ksiazki\/akrobatyka-malzenska-ksiazka-adam-szustak-op\/\",\"url\":\"https:\/\/fundacjamalak.pl\/sklep\/produkt\/ksiazki\/akrobatyka-malzenska-ksiazka-adam-szustak-op\/\",\"name\":\"Akrobatyka ma\u0142\u017ce\u0144ska - ksi\u0105\u017cka - Adam Szustak OP - Sklep Malak\",\"isPartOf\":{\"@id\":\"https:\/\/sklepmalak.pl\/#website\"},\"primaryImageOfPage\":{\"@id\":\"https:\/\/fundacjamalak.pl\/sklep\/produkt\/ksiazki\/akrobatyka-malzenska-ksiazka-adam-szustak-op\/#primaryimage\"},\"image\":{\"@id\":\"https:\/\/fundacjamalak.pl\/sklep\/produkt\/ksiazki\/akrobatyka-malzenska-ksiazka-adam-szustak-op\/#primaryimage\"},\"thumbnailUrl\":\"https:\/\/fundacjamalak.pl\/sklep\/wp-content\/uploads\/2023\/10\/Akrobatyka-malzenska-Ksiazka-Adam-Szustak-OP.png\",\"datePublished\":\"2023-04-27T20:30:47+00:00\",\"dateModified\":\"2026-04-18T21:55:27+00:00\",\"breadcrumb\":{\"@id\":\"https:\/\/fundacjamalak.pl\/sklep\/produkt\/ksiazki\/akrobatyka-malzenska-ksiazka-adam-szustak-op\/#breadcrumb\"},\"inLanguage\":\"pl-PL\",\"potentialAction\":[{\"@type\":\"ReadAction\",\"target\":[\"https:\/\/fundacjamalak.pl\/sklep\/produkt\/ksiazki\/akrobatyka-malzenska-ksiazka-adam-szustak-op\/\"]}]},{\"@type\":\"ImageObject\",\"inLanguage\":\"pl-PL\",\"@id\":\"https:\/\/fundacjamalak.pl\/sklep\/produkt\/ksiazki\/akrobatyka-malzenska-ksiazka-adam-szustak-op\/#primaryimage\",\"url\":\"https:\/\/fundacjamalak.pl\/sklep\/wp-content\/uploads\/2023\/10\/Akrobatyka-malzenska-Ksiazka-Adam-Szustak-OP.png\",\"contentUrl\":\"https:\/\/fundacjamalak.pl\/sklep\/wp-content\/uploads\/2023\/10\/Akrobatyka-malzenska-Ksiazka-Adam-Szustak-OP.png\",\"width\":1280,\"height\":1588},{\"@type\":\"BreadcrumbList\",\"@id\":\"https:\/\/fundacjamalak.pl\/sklep\/produkt\/ksiazki\/akrobatyka-malzenska-ksiazka-adam-szustak-op\/#breadcrumb\",\"itemListElement\":[{\"@type\":\"ListItem\",\"position\":1,\"name\":\"Strona g\u0142\u00f3wna\",\"item\":\"https:\/\/sklepmalak.pl\/\"},{\"@type\":\"ListItem\",\"position\":2,\"name\":\"Sklep\",\"item\":\"https:\/\/sklepmalak.pl\/\"},{\"@type\":\"ListItem\",\"position\":3,\"name\":\"Akrobatyka ma\u0142\u017ce\u0144ska &#8211; ksi\u0105\u017cka &#8211; Adam Szustak OP\"}]},{\"@type\":\"WebSite\",\"@id\":\"https:\/\/sklepmalak.pl\/#website\",\"url\":\"https:\/\/sklepmalak.pl\/\",\"name\":\"Sklep Malak\",\"description\":\"Nie ma zwyk\u0142ych chwil!\",\"publisher\":{\"@id\":\"https:\/\/sklepmalak.pl\/#organization\"},\"potentialAction\":[{\"@type\":\"SearchAction\",\"target\":{\"@type\":\"EntryPoint\",\"urlTemplate\":\"https:\/\/sklepmalak.pl\/?s={search_term_string}\"},\"query-input\":{\"@type\":\"PropertyValueSpecification\",\"valueRequired\":true,\"valueName\":\"search_term_string\"}}],\"inLanguage\":\"pl-PL\"},{\"@type\":\"Organization\",\"@id\":\"https:\/\/sklepmalak.pl\/#organization\",\"name\":\"Sklep Malak\",\"alternateName\":\"Sklep Fundacji Malak\",\"url\":\"https:\/\/sklepmalak.pl\/\",\"logo\":{\"@type\":\"ImageObject\",\"inLanguage\":\"pl-PL\",\"@id\":\"https:\/\/sklepmalak.pl\/#\/schema\/logo\/image\/\",\"url\":\"https:\/\/fundacjamalak.pl\/sklep\/wp-content\/uploads\/2023\/09\/logo.malak-14-2.png\",\"contentUrl\":\"https:\/\/fundacjamalak.pl\/sklep\/wp-content\/uploads\/2023\/09\/logo.malak-14-2.png\",\"width\":355,\"height\":355,\"caption\":\"Sklep Malak\"},\"image\":{\"@id\":\"https:\/\/sklepmalak.pl\/#\/schema\/logo\/image\/\"},\"sameAs\":[\"https:\/\/www.facebook.com\/FundacjaMalak\",\"https:\/\/www.instagram.com\/fundacjamalak\"]}]}<\/script>\n<!-- \/ Yoast SEO plugin. -->","yoast_head_json":{"title":"Akrobatyka ma\u0142\u017ce\u0144ska - ksi\u0105\u017cka - Adam Szustak OP - Sklep Malak","robots":{"index":"index","follow":"follow","max-snippet":"max-snippet:-1","max-image-preview":"max-image-preview:large","max-video-preview":"max-video-preview:-1"},"canonical":"https:\/\/fundacjamalak.pl\/sklep\/produkt\/ksiazki\/akrobatyka-malzenska-ksiazka-adam-szustak-op\/","og_locale":"pl_PL","og_type":"article","og_title":"Akrobatyka ma\u0142\u017ce\u0144ska - ksi\u0105\u017cka - Adam Szustak OP - Sklep Malak","og_description":"Ksi\u0105\u017cka pt. Akrobatyka ma\u0142\u017ce\u0144ska to efekt konferencji, kt\u00f3r\u0105 ojciec Adam Szustak OP wyg\u0142osi\u0142 w\u00a02015 roku w ramach spotkania dla narzeczonych i ma\u0142\u017conk\u00f3w organizowanego przez Fundacj\u0119 Malak.  Pos\u0142uguj\u0105c si\u0119 wybranymi fragmentami Biblii, autor opowiada o pierwotnym pomy\u015ble Pana Boga na ludzi, a dok\u0142adniej wyja\u015bnia, czym jest to\u017csamo\u015b\u0107 kobiety i m\u0119\u017cczyzny. Dominikanin opisuje, jakie s\u0105 ich najwi\u0119ksze pragnienia, jakie role powinni pe\u0142ni\u0107 w zwi\u0105zku, jak mog\u0105 budowa\u0107 i\u00a0rozwija\u0107 mi\u0142o\u015b\u0107.\u00a0","og_url":"https:\/\/fundacjamalak.pl\/sklep\/produkt\/ksiazki\/akrobatyka-malzenska-ksiazka-adam-szustak-op\/","og_site_name":"Sklep Malak","article_publisher":"https:\/\/www.facebook.com\/FundacjaMalak","article_modified_time":"2026-04-18T21:55:27+00:00","og_image":[{"width":1280,"height":1588,"url":"https:\/\/fundacjamalak.pl\/sklep\/wp-content\/uploads\/2023\/10\/Akrobatyka-malzenska-Ksiazka-Adam-Szustak-OP.png","type":"image\/png"}],"twitter_card":"summary_large_image","twitter_misc":{"Szacowany czas czytania":"6 minut"},"schema":{"@context":"https:\/\/schema.org","@graph":[{"@type":"WebPage","@id":"https:\/\/fundacjamalak.pl\/sklep\/produkt\/ksiazki\/akrobatyka-malzenska-ksiazka-adam-szustak-op\/","url":"https:\/\/fundacjamalak.pl\/sklep\/produkt\/ksiazki\/akrobatyka-malzenska-ksiazka-adam-szustak-op\/","name":"Akrobatyka ma\u0142\u017ce\u0144ska - ksi\u0105\u017cka - Adam Szustak OP - Sklep Malak","isPartOf":{"@id":"https:\/\/sklepmalak.pl\/#website"},"primaryImageOfPage":{"@id":"https:\/\/fundacjamalak.pl\/sklep\/produkt\/ksiazki\/akrobatyka-malzenska-ksiazka-adam-szustak-op\/#primaryimage"},"image":{"@id":"https:\/\/fundacjamalak.pl\/sklep\/produkt\/ksiazki\/akrobatyka-malzenska-ksiazka-adam-szustak-op\/#primaryimage"},"thumbnailUrl":"https:\/\/fundacjamalak.pl\/sklep\/wp-content\/uploads\/2023\/10\/Akrobatyka-malzenska-Ksiazka-Adam-Szustak-OP.png","datePublished":"2023-04-27T20:30:47+00:00","dateModified":"2026-04-18T21:55:27+00:00","breadcrumb":{"@id":"https:\/\/fundacjamalak.pl\/sklep\/produkt\/ksiazki\/akrobatyka-malzenska-ksiazka-adam-szustak-op\/#breadcrumb"},"inLanguage":"pl-PL","potentialAction":[{"@type":"ReadAction","target":["https:\/\/fundacjamalak.pl\/sklep\/produkt\/ksiazki\/akrobatyka-malzenska-ksiazka-adam-szustak-op\/"]}]},{"@type":"ImageObject","inLanguage":"pl-PL","@id":"https:\/\/fundacjamalak.pl\/sklep\/produkt\/ksiazki\/akrobatyka-malzenska-ksiazka-adam-szustak-op\/#primaryimage","url":"https:\/\/fundacjamalak.pl\/sklep\/wp-content\/uploads\/2023\/10\/Akrobatyka-malzenska-Ksiazka-Adam-Szustak-OP.png","contentUrl":"https:\/\/fundacjamalak.pl\/sklep\/wp-content\/uploads\/2023\/10\/Akrobatyka-malzenska-Ksiazka-Adam-Szustak-OP.png","width":1280,"height":1588},{"@type":"BreadcrumbList","@id":"https:\/\/fundacjamalak.pl\/sklep\/produkt\/ksiazki\/akrobatyka-malzenska-ksiazka-adam-szustak-op\/#breadcrumb","itemListElement":[{"@type":"ListItem","position":1,"name":"Strona g\u0142\u00f3wna","item":"https:\/\/sklepmalak.pl\/"},{"@type":"ListItem","position":2,"name":"Sklep","item":"https:\/\/sklepmalak.pl\/"},{"@type":"ListItem","position":3,"name":"Akrobatyka ma\u0142\u017ce\u0144ska &#8211; ksi\u0105\u017cka &#8211; Adam Szustak OP"}]},{"@type":"WebSite","@id":"https:\/\/sklepmalak.pl\/#website","url":"https:\/\/sklepmalak.pl\/","name":"Sklep Malak","description":"Nie ma zwyk\u0142ych chwil!","publisher":{"@id":"https:\/\/sklepmalak.pl\/#organization"},"potentialAction":[{"@type":"SearchAction","target":{"@type":"EntryPoint","urlTemplate":"https:\/\/sklepmalak.pl\/?s={search_term_string}"},"query-input":{"@type":"PropertyValueSpecification","valueRequired":true,"valueName":"search_term_string"}}],"inLanguage":"pl-PL"},{"@type":"Organization","@id":"https:\/\/sklepmalak.pl\/#organization","name":"Sklep Malak","alternateName":"Sklep Fundacji Malak","url":"https:\/\/sklepmalak.pl\/","logo":{"@type":"ImageObject","inLanguage":"pl-PL","@id":"https:\/\/sklepmalak.pl\/#\/schema\/logo\/image\/","url":"https:\/\/fundacjamalak.pl\/sklep\/wp-content\/uploads\/2023\/09\/logo.malak-14-2.png","contentUrl":"https:\/\/fundacjamalak.pl\/sklep\/wp-content\/uploads\/2023\/09\/logo.malak-14-2.png","width":355,"height":355,"caption":"Sklep Malak"},"image":{"@id":"https:\/\/sklepmalak.pl\/#\/schema\/logo\/image\/"},"sameAs":["https:\/\/www.facebook.com\/FundacjaMalak","https:\/\/www.instagram.com\/fundacjamalak"]}]}},"_links":{"self":[{"href":"https:\/\/fundacjamalak.pl\/sklep\/wp-json\/wp\/v2\/product\/3690","targetHints":{"allow":["GET"]}}],"collection":[{"href":"https:\/\/fundacjamalak.pl\/sklep\/wp-json\/wp\/v2\/product"}],"about":[{"href":"https:\/\/fundacjamalak.pl\/sklep\/wp-json\/wp\/v2\/types\/product"}],"wp:featuredmedia":[{"embeddable":true,"href":"https:\/\/fundacjamalak.pl\/sklep\/wp-json\/wp\/v2\/media\/4893"}],"wp:attachment":[{"href":"https:\/\/fundacjamalak.pl\/sklep\/wp-json\/wp\/v2\/media?parent=3690"}],"wp:term":[{"taxonomy":"product_brand","embeddable":true,"href":"https:\/\/fundacjamalak.pl\/sklep\/wp-json\/wp\/v2\/product_brand?post=3690"},{"taxonomy":"product_cat","embeddable":true,"href":"https:\/\/fundacjamalak.pl\/sklep\/wp-json\/wp\/v2\/product_cat?post=3690"},{"taxonomy":"product_tag","embeddable":true,"href":"https:\/\/fundacjamalak.pl\/sklep\/wp-json\/wp\/v2\/product_tag?post=3690"}],"curies":[{"name":"wp","href":"https:\/\/api.w.org\/{rel}","templated":true}]}}