{"id":4331,"date":"2023-08-09T18:15:45","date_gmt":"2023-08-09T16:15:45","guid":{"rendered":"https:\/\/sklep.fundacjamalak.pl\/sklep\/bez-kategorii\/ewangelia-dla-nienormalnych-adam-szustak-op\/"},"modified":"2026-04-18T23:55:25","modified_gmt":"2026-04-18T21:55:25","slug":"ewangelia-dla-nienormalnych-adam-szustak-op","status":"publish","type":"product","link":"https:\/\/fundacjamalak.pl\/sklep\/produkt\/ksiazki\/ewangelia-dla-nienormalnych-adam-szustak-op\/","title":{"rendered":"Ewangelia dla nienormalnych &#8211; Adam Szustak OP"},"content":{"rendered":"<p><span style=\"font-weight: 400;\">Ta ksi\u0105\u017cka jest dla Ciebie, je\u015bli:<\/span><\/p>\n<ul>\n<li><span style=\"font-weight: 400;\"> \u00a0 \u00a0 \u00a0 <\/span><span style=\"font-weight: 400;\">czujesz, \u017ce z Twoim \u017cyciem co\u015b jest nie tak;<\/span><\/li>\n<li><span style=\"font-weight: 400;\"> \u00a0 \u00a0 \u00a0 <\/span><span style=\"font-weight: 400;\">wszystko, co robisz, ko\u0144czy si\u0119 pora\u017ck\u0105;<\/span><\/li>\n<li><span style=\"font-weight: 400;\"> \u00a0 \u00a0 \u00a0 <\/span><span style=\"font-weight: 400;\">nie mo\u017cesz odnale\u017a\u0107 sensu w wydarzeniach, kt\u00f3re Ci si\u0119 przytrafiaj\u0105;<\/span><\/li>\n<li><span style=\"font-weight: 400;\"> \u00a0 \u00a0 \u00a0 <\/span><span style=\"font-weight: 400;\">masz wra\u017cenie, \u017ce nikt Ci\u0119 nie rozumie i \u017ce nie potrafisz dogada\u0107 si\u0119 nawet z najbli\u017cszymi;<\/span><\/li>\n<li><span style=\"font-weight: 400;\"> \u00a0 \u00a0 \u00a0 <\/span><span style=\"font-weight: 400;\">my\u015blisz sobie czasem, \u017ce Twoje \u017cycie jest po prostu nienormalne;<\/span><\/li>\n<li><span style=\"font-weight: 400;\"> \u00a0 \u00a0 \u00a0 <\/span><span style=\"font-weight: 400;\">wci\u0105\u017c oczekujesz, \u017ce wszystko zmieni si\u0119 samo.<\/span><\/li>\n<\/ul>\n<p><span style=\"font-weight: 400;\">\u00a0<\/span><\/p>\n<p><span style=\"font-weight: 400;\">Czego m.in. dowiesz si\u0119 z tej ksi\u0105\u017cki?<\/span><\/p>\n<ul>\n<li><span style=\"font-weight: 400;\"> \u00a0 \u00a0 \u00a0 <\/span><span style=\"font-weight: 400;\">na pewno nie tego, jak sprawdzi\u0107, by za spraw\u0105 jakie\u015b czarodziejskiej r\u00f3\u017cd\u017cki, znikn\u0119\u0142y wszystkie Twoje problemy;<\/span><\/li>\n<li><span style=\"font-weight: 400;\"> \u00a0 \u00a0 \u00a0 <\/span><span style=\"font-weight: 400;\">co znaczy \u015bwi\u0119ty;<\/span><\/li>\n<li><span style=\"font-weight: 400;\"> \u00a0 \u00a0 \u00a0 <\/span><span style=\"font-weight: 400;\">do\u015bwiadczysz, \u017ce nienormalno\u015b\u0107 jest b\u0142ogos\u0142awie\u0144stwem.<\/span><\/li>\n<li><span style=\"font-weight: 400;\"> \u00a0 \u00a0 \u00a0 <\/span><span style=\"font-weight: 400;\">poznasz instrukta\u017c wchodzenia w blisko\u015b\u0107 z Bogiem,<\/span><\/li>\n<li><span style=\"font-weight: 400;\"> \u00a0 \u00a0 \u00a0 <\/span><span style=\"font-weight: 400;\">co znaczy by\u0107 chrze\u015bcijaninem.<\/span><\/li>\n<\/ul>\n<p><span style=\"font-weight: 400;\">\u00a0<\/span><\/p>\n<p><i><span style=\"font-weight: 400;\">Chrze\u015bcija\u0144stwo nie jest czym\u015b, co mo\u017cna przyj\u0105\u0107 ot tak. Trzeba dobrze si\u0119 zastanowi\u0107, czy chcemy w nie wej\u015b\u0107(\u2026) Nie b\u0105d\u017amy wi\u0119c chrze\u015bcijanami, bo tak trzeba, bo tak nas wychowano, bo jeste\u015bmy z pono\u0107 katolickiego kraju, bo s\u0105 inni, bo taka jest tradycja. B\u0105d\u017amy chrze\u015bcijanami, dlatego \u017ce tak wybrali\u015bmy, \u017ce tego pragniemy, \u017ce jeste\u015bmy gotowi na wej\u015bcie z noc i walk\u0119 z Bogiem.<\/span><\/i><\/p>\n<p><i><span style=\"font-weight: 400;\">(fragment ksi\u0105\u017cki)<\/span><\/i><\/p>\n<p><span style=\"font-weight: 400;\">\u00a0<\/span><\/p>\n<p><b>O ksi\u0105\u017cce<\/b><\/p>\n<p><b>Nienormalny, czyli jaki?<\/b><\/p>\n<p><span style=\"font-weight: 400;\">Pocz\u0105tek tej ksi\u0105\u017cki jest mocny! Ojciec Adam Szustak m\u00f3wi wprost- ewangelia jest dla nienormalnych!<\/span><\/p>\n<p><span style=\"font-weight: 400;\">I tutaj trzeba zrobi\u0107 kropk\u0119. U\u017cy\u0142 wra\u017cliwego \u2013 w tych czasach \u2013 s\u0142owa, niewygodnego, bo czym jest nienormalno\u015b\u0107? To poj\u0119cie mo\u017ce by\u0107 myl\u0105ce, a jego definicja zmienia si\u0119 wzale\u017cno\u015bci od kontekstu.<\/span><\/p>\n<p><span style=\"font-weight: 400;\">Cz\u0119sto u\u017cywamy tego s\u0142owa, nie zdaj\u0105c sobie sprawy z jego potencjalnie rani\u0105cego charakteru. Wsp\u00f3\u0142czesne rozumienie normalno\u015bci jest paradoksalne, poniewa\u017c to, co jest norm\u0105 dzisiaj, mo\u017ce by\u0107 uznane za nienormalne jutro. Ojciec Adam Szustak wielokrotnie podkre\u015bla\u0142, \u017ce trzeba bra\u0107 poprawk\u0119 na to, jak rozumiemy pewne poj\u0119cia. Warto zastanowi\u0107 si\u0119, co oznacza &#8222;nienormalny&#8221; w kontek\u015bcie dzisiejszego spo\u0142ecze\u0144stwa. Cz\u0119sto u\u017cywamy tego s\u0142owa do okre\u015blenia os\u00f3b, kt\u00f3re r\u00f3\u017cni\u0105 si\u0119 od og\u00f3lnie przyj\u0119tych standard\u00f3w. Przyk\u0142adowo, osoba z niepe\u0142nosprawno\u015bci\u0105 intelektualn\u0105 by\u0142a kiedy\u015b okre\u015blana jako &#8222;idiota&#8221;. Dzisiaj jest to nie tylko nieakceptowalne, ale i obra\u017aliwe. J\u0119zyk ewoluuje wraz z naszym rozumieniem ludzkiej godno\u015bci i szacunku, a poj\u0119cie normy jest r\u00f3wnie\u017c dynamiczne. To wa\u017cne, by o tym wiedzie\u0107 i pami\u0119ta\u0107.\u00a0 <\/span><span style=\"font-weight: 400;\"><br \/>\n<\/span><span style=\"font-weight: 400;\"><br \/>\n<\/span><span style=\"font-weight: 400;\"> Istotne jest, aby\u015bmy jako spo\u0142ecze\u0144stwo byli \u015bwiadomi wp\u0142ywu, jaki nasze s\u0142owa mog\u0105 mie\u0107 na innych. Wsp\u00f3\u0142czesne badania nad j\u0119zykiem pokazuj\u0105, \u017ce u\u017cywanie okre\u015ble\u0144 takich jak &#8222;nienormalny&#8221; mo\u017ce prowadzi\u0107 do stygmatyzacji i wykluczenia spo\u0142ecznego. Ten wst\u0119p by\u0142 wa\u017cny, bo ka\u017cdy, kto zna ojca Adama Szustaka, bierze ogromny margines na u\u017cycie tych s\u0142\u00f3w.<\/span><span style=\"font-weight: 400;\"><br \/>\n<\/span><span style=\"font-weight: 400;\"><br \/>\n<\/span><span style=\"font-weight: 400;\"> Dystans i poczucie humoru to podstawowe wyposa\u017cenie przy czytaniu ksi\u0105\u017cek ojca Adama. Zacznijmy od tego, \u017ce wg niego &#8211; Pan B\u00f3g, w swojej niezmierzonej m\u0105dro\u015bci i mi\u0142o\u015bci- jest najbardziej nienormalny ze wszystkich. Dlaczego? Bo Jego mi\u0142o\u015b\u0107 i mi\u0142osierdzie przekraczaj\u0105 wszelkie ludzkie wyobra\u017cenia, a s\u0142owo &#8222;\u015bwi\u0119ty&#8221; w dzisiejszych czasach cz\u0119sto traci swoje pierwotne znaczenie. Hebrajskie &#8222;kadosz&#8221; oznacza bycie innym, oddzielonym, nie tylko w sensie moralnym, ale r\u00f3wnie\u017c w g\u0142\u0119bszym duchowym wymiarze.<\/span><\/p>\n<p><b>Inny<\/b><\/p>\n<p><b><\/b><span style=\"font-weight: 400;\"> Mamy ustalone, na czym polega inno\u015b\u0107 Boga, ale teraz przyjrzyjmy si\u0119 sobie w \u015bwietle Bo\u017cej nienormalno\u015bci. Mo\u017ce te\u017c czasami czujemy si\u0119 inni, mamy wra\u017cenie, \u017ce nie pasujemy do tego \u015bwiata? Fakt, to uczucie mo\u017ce by\u0107 przyt\u0142aczaj\u0105ce, ale po chwili zastanowienia, czy to nie jest w\u0142a\u015bnie najwi\u0119ksze b\u0142ogos\u0142awie\u0144stwo? W \u015bwietle Bo\u017cej mi\u0142o\u015bci nasza nienormalno\u015b\u0107 staje si\u0119 te\u017c najwi\u0119ksz\u0105 warto\u015bci\u0105. Dlaczego? Bo B\u00f3g kocha nas za unikalno\u015b\u0107. Za to, kim naprawd\u0119 jeste\u015bmy, a nie za to, kim pr\u00f3bujemy by\u0107, aby dopasowa\u0107 si\u0119 do oczekiwa\u0144 innych.<\/span><span style=\"font-weight: 400;\"><br \/>\n<\/span><span style=\"font-weight: 400;\"><br \/>\n<\/span><span style=\"font-weight: 400;\"> Jezus przyszed\u0142 na \u015bwiat nie po to, aby gromadzi\u0107 wok\u00f3\u0142 siebie ludzi idealnych, ale tych, kt\u00f3rzy czuli si\u0119 zagubieni. To w\u0142a\u015bnie w ich nienormalno\u015bci, w ich s\u0142abo\u015bciach, Jezus dostrzega\u0142 najwi\u0119kszy potencja\u0142. W kontek\u015bcie wiary, nienormalno\u015b\u0107 ma zupe\u0142nie inne znaczenie. Jest to odwaga do bycia sob\u0105, do akceptacji swoich s\u0142abo\u015bci i do \u017cycia zgodnie z naukami Jezusa. Przypomnijmy sobie histori\u0119 Marii Magdaleny, kt\u00f3ra by\u0142a uwa\u017cana za grzesznic\u0119 i kobiet\u0119 nienormaln\u0105 w oczach \u00f3wczesnego spo\u0142ecze\u0144stwa. To w\u0142a\u015bnie jej Jezus ukaza\u0142 si\u0119 jako pierwszy po Zmartwychwstaniu. Dlaczego? Bo jej serce by\u0142o pe\u0142ne mi\u0142o\u015bci i pokory, a jej nienormalno\u015b\u0107 sta\u0142a si\u0119 najnormalniejszym wyrazem wiary i oddania Bogu.<\/span><span style=\"font-weight: 400;\"><br \/>\n<\/span><span style=\"font-weight: 400;\"><br \/>\n<\/span><\/p>\n<p><b>Nawr\u00f3\u0107 si\u0119! Na co czekasz?<\/b><\/p>\n<p><span style=\"font-weight: 400;\">Zabrzmia\u0142o gro\u017anie. Adam Szustak powo\u0142uje si\u0119 na fragment Ewangelii \u015bw. \u0141ukasza, w kt\u00f3rym Jezus m\u00f3wi jasno: <\/span><i><span style=\"font-weight: 400;\">Je\u015bli si\u0119 nie nawr\u00f3cicie, wszyscy zginiecie.<\/span><\/i><span style=\"font-weight: 400;\"> To stwierdzenie jest mocne i bezpo\u015brednie, ukazuj\u0105ce wag\u0119 nawr\u00f3cenia w \u017cyciu cz\u0142owieka. \u017bycie nienawr\u00f3cone, mimo wszelkich stara\u0144 i osi\u0105gni\u0119\u0107, jest \u017cyciem bez prawdziwego celu i po\u017cytku.<\/span><\/p>\n<p><span style=\"font-weight: 400;\"><br \/>\n<\/span><span style=\"font-weight: 400;\"> Aby zbli\u017cy\u0107 si\u0119 do Boga, musimy porzuci\u0107 stare przekonania,\u00a0 w tym oczekiwania, \u017ce B\u00f3g b\u0119dzie spe\u0142nia\u0142 nasze \u201echciejstwa\u201d. Wr\u0119cz przeciwnie wzywa nas do wej\u015bcia w noc, do stawienia czo\u0142a nieznanemu, aby znale\u017a\u0107 prawdziw\u0105 blisko\u015b\u0107. To proces, kt\u00f3ry czasami trwa d\u0142ugo i wymaga naszej zgody na przej\u015bcie przez ciemno\u015b\u0107.<\/span><span style=\"font-weight: 400;\"><br \/>\n<\/span><span style=\"font-weight: 400;\"><br \/>\n<\/span><span style=\"font-weight: 400;\"> Adam Szustak powo\u0142uje si\u0119 na histori\u0119 Moj\u017cesza, kt\u00f3ry przez czterdzie\u015bci lat przebywa\u0142 na pustyni, zanim B\u00f3g objawi\u0142 mu sw\u00f3j plan. Moj\u017cesz musia\u0142 porzuci\u0107 swoje wcze\u015bniejsze \u017cycie, aby sta\u0107 si\u0119 narz\u0119dziem w r\u0119kach Boga. Podobnie jest z nami. Nawr\u00f3cenie to proces, kt\u00f3ry wymaga czasu i cierpliwo\u015bci. Musimy by\u0107 gotowi na zmian\u0119 i otwarci na Bo\u017ce prowadzenie.<\/span><span style=\"font-weight: 400;\"><br \/>\n<\/span><span style=\"font-weight: 400;\"><br \/>\n<\/span><span style=\"font-weight: 400;\"> Wsp\u00f3\u0142czesny \u015bwiat cz\u0119sto odrzuca potrzeb\u0119 nawr\u00f3cenia. Wiele os\u00f3b \u017cyje w przekonaniu, \u017ce s\u0105 wystarczaj\u0105co dobre takie, jakie s\u0105. Jednak Jezus przypomina nam, \u017ce prawdziwe \u017cycie zaczyna si\u0119 dopiero wtedy, gdy zbli\u017camy si\u0119 do Boga. Nawr\u00f3cenie to nie tylko zmiana zachowa\u0144, ale g\u0142\u0119boka przemiana serca i umys\u0142u.<\/span><span style=\"font-weight: 400;\"><br \/>\n<\/span><span style=\"font-weight: 400;\"><br \/>\n<\/span><span style=\"font-weight: 400;\"> Nawr\u00f3cenie, o czym warto pami\u0119ta\u0107,\u00a0 to r\u00f3wnie\u017c proces.\u00a0 To nie jest jednorazowe wydarzenie, ale codzienna decyzja o pod\u0105\u017caniu za Jezusem. Ka\u017cdego dnia musimy wybiera\u0107 mi\u0142o\u015b\u0107, przebaczenie i pokor\u0119. Ka\u017cdego dnia musimy by\u0107 gotowi na spotkanie z Bogiem i pozwolenie Mu na przemian\u0119 naszego \u017cycia.<\/span><span style=\"font-weight: 400;\"><br \/>\n<\/span><span style=\"font-weight: 400;\"><br \/>\n<\/span><span style=\"font-weight: 400;\"> Czy nawr\u00f3cenie to nasza sprawa? I tak, i nie. Nawr\u00f3cenie, to proces, kt\u00f3ry wp\u0142ywa na ca\u0142e nasze otoczenie. Kiedy nasze \u017cycie ulega przemianie, stajemy si\u0119 \u015bwiadectwem dla innych. Nasza przemiana mo\u017ce inspirowa\u0107 innych do poszukiwania Boga i otwarcia si\u0119 na Jego dzia\u0142anie.<\/span><span style=\"font-weight: 400;\"><br \/>\n<\/span><\/p>\n<p>&nbsp;<\/p>\n<p><span style=\"font-weight: 400;\">Zapraszamy do czytania!\u00a0<\/span><\/p>\n<p><span style=\"font-weight: 400;\">\u00a0<\/span><\/p>\n<p><b>Kupuj\u0105c wspierasz! Ca\u0142kowity doch\u00f3d ze sprzeda\u017cy w sklepie Malak przeznaczony jest na dzia\u0142ania i pomoc charytatywn\u0105 realizowan\u0105 przez Fundacj\u0119 Malak.<\/b><\/p>\n<p><span style=\"font-weight: 400;\">\u00a0<\/span><\/p>\n<p><span style=\"font-weight: 400;\">\u00a0<\/span><\/p>\n","protected":false},"excerpt":{"rendered":"<p>Kolejna ksi\u0105\u017cka o. Adama Szustaka OP, w kt\u00f3rej &#8211; dzi\u0119ki r\u00f3\u017cnym fragmentom z Pisma \u015awi\u0119tego &#8211; obja\u015bnia \u015bwiat. Tym razem m\u00f3wi wprost i bez owijania w bawe\u0142n\u0119: je\u015bli si\u0119 nie nawr\u00f3cisz, nie masz po co \u017cy\u0107! Co to znaczy?<\/p>\n","protected":false},"featured_media":4921,"template":"","meta":{"_acf_changed":false},"product_brand":[],"product_cat":[69,68],"product_tag":[],"class_list":{"0":"post-4331","1":"product","2":"type-product","3":"status-publish","4":"has-post-thumbnail","6":"product_cat-adam-szustak-op","7":"product_cat-ksiazki","9":"first","10":"instock","11":"taxable","12":"shipping-taxable","13":"purchasable","14":"product-type-variable","15":"has-default-attributes"},"acf":[],"yoast_head":"<!-- This site is optimized with the Yoast SEO plugin v27.1.1 - https:\/\/yoast.com\/product\/yoast-seo-wordpress\/ -->\n<title>Ewangelia dla nienormalnych - Adam Szustak OP - Sklep Malak<\/title>\n<meta name=\"robots\" content=\"index, follow, max-snippet:-1, max-image-preview:large, max-video-preview:-1\" \/>\n<link rel=\"canonical\" href=\"https:\/\/fundacjamalak.pl\/sklep\/produkt\/ksiazki\/ewangelia-dla-nienormalnych-adam-szustak-op\/\" \/>\n<meta property=\"og:locale\" content=\"pl_PL\" \/>\n<meta property=\"og:type\" content=\"article\" \/>\n<meta property=\"og:title\" content=\"Ewangelia dla nienormalnych - Adam Szustak OP - Sklep Malak\" \/>\n<meta property=\"og:description\" content=\"Kolejna ksi\u0105\u017cka o. Adama Szustaka OP, w kt\u00f3rej - dzi\u0119ki r\u00f3\u017cnym fragmentom z Pisma \u015awi\u0119tego - obja\u015bnia \u015bwiat. Tym razem m\u00f3wi wprost i bez owijania w bawe\u0142n\u0119: je\u015bli si\u0119 nie nawr\u00f3cisz, nie masz po co \u017cy\u0107! Co to znaczy?\" \/>\n<meta property=\"og:url\" content=\"https:\/\/fundacjamalak.pl\/sklep\/produkt\/ksiazki\/ewangelia-dla-nienormalnych-adam-szustak-op\/\" \/>\n<meta property=\"og:site_name\" content=\"Sklep Malak\" \/>\n<meta property=\"article:publisher\" content=\"https:\/\/www.facebook.com\/FundacjaMalak\" \/>\n<meta property=\"article:modified_time\" content=\"2026-04-18T21:55:25+00:00\" \/>\n<meta property=\"og:image\" content=\"https:\/\/fundacjamalak.pl\/sklep\/wp-content\/uploads\/2023\/10\/Ewangelia-dla-nienormalnych-Adam-Szustak-OP-1.png\" \/>\n\t<meta property=\"og:image:width\" content=\"1280\" \/>\n\t<meta property=\"og:image:height\" content=\"1588\" \/>\n\t<meta property=\"og:image:type\" content=\"image\/png\" \/>\n<meta name=\"twitter:card\" content=\"summary_large_image\" \/>\n<meta name=\"twitter:label1\" content=\"Szacowany czas czytania\" \/>\n\t<meta name=\"twitter:data1\" content=\"6 minut\" \/>\n<script type=\"application\/ld+json\" class=\"yoast-schema-graph\">{\"@context\":\"https:\/\/schema.org\",\"@graph\":[{\"@type\":\"WebPage\",\"@id\":\"https:\/\/fundacjamalak.pl\/sklep\/produkt\/ksiazki\/ewangelia-dla-nienormalnych-adam-szustak-op\/\",\"url\":\"https:\/\/fundacjamalak.pl\/sklep\/produkt\/ksiazki\/ewangelia-dla-nienormalnych-adam-szustak-op\/\",\"name\":\"Ewangelia dla nienormalnych - Adam Szustak OP - Sklep Malak\",\"isPartOf\":{\"@id\":\"https:\/\/sklepmalak.pl\/#website\"},\"primaryImageOfPage\":{\"@id\":\"https:\/\/fundacjamalak.pl\/sklep\/produkt\/ksiazki\/ewangelia-dla-nienormalnych-adam-szustak-op\/#primaryimage\"},\"image\":{\"@id\":\"https:\/\/fundacjamalak.pl\/sklep\/produkt\/ksiazki\/ewangelia-dla-nienormalnych-adam-szustak-op\/#primaryimage\"},\"thumbnailUrl\":\"https:\/\/fundacjamalak.pl\/sklep\/wp-content\/uploads\/2023\/10\/Ewangelia-dla-nienormalnych-Adam-Szustak-OP-1.png\",\"datePublished\":\"2023-08-09T16:15:45+00:00\",\"dateModified\":\"2026-04-18T21:55:25+00:00\",\"breadcrumb\":{\"@id\":\"https:\/\/fundacjamalak.pl\/sklep\/produkt\/ksiazki\/ewangelia-dla-nienormalnych-adam-szustak-op\/#breadcrumb\"},\"inLanguage\":\"pl-PL\",\"potentialAction\":[{\"@type\":\"ReadAction\",\"target\":[\"https:\/\/fundacjamalak.pl\/sklep\/produkt\/ksiazki\/ewangelia-dla-nienormalnych-adam-szustak-op\/\"]}]},{\"@type\":\"ImageObject\",\"inLanguage\":\"pl-PL\",\"@id\":\"https:\/\/fundacjamalak.pl\/sklep\/produkt\/ksiazki\/ewangelia-dla-nienormalnych-adam-szustak-op\/#primaryimage\",\"url\":\"https:\/\/fundacjamalak.pl\/sklep\/wp-content\/uploads\/2023\/10\/Ewangelia-dla-nienormalnych-Adam-Szustak-OP-1.png\",\"contentUrl\":\"https:\/\/fundacjamalak.pl\/sklep\/wp-content\/uploads\/2023\/10\/Ewangelia-dla-nienormalnych-Adam-Szustak-OP-1.png\",\"width\":1280,\"height\":1588},{\"@type\":\"BreadcrumbList\",\"@id\":\"https:\/\/fundacjamalak.pl\/sklep\/produkt\/ksiazki\/ewangelia-dla-nienormalnych-adam-szustak-op\/#breadcrumb\",\"itemListElement\":[{\"@type\":\"ListItem\",\"position\":1,\"name\":\"Strona g\u0142\u00f3wna\",\"item\":\"https:\/\/sklepmalak.pl\/\"},{\"@type\":\"ListItem\",\"position\":2,\"name\":\"Sklep\",\"item\":\"https:\/\/sklepmalak.pl\/\"},{\"@type\":\"ListItem\",\"position\":3,\"name\":\"Ewangelia dla nienormalnych &#8211; Adam Szustak OP\"}]},{\"@type\":\"WebSite\",\"@id\":\"https:\/\/sklepmalak.pl\/#website\",\"url\":\"https:\/\/sklepmalak.pl\/\",\"name\":\"Sklep Malak\",\"description\":\"Nie ma zwyk\u0142ych chwil!\",\"publisher\":{\"@id\":\"https:\/\/sklepmalak.pl\/#organization\"},\"potentialAction\":[{\"@type\":\"SearchAction\",\"target\":{\"@type\":\"EntryPoint\",\"urlTemplate\":\"https:\/\/sklepmalak.pl\/?s={search_term_string}\"},\"query-input\":{\"@type\":\"PropertyValueSpecification\",\"valueRequired\":true,\"valueName\":\"search_term_string\"}}],\"inLanguage\":\"pl-PL\"},{\"@type\":\"Organization\",\"@id\":\"https:\/\/sklepmalak.pl\/#organization\",\"name\":\"Sklep Malak\",\"alternateName\":\"Sklep Fundacji Malak\",\"url\":\"https:\/\/sklepmalak.pl\/\",\"logo\":{\"@type\":\"ImageObject\",\"inLanguage\":\"pl-PL\",\"@id\":\"https:\/\/sklepmalak.pl\/#\/schema\/logo\/image\/\",\"url\":\"https:\/\/fundacjamalak.pl\/sklep\/wp-content\/uploads\/2023\/09\/logo.malak-14-2.png\",\"contentUrl\":\"https:\/\/fundacjamalak.pl\/sklep\/wp-content\/uploads\/2023\/09\/logo.malak-14-2.png\",\"width\":355,\"height\":355,\"caption\":\"Sklep Malak\"},\"image\":{\"@id\":\"https:\/\/sklepmalak.pl\/#\/schema\/logo\/image\/\"},\"sameAs\":[\"https:\/\/www.facebook.com\/FundacjaMalak\",\"https:\/\/www.instagram.com\/fundacjamalak\"]}]}<\/script>\n<!-- \/ Yoast SEO plugin. -->","yoast_head_json":{"title":"Ewangelia dla nienormalnych - Adam Szustak OP - Sklep Malak","robots":{"index":"index","follow":"follow","max-snippet":"max-snippet:-1","max-image-preview":"max-image-preview:large","max-video-preview":"max-video-preview:-1"},"canonical":"https:\/\/fundacjamalak.pl\/sklep\/produkt\/ksiazki\/ewangelia-dla-nienormalnych-adam-szustak-op\/","og_locale":"pl_PL","og_type":"article","og_title":"Ewangelia dla nienormalnych - Adam Szustak OP - Sklep Malak","og_description":"Kolejna ksi\u0105\u017cka o. Adama Szustaka OP, w kt\u00f3rej - dzi\u0119ki r\u00f3\u017cnym fragmentom z Pisma \u015awi\u0119tego - obja\u015bnia \u015bwiat. Tym razem m\u00f3wi wprost i bez owijania w bawe\u0142n\u0119: je\u015bli si\u0119 nie nawr\u00f3cisz, nie masz po co \u017cy\u0107! Co to znaczy?","og_url":"https:\/\/fundacjamalak.pl\/sklep\/produkt\/ksiazki\/ewangelia-dla-nienormalnych-adam-szustak-op\/","og_site_name":"Sklep Malak","article_publisher":"https:\/\/www.facebook.com\/FundacjaMalak","article_modified_time":"2026-04-18T21:55:25+00:00","og_image":[{"width":1280,"height":1588,"url":"https:\/\/fundacjamalak.pl\/sklep\/wp-content\/uploads\/2023\/10\/Ewangelia-dla-nienormalnych-Adam-Szustak-OP-1.png","type":"image\/png"}],"twitter_card":"summary_large_image","twitter_misc":{"Szacowany czas czytania":"6 minut"},"schema":{"@context":"https:\/\/schema.org","@graph":[{"@type":"WebPage","@id":"https:\/\/fundacjamalak.pl\/sklep\/produkt\/ksiazki\/ewangelia-dla-nienormalnych-adam-szustak-op\/","url":"https:\/\/fundacjamalak.pl\/sklep\/produkt\/ksiazki\/ewangelia-dla-nienormalnych-adam-szustak-op\/","name":"Ewangelia dla nienormalnych - Adam Szustak OP - Sklep Malak","isPartOf":{"@id":"https:\/\/sklepmalak.pl\/#website"},"primaryImageOfPage":{"@id":"https:\/\/fundacjamalak.pl\/sklep\/produkt\/ksiazki\/ewangelia-dla-nienormalnych-adam-szustak-op\/#primaryimage"},"image":{"@id":"https:\/\/fundacjamalak.pl\/sklep\/produkt\/ksiazki\/ewangelia-dla-nienormalnych-adam-szustak-op\/#primaryimage"},"thumbnailUrl":"https:\/\/fundacjamalak.pl\/sklep\/wp-content\/uploads\/2023\/10\/Ewangelia-dla-nienormalnych-Adam-Szustak-OP-1.png","datePublished":"2023-08-09T16:15:45+00:00","dateModified":"2026-04-18T21:55:25+00:00","breadcrumb":{"@id":"https:\/\/fundacjamalak.pl\/sklep\/produkt\/ksiazki\/ewangelia-dla-nienormalnych-adam-szustak-op\/#breadcrumb"},"inLanguage":"pl-PL","potentialAction":[{"@type":"ReadAction","target":["https:\/\/fundacjamalak.pl\/sklep\/produkt\/ksiazki\/ewangelia-dla-nienormalnych-adam-szustak-op\/"]}]},{"@type":"ImageObject","inLanguage":"pl-PL","@id":"https:\/\/fundacjamalak.pl\/sklep\/produkt\/ksiazki\/ewangelia-dla-nienormalnych-adam-szustak-op\/#primaryimage","url":"https:\/\/fundacjamalak.pl\/sklep\/wp-content\/uploads\/2023\/10\/Ewangelia-dla-nienormalnych-Adam-Szustak-OP-1.png","contentUrl":"https:\/\/fundacjamalak.pl\/sklep\/wp-content\/uploads\/2023\/10\/Ewangelia-dla-nienormalnych-Adam-Szustak-OP-1.png","width":1280,"height":1588},{"@type":"BreadcrumbList","@id":"https:\/\/fundacjamalak.pl\/sklep\/produkt\/ksiazki\/ewangelia-dla-nienormalnych-adam-szustak-op\/#breadcrumb","itemListElement":[{"@type":"ListItem","position":1,"name":"Strona g\u0142\u00f3wna","item":"https:\/\/sklepmalak.pl\/"},{"@type":"ListItem","position":2,"name":"Sklep","item":"https:\/\/sklepmalak.pl\/"},{"@type":"ListItem","position":3,"name":"Ewangelia dla nienormalnych &#8211; Adam Szustak OP"}]},{"@type":"WebSite","@id":"https:\/\/sklepmalak.pl\/#website","url":"https:\/\/sklepmalak.pl\/","name":"Sklep Malak","description":"Nie ma zwyk\u0142ych chwil!","publisher":{"@id":"https:\/\/sklepmalak.pl\/#organization"},"potentialAction":[{"@type":"SearchAction","target":{"@type":"EntryPoint","urlTemplate":"https:\/\/sklepmalak.pl\/?s={search_term_string}"},"query-input":{"@type":"PropertyValueSpecification","valueRequired":true,"valueName":"search_term_string"}}],"inLanguage":"pl-PL"},{"@type":"Organization","@id":"https:\/\/sklepmalak.pl\/#organization","name":"Sklep Malak","alternateName":"Sklep Fundacji Malak","url":"https:\/\/sklepmalak.pl\/","logo":{"@type":"ImageObject","inLanguage":"pl-PL","@id":"https:\/\/sklepmalak.pl\/#\/schema\/logo\/image\/","url":"https:\/\/fundacjamalak.pl\/sklep\/wp-content\/uploads\/2023\/09\/logo.malak-14-2.png","contentUrl":"https:\/\/fundacjamalak.pl\/sklep\/wp-content\/uploads\/2023\/09\/logo.malak-14-2.png","width":355,"height":355,"caption":"Sklep Malak"},"image":{"@id":"https:\/\/sklepmalak.pl\/#\/schema\/logo\/image\/"},"sameAs":["https:\/\/www.facebook.com\/FundacjaMalak","https:\/\/www.instagram.com\/fundacjamalak"]}]}},"_links":{"self":[{"href":"https:\/\/fundacjamalak.pl\/sklep\/wp-json\/wp\/v2\/product\/4331","targetHints":{"allow":["GET"]}}],"collection":[{"href":"https:\/\/fundacjamalak.pl\/sklep\/wp-json\/wp\/v2\/product"}],"about":[{"href":"https:\/\/fundacjamalak.pl\/sklep\/wp-json\/wp\/v2\/types\/product"}],"wp:featuredmedia":[{"embeddable":true,"href":"https:\/\/fundacjamalak.pl\/sklep\/wp-json\/wp\/v2\/media\/4921"}],"wp:attachment":[{"href":"https:\/\/fundacjamalak.pl\/sklep\/wp-json\/wp\/v2\/media?parent=4331"}],"wp:term":[{"taxonomy":"product_brand","embeddable":true,"href":"https:\/\/fundacjamalak.pl\/sklep\/wp-json\/wp\/v2\/product_brand?post=4331"},{"taxonomy":"product_cat","embeddable":true,"href":"https:\/\/fundacjamalak.pl\/sklep\/wp-json\/wp\/v2\/product_cat?post=4331"},{"taxonomy":"product_tag","embeddable":true,"href":"https:\/\/fundacjamalak.pl\/sklep\/wp-json\/wp\/v2\/product_tag?post=4331"}],"curies":[{"name":"wp","href":"https:\/\/api.w.org\/{rel}","templated":true}]}}