{"id":4355,"date":"2023-08-09T18:16:00","date_gmt":"2023-08-09T16:16:00","guid":{"rendered":"https:\/\/sklep.fundacjamalak.pl\/sklep\/bez-kategorii\/garnek-strachu-adam-szustak-op-ksiazka\/"},"modified":"2026-04-05T22:09:15","modified_gmt":"2026-04-05T20:09:15","slug":"garnek-strachu-adam-szustak-op-ksiazka","status":"publish","type":"product","link":"https:\/\/fundacjamalak.pl\/sklep\/produkt\/ksiazki\/garnek-strachu-adam-szustak-op-ksiazka\/","title":{"rendered":"Garnek strachu || Adam Szustak OP || KSI\u0104\u017bKA"},"content":{"rendered":"<p>Kim jest Gedeon? Kim ty chcesz by\u0107? Gedeon &#8211; najm\u0142odszy, ostatni, wystraszony. Garnek strachu. Droga do dojrza\u0142o\u015bci. Lekcje Gedeona to historia cz\u0142owieka, kt\u00f3ry dojrzewa przez ca\u0142e \u017cycie, kt\u00f3ry si\u0119 boi, ci\u0105gle potrzebuje znak\u00f3w, ale te\u017c idzie z si\u0142\u0105 jak\u0105 ma. To rzecz o Bogu, Najwi\u0119kszym Kreatorze i Ojcu, kt\u00f3ry zaskakuje nas swoim poczuciem humoru. W ko\u0144cu to opowie\u015b\u0107 o Tobie i Twoim zwyci\u0119stwie, kt\u00f3re nadejdzie, je\u015bli tylko zdecydujesz si\u0119 wykona\u0107 pierwszy krok. Rozbij sw\u00f3j garnek strachu! W momencie, jak Ci si\u0119 wszystko rozsypuje, \u017ceby\u015b sobie potrafi\u0142 powiedzie\u0107: W\u0142a\u015bnie rozpoczyna si\u0119 najwi\u0119ksza jazda mojego \u017cycia.<\/p>\n<p>&nbsp;<\/p>\n<p><strong>Ca\u0142kowity doch\u00f3d ze sprzeda\u017cy w sklepie Malak przeznaczony jest\u00a0<\/strong><strong>na dzia\u0142ania i pomoc charytatywn\u0105\u00a0<\/strong><strong>realizowan\u0105 przez\u00a0<a href=\"https:\/\/fundacjamalak.pl\/\">Fundacj\u0119 Malak<\/a>.<\/strong><\/p>\n","protected":false},"excerpt":{"rendered":"<p>Skoro tutaj jeste\u015b, by\u0107 mo\u017ce Pan B\u00f3g przez swoje S\u0142owo chce pokaza\u0107 Ci prawd\u0119 o Tobie i Twoim \u017cyciu. Chce pom\u00f3c Ci pokona\u0107 wszelkie rozgoryczenie, \u017ce Twoje \u017cycie nie jest takie, jak pragniesz, \u017ceby by\u0142o.<\/p>\n<p>Teraz pora na Tw\u00f3j ruch. Przeczytaj \u201eGarnek strachu\u201d \u2013 dowiedz si\u0119, jak pokona\u0107 strach i uwolni\u0107 si\u0119 od tego wszystkiego, co utrudnia Ci \u017cycie i wywo\u0142uje niezadowolenie.<\/p>\n<p>\u201eGarnek strachu\u201d to spotkanie ze s\u0142owem Bo\u017cym. Wsp\u00f3lnie z ojcem Adamem Szustakiem przeczytasz trzy rozdzia\u0142y Ksi\u0119gi S\u0119dzi\u00f3w, w kt\u00f3rych zosta\u0142a opisana historia Gedeona.<\/p>\n","protected":false},"featured_media":7435,"template":"","meta":{"_acf_changed":false},"product_brand":[],"product_cat":[69,68],"product_tag":[],"class_list":{"0":"post-4355","1":"product","2":"type-product","3":"status-publish","4":"has-post-thumbnail","6":"product_cat-adam-szustak-op","7":"product_cat-ksiazki","9":"first","10":"instock","11":"taxable","12":"shipping-taxable","13":"purchasable","14":"product-type-variable","15":"has-default-attributes"},"acf":[],"yoast_head":"<!-- This site is optimized with the Yoast SEO plugin v27.1.1 - https:\/\/yoast.com\/product\/yoast-seo-wordpress\/ -->\n<title>Garnek strachu || Adam Szustak OP || KSI\u0104\u017bKA - Sklep Malak<\/title>\n<meta name=\"robots\" content=\"index, follow, max-snippet:-1, max-image-preview:large, max-video-preview:-1\" \/>\n<link rel=\"canonical\" href=\"https:\/\/fundacjamalak.pl\/sklep\/produkt\/ksiazki\/garnek-strachu-adam-szustak-op-ksiazka\/\" \/>\n<meta property=\"og:locale\" content=\"pl_PL\" \/>\n<meta property=\"og:type\" content=\"article\" \/>\n<meta property=\"og:title\" content=\"Garnek strachu || Adam Szustak OP || KSI\u0104\u017bKA - Sklep Malak\" \/>\n<meta property=\"og:description\" content=\"Skoro tutaj jeste\u015b, by\u0107 mo\u017ce Pan B\u00f3g przez swoje S\u0142owo chce pokaza\u0107 Ci prawd\u0119 o Tobie i Twoim \u017cyciu. Chce pom\u00f3c Ci pokona\u0107 wszelkie rozgoryczenie, \u017ce Twoje \u017cycie nie jest takie, jak pragniesz, \u017ceby by\u0142o.  Teraz pora na Tw\u00f3j ruch. Przeczytaj \u201eGarnek strachu\u201d \u2013 dowiedz si\u0119, jak pokona\u0107 strach i uwolni\u0107 si\u0119 od tego wszystkiego, co utrudnia Ci \u017cycie i wywo\u0142uje niezadowolenie.  \u201eGarnek strachu\u201d to spotkanie ze s\u0142owem Bo\u017cym. Wsp\u00f3lnie z ojcem Adamem Szustakiem przeczytasz trzy rozdzia\u0142y Ksi\u0119gi S\u0119dzi\u00f3w, w kt\u00f3rych zosta\u0142a opisana historia Gedeona.\" \/>\n<meta property=\"og:url\" content=\"https:\/\/fundacjamalak.pl\/sklep\/produkt\/ksiazki\/garnek-strachu-adam-szustak-op-ksiazka\/\" \/>\n<meta property=\"og:site_name\" content=\"Sklep Malak\" \/>\n<meta property=\"article:publisher\" content=\"https:\/\/www.facebook.com\/FundacjaMalak\" \/>\n<meta property=\"article:modified_time\" content=\"2026-04-05T20:09:15+00:00\" \/>\n<meta property=\"og:image\" content=\"https:\/\/fundacjamalak.pl\/sklep\/wp-content\/uploads\/2023\/08\/garnek-mockup.png\" \/>\n\t<meta property=\"og:image:width\" content=\"1276\" \/>\n\t<meta property=\"og:image:height\" content=\"1586\" \/>\n\t<meta property=\"og:image:type\" content=\"image\/png\" \/>\n<meta name=\"twitter:card\" content=\"summary_large_image\" \/>\n<meta name=\"twitter:label1\" content=\"Szacowany czas czytania\" \/>\n\t<meta name=\"twitter:data1\" content=\"1 minuta\" \/>\n<script type=\"application\/ld+json\" class=\"yoast-schema-graph\">{\"@context\":\"https:\/\/schema.org\",\"@graph\":[{\"@type\":\"WebPage\",\"@id\":\"https:\/\/fundacjamalak.pl\/sklep\/produkt\/ksiazki\/garnek-strachu-adam-szustak-op-ksiazka\/\",\"url\":\"https:\/\/fundacjamalak.pl\/sklep\/produkt\/ksiazki\/garnek-strachu-adam-szustak-op-ksiazka\/\",\"name\":\"Garnek strachu || Adam Szustak OP || KSI\u0104\u017bKA - Sklep Malak\",\"isPartOf\":{\"@id\":\"https:\/\/sklepmalak.pl\/#website\"},\"primaryImageOfPage\":{\"@id\":\"https:\/\/fundacjamalak.pl\/sklep\/produkt\/ksiazki\/garnek-strachu-adam-szustak-op-ksiazka\/#primaryimage\"},\"image\":{\"@id\":\"https:\/\/fundacjamalak.pl\/sklep\/produkt\/ksiazki\/garnek-strachu-adam-szustak-op-ksiazka\/#primaryimage\"},\"thumbnailUrl\":\"https:\/\/fundacjamalak.pl\/sklep\/wp-content\/uploads\/2023\/08\/garnek-mockup.png\",\"datePublished\":\"2023-08-09T16:16:00+00:00\",\"dateModified\":\"2026-04-05T20:09:15+00:00\",\"breadcrumb\":{\"@id\":\"https:\/\/fundacjamalak.pl\/sklep\/produkt\/ksiazki\/garnek-strachu-adam-szustak-op-ksiazka\/#breadcrumb\"},\"inLanguage\":\"pl-PL\",\"potentialAction\":[{\"@type\":\"ReadAction\",\"target\":[\"https:\/\/fundacjamalak.pl\/sklep\/produkt\/ksiazki\/garnek-strachu-adam-szustak-op-ksiazka\/\"]}]},{\"@type\":\"ImageObject\",\"inLanguage\":\"pl-PL\",\"@id\":\"https:\/\/fundacjamalak.pl\/sklep\/produkt\/ksiazki\/garnek-strachu-adam-szustak-op-ksiazka\/#primaryimage\",\"url\":\"https:\/\/fundacjamalak.pl\/sklep\/wp-content\/uploads\/2023\/08\/garnek-mockup.png\",\"contentUrl\":\"https:\/\/fundacjamalak.pl\/sklep\/wp-content\/uploads\/2023\/08\/garnek-mockup.png\",\"width\":1276,\"height\":1586},{\"@type\":\"BreadcrumbList\",\"@id\":\"https:\/\/fundacjamalak.pl\/sklep\/produkt\/ksiazki\/garnek-strachu-adam-szustak-op-ksiazka\/#breadcrumb\",\"itemListElement\":[{\"@type\":\"ListItem\",\"position\":1,\"name\":\"Strona g\u0142\u00f3wna\",\"item\":\"https:\/\/sklepmalak.pl\/\"},{\"@type\":\"ListItem\",\"position\":2,\"name\":\"Sklep\",\"item\":\"https:\/\/sklepmalak.pl\/\"},{\"@type\":\"ListItem\",\"position\":3,\"name\":\"Garnek strachu || Adam Szustak OP || KSI\u0104\u017bKA\"}]},{\"@type\":\"WebSite\",\"@id\":\"https:\/\/sklepmalak.pl\/#website\",\"url\":\"https:\/\/sklepmalak.pl\/\",\"name\":\"Sklep Malak\",\"description\":\"Nie ma zwyk\u0142ych chwil!\",\"publisher\":{\"@id\":\"https:\/\/sklepmalak.pl\/#organization\"},\"potentialAction\":[{\"@type\":\"SearchAction\",\"target\":{\"@type\":\"EntryPoint\",\"urlTemplate\":\"https:\/\/sklepmalak.pl\/?s={search_term_string}\"},\"query-input\":{\"@type\":\"PropertyValueSpecification\",\"valueRequired\":true,\"valueName\":\"search_term_string\"}}],\"inLanguage\":\"pl-PL\"},{\"@type\":\"Organization\",\"@id\":\"https:\/\/sklepmalak.pl\/#organization\",\"name\":\"Sklep Malak\",\"alternateName\":\"Sklep Fundacji Malak\",\"url\":\"https:\/\/sklepmalak.pl\/\",\"logo\":{\"@type\":\"ImageObject\",\"inLanguage\":\"pl-PL\",\"@id\":\"https:\/\/sklepmalak.pl\/#\/schema\/logo\/image\/\",\"url\":\"https:\/\/fundacjamalak.pl\/sklep\/wp-content\/uploads\/2023\/09\/logo.malak-14-2.png\",\"contentUrl\":\"https:\/\/fundacjamalak.pl\/sklep\/wp-content\/uploads\/2023\/09\/logo.malak-14-2.png\",\"width\":355,\"height\":355,\"caption\":\"Sklep Malak\"},\"image\":{\"@id\":\"https:\/\/sklepmalak.pl\/#\/schema\/logo\/image\/\"},\"sameAs\":[\"https:\/\/www.facebook.com\/FundacjaMalak\",\"https:\/\/www.instagram.com\/fundacjamalak\"]}]}<\/script>\n<!-- \/ Yoast SEO plugin. -->","yoast_head_json":{"title":"Garnek strachu || Adam Szustak OP || KSI\u0104\u017bKA - Sklep Malak","robots":{"index":"index","follow":"follow","max-snippet":"max-snippet:-1","max-image-preview":"max-image-preview:large","max-video-preview":"max-video-preview:-1"},"canonical":"https:\/\/fundacjamalak.pl\/sklep\/produkt\/ksiazki\/garnek-strachu-adam-szustak-op-ksiazka\/","og_locale":"pl_PL","og_type":"article","og_title":"Garnek strachu || Adam Szustak OP || KSI\u0104\u017bKA - Sklep Malak","og_description":"Skoro tutaj jeste\u015b, by\u0107 mo\u017ce Pan B\u00f3g przez swoje S\u0142owo chce pokaza\u0107 Ci prawd\u0119 o Tobie i Twoim \u017cyciu. Chce pom\u00f3c Ci pokona\u0107 wszelkie rozgoryczenie, \u017ce Twoje \u017cycie nie jest takie, jak pragniesz, \u017ceby by\u0142o.  Teraz pora na Tw\u00f3j ruch. Przeczytaj \u201eGarnek strachu\u201d \u2013 dowiedz si\u0119, jak pokona\u0107 strach i uwolni\u0107 si\u0119 od tego wszystkiego, co utrudnia Ci \u017cycie i wywo\u0142uje niezadowolenie.  \u201eGarnek strachu\u201d to spotkanie ze s\u0142owem Bo\u017cym. Wsp\u00f3lnie z ojcem Adamem Szustakiem przeczytasz trzy rozdzia\u0142y Ksi\u0119gi S\u0119dzi\u00f3w, w kt\u00f3rych zosta\u0142a opisana historia Gedeona.","og_url":"https:\/\/fundacjamalak.pl\/sklep\/produkt\/ksiazki\/garnek-strachu-adam-szustak-op-ksiazka\/","og_site_name":"Sklep Malak","article_publisher":"https:\/\/www.facebook.com\/FundacjaMalak","article_modified_time":"2026-04-05T20:09:15+00:00","og_image":[{"width":1276,"height":1586,"url":"https:\/\/fundacjamalak.pl\/sklep\/wp-content\/uploads\/2023\/08\/garnek-mockup.png","type":"image\/png"}],"twitter_card":"summary_large_image","twitter_misc":{"Szacowany czas czytania":"1 minuta"},"schema":{"@context":"https:\/\/schema.org","@graph":[{"@type":"WebPage","@id":"https:\/\/fundacjamalak.pl\/sklep\/produkt\/ksiazki\/garnek-strachu-adam-szustak-op-ksiazka\/","url":"https:\/\/fundacjamalak.pl\/sklep\/produkt\/ksiazki\/garnek-strachu-adam-szustak-op-ksiazka\/","name":"Garnek strachu || Adam Szustak OP || KSI\u0104\u017bKA - Sklep Malak","isPartOf":{"@id":"https:\/\/sklepmalak.pl\/#website"},"primaryImageOfPage":{"@id":"https:\/\/fundacjamalak.pl\/sklep\/produkt\/ksiazki\/garnek-strachu-adam-szustak-op-ksiazka\/#primaryimage"},"image":{"@id":"https:\/\/fundacjamalak.pl\/sklep\/produkt\/ksiazki\/garnek-strachu-adam-szustak-op-ksiazka\/#primaryimage"},"thumbnailUrl":"https:\/\/fundacjamalak.pl\/sklep\/wp-content\/uploads\/2023\/08\/garnek-mockup.png","datePublished":"2023-08-09T16:16:00+00:00","dateModified":"2026-04-05T20:09:15+00:00","breadcrumb":{"@id":"https:\/\/fundacjamalak.pl\/sklep\/produkt\/ksiazki\/garnek-strachu-adam-szustak-op-ksiazka\/#breadcrumb"},"inLanguage":"pl-PL","potentialAction":[{"@type":"ReadAction","target":["https:\/\/fundacjamalak.pl\/sklep\/produkt\/ksiazki\/garnek-strachu-adam-szustak-op-ksiazka\/"]}]},{"@type":"ImageObject","inLanguage":"pl-PL","@id":"https:\/\/fundacjamalak.pl\/sklep\/produkt\/ksiazki\/garnek-strachu-adam-szustak-op-ksiazka\/#primaryimage","url":"https:\/\/fundacjamalak.pl\/sklep\/wp-content\/uploads\/2023\/08\/garnek-mockup.png","contentUrl":"https:\/\/fundacjamalak.pl\/sklep\/wp-content\/uploads\/2023\/08\/garnek-mockup.png","width":1276,"height":1586},{"@type":"BreadcrumbList","@id":"https:\/\/fundacjamalak.pl\/sklep\/produkt\/ksiazki\/garnek-strachu-adam-szustak-op-ksiazka\/#breadcrumb","itemListElement":[{"@type":"ListItem","position":1,"name":"Strona g\u0142\u00f3wna","item":"https:\/\/sklepmalak.pl\/"},{"@type":"ListItem","position":2,"name":"Sklep","item":"https:\/\/sklepmalak.pl\/"},{"@type":"ListItem","position":3,"name":"Garnek strachu || Adam Szustak OP || KSI\u0104\u017bKA"}]},{"@type":"WebSite","@id":"https:\/\/sklepmalak.pl\/#website","url":"https:\/\/sklepmalak.pl\/","name":"Sklep Malak","description":"Nie ma zwyk\u0142ych chwil!","publisher":{"@id":"https:\/\/sklepmalak.pl\/#organization"},"potentialAction":[{"@type":"SearchAction","target":{"@type":"EntryPoint","urlTemplate":"https:\/\/sklepmalak.pl\/?s={search_term_string}"},"query-input":{"@type":"PropertyValueSpecification","valueRequired":true,"valueName":"search_term_string"}}],"inLanguage":"pl-PL"},{"@type":"Organization","@id":"https:\/\/sklepmalak.pl\/#organization","name":"Sklep Malak","alternateName":"Sklep Fundacji Malak","url":"https:\/\/sklepmalak.pl\/","logo":{"@type":"ImageObject","inLanguage":"pl-PL","@id":"https:\/\/sklepmalak.pl\/#\/schema\/logo\/image\/","url":"https:\/\/fundacjamalak.pl\/sklep\/wp-content\/uploads\/2023\/09\/logo.malak-14-2.png","contentUrl":"https:\/\/fundacjamalak.pl\/sklep\/wp-content\/uploads\/2023\/09\/logo.malak-14-2.png","width":355,"height":355,"caption":"Sklep Malak"},"image":{"@id":"https:\/\/sklepmalak.pl\/#\/schema\/logo\/image\/"},"sameAs":["https:\/\/www.facebook.com\/FundacjaMalak","https:\/\/www.instagram.com\/fundacjamalak"]}]}},"_links":{"self":[{"href":"https:\/\/fundacjamalak.pl\/sklep\/wp-json\/wp\/v2\/product\/4355","targetHints":{"allow":["GET"]}}],"collection":[{"href":"https:\/\/fundacjamalak.pl\/sklep\/wp-json\/wp\/v2\/product"}],"about":[{"href":"https:\/\/fundacjamalak.pl\/sklep\/wp-json\/wp\/v2\/types\/product"}],"wp:featuredmedia":[{"embeddable":true,"href":"https:\/\/fundacjamalak.pl\/sklep\/wp-json\/wp\/v2\/media\/7435"}],"wp:attachment":[{"href":"https:\/\/fundacjamalak.pl\/sklep\/wp-json\/wp\/v2\/media?parent=4355"}],"wp:term":[{"taxonomy":"product_brand","embeddable":true,"href":"https:\/\/fundacjamalak.pl\/sklep\/wp-json\/wp\/v2\/product_brand?post=4355"},{"taxonomy":"product_cat","embeddable":true,"href":"https:\/\/fundacjamalak.pl\/sklep\/wp-json\/wp\/v2\/product_cat?post=4355"},{"taxonomy":"product_tag","embeddable":true,"href":"https:\/\/fundacjamalak.pl\/sklep\/wp-json\/wp\/v2\/product_tag?post=4355"}],"curies":[{"name":"wp","href":"https:\/\/api.w.org\/{rel}","templated":true}]}}