{"id":4365,"date":"2023-08-09T18:16:03","date_gmt":"2023-08-09T16:16:03","guid":{"rendered":"https:\/\/sklep.fundacjamalak.pl\/sklep\/bez-kategorii\/akrobatyka-malzenska-adam-szustak-op-dvd-cd\/"},"modified":"2026-04-20T23:55:36","modified_gmt":"2026-04-20T21:55:36","slug":"akrobatyka-malzenska-adam-szustak-op-dvd-cd","status":"publish","type":"product","link":"https:\/\/fundacjamalak.pl\/sklep\/produkt\/adam-szustak-op\/akrobatyka-malzenska-adam-szustak-op-dvd-cd\/","title":{"rendered":"Akrobatyka ma\u0142\u017ce\u0144ska &#8211; Adam Szustak OP &#8211; (DVD + CD)"},"content":{"rendered":"<p>Akrobatyka ma\u0142\u017ce\u0144ska, to konferencje Adama Szustaka OP, oparte na S\u0142owie Bo\u017cym oraz setkach spotka\u0144 z ma\u0142\u017ce\u0144stwami i narzeczonymi.<br \/>\nCo w \u015brodku? Mn\u00f3stwo praktycznych porad dotycz\u0105cych\u00a0natury mi\u0142o\u015bci, umiej\u0119tno\u015bci budowania wi\u0119zi, komunikacji ma\u0142\u017ce\u0144skiej, seksualno\u015bci, a tak\u017ce wielu innych kwestii wa\u017cnych dla ka\u017cdego zwi\u0105zku kobiety i m\u0119\u017cczyzny.<\/p>\n<p>W czasach kiedy wszystko zupe\u0142nie si\u0119 pomiesza\u0142o, kiedy na ka\u017cdym kroku mo\u017cna znale\u017a\u0107 coraz to inn\u0105 definicj\u0119 mi\u0142o\u015bci, kiedy\u00a0kobiety\u00a0przestaj\u0105 by\u0107 kobietami, a\u00a0m\u0119\u017cczy\u017ani\u00a0przestaj\u0105 by\u0107 m\u0119\u017cczyznami, kiedy nieumiej\u0119tno\u015b\u0107 dialogu i komunikacji osi\u0105ga niespotykane rozmiary i kiedy\u00a0\u201ea\u017c do \u015bmierci\u201d\u00a0zast\u0105piono, \u201edop\u00f3ki b\u0119dzie nam wychodzi\u0142o\u201d bardzo potrzeba jasnych i prostych odpowiedzi, kt\u00f3re wska\u017c\u0105 w\u0142a\u015bciw\u0105 drog\u0119, na kt\u00f3rej mo\u017cna zbudowa\u0107\u00a0szcz\u0119\u015bliwe i trwa\u0142e ma\u0142\u017ce\u0144stwo. Na szcz\u0119\u015bcie Biblia a\u017c po brzegi wype\u0142niona jest takimi odpowiedziami, a\u00a0Akrobatyka ma\u0142\u017ce\u0144ska\u00a0poprowadzi Ci\u0119 przez nie i nauczy jak wprowadzi\u0107 je w \u017cycie.<\/p>\n<p><em>Akrobatyka ma\u0142\u017ce\u0144ska powsta\u0142a na podstawie jednodniowej konferencji, kt\u00f3r\u0105 ojciec Adam Szustak OP wyg\u0142osi\u0142 w 2015 roku w ramach spotkania dla narzeczonych i ma\u0142\u017conk\u00f3w organizowanego przez Fundacj\u0119 Malak.<\/em><\/p>\n<p>Znajdziesz tu odpowiedzi na mi\u0119dzy innymi takie pytania:<br \/>\nJaka jest prawdziwa to\u017csamo\u015b\u0107 kobiety i m\u0119\u017cczyzny?<br \/>\nCzym naprawd\u0119 jest mi\u0142o\u015b\u0107 ma\u0142\u017ce\u0144ska?<br \/>\nJakie role ma\u0142\u017conkowie pe\u0142ni\u0105 w zwi\u0105zku?<br \/>\nJak si\u0119 dogadywa\u0107 i owocnie k\u0142\u00f3ci\u0107?<br \/>\nJak da\u0107 szcz\u0119\u015bcie swojemu ma\u0142\u017conkowi?<br \/>\nCzym jest ma\u0142\u017ce\u0144ski seks?<br \/>\nJak naprawia\u0107 trudne relacje ma\u0142\u017ce\u0144skie?<\/p>\n<p>&nbsp;<\/p>\n<p><strong>Absolutny bestseller ojca Adama! Od lat rozchodzi si\u0119 w tysi\u0105cach egzemplarzy. Niezast\u0105piony prezent \u015blubny.<\/strong><\/p>\n<p>&nbsp;<\/p>\n<p style=\"text-align: center;\"><strong><iframe src=\"\/\/www.youtube.com\/embed\/7h1hHL4AKTc\" width=\"425\" height=\"350\"><\/iframe><\/strong><\/p>\n<p><strong>Ca\u0142kowity doch\u00f3d ze sprzeda\u017cy w sklepie Malak przeznaczony jest\u00a0<\/strong><strong>na dzia\u0142ania i pomoc charytatywn\u0105\u00a0<\/strong><strong>realizowan\u0105 przez\u00a0<a href=\"https:\/\/fundacjamalak.pl\/\">Fundacj\u0119 Malak<\/a>.<\/strong><\/p>\n<p style=\"color: #111111; font-size: 13px; text-align: center;\">\n","protected":false},"excerpt":{"rendered":"<p>Jak zadba\u0107 o szcz\u0119\u015bliwe ma\u0142\u017ce\u0144stwo? Ojciec Adam Szustak pr\u00f3buje udowodni\u0107, \u017ce to najprostsza rzecz na \u015bwiecie, poniewa\u017c potrzeba do niej tylko dw\u00f3ch element\u00f3w \u2014 prawdziwego m\u0119\u017cczyzny i prawdziwej kobiety. Nic wi\u0119cej. Pos\u0142uguj\u0105c si\u0119 wybranymi fragmentami Biblii, autor opowiada o pierwotnym pomy\u015ble Pana Boga na ludzi, a dok\u0142adniej wyja\u015bnia, czym jest to\u017csamo\u015b\u0107 kobiety i m\u0119\u017cczyzny. Dominikanin opisuje, jakie s\u0105 ich najwi\u0119ksze pragnienia, jakie role powinni pe\u0142ni\u0107 w zwi\u0105zku, jak mog\u0105 budowa\u0107 i rozwija\u0107 mi\u0142o\u015b\u0107. W materiale znajduj\u0105 si\u0119 te\u017c rady, jak naprawia\u0107 ma\u0142\u017ce\u0144stwo.<\/p>\n<p><strong>Absolutny bestseller ojca Adama! Od lat rozchodzi si\u0119 w tysi\u0105cach egzemplarzy. Niezast\u0105piony prezent \u015blubny.<\/strong><\/p>\n<p><strong>Wydanie p\u0142ytowe DVD + CD, <\/strong><strong>dost\u0119pne tak\u017ce w wersji ksi\u0105\u017cki papierowej i cyfrowej jako osobny produkt.\u00a0<\/strong><\/p>\n","protected":false},"featured_media":4899,"template":"","meta":{"_acf_changed":false},"product_brand":[],"product_cat":[69,115,288],"product_tag":[57,61,106,62,63,105,81,60],"class_list":{"0":"post-4365","1":"product","2":"type-product","3":"status-publish","4":"has-post-thumbnail","6":"product_cat-adam-szustak-op","7":"product_cat-audiokonferencje","8":"product_cat-okazje-i-nowosci","9":"product_tag-adam-szustak-op","10":"product_tag-akrobatyka-malzenska","11":"product_tag-kryzysy","12":"product_tag-ksiazka","13":"product_tag-malzenstwo","14":"product_tag-relacje","15":"product_tag-rozwoj","16":"product_tag-wychowanie","18":"first","19":"instock","20":"taxable","21":"shipping-taxable","22":"purchasable","23":"product-type-variable","24":"has-default-attributes"},"acf":[],"yoast_head":"<!-- This site is optimized with the Yoast SEO plugin v27.1.1 - https:\/\/yoast.com\/product\/yoast-seo-wordpress\/ -->\n<title>Akrobatyka ma\u0142\u017ce\u0144ska - Adam Szustak OP - (DVD + CD) - Sklep Malak<\/title>\n<meta name=\"robots\" content=\"index, follow, max-snippet:-1, max-image-preview:large, max-video-preview:-1\" \/>\n<link rel=\"canonical\" href=\"https:\/\/fundacjamalak.pl\/sklep\/produkt\/adam-szustak-op\/akrobatyka-malzenska-adam-szustak-op-dvd-cd\/\" \/>\n<meta property=\"og:locale\" content=\"pl_PL\" \/>\n<meta property=\"og:type\" content=\"article\" \/>\n<meta property=\"og:title\" content=\"Akrobatyka ma\u0142\u017ce\u0144ska - Adam Szustak OP - (DVD + CD) - Sklep Malak\" \/>\n<meta property=\"og:description\" content=\"Jak zadba\u0107 o szcz\u0119\u015bliwe ma\u0142\u017ce\u0144stwo? Ojciec Adam Szustak pr\u00f3buje udowodni\u0107, \u017ce to najprostsza rzecz na \u015bwiecie, poniewa\u017c potrzeba do niej tylko dw\u00f3ch element\u00f3w \u2014 prawdziwego m\u0119\u017cczyzny i prawdziwej kobiety. Nic wi\u0119cej. Pos\u0142uguj\u0105c si\u0119 wybranymi fragmentami Biblii, autor opowiada o pierwotnym pomy\u015ble Pana Boga na ludzi, a dok\u0142adniej wyja\u015bnia, czym jest to\u017csamo\u015b\u0107 kobiety i m\u0119\u017cczyzny. Dominikanin opisuje, jakie s\u0105 ich najwi\u0119ksze pragnienia, jakie role powinni pe\u0142ni\u0107 w zwi\u0105zku, jak mog\u0105 budowa\u0107 i rozwija\u0107 mi\u0142o\u015b\u0107. W materiale znajduj\u0105 si\u0119 te\u017c rady, jak naprawia\u0107 ma\u0142\u017ce\u0144stwo.  Absolutny bestseller ojca Adama! Od lat rozchodzi si\u0119 w tysi\u0105cach egzemplarzy. Niezast\u0105piony prezent \u015blubny.  Wydanie p\u0142ytowe DVD + CD, dost\u0119pne tak\u017ce w wersji ksi\u0105\u017cki papierowej i cyfrowej jako osobny produkt.\u00a0\" \/>\n<meta property=\"og:url\" content=\"https:\/\/fundacjamalak.pl\/sklep\/produkt\/adam-szustak-op\/akrobatyka-malzenska-adam-szustak-op-dvd-cd\/\" \/>\n<meta property=\"og:site_name\" content=\"Sklep Malak\" \/>\n<meta property=\"article:publisher\" content=\"https:\/\/www.facebook.com\/FundacjaMalak\" \/>\n<meta property=\"article:modified_time\" content=\"2026-04-20T21:55:36+00:00\" \/>\n<meta property=\"og:image\" content=\"https:\/\/fundacjamalak.pl\/sklep\/wp-content\/uploads\/2023\/10\/Akrobatyka-malzenska-DVD-Adam-Szustak-OP.png\" \/>\n\t<meta property=\"og:image:width\" content=\"1280\" \/>\n\t<meta property=\"og:image:height\" content=\"1588\" \/>\n\t<meta property=\"og:image:type\" content=\"image\/png\" \/>\n<meta name=\"twitter:card\" content=\"summary_large_image\" \/>\n<meta name=\"twitter:label1\" content=\"Szacowany czas czytania\" \/>\n\t<meta name=\"twitter:data1\" content=\"2 minuty\" \/>\n<script type=\"application\/ld+json\" class=\"yoast-schema-graph\">{\"@context\":\"https:\/\/schema.org\",\"@graph\":[{\"@type\":\"WebPage\",\"@id\":\"https:\/\/fundacjamalak.pl\/sklep\/produkt\/adam-szustak-op\/akrobatyka-malzenska-adam-szustak-op-dvd-cd\/\",\"url\":\"https:\/\/fundacjamalak.pl\/sklep\/produkt\/adam-szustak-op\/akrobatyka-malzenska-adam-szustak-op-dvd-cd\/\",\"name\":\"Akrobatyka ma\u0142\u017ce\u0144ska - Adam Szustak OP - (DVD + CD) - Sklep Malak\",\"isPartOf\":{\"@id\":\"https:\/\/sklepmalak.pl\/#website\"},\"primaryImageOfPage\":{\"@id\":\"https:\/\/fundacjamalak.pl\/sklep\/produkt\/adam-szustak-op\/akrobatyka-malzenska-adam-szustak-op-dvd-cd\/#primaryimage\"},\"image\":{\"@id\":\"https:\/\/fundacjamalak.pl\/sklep\/produkt\/adam-szustak-op\/akrobatyka-malzenska-adam-szustak-op-dvd-cd\/#primaryimage\"},\"thumbnailUrl\":\"https:\/\/fundacjamalak.pl\/sklep\/wp-content\/uploads\/2023\/10\/Akrobatyka-malzenska-DVD-Adam-Szustak-OP.png\",\"datePublished\":\"2023-08-09T16:16:03+00:00\",\"dateModified\":\"2026-04-20T21:55:36+00:00\",\"breadcrumb\":{\"@id\":\"https:\/\/fundacjamalak.pl\/sklep\/produkt\/adam-szustak-op\/akrobatyka-malzenska-adam-szustak-op-dvd-cd\/#breadcrumb\"},\"inLanguage\":\"pl-PL\",\"potentialAction\":[{\"@type\":\"ReadAction\",\"target\":[\"https:\/\/fundacjamalak.pl\/sklep\/produkt\/adam-szustak-op\/akrobatyka-malzenska-adam-szustak-op-dvd-cd\/\"]}]},{\"@type\":\"ImageObject\",\"inLanguage\":\"pl-PL\",\"@id\":\"https:\/\/fundacjamalak.pl\/sklep\/produkt\/adam-szustak-op\/akrobatyka-malzenska-adam-szustak-op-dvd-cd\/#primaryimage\",\"url\":\"https:\/\/fundacjamalak.pl\/sklep\/wp-content\/uploads\/2023\/10\/Akrobatyka-malzenska-DVD-Adam-Szustak-OP.png\",\"contentUrl\":\"https:\/\/fundacjamalak.pl\/sklep\/wp-content\/uploads\/2023\/10\/Akrobatyka-malzenska-DVD-Adam-Szustak-OP.png\",\"width\":1280,\"height\":1588},{\"@type\":\"BreadcrumbList\",\"@id\":\"https:\/\/fundacjamalak.pl\/sklep\/produkt\/adam-szustak-op\/akrobatyka-malzenska-adam-szustak-op-dvd-cd\/#breadcrumb\",\"itemListElement\":[{\"@type\":\"ListItem\",\"position\":1,\"name\":\"Strona g\u0142\u00f3wna\",\"item\":\"https:\/\/sklepmalak.pl\/\"},{\"@type\":\"ListItem\",\"position\":2,\"name\":\"Sklep\",\"item\":\"https:\/\/sklepmalak.pl\/\"},{\"@type\":\"ListItem\",\"position\":3,\"name\":\"Akrobatyka ma\u0142\u017ce\u0144ska &#8211; Adam Szustak OP &#8211; (DVD + CD)\"}]},{\"@type\":\"WebSite\",\"@id\":\"https:\/\/sklepmalak.pl\/#website\",\"url\":\"https:\/\/sklepmalak.pl\/\",\"name\":\"Sklep Malak\",\"description\":\"Nie ma zwyk\u0142ych chwil!\",\"publisher\":{\"@id\":\"https:\/\/sklepmalak.pl\/#organization\"},\"potentialAction\":[{\"@type\":\"SearchAction\",\"target\":{\"@type\":\"EntryPoint\",\"urlTemplate\":\"https:\/\/sklepmalak.pl\/?s={search_term_string}\"},\"query-input\":{\"@type\":\"PropertyValueSpecification\",\"valueRequired\":true,\"valueName\":\"search_term_string\"}}],\"inLanguage\":\"pl-PL\"},{\"@type\":\"Organization\",\"@id\":\"https:\/\/sklepmalak.pl\/#organization\",\"name\":\"Sklep Malak\",\"alternateName\":\"Sklep Fundacji Malak\",\"url\":\"https:\/\/sklepmalak.pl\/\",\"logo\":{\"@type\":\"ImageObject\",\"inLanguage\":\"pl-PL\",\"@id\":\"https:\/\/sklepmalak.pl\/#\/schema\/logo\/image\/\",\"url\":\"https:\/\/fundacjamalak.pl\/sklep\/wp-content\/uploads\/2023\/09\/logo.malak-14-2.png\",\"contentUrl\":\"https:\/\/fundacjamalak.pl\/sklep\/wp-content\/uploads\/2023\/09\/logo.malak-14-2.png\",\"width\":355,\"height\":355,\"caption\":\"Sklep Malak\"},\"image\":{\"@id\":\"https:\/\/sklepmalak.pl\/#\/schema\/logo\/image\/\"},\"sameAs\":[\"https:\/\/www.facebook.com\/FundacjaMalak\",\"https:\/\/www.instagram.com\/fundacjamalak\"]}]}<\/script>\n<!-- \/ Yoast SEO plugin. -->","yoast_head_json":{"title":"Akrobatyka ma\u0142\u017ce\u0144ska - Adam Szustak OP - (DVD + CD) - Sklep Malak","robots":{"index":"index","follow":"follow","max-snippet":"max-snippet:-1","max-image-preview":"max-image-preview:large","max-video-preview":"max-video-preview:-1"},"canonical":"https:\/\/fundacjamalak.pl\/sklep\/produkt\/adam-szustak-op\/akrobatyka-malzenska-adam-szustak-op-dvd-cd\/","og_locale":"pl_PL","og_type":"article","og_title":"Akrobatyka ma\u0142\u017ce\u0144ska - Adam Szustak OP - (DVD + CD) - Sklep Malak","og_description":"Jak zadba\u0107 o szcz\u0119\u015bliwe ma\u0142\u017ce\u0144stwo? Ojciec Adam Szustak pr\u00f3buje udowodni\u0107, \u017ce to najprostsza rzecz na \u015bwiecie, poniewa\u017c potrzeba do niej tylko dw\u00f3ch element\u00f3w \u2014 prawdziwego m\u0119\u017cczyzny i prawdziwej kobiety. Nic wi\u0119cej. Pos\u0142uguj\u0105c si\u0119 wybranymi fragmentami Biblii, autor opowiada o pierwotnym pomy\u015ble Pana Boga na ludzi, a dok\u0142adniej wyja\u015bnia, czym jest to\u017csamo\u015b\u0107 kobiety i m\u0119\u017cczyzny. Dominikanin opisuje, jakie s\u0105 ich najwi\u0119ksze pragnienia, jakie role powinni pe\u0142ni\u0107 w zwi\u0105zku, jak mog\u0105 budowa\u0107 i rozwija\u0107 mi\u0142o\u015b\u0107. W materiale znajduj\u0105 si\u0119 te\u017c rady, jak naprawia\u0107 ma\u0142\u017ce\u0144stwo.  Absolutny bestseller ojca Adama! Od lat rozchodzi si\u0119 w tysi\u0105cach egzemplarzy. Niezast\u0105piony prezent \u015blubny.  Wydanie p\u0142ytowe DVD + CD, dost\u0119pne tak\u017ce w wersji ksi\u0105\u017cki papierowej i cyfrowej jako osobny produkt.\u00a0","og_url":"https:\/\/fundacjamalak.pl\/sklep\/produkt\/adam-szustak-op\/akrobatyka-malzenska-adam-szustak-op-dvd-cd\/","og_site_name":"Sklep Malak","article_publisher":"https:\/\/www.facebook.com\/FundacjaMalak","article_modified_time":"2026-04-20T21:55:36+00:00","og_image":[{"width":1280,"height":1588,"url":"https:\/\/fundacjamalak.pl\/sklep\/wp-content\/uploads\/2023\/10\/Akrobatyka-malzenska-DVD-Adam-Szustak-OP.png","type":"image\/png"}],"twitter_card":"summary_large_image","twitter_misc":{"Szacowany czas czytania":"2 minuty"},"schema":{"@context":"https:\/\/schema.org","@graph":[{"@type":"WebPage","@id":"https:\/\/fundacjamalak.pl\/sklep\/produkt\/adam-szustak-op\/akrobatyka-malzenska-adam-szustak-op-dvd-cd\/","url":"https:\/\/fundacjamalak.pl\/sklep\/produkt\/adam-szustak-op\/akrobatyka-malzenska-adam-szustak-op-dvd-cd\/","name":"Akrobatyka ma\u0142\u017ce\u0144ska - Adam Szustak OP - (DVD + CD) - Sklep Malak","isPartOf":{"@id":"https:\/\/sklepmalak.pl\/#website"},"primaryImageOfPage":{"@id":"https:\/\/fundacjamalak.pl\/sklep\/produkt\/adam-szustak-op\/akrobatyka-malzenska-adam-szustak-op-dvd-cd\/#primaryimage"},"image":{"@id":"https:\/\/fundacjamalak.pl\/sklep\/produkt\/adam-szustak-op\/akrobatyka-malzenska-adam-szustak-op-dvd-cd\/#primaryimage"},"thumbnailUrl":"https:\/\/fundacjamalak.pl\/sklep\/wp-content\/uploads\/2023\/10\/Akrobatyka-malzenska-DVD-Adam-Szustak-OP.png","datePublished":"2023-08-09T16:16:03+00:00","dateModified":"2026-04-20T21:55:36+00:00","breadcrumb":{"@id":"https:\/\/fundacjamalak.pl\/sklep\/produkt\/adam-szustak-op\/akrobatyka-malzenska-adam-szustak-op-dvd-cd\/#breadcrumb"},"inLanguage":"pl-PL","potentialAction":[{"@type":"ReadAction","target":["https:\/\/fundacjamalak.pl\/sklep\/produkt\/adam-szustak-op\/akrobatyka-malzenska-adam-szustak-op-dvd-cd\/"]}]},{"@type":"ImageObject","inLanguage":"pl-PL","@id":"https:\/\/fundacjamalak.pl\/sklep\/produkt\/adam-szustak-op\/akrobatyka-malzenska-adam-szustak-op-dvd-cd\/#primaryimage","url":"https:\/\/fundacjamalak.pl\/sklep\/wp-content\/uploads\/2023\/10\/Akrobatyka-malzenska-DVD-Adam-Szustak-OP.png","contentUrl":"https:\/\/fundacjamalak.pl\/sklep\/wp-content\/uploads\/2023\/10\/Akrobatyka-malzenska-DVD-Adam-Szustak-OP.png","width":1280,"height":1588},{"@type":"BreadcrumbList","@id":"https:\/\/fundacjamalak.pl\/sklep\/produkt\/adam-szustak-op\/akrobatyka-malzenska-adam-szustak-op-dvd-cd\/#breadcrumb","itemListElement":[{"@type":"ListItem","position":1,"name":"Strona g\u0142\u00f3wna","item":"https:\/\/sklepmalak.pl\/"},{"@type":"ListItem","position":2,"name":"Sklep","item":"https:\/\/sklepmalak.pl\/"},{"@type":"ListItem","position":3,"name":"Akrobatyka ma\u0142\u017ce\u0144ska &#8211; Adam Szustak OP &#8211; (DVD + CD)"}]},{"@type":"WebSite","@id":"https:\/\/sklepmalak.pl\/#website","url":"https:\/\/sklepmalak.pl\/","name":"Sklep Malak","description":"Nie ma zwyk\u0142ych chwil!","publisher":{"@id":"https:\/\/sklepmalak.pl\/#organization"},"potentialAction":[{"@type":"SearchAction","target":{"@type":"EntryPoint","urlTemplate":"https:\/\/sklepmalak.pl\/?s={search_term_string}"},"query-input":{"@type":"PropertyValueSpecification","valueRequired":true,"valueName":"search_term_string"}}],"inLanguage":"pl-PL"},{"@type":"Organization","@id":"https:\/\/sklepmalak.pl\/#organization","name":"Sklep Malak","alternateName":"Sklep Fundacji Malak","url":"https:\/\/sklepmalak.pl\/","logo":{"@type":"ImageObject","inLanguage":"pl-PL","@id":"https:\/\/sklepmalak.pl\/#\/schema\/logo\/image\/","url":"https:\/\/fundacjamalak.pl\/sklep\/wp-content\/uploads\/2023\/09\/logo.malak-14-2.png","contentUrl":"https:\/\/fundacjamalak.pl\/sklep\/wp-content\/uploads\/2023\/09\/logo.malak-14-2.png","width":355,"height":355,"caption":"Sklep Malak"},"image":{"@id":"https:\/\/sklepmalak.pl\/#\/schema\/logo\/image\/"},"sameAs":["https:\/\/www.facebook.com\/FundacjaMalak","https:\/\/www.instagram.com\/fundacjamalak"]}]}},"_links":{"self":[{"href":"https:\/\/fundacjamalak.pl\/sklep\/wp-json\/wp\/v2\/product\/4365","targetHints":{"allow":["GET"]}}],"collection":[{"href":"https:\/\/fundacjamalak.pl\/sklep\/wp-json\/wp\/v2\/product"}],"about":[{"href":"https:\/\/fundacjamalak.pl\/sklep\/wp-json\/wp\/v2\/types\/product"}],"wp:featuredmedia":[{"embeddable":true,"href":"https:\/\/fundacjamalak.pl\/sklep\/wp-json\/wp\/v2\/media\/4899"}],"wp:attachment":[{"href":"https:\/\/fundacjamalak.pl\/sklep\/wp-json\/wp\/v2\/media?parent=4365"}],"wp:term":[{"taxonomy":"product_brand","embeddable":true,"href":"https:\/\/fundacjamalak.pl\/sklep\/wp-json\/wp\/v2\/product_brand?post=4365"},{"taxonomy":"product_cat","embeddable":true,"href":"https:\/\/fundacjamalak.pl\/sklep\/wp-json\/wp\/v2\/product_cat?post=4365"},{"taxonomy":"product_tag","embeddable":true,"href":"https:\/\/fundacjamalak.pl\/sklep\/wp-json\/wp\/v2\/product_tag?post=4365"}],"curies":[{"name":"wp","href":"https:\/\/api.w.org\/{rel}","templated":true}]}}