{"id":4381,"date":"2023-08-09T18:16:21","date_gmt":"2023-08-09T16:16:21","guid":{"rendered":"https:\/\/sklep.fundacjamalak.pl\/sklep\/bez-kategorii\/projekt-judyta-czym-jest-sila-kobiety-adam-szustak-op-ksiazka\/"},"modified":"2026-04-19T23:55:44","modified_gmt":"2026-04-19T21:55:44","slug":"projekt-judyta-czym-jest-sila-kobiety-adam-szustak-op-ksiazka","status":"publish","type":"product","link":"https:\/\/fundacjamalak.pl\/sklep\/produkt\/ksiazki\/projekt-judyta-czym-jest-sila-kobiety-adam-szustak-op-ksiazka\/","title":{"rendered":"Projekt: Judyta. Czym jest si\u0142a kobiety? &#8211; Adam Szustak OP &#8211; KSI\u0104\u017bKA"},"content":{"rendered":"<p style=\"text-align: center;\"><strong>Projekt: JUDYTA. Czym jest si\u0142a kobiety? &#8211; Adam Szustak OP<\/strong><\/p>\n<p>Nie potrzebujesz m\u0119\u017cczyzny, aby by\u0107 w pe\u0142ni szcz\u0119\u015bliw\u0105!<br \/>\nBrzmi interesuj\u0105co? To nie pomys\u0142 feministki, ale Boga.<\/p>\n<p>Pierwotny projekt kobiety to osoba\u00a0pi\u0119kna,\u00a0wolna,\u00a0niezale\u017cna, kompletna w tym, w co\u00a0zosta\u0142a wyposa\u017cona podczas stwarzania. Tymczasem dzisiejsze kobiety w poczuciu st\u0142amszenia przez\u00a0m\u0119\u017cczyzn wynalaz\u0142y feminizm i inne \u201ewaleczne postawy\u201d, kt\u00f3re sprawiaj\u0105, \u017ce zamiast spe\u0142nion\u0105\u00a0kobiet\u0105 staj\u0105 si\u0119 \u017ce\u0144sk\u0105 wersj\u0105 m\u0119\u017cczyzny. Je\u015bli zatem chcesz zobaczy\u0107, dlaczego Bo\u017cy pomys\u0142 na kobiet\u0119 nie\u00a0zrealizowa\u0142 si\u0119, i je\u015bli chcesz dowiedzie\u0107 si\u0119, jak to naprawi\u0107, przeczytaj o\u00a0kobiecej sile na przyk\u0142adzie Judyty \u2013 jednej z najbardziej niezwyk\u0142ych\u00a0kobiet z\u00a0kart Biblii.<\/p>\n<p>Z ksi\u0105\u017cki dowiesz si\u0119:<\/p>\n<ul>\n<li>Jak by\u0107 siln\u0105 kobiet\u0105, nie staj\u0105c si\u0119 jednocze\u015bnie\u00a0imitacj\u0105 m\u0119\u017cczyzny?<\/li>\n<li>Czym prawdziwe pi\u0119kno r\u00f3\u017cni si\u0119 od\u00a0atrakcyjno\u015bci seksualnej?<\/li>\n<li>Na czym polega\u00a0kobieca niezale\u017cno\u015b\u0107\u00a0i jak j\u0105 budowa\u0107?<\/li>\n<li>Dla jakich kobiet\u00a0m\u0119\u017cczy\u017ani trac\u0105 g\u0142ow\u0119?<\/li>\n<li>Jak\u00a0zachwyci\u0107 si\u0119\u00a0swoj\u0105 kobieco\u015bci\u0105?<\/li>\n<\/ul>\n<p style=\"text-align: center;\"><strong>Kupuj\u0105c wspierasz! Ca\u0142kowity doch\u00f3d ze sprzeda\u017cy w sklepie Malak przeznaczony jest na dzia\u0142ania i pomoc charytatywn\u0105 realizowan\u0105 przez\u00a0<a href=\"https:\/\/fundacjamalak.pl\/\">Fundacj\u0119 Malak<\/a>.<\/strong><\/p>\n","protected":false},"excerpt":{"rendered":"<p style=\"text-align: left;\">&#8222;Kiedy b\u0119dziesz wolna od m\u0119\u017cczyzn, dopiero wtedy<\/p>\n<p style=\"text-align: left;\">b\u0119dziesz mog\u0142a z nimi co\u015b sensownego zbudowa\u0107.&#8221;<\/p>\n<p style=\"text-align: left;\">Adam Szustak OP<\/p>\n<p>Nie potrzebujesz m\u0119\u017cczyzny, aby by\u0107 w pe\u0142ni szcz\u0119\u015bliw\u0105!<br \/>\nBrzmi interesuj\u0105co? To nie pomys\u0142 feministki, ale Boga.<\/p>\n<p>Pierwotny projekt kobiety to osoba\u00a0pi\u0119kna,\u00a0wolna,\u00a0niezale\u017cna, kompletna w tym, w co\u00a0zosta\u0142a wyposa\u017cona podczas stwarzania. Tymczasem dzisiejsze kobiety w poczuciu st\u0142amszenia przez\u00a0m\u0119\u017cczyzn wynalaz\u0142y feminizm i inne \u201ewaleczne postawy\u201d, kt\u00f3re sprawiaj\u0105, \u017ce zamiast spe\u0142nion\u0105\u00a0kobiet\u0105 staj\u0105 si\u0119 \u017ce\u0144sk\u0105 wersj\u0105 m\u0119\u017cczyzny. Je\u015bli zatem chcesz zobaczy\u0107, dlaczego Bo\u017cy pomys\u0142 na kobiet\u0119 nie\u00a0zrealizowa\u0142 si\u0119, i je\u015bli chcesz dowiedzie\u0107 si\u0119, jak to naprawi\u0107, przeczytaj o\u00a0kobiecej sile na przyk\u0142adzie Judyty \u2013 jednej z najbardziej niezwyk\u0142ych\u00a0kobiet z\u00a0kart Biblii.<\/p>\n","protected":false},"featured_media":4877,"template":"","meta":{"_acf_changed":false},"product_brand":[],"product_cat":[69,68],"product_tag":[57,247],"class_list":{"0":"post-4381","1":"product","2":"type-product","3":"status-publish","4":"has-post-thumbnail","6":"product_cat-adam-szustak-op","7":"product_cat-ksiazki","8":"product_tag-adam-szustak-op","9":"product_tag-judyta","11":"first","12":"outofstock","13":"taxable","14":"shipping-taxable","15":"purchasable","16":"product-type-variable","17":"has-default-attributes"},"acf":[],"yoast_head":"<!-- This site is optimized with the Yoast SEO plugin v27.1.1 - https:\/\/yoast.com\/product\/yoast-seo-wordpress\/ -->\n<title>Projekt: Judyta. Czym jest si\u0142a kobiety? - Adam Szustak OP - KSI\u0104\u017bKA - Sklep Malak<\/title>\n<meta name=\"robots\" content=\"index, follow, max-snippet:-1, max-image-preview:large, max-video-preview:-1\" \/>\n<link rel=\"canonical\" href=\"https:\/\/fundacjamalak.pl\/sklep\/produkt\/ksiazki\/projekt-judyta-czym-jest-sila-kobiety-adam-szustak-op-ksiazka\/\" \/>\n<meta property=\"og:locale\" content=\"pl_PL\" \/>\n<meta property=\"og:type\" content=\"article\" \/>\n<meta property=\"og:title\" content=\"Projekt: Judyta. Czym jest si\u0142a kobiety? - Adam Szustak OP - KSI\u0104\u017bKA - Sklep Malak\" \/>\n<meta property=\"og:description\" content=\"&quot;Kiedy b\u0119dziesz wolna od m\u0119\u017cczyzn, dopiero wtedy b\u0119dziesz mog\u0142a z nimi co\u015b sensownego zbudowa\u0107.&quot; Adam Szustak OP Nie potrzebujesz m\u0119\u017cczyzny, aby by\u0107 w pe\u0142ni szcz\u0119\u015bliw\u0105! Brzmi interesuj\u0105co? To nie pomys\u0142 feministki, ale Boga.  Pierwotny projekt kobiety to osoba\u00a0pi\u0119kna,\u00a0wolna,\u00a0niezale\u017cna, kompletna w tym, w co\u00a0zosta\u0142a wyposa\u017cona podczas stwarzania. Tymczasem dzisiejsze kobiety w poczuciu st\u0142amszenia przez\u00a0m\u0119\u017cczyzn wynalaz\u0142y feminizm i inne \u201ewaleczne postawy\u201d, kt\u00f3re sprawiaj\u0105, \u017ce zamiast spe\u0142nion\u0105\u00a0kobiet\u0105 staj\u0105 si\u0119 \u017ce\u0144sk\u0105 wersj\u0105 m\u0119\u017cczyzny. Je\u015bli zatem chcesz zobaczy\u0107, dlaczego Bo\u017cy pomys\u0142 na kobiet\u0119 nie\u00a0zrealizowa\u0142 si\u0119, i je\u015bli chcesz dowiedzie\u0107 si\u0119, jak to naprawi\u0107, przeczytaj o\u00a0kobiecej sile na przyk\u0142adzie Judyty \u2013 jednej z najbardziej niezwyk\u0142ych\u00a0kobiet z\u00a0kart Biblii.\" \/>\n<meta property=\"og:url\" content=\"https:\/\/fundacjamalak.pl\/sklep\/produkt\/ksiazki\/projekt-judyta-czym-jest-sila-kobiety-adam-szustak-op-ksiazka\/\" \/>\n<meta property=\"og:site_name\" content=\"Sklep Malak\" \/>\n<meta property=\"article:publisher\" content=\"https:\/\/www.facebook.com\/FundacjaMalak\" \/>\n<meta property=\"article:modified_time\" content=\"2026-04-19T21:55:44+00:00\" \/>\n<meta property=\"og:image\" content=\"https:\/\/fundacjamalak.pl\/sklep\/wp-content\/uploads\/2023\/10\/Projekt-Judyta.-Czym-jest-sila-kobiety_-Adam-Szustak-OP-KSIAZKA.png\" \/>\n\t<meta property=\"og:image:width\" content=\"1280\" \/>\n\t<meta property=\"og:image:height\" content=\"1588\" \/>\n\t<meta property=\"og:image:type\" content=\"image\/png\" \/>\n<meta name=\"twitter:card\" content=\"summary_large_image\" \/>\n<meta name=\"twitter:label1\" content=\"Szacowany czas czytania\" \/>\n\t<meta name=\"twitter:data1\" content=\"2 minuty\" \/>\n<script type=\"application\/ld+json\" class=\"yoast-schema-graph\">{\"@context\":\"https:\/\/schema.org\",\"@graph\":[{\"@type\":\"WebPage\",\"@id\":\"https:\/\/fundacjamalak.pl\/sklep\/produkt\/ksiazki\/projekt-judyta-czym-jest-sila-kobiety-adam-szustak-op-ksiazka\/\",\"url\":\"https:\/\/fundacjamalak.pl\/sklep\/produkt\/ksiazki\/projekt-judyta-czym-jest-sila-kobiety-adam-szustak-op-ksiazka\/\",\"name\":\"Projekt: Judyta. Czym jest si\u0142a kobiety? - Adam Szustak OP - KSI\u0104\u017bKA - Sklep Malak\",\"isPartOf\":{\"@id\":\"https:\/\/sklepmalak.pl\/#website\"},\"primaryImageOfPage\":{\"@id\":\"https:\/\/fundacjamalak.pl\/sklep\/produkt\/ksiazki\/projekt-judyta-czym-jest-sila-kobiety-adam-szustak-op-ksiazka\/#primaryimage\"},\"image\":{\"@id\":\"https:\/\/fundacjamalak.pl\/sklep\/produkt\/ksiazki\/projekt-judyta-czym-jest-sila-kobiety-adam-szustak-op-ksiazka\/#primaryimage\"},\"thumbnailUrl\":\"https:\/\/fundacjamalak.pl\/sklep\/wp-content\/uploads\/2023\/10\/Projekt-Judyta.-Czym-jest-sila-kobiety_-Adam-Szustak-OP-KSIAZKA.png\",\"datePublished\":\"2023-08-09T16:16:21+00:00\",\"dateModified\":\"2026-04-19T21:55:44+00:00\",\"breadcrumb\":{\"@id\":\"https:\/\/fundacjamalak.pl\/sklep\/produkt\/ksiazki\/projekt-judyta-czym-jest-sila-kobiety-adam-szustak-op-ksiazka\/#breadcrumb\"},\"inLanguage\":\"pl-PL\",\"potentialAction\":[{\"@type\":\"ReadAction\",\"target\":[\"https:\/\/fundacjamalak.pl\/sklep\/produkt\/ksiazki\/projekt-judyta-czym-jest-sila-kobiety-adam-szustak-op-ksiazka\/\"]}]},{\"@type\":\"ImageObject\",\"inLanguage\":\"pl-PL\",\"@id\":\"https:\/\/fundacjamalak.pl\/sklep\/produkt\/ksiazki\/projekt-judyta-czym-jest-sila-kobiety-adam-szustak-op-ksiazka\/#primaryimage\",\"url\":\"https:\/\/fundacjamalak.pl\/sklep\/wp-content\/uploads\/2023\/10\/Projekt-Judyta.-Czym-jest-sila-kobiety_-Adam-Szustak-OP-KSIAZKA.png\",\"contentUrl\":\"https:\/\/fundacjamalak.pl\/sklep\/wp-content\/uploads\/2023\/10\/Projekt-Judyta.-Czym-jest-sila-kobiety_-Adam-Szustak-OP-KSIAZKA.png\",\"width\":1280,\"height\":1588},{\"@type\":\"BreadcrumbList\",\"@id\":\"https:\/\/fundacjamalak.pl\/sklep\/produkt\/ksiazki\/projekt-judyta-czym-jest-sila-kobiety-adam-szustak-op-ksiazka\/#breadcrumb\",\"itemListElement\":[{\"@type\":\"ListItem\",\"position\":1,\"name\":\"Strona g\u0142\u00f3wna\",\"item\":\"https:\/\/sklepmalak.pl\/\"},{\"@type\":\"ListItem\",\"position\":2,\"name\":\"Sklep\",\"item\":\"https:\/\/sklepmalak.pl\/\"},{\"@type\":\"ListItem\",\"position\":3,\"name\":\"Projekt: Judyta. Czym jest si\u0142a kobiety? &#8211; Adam Szustak OP &#8211; KSI\u0104\u017bKA\"}]},{\"@type\":\"WebSite\",\"@id\":\"https:\/\/sklepmalak.pl\/#website\",\"url\":\"https:\/\/sklepmalak.pl\/\",\"name\":\"Sklep Malak\",\"description\":\"Nie ma zwyk\u0142ych chwil!\",\"publisher\":{\"@id\":\"https:\/\/sklepmalak.pl\/#organization\"},\"potentialAction\":[{\"@type\":\"SearchAction\",\"target\":{\"@type\":\"EntryPoint\",\"urlTemplate\":\"https:\/\/sklepmalak.pl\/?s={search_term_string}\"},\"query-input\":{\"@type\":\"PropertyValueSpecification\",\"valueRequired\":true,\"valueName\":\"search_term_string\"}}],\"inLanguage\":\"pl-PL\"},{\"@type\":\"Organization\",\"@id\":\"https:\/\/sklepmalak.pl\/#organization\",\"name\":\"Sklep Malak\",\"alternateName\":\"Sklep Fundacji Malak\",\"url\":\"https:\/\/sklepmalak.pl\/\",\"logo\":{\"@type\":\"ImageObject\",\"inLanguage\":\"pl-PL\",\"@id\":\"https:\/\/sklepmalak.pl\/#\/schema\/logo\/image\/\",\"url\":\"https:\/\/fundacjamalak.pl\/sklep\/wp-content\/uploads\/2023\/09\/logo.malak-14-2.png\",\"contentUrl\":\"https:\/\/fundacjamalak.pl\/sklep\/wp-content\/uploads\/2023\/09\/logo.malak-14-2.png\",\"width\":355,\"height\":355,\"caption\":\"Sklep Malak\"},\"image\":{\"@id\":\"https:\/\/sklepmalak.pl\/#\/schema\/logo\/image\/\"},\"sameAs\":[\"https:\/\/www.facebook.com\/FundacjaMalak\",\"https:\/\/www.instagram.com\/fundacjamalak\"]}]}<\/script>\n<!-- \/ Yoast SEO plugin. -->","yoast_head_json":{"title":"Projekt: Judyta. Czym jest si\u0142a kobiety? - Adam Szustak OP - KSI\u0104\u017bKA - Sklep Malak","robots":{"index":"index","follow":"follow","max-snippet":"max-snippet:-1","max-image-preview":"max-image-preview:large","max-video-preview":"max-video-preview:-1"},"canonical":"https:\/\/fundacjamalak.pl\/sklep\/produkt\/ksiazki\/projekt-judyta-czym-jest-sila-kobiety-adam-szustak-op-ksiazka\/","og_locale":"pl_PL","og_type":"article","og_title":"Projekt: Judyta. Czym jest si\u0142a kobiety? - Adam Szustak OP - KSI\u0104\u017bKA - Sklep Malak","og_description":"\"Kiedy b\u0119dziesz wolna od m\u0119\u017cczyzn, dopiero wtedy b\u0119dziesz mog\u0142a z nimi co\u015b sensownego zbudowa\u0107.\" Adam Szustak OP Nie potrzebujesz m\u0119\u017cczyzny, aby by\u0107 w pe\u0142ni szcz\u0119\u015bliw\u0105! Brzmi interesuj\u0105co? To nie pomys\u0142 feministki, ale Boga.  Pierwotny projekt kobiety to osoba\u00a0pi\u0119kna,\u00a0wolna,\u00a0niezale\u017cna, kompletna w tym, w co\u00a0zosta\u0142a wyposa\u017cona podczas stwarzania. Tymczasem dzisiejsze kobiety w poczuciu st\u0142amszenia przez\u00a0m\u0119\u017cczyzn wynalaz\u0142y feminizm i inne \u201ewaleczne postawy\u201d, kt\u00f3re sprawiaj\u0105, \u017ce zamiast spe\u0142nion\u0105\u00a0kobiet\u0105 staj\u0105 si\u0119 \u017ce\u0144sk\u0105 wersj\u0105 m\u0119\u017cczyzny. Je\u015bli zatem chcesz zobaczy\u0107, dlaczego Bo\u017cy pomys\u0142 na kobiet\u0119 nie\u00a0zrealizowa\u0142 si\u0119, i je\u015bli chcesz dowiedzie\u0107 si\u0119, jak to naprawi\u0107, przeczytaj o\u00a0kobiecej sile na przyk\u0142adzie Judyty \u2013 jednej z najbardziej niezwyk\u0142ych\u00a0kobiet z\u00a0kart Biblii.","og_url":"https:\/\/fundacjamalak.pl\/sklep\/produkt\/ksiazki\/projekt-judyta-czym-jest-sila-kobiety-adam-szustak-op-ksiazka\/","og_site_name":"Sklep Malak","article_publisher":"https:\/\/www.facebook.com\/FundacjaMalak","article_modified_time":"2026-04-19T21:55:44+00:00","og_image":[{"width":1280,"height":1588,"url":"https:\/\/fundacjamalak.pl\/sklep\/wp-content\/uploads\/2023\/10\/Projekt-Judyta.-Czym-jest-sila-kobiety_-Adam-Szustak-OP-KSIAZKA.png","type":"image\/png"}],"twitter_card":"summary_large_image","twitter_misc":{"Szacowany czas czytania":"2 minuty"},"schema":{"@context":"https:\/\/schema.org","@graph":[{"@type":"WebPage","@id":"https:\/\/fundacjamalak.pl\/sklep\/produkt\/ksiazki\/projekt-judyta-czym-jest-sila-kobiety-adam-szustak-op-ksiazka\/","url":"https:\/\/fundacjamalak.pl\/sklep\/produkt\/ksiazki\/projekt-judyta-czym-jest-sila-kobiety-adam-szustak-op-ksiazka\/","name":"Projekt: Judyta. Czym jest si\u0142a kobiety? - Adam Szustak OP - KSI\u0104\u017bKA - Sklep Malak","isPartOf":{"@id":"https:\/\/sklepmalak.pl\/#website"},"primaryImageOfPage":{"@id":"https:\/\/fundacjamalak.pl\/sklep\/produkt\/ksiazki\/projekt-judyta-czym-jest-sila-kobiety-adam-szustak-op-ksiazka\/#primaryimage"},"image":{"@id":"https:\/\/fundacjamalak.pl\/sklep\/produkt\/ksiazki\/projekt-judyta-czym-jest-sila-kobiety-adam-szustak-op-ksiazka\/#primaryimage"},"thumbnailUrl":"https:\/\/fundacjamalak.pl\/sklep\/wp-content\/uploads\/2023\/10\/Projekt-Judyta.-Czym-jest-sila-kobiety_-Adam-Szustak-OP-KSIAZKA.png","datePublished":"2023-08-09T16:16:21+00:00","dateModified":"2026-04-19T21:55:44+00:00","breadcrumb":{"@id":"https:\/\/fundacjamalak.pl\/sklep\/produkt\/ksiazki\/projekt-judyta-czym-jest-sila-kobiety-adam-szustak-op-ksiazka\/#breadcrumb"},"inLanguage":"pl-PL","potentialAction":[{"@type":"ReadAction","target":["https:\/\/fundacjamalak.pl\/sklep\/produkt\/ksiazki\/projekt-judyta-czym-jest-sila-kobiety-adam-szustak-op-ksiazka\/"]}]},{"@type":"ImageObject","inLanguage":"pl-PL","@id":"https:\/\/fundacjamalak.pl\/sklep\/produkt\/ksiazki\/projekt-judyta-czym-jest-sila-kobiety-adam-szustak-op-ksiazka\/#primaryimage","url":"https:\/\/fundacjamalak.pl\/sklep\/wp-content\/uploads\/2023\/10\/Projekt-Judyta.-Czym-jest-sila-kobiety_-Adam-Szustak-OP-KSIAZKA.png","contentUrl":"https:\/\/fundacjamalak.pl\/sklep\/wp-content\/uploads\/2023\/10\/Projekt-Judyta.-Czym-jest-sila-kobiety_-Adam-Szustak-OP-KSIAZKA.png","width":1280,"height":1588},{"@type":"BreadcrumbList","@id":"https:\/\/fundacjamalak.pl\/sklep\/produkt\/ksiazki\/projekt-judyta-czym-jest-sila-kobiety-adam-szustak-op-ksiazka\/#breadcrumb","itemListElement":[{"@type":"ListItem","position":1,"name":"Strona g\u0142\u00f3wna","item":"https:\/\/sklepmalak.pl\/"},{"@type":"ListItem","position":2,"name":"Sklep","item":"https:\/\/sklepmalak.pl\/"},{"@type":"ListItem","position":3,"name":"Projekt: Judyta. Czym jest si\u0142a kobiety? &#8211; Adam Szustak OP &#8211; KSI\u0104\u017bKA"}]},{"@type":"WebSite","@id":"https:\/\/sklepmalak.pl\/#website","url":"https:\/\/sklepmalak.pl\/","name":"Sklep Malak","description":"Nie ma zwyk\u0142ych chwil!","publisher":{"@id":"https:\/\/sklepmalak.pl\/#organization"},"potentialAction":[{"@type":"SearchAction","target":{"@type":"EntryPoint","urlTemplate":"https:\/\/sklepmalak.pl\/?s={search_term_string}"},"query-input":{"@type":"PropertyValueSpecification","valueRequired":true,"valueName":"search_term_string"}}],"inLanguage":"pl-PL"},{"@type":"Organization","@id":"https:\/\/sklepmalak.pl\/#organization","name":"Sklep Malak","alternateName":"Sklep Fundacji Malak","url":"https:\/\/sklepmalak.pl\/","logo":{"@type":"ImageObject","inLanguage":"pl-PL","@id":"https:\/\/sklepmalak.pl\/#\/schema\/logo\/image\/","url":"https:\/\/fundacjamalak.pl\/sklep\/wp-content\/uploads\/2023\/09\/logo.malak-14-2.png","contentUrl":"https:\/\/fundacjamalak.pl\/sklep\/wp-content\/uploads\/2023\/09\/logo.malak-14-2.png","width":355,"height":355,"caption":"Sklep Malak"},"image":{"@id":"https:\/\/sklepmalak.pl\/#\/schema\/logo\/image\/"},"sameAs":["https:\/\/www.facebook.com\/FundacjaMalak","https:\/\/www.instagram.com\/fundacjamalak"]}]}},"_links":{"self":[{"href":"https:\/\/fundacjamalak.pl\/sklep\/wp-json\/wp\/v2\/product\/4381","targetHints":{"allow":["GET"]}}],"collection":[{"href":"https:\/\/fundacjamalak.pl\/sklep\/wp-json\/wp\/v2\/product"}],"about":[{"href":"https:\/\/fundacjamalak.pl\/sklep\/wp-json\/wp\/v2\/types\/product"}],"wp:featuredmedia":[{"embeddable":true,"href":"https:\/\/fundacjamalak.pl\/sklep\/wp-json\/wp\/v2\/media\/4877"}],"wp:attachment":[{"href":"https:\/\/fundacjamalak.pl\/sklep\/wp-json\/wp\/v2\/media?parent=4381"}],"wp:term":[{"taxonomy":"product_brand","embeddable":true,"href":"https:\/\/fundacjamalak.pl\/sklep\/wp-json\/wp\/v2\/product_brand?post=4381"},{"taxonomy":"product_cat","embeddable":true,"href":"https:\/\/fundacjamalak.pl\/sklep\/wp-json\/wp\/v2\/product_cat?post=4381"},{"taxonomy":"product_tag","embeddable":true,"href":"https:\/\/fundacjamalak.pl\/sklep\/wp-json\/wp\/v2\/product_tag?post=4381"}],"curies":[{"name":"wp","href":"https:\/\/api.w.org\/{rel}","templated":true}]}}