{"id":4396,"date":"2023-08-09T18:16:46","date_gmt":"2023-08-09T16:16:46","guid":{"rendered":"https:\/\/sklep.fundacjamalak.pl\/sklep\/bez-kategorii\/wielka-ryba-adam-szustak-op-ksiazka\/"},"modified":"2025-12-18T21:38:49","modified_gmt":"2025-12-18T20:38:49","slug":"wielka-ryba-adam-szustak-op-ksiazka","status":"publish","type":"product","link":"https:\/\/fundacjamalak.pl\/sklep\/produkt\/ksiazki\/wielka-ryba-adam-szustak-op-ksiazka\/","title":{"rendered":"Wielka ryba &#8211; Adam Szustak OP &#8211; KSI\u0104\u017bKA"},"content":{"rendered":"<p>ODKRYJ KSZTA\u0141T SWOJEJ DUSZY. ZACZNIJ ROBI\u0106 TO, DO CZEGO ZOSTA\u0141E\u015a STWORZONY.<\/p>\n<p>&#8222;Dlaczego wielu ludzi \u017cyje w nieszcz\u0119\u015bciu i smutku, mimo \u017ce maj\u0105 rodziny, dzieci, ca\u0142kiem niez\u0142\u0105\u00a0prac\u0119?<\/p>\n<p>Wynika to z prostego faktu, \u017ce nigdy nie odnale\u017ali swojej duszy, a nie da si\u0119 \u017cy\u0107 szcz\u0119\u015bliwie bez odkrycia swojej najg\u0142\u0119bszej to\u017csamo\u015bci&#8221;.<\/p>\n<p>Adam Szustak OP, fragm. ksi\u0105\u017cki<\/p>\n<p>To mo\u017ce by\u0107 najwa\u017cniejsza publikacja, po jak\u0105 kiedykolwiek si\u0119gniesz. Zapadaj\u0105cym w pami\u0119\u0107 dzie\u0142em, jakim z pewno\u015bci\u0105 jest &#8222;Wielka Ryba&#8221;, Adam Szustak udowadnia, \u017ce ksi\u0105\u017cka mo\u017ce pom\u00f3c znale\u017a\u0107 szcz\u0119\u015bcie, a tym samym \u2013 \u017cyciowe spe\u0142nienie. Wydawnictwo zawiera konkretne, sprawdzone i skuteczne narz\u0119dzie do odkrycia tego, do czego zosta\u0142e\u015b stworzony. Wszystko dzi\u0119ki nazwaniu i uporz\u0105dkowaniu wiedzy o Twoich talentach i umiej\u0119tno\u015bciach, kt\u00f3re pomaga Ci u\u015bwiadomi\u0107 ksi\u0105\u017cka lub s\u0142uchowisko Wielka Ryba. Audiobook, podobnie jak stworzona na jego podstawie 196-stronicowa publikacja, pozwoli Ci dostrzec najwa\u017cniejsze momenty mocy w Twoim \u017cyciu, kiedy czu\u0142e\u015b si\u0119 naprawd\u0119 spe\u0142niony. Wzi\u0105\u0107 odpowiedzialno\u015b\u0107 za siebie i odkry\u0107 w\u0142asn\u0105 to\u017csamo\u015b\u0107 \u2013 to w\u0142a\u015bnie doradza Adam Szustak. Wielka Ryba stanowi niezb\u0119dn\u0105 pomoc, zw\u0142aszcza je\u015bli chcesz pozna\u0107 swoj\u0105 \u017cyciow\u0105 \u015bcie\u017ck\u0119.<\/p>\n<p>Ta wiedza zaprowadzi Ci\u0119 do:<\/p>\n<p>\u25cf wzi\u0119cia odpowiedzialno\u015bci za siebie i swoje \u017cycie<\/p>\n<p>\u25cf odnalezienia tego, w jakich obszarach jeste\u015b najlepszy<\/p>\n<p>\u25cf odkrycia tego, co kochasz i czym naprawd\u0119 powiniene\u015b si\u0119 zajmowa\u0107<\/p>\n<p>\u25cf poczucia szcz\u0119\u015bcia i \u017cyciowego spe\u0142nienia<\/p>\n<p><strong>Kupuj\u0105c wspierasz! Ca\u0142kowity doch\u00f3d ze sprzeda\u017cy w sklepie Malak przeznaczony jest na dzia\u0142ania i pomoc charytatywn\u0105 realizowan\u0105 przez\u00a0<a href=\"https:\/\/fundacjamalak.pl\/\">Fundacj\u0119 Malak<\/a>.<\/strong><\/p>\n","protected":false},"excerpt":{"rendered":"<p>ODKRYJ KSZTA\u0141T SWOJEJ DUSZY.<\/p>\n<p>ZACZNIJ ROBI\u0106 TO, DO CZEGO ZOSTA\u0141E\u015a STWORZONY.<\/p>\n<p>&#8222;Dlaczego wielu ludzi \u017cyje w nieszcz\u0119\u015bciu i smutku, mimo \u017ce maj\u0105 rodziny, dzieci, ca\u0142kiem niez\u0142\u0105\u00a0prac\u0119?<\/p>\n<p>Wynika to z prostego faktu, \u017ce nigdy nie odnale\u017ali swojej duszy, a nie da si\u0119 \u017cy\u0107 szcz\u0119\u015bliwie bez odkrycia swojej najg\u0142\u0119bszej to\u017csamo\u015bci&#8221;.<\/p>\n<p>Adam Szustak OP, fragm. ksi\u0105\u017cki<\/p>\n","protected":false},"featured_media":4888,"template":"","meta":{"_acf_changed":false},"product_brand":[],"product_cat":[69,68],"product_tag":[],"class_list":{"0":"post-4396","1":"product","2":"type-product","3":"status-publish","4":"has-post-thumbnail","6":"product_cat-adam-szustak-op","7":"product_cat-ksiazki","9":"first","10":"outofstock","11":"taxable","12":"shipping-taxable","13":"purchasable","14":"product-type-variable","15":"has-default-attributes"},"acf":[],"yoast_head":"<!-- This site is optimized with the Yoast SEO plugin v27.1.1 - https:\/\/yoast.com\/product\/yoast-seo-wordpress\/ -->\n<title>Wielka ryba - Adam Szustak OP - KSI\u0104\u017bKA - Sklep Malak<\/title>\n<meta name=\"robots\" content=\"index, follow, max-snippet:-1, max-image-preview:large, max-video-preview:-1\" \/>\n<link rel=\"canonical\" href=\"https:\/\/fundacjamalak.pl\/sklep\/produkt\/ksiazki\/wielka-ryba-adam-szustak-op-ksiazka\/\" \/>\n<meta property=\"og:locale\" content=\"pl_PL\" \/>\n<meta property=\"og:type\" content=\"article\" \/>\n<meta property=\"og:title\" content=\"Wielka ryba - Adam Szustak OP - KSI\u0104\u017bKA - Sklep Malak\" \/>\n<meta property=\"og:description\" content=\"ODKRYJ KSZTA\u0141T SWOJEJ DUSZY.  ZACZNIJ ROBI\u0106 TO, DO CZEGO ZOSTA\u0141E\u015a STWORZONY.  &quot;Dlaczego wielu ludzi \u017cyje w nieszcz\u0119\u015bciu i smutku, mimo \u017ce maj\u0105 rodziny, dzieci, ca\u0142kiem niez\u0142\u0105\u00a0prac\u0119?  Wynika to z prostego faktu, \u017ce nigdy nie odnale\u017ali swojej duszy, a nie da si\u0119 \u017cy\u0107 szcz\u0119\u015bliwie bez odkrycia swojej najg\u0142\u0119bszej to\u017csamo\u015bci&quot;.  Adam Szustak OP, fragm. ksi\u0105\u017cki\" \/>\n<meta property=\"og:url\" content=\"https:\/\/fundacjamalak.pl\/sklep\/produkt\/ksiazki\/wielka-ryba-adam-szustak-op-ksiazka\/\" \/>\n<meta property=\"og:site_name\" content=\"Sklep Malak\" \/>\n<meta property=\"article:publisher\" content=\"https:\/\/www.facebook.com\/FundacjaMalak\" \/>\n<meta property=\"article:modified_time\" content=\"2025-12-18T20:38:49+00:00\" \/>\n<meta property=\"og:image\" content=\"https:\/\/fundacjamalak.pl\/sklep\/wp-content\/uploads\/2023\/10\/Wielka-Ryba-ksiazka-Adam-Szustak-OP-825x1024.png\" \/>\n\t<meta property=\"og:image:width\" content=\"825\" \/>\n\t<meta property=\"og:image:height\" content=\"1024\" \/>\n\t<meta property=\"og:image:type\" content=\"image\/png\" \/>\n<meta name=\"twitter:card\" content=\"summary_large_image\" \/>\n<meta name=\"twitter:label1\" content=\"Szacowany czas czytania\" \/>\n\t<meta name=\"twitter:data1\" content=\"2 minuty\" \/>\n<script type=\"application\/ld+json\" class=\"yoast-schema-graph\">{\"@context\":\"https:\/\/schema.org\",\"@graph\":[{\"@type\":\"WebPage\",\"@id\":\"https:\/\/fundacjamalak.pl\/sklep\/produkt\/ksiazki\/wielka-ryba-adam-szustak-op-ksiazka\/\",\"url\":\"https:\/\/fundacjamalak.pl\/sklep\/produkt\/ksiazki\/wielka-ryba-adam-szustak-op-ksiazka\/\",\"name\":\"Wielka ryba - Adam Szustak OP - KSI\u0104\u017bKA - Sklep Malak\",\"isPartOf\":{\"@id\":\"https:\/\/sklepmalak.pl\/#website\"},\"primaryImageOfPage\":{\"@id\":\"https:\/\/fundacjamalak.pl\/sklep\/produkt\/ksiazki\/wielka-ryba-adam-szustak-op-ksiazka\/#primaryimage\"},\"image\":{\"@id\":\"https:\/\/fundacjamalak.pl\/sklep\/produkt\/ksiazki\/wielka-ryba-adam-szustak-op-ksiazka\/#primaryimage\"},\"thumbnailUrl\":\"https:\/\/fundacjamalak.pl\/sklep\/wp-content\/uploads\/2023\/10\/Wielka-Ryba-ksiazka-Adam-Szustak-OP.png\",\"datePublished\":\"2023-08-09T16:16:46+00:00\",\"dateModified\":\"2025-12-18T20:38:49+00:00\",\"breadcrumb\":{\"@id\":\"https:\/\/fundacjamalak.pl\/sklep\/produkt\/ksiazki\/wielka-ryba-adam-szustak-op-ksiazka\/#breadcrumb\"},\"inLanguage\":\"pl-PL\",\"potentialAction\":[{\"@type\":\"ReadAction\",\"target\":[\"https:\/\/fundacjamalak.pl\/sklep\/produkt\/ksiazki\/wielka-ryba-adam-szustak-op-ksiazka\/\"]}]},{\"@type\":\"ImageObject\",\"inLanguage\":\"pl-PL\",\"@id\":\"https:\/\/fundacjamalak.pl\/sklep\/produkt\/ksiazki\/wielka-ryba-adam-szustak-op-ksiazka\/#primaryimage\",\"url\":\"https:\/\/fundacjamalak.pl\/sklep\/wp-content\/uploads\/2023\/10\/Wielka-Ryba-ksiazka-Adam-Szustak-OP.png\",\"contentUrl\":\"https:\/\/fundacjamalak.pl\/sklep\/wp-content\/uploads\/2023\/10\/Wielka-Ryba-ksiazka-Adam-Szustak-OP.png\",\"width\":1280,\"height\":1588},{\"@type\":\"BreadcrumbList\",\"@id\":\"https:\/\/fundacjamalak.pl\/sklep\/produkt\/ksiazki\/wielka-ryba-adam-szustak-op-ksiazka\/#breadcrumb\",\"itemListElement\":[{\"@type\":\"ListItem\",\"position\":1,\"name\":\"Strona g\u0142\u00f3wna\",\"item\":\"https:\/\/sklepmalak.pl\/\"},{\"@type\":\"ListItem\",\"position\":2,\"name\":\"Sklep\",\"item\":\"https:\/\/sklepmalak.pl\/\"},{\"@type\":\"ListItem\",\"position\":3,\"name\":\"Wielka ryba &#8211; Adam Szustak OP &#8211; KSI\u0104\u017bKA\"}]},{\"@type\":\"WebSite\",\"@id\":\"https:\/\/sklepmalak.pl\/#website\",\"url\":\"https:\/\/sklepmalak.pl\/\",\"name\":\"Sklep Malak\",\"description\":\"Nie ma zwyk\u0142ych chwil!\",\"publisher\":{\"@id\":\"https:\/\/sklepmalak.pl\/#organization\"},\"potentialAction\":[{\"@type\":\"SearchAction\",\"target\":{\"@type\":\"EntryPoint\",\"urlTemplate\":\"https:\/\/sklepmalak.pl\/?s={search_term_string}\"},\"query-input\":{\"@type\":\"PropertyValueSpecification\",\"valueRequired\":true,\"valueName\":\"search_term_string\"}}],\"inLanguage\":\"pl-PL\"},{\"@type\":\"Organization\",\"@id\":\"https:\/\/sklepmalak.pl\/#organization\",\"name\":\"Sklep Malak\",\"alternateName\":\"Sklep Fundacji Malak\",\"url\":\"https:\/\/sklepmalak.pl\/\",\"logo\":{\"@type\":\"ImageObject\",\"inLanguage\":\"pl-PL\",\"@id\":\"https:\/\/sklepmalak.pl\/#\/schema\/logo\/image\/\",\"url\":\"https:\/\/fundacjamalak.pl\/sklep\/wp-content\/uploads\/2023\/09\/logo.malak-14-2.png\",\"contentUrl\":\"https:\/\/fundacjamalak.pl\/sklep\/wp-content\/uploads\/2023\/09\/logo.malak-14-2.png\",\"width\":355,\"height\":355,\"caption\":\"Sklep Malak\"},\"image\":{\"@id\":\"https:\/\/sklepmalak.pl\/#\/schema\/logo\/image\/\"},\"sameAs\":[\"https:\/\/www.facebook.com\/FundacjaMalak\",\"https:\/\/www.instagram.com\/fundacjamalak\"]}]}<\/script>\n<!-- \/ Yoast SEO plugin. -->","yoast_head_json":{"title":"Wielka ryba - Adam Szustak OP - KSI\u0104\u017bKA - Sklep Malak","robots":{"index":"index","follow":"follow","max-snippet":"max-snippet:-1","max-image-preview":"max-image-preview:large","max-video-preview":"max-video-preview:-1"},"canonical":"https:\/\/fundacjamalak.pl\/sklep\/produkt\/ksiazki\/wielka-ryba-adam-szustak-op-ksiazka\/","og_locale":"pl_PL","og_type":"article","og_title":"Wielka ryba - Adam Szustak OP - KSI\u0104\u017bKA - Sklep Malak","og_description":"ODKRYJ KSZTA\u0141T SWOJEJ DUSZY.  ZACZNIJ ROBI\u0106 TO, DO CZEGO ZOSTA\u0141E\u015a STWORZONY.  \"Dlaczego wielu ludzi \u017cyje w nieszcz\u0119\u015bciu i smutku, mimo \u017ce maj\u0105 rodziny, dzieci, ca\u0142kiem niez\u0142\u0105\u00a0prac\u0119?  Wynika to z prostego faktu, \u017ce nigdy nie odnale\u017ali swojej duszy, a nie da si\u0119 \u017cy\u0107 szcz\u0119\u015bliwie bez odkrycia swojej najg\u0142\u0119bszej to\u017csamo\u015bci\".  Adam Szustak OP, fragm. ksi\u0105\u017cki","og_url":"https:\/\/fundacjamalak.pl\/sklep\/produkt\/ksiazki\/wielka-ryba-adam-szustak-op-ksiazka\/","og_site_name":"Sklep Malak","article_publisher":"https:\/\/www.facebook.com\/FundacjaMalak","article_modified_time":"2025-12-18T20:38:49+00:00","og_image":[{"width":825,"height":1024,"url":"https:\/\/fundacjamalak.pl\/sklep\/wp-content\/uploads\/2023\/10\/Wielka-Ryba-ksiazka-Adam-Szustak-OP-825x1024.png","type":"image\/png"}],"twitter_card":"summary_large_image","twitter_misc":{"Szacowany czas czytania":"2 minuty"},"schema":{"@context":"https:\/\/schema.org","@graph":[{"@type":"WebPage","@id":"https:\/\/fundacjamalak.pl\/sklep\/produkt\/ksiazki\/wielka-ryba-adam-szustak-op-ksiazka\/","url":"https:\/\/fundacjamalak.pl\/sklep\/produkt\/ksiazki\/wielka-ryba-adam-szustak-op-ksiazka\/","name":"Wielka ryba - Adam Szustak OP - KSI\u0104\u017bKA - Sklep Malak","isPartOf":{"@id":"https:\/\/sklepmalak.pl\/#website"},"primaryImageOfPage":{"@id":"https:\/\/fundacjamalak.pl\/sklep\/produkt\/ksiazki\/wielka-ryba-adam-szustak-op-ksiazka\/#primaryimage"},"image":{"@id":"https:\/\/fundacjamalak.pl\/sklep\/produkt\/ksiazki\/wielka-ryba-adam-szustak-op-ksiazka\/#primaryimage"},"thumbnailUrl":"https:\/\/fundacjamalak.pl\/sklep\/wp-content\/uploads\/2023\/10\/Wielka-Ryba-ksiazka-Adam-Szustak-OP.png","datePublished":"2023-08-09T16:16:46+00:00","dateModified":"2025-12-18T20:38:49+00:00","breadcrumb":{"@id":"https:\/\/fundacjamalak.pl\/sklep\/produkt\/ksiazki\/wielka-ryba-adam-szustak-op-ksiazka\/#breadcrumb"},"inLanguage":"pl-PL","potentialAction":[{"@type":"ReadAction","target":["https:\/\/fundacjamalak.pl\/sklep\/produkt\/ksiazki\/wielka-ryba-adam-szustak-op-ksiazka\/"]}]},{"@type":"ImageObject","inLanguage":"pl-PL","@id":"https:\/\/fundacjamalak.pl\/sklep\/produkt\/ksiazki\/wielka-ryba-adam-szustak-op-ksiazka\/#primaryimage","url":"https:\/\/fundacjamalak.pl\/sklep\/wp-content\/uploads\/2023\/10\/Wielka-Ryba-ksiazka-Adam-Szustak-OP.png","contentUrl":"https:\/\/fundacjamalak.pl\/sklep\/wp-content\/uploads\/2023\/10\/Wielka-Ryba-ksiazka-Adam-Szustak-OP.png","width":1280,"height":1588},{"@type":"BreadcrumbList","@id":"https:\/\/fundacjamalak.pl\/sklep\/produkt\/ksiazki\/wielka-ryba-adam-szustak-op-ksiazka\/#breadcrumb","itemListElement":[{"@type":"ListItem","position":1,"name":"Strona g\u0142\u00f3wna","item":"https:\/\/sklepmalak.pl\/"},{"@type":"ListItem","position":2,"name":"Sklep","item":"https:\/\/sklepmalak.pl\/"},{"@type":"ListItem","position":3,"name":"Wielka ryba &#8211; Adam Szustak OP &#8211; KSI\u0104\u017bKA"}]},{"@type":"WebSite","@id":"https:\/\/sklepmalak.pl\/#website","url":"https:\/\/sklepmalak.pl\/","name":"Sklep Malak","description":"Nie ma zwyk\u0142ych chwil!","publisher":{"@id":"https:\/\/sklepmalak.pl\/#organization"},"potentialAction":[{"@type":"SearchAction","target":{"@type":"EntryPoint","urlTemplate":"https:\/\/sklepmalak.pl\/?s={search_term_string}"},"query-input":{"@type":"PropertyValueSpecification","valueRequired":true,"valueName":"search_term_string"}}],"inLanguage":"pl-PL"},{"@type":"Organization","@id":"https:\/\/sklepmalak.pl\/#organization","name":"Sklep Malak","alternateName":"Sklep Fundacji Malak","url":"https:\/\/sklepmalak.pl\/","logo":{"@type":"ImageObject","inLanguage":"pl-PL","@id":"https:\/\/sklepmalak.pl\/#\/schema\/logo\/image\/","url":"https:\/\/fundacjamalak.pl\/sklep\/wp-content\/uploads\/2023\/09\/logo.malak-14-2.png","contentUrl":"https:\/\/fundacjamalak.pl\/sklep\/wp-content\/uploads\/2023\/09\/logo.malak-14-2.png","width":355,"height":355,"caption":"Sklep Malak"},"image":{"@id":"https:\/\/sklepmalak.pl\/#\/schema\/logo\/image\/"},"sameAs":["https:\/\/www.facebook.com\/FundacjaMalak","https:\/\/www.instagram.com\/fundacjamalak"]}]}},"_links":{"self":[{"href":"https:\/\/fundacjamalak.pl\/sklep\/wp-json\/wp\/v2\/product\/4396","targetHints":{"allow":["GET"]}}],"collection":[{"href":"https:\/\/fundacjamalak.pl\/sklep\/wp-json\/wp\/v2\/product"}],"about":[{"href":"https:\/\/fundacjamalak.pl\/sklep\/wp-json\/wp\/v2\/types\/product"}],"wp:featuredmedia":[{"embeddable":true,"href":"https:\/\/fundacjamalak.pl\/sklep\/wp-json\/wp\/v2\/media\/4888"}],"wp:attachment":[{"href":"https:\/\/fundacjamalak.pl\/sklep\/wp-json\/wp\/v2\/media?parent=4396"}],"wp:term":[{"taxonomy":"product_brand","embeddable":true,"href":"https:\/\/fundacjamalak.pl\/sklep\/wp-json\/wp\/v2\/product_brand?post=4396"},{"taxonomy":"product_cat","embeddable":true,"href":"https:\/\/fundacjamalak.pl\/sklep\/wp-json\/wp\/v2\/product_cat?post=4396"},{"taxonomy":"product_tag","embeddable":true,"href":"https:\/\/fundacjamalak.pl\/sklep\/wp-json\/wp\/v2\/product_tag?post=4396"}],"curies":[{"name":"wp","href":"https:\/\/api.w.org\/{rel}","templated":true}]}}