{"id":4403,"date":"2023-08-09T18:17:06","date_gmt":"2023-08-09T16:17:06","guid":{"rendered":"https:\/\/sklep.fundacjamalak.pl\/sklep\/bez-kategorii\/spowiedz-instrukcja-obslugi-adam-szustak-op-ebook\/"},"modified":"2026-04-18T23:55:51","modified_gmt":"2026-04-18T21:55:51","slug":"spowiedz-instrukcja-obslugi-adam-szustak-op-ebook","status":"publish","type":"product","link":"https:\/\/fundacjamalak.pl\/sklep\/produkt\/ksiazki\/spowiedz-instrukcja-obslugi-adam-szustak-op-ebook\/","title":{"rendered":"Spowied\u017a. Instrukcja obs\u0142ugi &#8211; Adam Szustak OP \/\/ EBOOK"},"content":{"rendered":"<p style=\"text-align: center;\"><strong>\u00a0<span class=\"page-name\">Spowied\u017a. Instrukcja obs\u0142ugi &#8211; Adam Szustak OP<\/span><\/strong><\/p>\n<p style=\"text-align: center;\"><span style=\"color: #ffcc00;\"><strong>Ksi\u0105\u017cka w wersji plik\u00f3w cyfrowych EBOOK (mobi oraz epub).<\/strong><\/span><\/p>\n<p>Ksi\u0105\u017cka to teoretyczny i praktyczny przewodnik po do\u015b\u0107 nie\u0142atwym dla wielu Sakramencie Pokuty i Pojednania. O. Adam Szustak OP w prosty, konkretny, ale i\u00a0oryginalny spos\u00f3b mierzy si\u0119 w tej publikacji z r\u00f3\u017cnymi w\u0105tpliwo\u015bciami, niejasno\u015bciami, l\u0119kami i uprzedzeniami, kt\u00f3re z czasem naros\u0142y wok\u00f3\u0142 spowiedzi. Jednocze\u015bnie jednak z niesamowit\u0105 wyrazisto\u015bci\u0105 ukazuje spowied\u017a jako jeden z najbardziej dotykalnych \u015blad\u00f3w Boga w Ko\u015bciele, pewnik\u00f3w Jego obecno\u015bci i najlepszy przyk\u0142ad Jego wszechmocy.<\/p>\n<p>\u201e<em>Spowied\u017a. Instrukcja obs\u0142ugi\u201d<\/em>\u00a0sk\u0142ada si\u0119 z dw\u00f3ch cz\u0119\u015bci: teoretycznej i praktycznej. Pierwsza z nich zawiera komentarz do dw\u00f3ch biblijnych \u201espowiedzi\u201d, kt\u00f3re sprawowa\u0142 sam Pan Jezus. Autor pokazuje Chrystusa, kt\u00f3ry spotykaj\u0105c ze swoim mi\u0142osierdziem dw\u00f3ch aposto\u0142\u00f3w, Piotra i Judasza, po pierwsze wyja\u015bni\u0142, o co naprawd\u0119 b\u0119dzie chodzi\u0142o w spowiedzi, gdy b\u0119dzie sprawowa\u0142 j\u0105 Ko\u015bci\u00f3\u0142, po drugie za\u015b opowiedzia\u0142, do jakiej relacji z Sob\u0105 chce zaprosi\u0107 ka\u017cdego grzesznika. Druga cz\u0119\u015b\u0107 ksi\u0105\u017cki to sama praktyka zawieraj\u0105ca szczeg\u00f3\u0142owe, a zarazem bardzo przyst\u0119pne i zrozumia\u0142e om\u00f3wienie poszczeg\u00f3lnych warunk\u00f3w spowiedzi, czyli rachunku sumienia, \u017calu, wyznania grzech\u00f3w oraz zado\u015b\u0107uczynienia i pokuty.<\/p>\n<p><strong>Przeczytaj t\u0119 ksi\u0105\u017ck\u0119, je\u015bli szukasz odpowiedzi na pytania:<\/strong><\/p>\n<ul>\n<li>Jak odr\u00f3\u017cni\u0107 grzechy ci\u0119\u017ckie i lekkie?<\/li>\n<li>Z czego nie wolno si\u0119 spowiada\u0107?<\/li>\n<li>Czym jest grzech przeciwko Duchowi \u015awi\u0119temu?<\/li>\n<li>Kt\u00f3re grzechy wo\u0142aj\u0105 o pomst\u0119 do nieba?<\/li>\n<li>Jak cz\u0119sto, gdzie, kiedy i u kogo si\u0119 spowiada\u0107?<\/li>\n<li>Dla kogo jest spowied\u017a generalna?<\/li>\n<li>Jak si\u0119 dobrze wyspowiada\u0107?<\/li>\n<li>Kiedy nie mo\u017cna dosta\u0107 rozgrzeszenia?<\/li>\n<li>Do czego potrzebna jest nam pokuta?<\/li>\n<li>Jaka jest r\u00f3\u017cnica mi\u0119dzy sta\u0142ym spowiednikiem a kierownikiem duchowym?<\/li>\n<li>Po co si\u0119 spowiada\u0107 ksi\u0119dzu, skoro mo\u017cna spowiada\u0107 si\u0119 Bogu?<\/li>\n<\/ul>\n<p>Nielimitowany u\u017cytek w\u0142asny, kopiowanie i udost\u0119pnianie zabronione.<\/p>\n<p style=\"text-align: center;\"><strong>Ca\u0142kowity doch\u00f3d ze sprzeda\u017cy w sklepie Malak przeznaczony jest\u00a0<\/strong><strong>na dzia\u0142ania i pomoc charytatywn\u0105\u00a0<\/strong><strong>realizowan\u0105 przez\u00a0<a href=\"https:\/\/fundacjamalak.pl\/\">Fundacj\u0119 Malak<\/a>.<\/strong><\/p>\n","protected":false},"excerpt":{"rendered":"<p>Ksi\u0105\u017cka to teoretyczny i praktyczny przewodnik po do\u015b\u0107 nie\u0142atwym dla wielu Sakramencie Pokuty i Pojednania. O. Adam Szustak OP w prosty, konkretny, ale i\u00a0oryginalny spos\u00f3b mierzy si\u0119 w tej publikacji z r\u00f3\u017cnymi w\u0105tpliwo\u015bciami, niejasno\u015bciami, l\u0119kami i uprzedzeniami, kt\u00f3re z czasem naros\u0142y wok\u00f3\u0142 spowiedzi. Jednocze\u015bnie jednak z niesamowit\u0105 wyrazisto\u015bci\u0105 ukazuje spowied\u017a jako jeden z najbardziej dotykalnych \u015blad\u00f3w Boga w Ko\u015bciele, pewnik\u00f3w Jego obecno\u015bci i najlepszy przyk\u0142ad Jego wszechmocy.<\/p>\n<p><span style=\"color: #ffcc00;\"><strong>Ksi\u0105\u017cka w wersji plik\u00f3w cyfrowych EBOOK (mobi oraz epub).<\/strong><\/span><\/p>\n","protected":false},"featured_media":4939,"template":"","meta":{"_acf_changed":false},"product_brand":[],"product_cat":[69,68,114],"product_tag":[],"class_list":{"0":"post-4403","1":"product","2":"type-product","3":"status-publish","4":"has-post-thumbnail","6":"product_cat-adam-szustak-op","7":"product_cat-ksiazki","8":"product_cat-ebooki","10":"first","11":"instock","12":"taxable","13":"shipping-taxable","14":"purchasable","15":"product-type-variable","16":"has-default-attributes"},"acf":[],"yoast_head":"<!-- This site is optimized with the Yoast SEO plugin v27.1.1 - https:\/\/yoast.com\/product\/yoast-seo-wordpress\/ -->\n<title>Spowied\u017a. Instrukcja obs\u0142ugi - Adam Szustak OP \/\/ EBOOK - Sklep Malak<\/title>\n<meta name=\"robots\" content=\"index, follow, max-snippet:-1, max-image-preview:large, max-video-preview:-1\" \/>\n<link rel=\"canonical\" href=\"https:\/\/fundacjamalak.pl\/sklep\/produkt\/ksiazki\/spowiedz-instrukcja-obslugi-adam-szustak-op-ebook\/\" \/>\n<meta property=\"og:locale\" content=\"pl_PL\" \/>\n<meta property=\"og:type\" content=\"article\" \/>\n<meta property=\"og:title\" content=\"Spowied\u017a. Instrukcja obs\u0142ugi - Adam Szustak OP \/\/ EBOOK - Sklep Malak\" \/>\n<meta property=\"og:description\" content=\"Ksi\u0105\u017cka to teoretyczny i praktyczny przewodnik po do\u015b\u0107 nie\u0142atwym dla wielu Sakramencie Pokuty i Pojednania. O. Adam Szustak OP w prosty, konkretny, ale i\u00a0oryginalny spos\u00f3b mierzy si\u0119 w tej publikacji z r\u00f3\u017cnymi w\u0105tpliwo\u015bciami, niejasno\u015bciami, l\u0119kami i uprzedzeniami, kt\u00f3re z czasem naros\u0142y wok\u00f3\u0142 spowiedzi. Jednocze\u015bnie jednak z niesamowit\u0105 wyrazisto\u015bci\u0105 ukazuje spowied\u017a jako jeden z najbardziej dotykalnych \u015blad\u00f3w Boga w Ko\u015bciele, pewnik\u00f3w Jego obecno\u015bci i najlepszy przyk\u0142ad Jego wszechmocy.  Ksi\u0105\u017cka w wersji plik\u00f3w cyfrowych EBOOK (mobi oraz epub).\" \/>\n<meta property=\"og:url\" content=\"https:\/\/fundacjamalak.pl\/sklep\/produkt\/ksiazki\/spowiedz-instrukcja-obslugi-adam-szustak-op-ebook\/\" \/>\n<meta property=\"og:site_name\" content=\"Sklep Malak\" \/>\n<meta property=\"article:publisher\" content=\"https:\/\/www.facebook.com\/FundacjaMalak\" \/>\n<meta property=\"article:modified_time\" content=\"2026-04-18T21:55:51+00:00\" \/>\n<meta property=\"og:image\" content=\"https:\/\/fundacjamalak.pl\/sklep\/wp-content\/uploads\/2023\/10\/Spowiedz-instrukcja-obslugi-ebook-Adam-Szustak-OP-new.png\" \/>\n\t<meta property=\"og:image:width\" content=\"1280\" \/>\n\t<meta property=\"og:image:height\" content=\"1588\" \/>\n\t<meta property=\"og:image:type\" content=\"image\/png\" \/>\n<meta name=\"twitter:card\" content=\"summary_large_image\" \/>\n<meta name=\"twitter:label1\" content=\"Szacowany czas czytania\" \/>\n\t<meta name=\"twitter:data1\" content=\"2 minuty\" \/>\n<script type=\"application\/ld+json\" class=\"yoast-schema-graph\">{\"@context\":\"https:\/\/schema.org\",\"@graph\":[{\"@type\":\"WebPage\",\"@id\":\"https:\/\/fundacjamalak.pl\/sklep\/produkt\/ksiazki\/spowiedz-instrukcja-obslugi-adam-szustak-op-ebook\/\",\"url\":\"https:\/\/fundacjamalak.pl\/sklep\/produkt\/ksiazki\/spowiedz-instrukcja-obslugi-adam-szustak-op-ebook\/\",\"name\":\"Spowied\u017a. Instrukcja obs\u0142ugi - Adam Szustak OP \/\/ EBOOK - Sklep Malak\",\"isPartOf\":{\"@id\":\"https:\/\/sklepmalak.pl\/#website\"},\"primaryImageOfPage\":{\"@id\":\"https:\/\/fundacjamalak.pl\/sklep\/produkt\/ksiazki\/spowiedz-instrukcja-obslugi-adam-szustak-op-ebook\/#primaryimage\"},\"image\":{\"@id\":\"https:\/\/fundacjamalak.pl\/sklep\/produkt\/ksiazki\/spowiedz-instrukcja-obslugi-adam-szustak-op-ebook\/#primaryimage\"},\"thumbnailUrl\":\"https:\/\/fundacjamalak.pl\/sklep\/wp-content\/uploads\/2023\/10\/Spowiedz-instrukcja-obslugi-ebook-Adam-Szustak-OP-new.png\",\"datePublished\":\"2023-08-09T16:17:06+00:00\",\"dateModified\":\"2026-04-18T21:55:51+00:00\",\"breadcrumb\":{\"@id\":\"https:\/\/fundacjamalak.pl\/sklep\/produkt\/ksiazki\/spowiedz-instrukcja-obslugi-adam-szustak-op-ebook\/#breadcrumb\"},\"inLanguage\":\"pl-PL\",\"potentialAction\":[{\"@type\":\"ReadAction\",\"target\":[\"https:\/\/fundacjamalak.pl\/sklep\/produkt\/ksiazki\/spowiedz-instrukcja-obslugi-adam-szustak-op-ebook\/\"]}]},{\"@type\":\"ImageObject\",\"inLanguage\":\"pl-PL\",\"@id\":\"https:\/\/fundacjamalak.pl\/sklep\/produkt\/ksiazki\/spowiedz-instrukcja-obslugi-adam-szustak-op-ebook\/#primaryimage\",\"url\":\"https:\/\/fundacjamalak.pl\/sklep\/wp-content\/uploads\/2023\/10\/Spowiedz-instrukcja-obslugi-ebook-Adam-Szustak-OP-new.png\",\"contentUrl\":\"https:\/\/fundacjamalak.pl\/sklep\/wp-content\/uploads\/2023\/10\/Spowiedz-instrukcja-obslugi-ebook-Adam-Szustak-OP-new.png\",\"width\":1280,\"height\":1588},{\"@type\":\"BreadcrumbList\",\"@id\":\"https:\/\/fundacjamalak.pl\/sklep\/produkt\/ksiazki\/spowiedz-instrukcja-obslugi-adam-szustak-op-ebook\/#breadcrumb\",\"itemListElement\":[{\"@type\":\"ListItem\",\"position\":1,\"name\":\"Strona g\u0142\u00f3wna\",\"item\":\"https:\/\/sklepmalak.pl\/\"},{\"@type\":\"ListItem\",\"position\":2,\"name\":\"Sklep\",\"item\":\"https:\/\/sklepmalak.pl\/\"},{\"@type\":\"ListItem\",\"position\":3,\"name\":\"Spowied\u017a. Instrukcja obs\u0142ugi &#8211; Adam Szustak OP \/\/ EBOOK\"}]},{\"@type\":\"WebSite\",\"@id\":\"https:\/\/sklepmalak.pl\/#website\",\"url\":\"https:\/\/sklepmalak.pl\/\",\"name\":\"Sklep Malak\",\"description\":\"Nie ma zwyk\u0142ych chwil!\",\"publisher\":{\"@id\":\"https:\/\/sklepmalak.pl\/#organization\"},\"potentialAction\":[{\"@type\":\"SearchAction\",\"target\":{\"@type\":\"EntryPoint\",\"urlTemplate\":\"https:\/\/sklepmalak.pl\/?s={search_term_string}\"},\"query-input\":{\"@type\":\"PropertyValueSpecification\",\"valueRequired\":true,\"valueName\":\"search_term_string\"}}],\"inLanguage\":\"pl-PL\"},{\"@type\":\"Organization\",\"@id\":\"https:\/\/sklepmalak.pl\/#organization\",\"name\":\"Sklep Malak\",\"alternateName\":\"Sklep Fundacji Malak\",\"url\":\"https:\/\/sklepmalak.pl\/\",\"logo\":{\"@type\":\"ImageObject\",\"inLanguage\":\"pl-PL\",\"@id\":\"https:\/\/sklepmalak.pl\/#\/schema\/logo\/image\/\",\"url\":\"https:\/\/fundacjamalak.pl\/sklep\/wp-content\/uploads\/2023\/09\/logo.malak-14-2.png\",\"contentUrl\":\"https:\/\/fundacjamalak.pl\/sklep\/wp-content\/uploads\/2023\/09\/logo.malak-14-2.png\",\"width\":355,\"height\":355,\"caption\":\"Sklep Malak\"},\"image\":{\"@id\":\"https:\/\/sklepmalak.pl\/#\/schema\/logo\/image\/\"},\"sameAs\":[\"https:\/\/www.facebook.com\/FundacjaMalak\",\"https:\/\/www.instagram.com\/fundacjamalak\"]}]}<\/script>\n<!-- \/ Yoast SEO plugin. -->","yoast_head_json":{"title":"Spowied\u017a. Instrukcja obs\u0142ugi - Adam Szustak OP \/\/ EBOOK - Sklep Malak","robots":{"index":"index","follow":"follow","max-snippet":"max-snippet:-1","max-image-preview":"max-image-preview:large","max-video-preview":"max-video-preview:-1"},"canonical":"https:\/\/fundacjamalak.pl\/sklep\/produkt\/ksiazki\/spowiedz-instrukcja-obslugi-adam-szustak-op-ebook\/","og_locale":"pl_PL","og_type":"article","og_title":"Spowied\u017a. Instrukcja obs\u0142ugi - Adam Szustak OP \/\/ EBOOK - Sklep Malak","og_description":"Ksi\u0105\u017cka to teoretyczny i praktyczny przewodnik po do\u015b\u0107 nie\u0142atwym dla wielu Sakramencie Pokuty i Pojednania. O. Adam Szustak OP w prosty, konkretny, ale i\u00a0oryginalny spos\u00f3b mierzy si\u0119 w tej publikacji z r\u00f3\u017cnymi w\u0105tpliwo\u015bciami, niejasno\u015bciami, l\u0119kami i uprzedzeniami, kt\u00f3re z czasem naros\u0142y wok\u00f3\u0142 spowiedzi. Jednocze\u015bnie jednak z niesamowit\u0105 wyrazisto\u015bci\u0105 ukazuje spowied\u017a jako jeden z najbardziej dotykalnych \u015blad\u00f3w Boga w Ko\u015bciele, pewnik\u00f3w Jego obecno\u015bci i najlepszy przyk\u0142ad Jego wszechmocy.  Ksi\u0105\u017cka w wersji plik\u00f3w cyfrowych EBOOK (mobi oraz epub).","og_url":"https:\/\/fundacjamalak.pl\/sklep\/produkt\/ksiazki\/spowiedz-instrukcja-obslugi-adam-szustak-op-ebook\/","og_site_name":"Sklep Malak","article_publisher":"https:\/\/www.facebook.com\/FundacjaMalak","article_modified_time":"2026-04-18T21:55:51+00:00","og_image":[{"width":1280,"height":1588,"url":"https:\/\/fundacjamalak.pl\/sklep\/wp-content\/uploads\/2023\/10\/Spowiedz-instrukcja-obslugi-ebook-Adam-Szustak-OP-new.png","type":"image\/png"}],"twitter_card":"summary_large_image","twitter_misc":{"Szacowany czas czytania":"2 minuty"},"schema":{"@context":"https:\/\/schema.org","@graph":[{"@type":"WebPage","@id":"https:\/\/fundacjamalak.pl\/sklep\/produkt\/ksiazki\/spowiedz-instrukcja-obslugi-adam-szustak-op-ebook\/","url":"https:\/\/fundacjamalak.pl\/sklep\/produkt\/ksiazki\/spowiedz-instrukcja-obslugi-adam-szustak-op-ebook\/","name":"Spowied\u017a. Instrukcja obs\u0142ugi - Adam Szustak OP \/\/ EBOOK - Sklep Malak","isPartOf":{"@id":"https:\/\/sklepmalak.pl\/#website"},"primaryImageOfPage":{"@id":"https:\/\/fundacjamalak.pl\/sklep\/produkt\/ksiazki\/spowiedz-instrukcja-obslugi-adam-szustak-op-ebook\/#primaryimage"},"image":{"@id":"https:\/\/fundacjamalak.pl\/sklep\/produkt\/ksiazki\/spowiedz-instrukcja-obslugi-adam-szustak-op-ebook\/#primaryimage"},"thumbnailUrl":"https:\/\/fundacjamalak.pl\/sklep\/wp-content\/uploads\/2023\/10\/Spowiedz-instrukcja-obslugi-ebook-Adam-Szustak-OP-new.png","datePublished":"2023-08-09T16:17:06+00:00","dateModified":"2026-04-18T21:55:51+00:00","breadcrumb":{"@id":"https:\/\/fundacjamalak.pl\/sklep\/produkt\/ksiazki\/spowiedz-instrukcja-obslugi-adam-szustak-op-ebook\/#breadcrumb"},"inLanguage":"pl-PL","potentialAction":[{"@type":"ReadAction","target":["https:\/\/fundacjamalak.pl\/sklep\/produkt\/ksiazki\/spowiedz-instrukcja-obslugi-adam-szustak-op-ebook\/"]}]},{"@type":"ImageObject","inLanguage":"pl-PL","@id":"https:\/\/fundacjamalak.pl\/sklep\/produkt\/ksiazki\/spowiedz-instrukcja-obslugi-adam-szustak-op-ebook\/#primaryimage","url":"https:\/\/fundacjamalak.pl\/sklep\/wp-content\/uploads\/2023\/10\/Spowiedz-instrukcja-obslugi-ebook-Adam-Szustak-OP-new.png","contentUrl":"https:\/\/fundacjamalak.pl\/sklep\/wp-content\/uploads\/2023\/10\/Spowiedz-instrukcja-obslugi-ebook-Adam-Szustak-OP-new.png","width":1280,"height":1588},{"@type":"BreadcrumbList","@id":"https:\/\/fundacjamalak.pl\/sklep\/produkt\/ksiazki\/spowiedz-instrukcja-obslugi-adam-szustak-op-ebook\/#breadcrumb","itemListElement":[{"@type":"ListItem","position":1,"name":"Strona g\u0142\u00f3wna","item":"https:\/\/sklepmalak.pl\/"},{"@type":"ListItem","position":2,"name":"Sklep","item":"https:\/\/sklepmalak.pl\/"},{"@type":"ListItem","position":3,"name":"Spowied\u017a. Instrukcja obs\u0142ugi &#8211; Adam Szustak OP \/\/ EBOOK"}]},{"@type":"WebSite","@id":"https:\/\/sklepmalak.pl\/#website","url":"https:\/\/sklepmalak.pl\/","name":"Sklep Malak","description":"Nie ma zwyk\u0142ych chwil!","publisher":{"@id":"https:\/\/sklepmalak.pl\/#organization"},"potentialAction":[{"@type":"SearchAction","target":{"@type":"EntryPoint","urlTemplate":"https:\/\/sklepmalak.pl\/?s={search_term_string}"},"query-input":{"@type":"PropertyValueSpecification","valueRequired":true,"valueName":"search_term_string"}}],"inLanguage":"pl-PL"},{"@type":"Organization","@id":"https:\/\/sklepmalak.pl\/#organization","name":"Sklep Malak","alternateName":"Sklep Fundacji Malak","url":"https:\/\/sklepmalak.pl\/","logo":{"@type":"ImageObject","inLanguage":"pl-PL","@id":"https:\/\/sklepmalak.pl\/#\/schema\/logo\/image\/","url":"https:\/\/fundacjamalak.pl\/sklep\/wp-content\/uploads\/2023\/09\/logo.malak-14-2.png","contentUrl":"https:\/\/fundacjamalak.pl\/sklep\/wp-content\/uploads\/2023\/09\/logo.malak-14-2.png","width":355,"height":355,"caption":"Sklep Malak"},"image":{"@id":"https:\/\/sklepmalak.pl\/#\/schema\/logo\/image\/"},"sameAs":["https:\/\/www.facebook.com\/FundacjaMalak","https:\/\/www.instagram.com\/fundacjamalak"]}]}},"_links":{"self":[{"href":"https:\/\/fundacjamalak.pl\/sklep\/wp-json\/wp\/v2\/product\/4403","targetHints":{"allow":["GET"]}}],"collection":[{"href":"https:\/\/fundacjamalak.pl\/sklep\/wp-json\/wp\/v2\/product"}],"about":[{"href":"https:\/\/fundacjamalak.pl\/sklep\/wp-json\/wp\/v2\/types\/product"}],"wp:featuredmedia":[{"embeddable":true,"href":"https:\/\/fundacjamalak.pl\/sklep\/wp-json\/wp\/v2\/media\/4939"}],"wp:attachment":[{"href":"https:\/\/fundacjamalak.pl\/sklep\/wp-json\/wp\/v2\/media?parent=4403"}],"wp:term":[{"taxonomy":"product_brand","embeddable":true,"href":"https:\/\/fundacjamalak.pl\/sklep\/wp-json\/wp\/v2\/product_brand?post=4403"},{"taxonomy":"product_cat","embeddable":true,"href":"https:\/\/fundacjamalak.pl\/sklep\/wp-json\/wp\/v2\/product_cat?post=4403"},{"taxonomy":"product_tag","embeddable":true,"href":"https:\/\/fundacjamalak.pl\/sklep\/wp-json\/wp\/v2\/product_tag?post=4403"}],"curies":[{"name":"wp","href":"https:\/\/api.w.org\/{rel}","templated":true}]}}