{"id":4405,"date":"2023-08-09T18:17:07","date_gmt":"2023-08-09T16:17:07","guid":{"rendered":"https:\/\/sklep.fundacjamalak.pl\/sklep\/bez-kategorii\/eucharystia-instrukcja-obslugi-adam-szustak-op-ebook\/"},"modified":"2026-04-18T23:55:50","modified_gmt":"2026-04-18T21:55:50","slug":"eucharystia-instrukcja-obslugi-adam-szustak-op-ebook","status":"publish","type":"product","link":"https:\/\/fundacjamalak.pl\/sklep\/produkt\/ksiazki\/eucharystia-instrukcja-obslugi-adam-szustak-op-ebook\/","title":{"rendered":"Eucharystia. Instrukcja obs\u0142ugi &#8211; Adam Szustak OP \/\/ EBOOK"},"content":{"rendered":"<p style=\"text-align: center;\"><strong>\u00a0Eucharystia<span class=\"page-name\">. Instrukcja obs\u0142ugi &#8211; Adam Szustak OP<\/span><\/strong><\/p>\n<p style=\"text-align: center;\"><span style=\"color: #ffcc00;\"><strong>Ksi\u0105\u017cka w wersji plik\u00f3w cyfrowych EBOOK (mobi oraz epub).<\/strong><\/span><\/p>\n<p><strong>Ksi\u0105\u017cka w formie ebooka<\/strong> to nietypowy podr\u0119cznik, w kt\u00f3rym o. Adam Szustak OP krok po kroku opisuje i wyja\u015bnia poszczeg\u00f3lne elementy Mszy \u015awi\u0119tej. W prosty, ale jednocze\u015bnie oryginalny spos\u00f3b daje cenne wskaz\u00f3wki, jak prze\u017cywa\u0107 ten niezwykle wa\u017cny dla chrze\u015bcijan sakrament.\u00a0<strong>Przywo\u0142uj\u0105c historyczne i kulturowe ciekawostki, autor pomaga zrozumie\u0107 gesty oraz symbole eucharystyczne,<\/strong>\u00a0a si\u0119gaj\u0105c do mniej lub bardziej znanych fragment\u00f3w Biblii, ukazuje, jak poszerzy\u0107 w\u0142asn\u0105 perspektyw\u0119 postrzegania poszczeg\u00f3lnych cz\u0119\u015bci Mszy.<\/p>\n<p>\u201e<em>Eucharystia. Instrukcja obs\u0142ugi<\/em>\u201d dzieli si\u0119 na\u00a0<strong>dwie cz\u0119\u015bci<\/strong>\u00a0\u2014 teoretyczn\u0105 i praktyczn\u0105. Pierwsza z nich nie jest jednak, jak mo\u017cna by przypuszcza\u0107, teologicznym wyk\u0142adem o Mszy, ale raczej opowiada o tym,\u00a0<strong>jak przygotowa\u0107 swoje serce na spotkanie Boga przychodz\u0105cego w tym sakramencie<\/strong>. Druga cz\u0119\u015b\u0107 to szczeg\u00f3\u0142owy\u00a0<strong>opis wszystkich element\u00f3w Eucharystii,<\/strong>\u00a0od obrz\u0119d\u00f3w wst\u0119pnych, przez liturgi\u0119 s\u0142owa, liturgi\u0119 eucharystyczn\u0105, a\u017c po obrz\u0119dy zako\u0144czenia. Ponadto cz\u0119\u015b\u0107 praktyczna zawiera\u00a0<strong>odpowiedzi na cz\u0119sto nurtuj\u0105ce wielu z nas pytania<\/strong>\u00a0na przyk\u0142ad o to, jak si\u0119 ubra\u0107 do ko\u015bcio\u0142a, ile razy w ci\u0105gu dnia mo\u017cna przyj\u0105\u0107 Komuni\u0119 oraz czy trzeba dawa\u0107 na tac\u0119.<\/p>\n<p>Jest to publikacja, kt\u00f3ra nie tylko pozwala lepiej pozna\u0107 Msz\u0119 i ze zrozumieniem wnikn\u0105\u0107 w jej tajemnice, ale kt\u00f3ra r\u00f3wnie\u017c mo\u017ce sta\u0107 si\u0119 drog\u0105 do\u00a0<strong>do\u015bwiadczania w \u017cyciu codziennym niezwyk\u0142ej mocy Eucharystii<\/strong>. Warto wi\u0119c, by si\u0119gn\u0119li po ni\u0105 zar\u00f3wno ci, kt\u00f3rzy dopiero zaczynaj\u0105 przygod\u0119 z tym sakramentem, jak i ci, kt\u00f3rzy pragn\u0105 pog\u0142\u0119bi\u0107 uczestnictwo w nim, a tak\u017ce wszyscy, kt\u00f3rzy na w\u0142asnej sk\u00f3rze (duszy) chc\u0105 przekona\u0107 si\u0119, co znaczy, \u017ce Eucharystia jest \u017ar\u00f3d\u0142em i szczytem wszystkiego w nas.<\/p>\n<p><strong>Przeczytaj t\u0119 ksi\u0105\u017ck\u0119, je\u015bli szukasz odpowiedzi na pytania:<\/strong><\/p>\n<p>Jak si\u0119 ubra\u0107 do ko\u015bcio\u0142a?<\/p>\n<p>Czym si\u0119 r\u00f3\u017cni kazanie od homilii?<\/p>\n<p>Jak przyjmowa\u0107 Komuni\u0119 \u2014 na r\u0119k\u0119 czy do ust?<\/p>\n<p>Czy trzeba dawa\u0107 na tac\u0119?<\/p>\n<p>Czym jest Komunia duchowa?<\/p>\n<p>Co to s\u0105 msze gregoria\u0144skie?<\/p>\n<p>Dlaczego nie mo\u017cna zamienia\u0107 czyta\u0144 mszalnych na fragmenty \u201eMa\u0142ego Ksi\u0119cia\u201d?<\/p>\n<p>Czy kobiety podczas modlitwy przed Komuni\u0105 \u015awi\u0119t\u0105 powinny m\u00f3wi\u0107:\u00a0<em>Panie, nie jestem godna<\/em>?<\/p>\n<p>Jak nale\u017cy si\u0119 zachowa\u0107, gdy Cia\u0142o Pa\u0144skie upadnie na ziemi\u0119?<\/p>\n<p>Ile mo\u017cna si\u0119 sp\u00f3\u017ani\u0107 na Msz\u0119?<\/p>\n<p>Nielimitowany u\u017cytek w\u0142asny, kopiowanie i udost\u0119pnianie zabronione.<\/p>\n<p style=\"text-align: center;\"><strong>Ca\u0142kowity doch\u00f3d ze sprzeda\u017cy w sklepie Malak przeznaczony jest\u00a0<\/strong><strong>na dzia\u0142ania i pomoc charytatywn\u0105\u00a0<\/strong><strong>realizowan\u0105 przez\u00a0<a href=\"https:\/\/fundacjamalak.pl\/\">Fundacj\u0119 Malak<\/a>.<\/strong><\/p>\n","protected":false},"excerpt":{"rendered":"<p><strong>Ksi\u0105\u017cka w formie ebooka<\/strong> to nietypowy podr\u0119cznik, w kt\u00f3rym o. Adam Szustak OP krok po kroku opisuje i wyja\u015bnia poszczeg\u00f3lne elementy Mszy \u015awi\u0119tej. W prosty, ale jednocze\u015bnie oryginalny spos\u00f3b daje cenne wskaz\u00f3wki, jak prze\u017cywa\u0107 ten niezwykle wa\u017cny dla chrze\u015bcijan sakrament.\u00a0Przywo\u0142uj\u0105c historyczne i kulturowe ciekawostki, autor pomaga zrozumie\u0107 gesty oraz symbole eucharystyczne<strong>,<\/strong>\u00a0a si\u0119gaj\u0105c do mniej lub bardziej znanych fragment\u00f3w Biblii, ukazuje, jak poszerzy\u0107 w\u0142asn\u0105 perspektyw\u0119 postrzegania poszczeg\u00f3lnych cz\u0119\u015bci Mszy.<\/p>\n<p><span style=\"color: #ffcc00;\"><strong>Ksi\u0105\u017cka w wersji plik\u00f3w cyfrowych EBOOK (mobi oraz epub).<\/strong><\/span><\/p>\n","protected":false},"featured_media":4937,"template":"","meta":{"_acf_changed":false},"product_brand":[],"product_cat":[69,68,114],"product_tag":[57,64,65],"class_list":{"0":"post-4405","1":"product","2":"type-product","3":"status-publish","4":"has-post-thumbnail","6":"product_cat-adam-szustak-op","7":"product_cat-ksiazki","8":"product_cat-ebooki","9":"product_tag-adam-szustak-op","10":"product_tag-eucharystia","11":"product_tag-instrukcja-obslugi","13":"first","14":"instock","15":"taxable","16":"shipping-taxable","17":"purchasable","18":"product-type-variable","19":"has-default-attributes"},"acf":[],"yoast_head":"<!-- This site is optimized with the Yoast SEO plugin v27.1.1 - https:\/\/yoast.com\/product\/yoast-seo-wordpress\/ -->\n<title>Eucharystia. Instrukcja obs\u0142ugi - Adam Szustak OP \/\/ EBOOK - Sklep Malak<\/title>\n<meta name=\"robots\" content=\"index, follow, max-snippet:-1, max-image-preview:large, max-video-preview:-1\" \/>\n<link rel=\"canonical\" href=\"https:\/\/fundacjamalak.pl\/sklep\/produkt\/ksiazki\/eucharystia-instrukcja-obslugi-adam-szustak-op-ebook\/\" \/>\n<meta property=\"og:locale\" content=\"pl_PL\" \/>\n<meta property=\"og:type\" content=\"article\" \/>\n<meta property=\"og:title\" content=\"Eucharystia. Instrukcja obs\u0142ugi - Adam Szustak OP \/\/ EBOOK - Sklep Malak\" \/>\n<meta property=\"og:description\" content=\"Ksi\u0105\u017cka w formie ebooka to nietypowy podr\u0119cznik, w kt\u00f3rym o. Adam Szustak OP krok po kroku opisuje i wyja\u015bnia poszczeg\u00f3lne elementy Mszy \u015awi\u0119tej. W prosty, ale jednocze\u015bnie oryginalny spos\u00f3b daje cenne wskaz\u00f3wki, jak prze\u017cywa\u0107 ten niezwykle wa\u017cny dla chrze\u015bcijan sakrament.\u00a0Przywo\u0142uj\u0105c historyczne i kulturowe ciekawostki, autor pomaga zrozumie\u0107 gesty oraz symbole eucharystyczne,\u00a0a si\u0119gaj\u0105c do mniej lub bardziej znanych fragment\u00f3w Biblii, ukazuje, jak poszerzy\u0107 w\u0142asn\u0105 perspektyw\u0119 postrzegania poszczeg\u00f3lnych cz\u0119\u015bci Mszy.  Ksi\u0105\u017cka w wersji plik\u00f3w cyfrowych EBOOK (mobi oraz epub).\" \/>\n<meta property=\"og:url\" content=\"https:\/\/fundacjamalak.pl\/sklep\/produkt\/ksiazki\/eucharystia-instrukcja-obslugi-adam-szustak-op-ebook\/\" \/>\n<meta property=\"og:site_name\" content=\"Sklep Malak\" \/>\n<meta property=\"article:publisher\" content=\"https:\/\/www.facebook.com\/FundacjaMalak\" \/>\n<meta property=\"article:modified_time\" content=\"2026-04-18T21:55:50+00:00\" \/>\n<meta property=\"og:image\" content=\"https:\/\/fundacjamalak.pl\/sklep\/wp-content\/uploads\/2023\/10\/Eucharystia-instrukcja-obslugi-ebook-Adam-Szustak-OP-newnew.png\" \/>\n\t<meta property=\"og:image:width\" content=\"1280\" \/>\n\t<meta property=\"og:image:height\" content=\"1588\" \/>\n\t<meta property=\"og:image:type\" content=\"image\/png\" \/>\n<meta name=\"twitter:card\" content=\"summary_large_image\" \/>\n<meta name=\"twitter:label1\" content=\"Szacowany czas czytania\" \/>\n\t<meta name=\"twitter:data1\" content=\"3 minuty\" \/>\n<script type=\"application\/ld+json\" class=\"yoast-schema-graph\">{\"@context\":\"https:\/\/schema.org\",\"@graph\":[{\"@type\":\"WebPage\",\"@id\":\"https:\/\/fundacjamalak.pl\/sklep\/produkt\/ksiazki\/eucharystia-instrukcja-obslugi-adam-szustak-op-ebook\/\",\"url\":\"https:\/\/fundacjamalak.pl\/sklep\/produkt\/ksiazki\/eucharystia-instrukcja-obslugi-adam-szustak-op-ebook\/\",\"name\":\"Eucharystia. Instrukcja obs\u0142ugi - Adam Szustak OP \/\/ EBOOK - Sklep Malak\",\"isPartOf\":{\"@id\":\"https:\/\/sklepmalak.pl\/#website\"},\"primaryImageOfPage\":{\"@id\":\"https:\/\/fundacjamalak.pl\/sklep\/produkt\/ksiazki\/eucharystia-instrukcja-obslugi-adam-szustak-op-ebook\/#primaryimage\"},\"image\":{\"@id\":\"https:\/\/fundacjamalak.pl\/sklep\/produkt\/ksiazki\/eucharystia-instrukcja-obslugi-adam-szustak-op-ebook\/#primaryimage\"},\"thumbnailUrl\":\"https:\/\/fundacjamalak.pl\/sklep\/wp-content\/uploads\/2023\/10\/Eucharystia-instrukcja-obslugi-ebook-Adam-Szustak-OP-newnew.png\",\"datePublished\":\"2023-08-09T16:17:07+00:00\",\"dateModified\":\"2026-04-18T21:55:50+00:00\",\"breadcrumb\":{\"@id\":\"https:\/\/fundacjamalak.pl\/sklep\/produkt\/ksiazki\/eucharystia-instrukcja-obslugi-adam-szustak-op-ebook\/#breadcrumb\"},\"inLanguage\":\"pl-PL\",\"potentialAction\":[{\"@type\":\"ReadAction\",\"target\":[\"https:\/\/fundacjamalak.pl\/sklep\/produkt\/ksiazki\/eucharystia-instrukcja-obslugi-adam-szustak-op-ebook\/\"]}]},{\"@type\":\"ImageObject\",\"inLanguage\":\"pl-PL\",\"@id\":\"https:\/\/fundacjamalak.pl\/sklep\/produkt\/ksiazki\/eucharystia-instrukcja-obslugi-adam-szustak-op-ebook\/#primaryimage\",\"url\":\"https:\/\/fundacjamalak.pl\/sklep\/wp-content\/uploads\/2023\/10\/Eucharystia-instrukcja-obslugi-ebook-Adam-Szustak-OP-newnew.png\",\"contentUrl\":\"https:\/\/fundacjamalak.pl\/sklep\/wp-content\/uploads\/2023\/10\/Eucharystia-instrukcja-obslugi-ebook-Adam-Szustak-OP-newnew.png\",\"width\":1280,\"height\":1588},{\"@type\":\"BreadcrumbList\",\"@id\":\"https:\/\/fundacjamalak.pl\/sklep\/produkt\/ksiazki\/eucharystia-instrukcja-obslugi-adam-szustak-op-ebook\/#breadcrumb\",\"itemListElement\":[{\"@type\":\"ListItem\",\"position\":1,\"name\":\"Strona g\u0142\u00f3wna\",\"item\":\"https:\/\/sklepmalak.pl\/\"},{\"@type\":\"ListItem\",\"position\":2,\"name\":\"Sklep\",\"item\":\"https:\/\/sklepmalak.pl\/\"},{\"@type\":\"ListItem\",\"position\":3,\"name\":\"Eucharystia. Instrukcja obs\u0142ugi &#8211; Adam Szustak OP \/\/ EBOOK\"}]},{\"@type\":\"WebSite\",\"@id\":\"https:\/\/sklepmalak.pl\/#website\",\"url\":\"https:\/\/sklepmalak.pl\/\",\"name\":\"Sklep Malak\",\"description\":\"Nie ma zwyk\u0142ych chwil!\",\"publisher\":{\"@id\":\"https:\/\/sklepmalak.pl\/#organization\"},\"potentialAction\":[{\"@type\":\"SearchAction\",\"target\":{\"@type\":\"EntryPoint\",\"urlTemplate\":\"https:\/\/sklepmalak.pl\/?s={search_term_string}\"},\"query-input\":{\"@type\":\"PropertyValueSpecification\",\"valueRequired\":true,\"valueName\":\"search_term_string\"}}],\"inLanguage\":\"pl-PL\"},{\"@type\":\"Organization\",\"@id\":\"https:\/\/sklepmalak.pl\/#organization\",\"name\":\"Sklep Malak\",\"alternateName\":\"Sklep Fundacji Malak\",\"url\":\"https:\/\/sklepmalak.pl\/\",\"logo\":{\"@type\":\"ImageObject\",\"inLanguage\":\"pl-PL\",\"@id\":\"https:\/\/sklepmalak.pl\/#\/schema\/logo\/image\/\",\"url\":\"https:\/\/fundacjamalak.pl\/sklep\/wp-content\/uploads\/2023\/09\/logo.malak-14-2.png\",\"contentUrl\":\"https:\/\/fundacjamalak.pl\/sklep\/wp-content\/uploads\/2023\/09\/logo.malak-14-2.png\",\"width\":355,\"height\":355,\"caption\":\"Sklep Malak\"},\"image\":{\"@id\":\"https:\/\/sklepmalak.pl\/#\/schema\/logo\/image\/\"},\"sameAs\":[\"https:\/\/www.facebook.com\/FundacjaMalak\",\"https:\/\/www.instagram.com\/fundacjamalak\"]}]}<\/script>\n<!-- \/ Yoast SEO plugin. -->","yoast_head_json":{"title":"Eucharystia. Instrukcja obs\u0142ugi - Adam Szustak OP \/\/ EBOOK - Sklep Malak","robots":{"index":"index","follow":"follow","max-snippet":"max-snippet:-1","max-image-preview":"max-image-preview:large","max-video-preview":"max-video-preview:-1"},"canonical":"https:\/\/fundacjamalak.pl\/sklep\/produkt\/ksiazki\/eucharystia-instrukcja-obslugi-adam-szustak-op-ebook\/","og_locale":"pl_PL","og_type":"article","og_title":"Eucharystia. Instrukcja obs\u0142ugi - Adam Szustak OP \/\/ EBOOK - Sklep Malak","og_description":"Ksi\u0105\u017cka w formie ebooka to nietypowy podr\u0119cznik, w kt\u00f3rym o. Adam Szustak OP krok po kroku opisuje i wyja\u015bnia poszczeg\u00f3lne elementy Mszy \u015awi\u0119tej. W prosty, ale jednocze\u015bnie oryginalny spos\u00f3b daje cenne wskaz\u00f3wki, jak prze\u017cywa\u0107 ten niezwykle wa\u017cny dla chrze\u015bcijan sakrament.\u00a0Przywo\u0142uj\u0105c historyczne i kulturowe ciekawostki, autor pomaga zrozumie\u0107 gesty oraz symbole eucharystyczne,\u00a0a si\u0119gaj\u0105c do mniej lub bardziej znanych fragment\u00f3w Biblii, ukazuje, jak poszerzy\u0107 w\u0142asn\u0105 perspektyw\u0119 postrzegania poszczeg\u00f3lnych cz\u0119\u015bci Mszy.  Ksi\u0105\u017cka w wersji plik\u00f3w cyfrowych EBOOK (mobi oraz epub).","og_url":"https:\/\/fundacjamalak.pl\/sklep\/produkt\/ksiazki\/eucharystia-instrukcja-obslugi-adam-szustak-op-ebook\/","og_site_name":"Sklep Malak","article_publisher":"https:\/\/www.facebook.com\/FundacjaMalak","article_modified_time":"2026-04-18T21:55:50+00:00","og_image":[{"width":1280,"height":1588,"url":"https:\/\/fundacjamalak.pl\/sklep\/wp-content\/uploads\/2023\/10\/Eucharystia-instrukcja-obslugi-ebook-Adam-Szustak-OP-newnew.png","type":"image\/png"}],"twitter_card":"summary_large_image","twitter_misc":{"Szacowany czas czytania":"3 minuty"},"schema":{"@context":"https:\/\/schema.org","@graph":[{"@type":"WebPage","@id":"https:\/\/fundacjamalak.pl\/sklep\/produkt\/ksiazki\/eucharystia-instrukcja-obslugi-adam-szustak-op-ebook\/","url":"https:\/\/fundacjamalak.pl\/sklep\/produkt\/ksiazki\/eucharystia-instrukcja-obslugi-adam-szustak-op-ebook\/","name":"Eucharystia. Instrukcja obs\u0142ugi - Adam Szustak OP \/\/ EBOOK - Sklep Malak","isPartOf":{"@id":"https:\/\/sklepmalak.pl\/#website"},"primaryImageOfPage":{"@id":"https:\/\/fundacjamalak.pl\/sklep\/produkt\/ksiazki\/eucharystia-instrukcja-obslugi-adam-szustak-op-ebook\/#primaryimage"},"image":{"@id":"https:\/\/fundacjamalak.pl\/sklep\/produkt\/ksiazki\/eucharystia-instrukcja-obslugi-adam-szustak-op-ebook\/#primaryimage"},"thumbnailUrl":"https:\/\/fundacjamalak.pl\/sklep\/wp-content\/uploads\/2023\/10\/Eucharystia-instrukcja-obslugi-ebook-Adam-Szustak-OP-newnew.png","datePublished":"2023-08-09T16:17:07+00:00","dateModified":"2026-04-18T21:55:50+00:00","breadcrumb":{"@id":"https:\/\/fundacjamalak.pl\/sklep\/produkt\/ksiazki\/eucharystia-instrukcja-obslugi-adam-szustak-op-ebook\/#breadcrumb"},"inLanguage":"pl-PL","potentialAction":[{"@type":"ReadAction","target":["https:\/\/fundacjamalak.pl\/sklep\/produkt\/ksiazki\/eucharystia-instrukcja-obslugi-adam-szustak-op-ebook\/"]}]},{"@type":"ImageObject","inLanguage":"pl-PL","@id":"https:\/\/fundacjamalak.pl\/sklep\/produkt\/ksiazki\/eucharystia-instrukcja-obslugi-adam-szustak-op-ebook\/#primaryimage","url":"https:\/\/fundacjamalak.pl\/sklep\/wp-content\/uploads\/2023\/10\/Eucharystia-instrukcja-obslugi-ebook-Adam-Szustak-OP-newnew.png","contentUrl":"https:\/\/fundacjamalak.pl\/sklep\/wp-content\/uploads\/2023\/10\/Eucharystia-instrukcja-obslugi-ebook-Adam-Szustak-OP-newnew.png","width":1280,"height":1588},{"@type":"BreadcrumbList","@id":"https:\/\/fundacjamalak.pl\/sklep\/produkt\/ksiazki\/eucharystia-instrukcja-obslugi-adam-szustak-op-ebook\/#breadcrumb","itemListElement":[{"@type":"ListItem","position":1,"name":"Strona g\u0142\u00f3wna","item":"https:\/\/sklepmalak.pl\/"},{"@type":"ListItem","position":2,"name":"Sklep","item":"https:\/\/sklepmalak.pl\/"},{"@type":"ListItem","position":3,"name":"Eucharystia. Instrukcja obs\u0142ugi &#8211; Adam Szustak OP \/\/ EBOOK"}]},{"@type":"WebSite","@id":"https:\/\/sklepmalak.pl\/#website","url":"https:\/\/sklepmalak.pl\/","name":"Sklep Malak","description":"Nie ma zwyk\u0142ych chwil!","publisher":{"@id":"https:\/\/sklepmalak.pl\/#organization"},"potentialAction":[{"@type":"SearchAction","target":{"@type":"EntryPoint","urlTemplate":"https:\/\/sklepmalak.pl\/?s={search_term_string}"},"query-input":{"@type":"PropertyValueSpecification","valueRequired":true,"valueName":"search_term_string"}}],"inLanguage":"pl-PL"},{"@type":"Organization","@id":"https:\/\/sklepmalak.pl\/#organization","name":"Sklep Malak","alternateName":"Sklep Fundacji Malak","url":"https:\/\/sklepmalak.pl\/","logo":{"@type":"ImageObject","inLanguage":"pl-PL","@id":"https:\/\/sklepmalak.pl\/#\/schema\/logo\/image\/","url":"https:\/\/fundacjamalak.pl\/sklep\/wp-content\/uploads\/2023\/09\/logo.malak-14-2.png","contentUrl":"https:\/\/fundacjamalak.pl\/sklep\/wp-content\/uploads\/2023\/09\/logo.malak-14-2.png","width":355,"height":355,"caption":"Sklep Malak"},"image":{"@id":"https:\/\/sklepmalak.pl\/#\/schema\/logo\/image\/"},"sameAs":["https:\/\/www.facebook.com\/FundacjaMalak","https:\/\/www.instagram.com\/fundacjamalak"]}]}},"_links":{"self":[{"href":"https:\/\/fundacjamalak.pl\/sklep\/wp-json\/wp\/v2\/product\/4405","targetHints":{"allow":["GET"]}}],"collection":[{"href":"https:\/\/fundacjamalak.pl\/sklep\/wp-json\/wp\/v2\/product"}],"about":[{"href":"https:\/\/fundacjamalak.pl\/sklep\/wp-json\/wp\/v2\/types\/product"}],"wp:featuredmedia":[{"embeddable":true,"href":"https:\/\/fundacjamalak.pl\/sklep\/wp-json\/wp\/v2\/media\/4937"}],"wp:attachment":[{"href":"https:\/\/fundacjamalak.pl\/sklep\/wp-json\/wp\/v2\/media?parent=4405"}],"wp:term":[{"taxonomy":"product_brand","embeddable":true,"href":"https:\/\/fundacjamalak.pl\/sklep\/wp-json\/wp\/v2\/product_brand?post=4405"},{"taxonomy":"product_cat","embeddable":true,"href":"https:\/\/fundacjamalak.pl\/sklep\/wp-json\/wp\/v2\/product_cat?post=4405"},{"taxonomy":"product_tag","embeddable":true,"href":"https:\/\/fundacjamalak.pl\/sklep\/wp-json\/wp\/v2\/product_tag?post=4405"}],"curies":[{"name":"wp","href":"https:\/\/api.w.org\/{rel}","templated":true}]}}