{"id":4414,"date":"2023-08-09T18:17:30","date_gmt":"2023-08-09T16:17:30","guid":{"rendered":"https:\/\/sklep.fundacjamalak.pl\/sklep\/bez-kategorii\/akrobatyka-malzenska-adam-szustak-op-ebook\/"},"modified":"2026-04-18T23:55:49","modified_gmt":"2026-04-18T21:55:49","slug":"akrobatyka-malzenska-adam-szustak-op-ebook","status":"publish","type":"product","link":"https:\/\/fundacjamalak.pl\/sklep\/produkt\/ksiazki\/akrobatyka-malzenska-adam-szustak-op-ebook\/","title":{"rendered":"Akrobatyka ma\u0142\u017ce\u0144ska &#8211; Adam Szustak OP \/\/ EBOOK"},"content":{"rendered":"<p style=\"text-align: center;\"><strong>Akrobatyka ma\u0142\u017ce\u0144ska &#8211; Adam Szustak OP<\/strong><\/p>\n<p style=\"text-align: center;\"><span style=\"color: #ffcc00;\"><strong>Ksi\u0105\u017cka w wersji plik\u00f3w cyfrowych EBOOK (mobi oraz epub).<\/strong><\/span><\/p>\n<p><em>Akrobatyka ma\u0142\u017ce\u0144ska<\/em>\u00a0to ksi\u0105\u017cka, w kt\u00f3rej ojciec Adam Szustak OP pr\u00f3buje udowodni\u0107, \u017ce ma\u0142\u017ce\u0144stwo to najprostsza rzecz na \u015bwiecie, poniewa\u017c potrzeba do niej tylko dw\u00f3ch element\u00f3w \u2014 prawdziwego m\u0119\u017cczyzny i prawdziwej kobiety, nic wi\u0119cej. Pos\u0142uguj\u0105c si\u0119 wybranymi fragmentami z Biblii, Autor opowiada o pierwotnym pomy\u015ble Pana Boga na ludzi, a dok\u0142adniej wyja\u015bnia, czym jest to\u017csamo\u015b\u0107 kobiety i m\u0119\u017cczyzny, jakie s\u0105 ich najwi\u0119ksze pragnienia, jakie role powinni pe\u0142ni\u0107 w\u00a0zwi\u0105zku, jak mog\u0105 budowa\u0107 i rozwija\u0107 mi\u0142o\u015b\u0107, a tak\u017ce jak naprawia\u0107 to, co ju\u017c popsu\u0142o si\u0119 mi\u0119dzy nimi.<\/p>\n<p>Ksi\u0105\u017cka powsta\u0142a na podstawie cyklu konferencji, kt\u00f3re ojciec Adam wyg\u0142osi\u0142 w 2015 roku w ramach pierwszego z cyklicznych spotka\u0144 dla narzeczonych, ma\u0142\u017conk\u00f3w i rodzic\u00f3w organizowanych przez Fundacj\u0119 Malak.<\/p>\n<p>\u201e<em>Akrobatyki ma\u0142\u017ce\u0144skiej\u00a0nie warto\u00a0czyta\u0107 tylko dla przyjemno\u015bci, by po jej zamkni\u0119ciu zapomnie\u0107 o\u00a0tym, co si\u0119 przeczyta\u0142o. Ona ma sens tylko wtedy, gdy tre\u015bci w niej zawarte prze\u0142o\u017c\u0105 si\u0119 na konkret&#8221;.<\/em><\/p>\n<p>Adam Szustak OP<\/p>\n<p><strong><strong>Z ksi\u0105\u017cki dowiesz si\u0119:<\/strong><\/strong><\/p>\n<ul>\n<li>Jaki jest pomys\u0142 Pana Boga na kobiet\u0119 i m\u0119\u017cczyzn\u0119?<\/li>\n<li>Co jest \u017cyciow\u0105 misj\u0105 m\u0119\u017cczyzny, a co misj\u0105 kobiety w \u015bwiecie?<\/li>\n<li>Dlaczego tak wiele kobiet poszukuje potwierdzenia swojej warto\u015bci u m\u0119\u017cczyzn?<\/li>\n<li>W czym tkwi najwi\u0119ksza si\u0142a m\u0119\u017cczyzny?<\/li>\n<li>Na czym polega mi\u0142o\u015b\u0107 i jak trzeba j\u0105 zbudowa\u0107?<\/li>\n<li>Jak dogada\u0107 si\u0119 w zwi\u0105zku?<\/li>\n<li>Jak prze\u017cywa\u0107 swoj\u0105 seksualno\u015b\u0107 w ma\u0142\u017ce\u0144stwie?<\/li>\n<\/ul>\n<p><strong>A tak\u017ce:<\/strong><\/p>\n<ul>\n<li>Jak powinno si\u0119 wybiera\u0107 imi\u0119 dla swojego dziecka?<\/li>\n<li>Jak b\u0119dzie wygl\u0105da\u0142 czy\u015bciec dla m\u0119\u017cczyzn?<\/li>\n<li>Jaki jest najprostszy, najszybszy i niezawodny spos\u00f3b doprowadzenia m\u0119\u017cczyzny do alkoholizmu?<\/li>\n<li>Dlaczego Adam milcza\u0142, gdy Ewa rozmawia\u0142a z w\u0119\u017cem?<\/li>\n<li>Dlaczego kobiety tak cz\u0119sto wtr\u0105caj\u0105 si\u0119 w ma\u0142\u017ce\u0144stwa swoich dzieci?<\/li>\n<li>Dlaczego feministki powinny nauczy\u0107 si\u0119 biblijnego hebrajskiego?<\/li>\n<li>Co naprawd\u0119 znacz\u0105 s\u0142owa \u201ea\u017c do \u015bmierci\u201d ze \u015blubnej przysi\u0119gi?<\/li>\n<li>Jakie s\u0142owa nale\u017cy wykre\u015bli\u0107 z relacyjnego s\u0142ownika komunikacji?<\/li>\n<li>Kiedy m\u0119\u017cowi nie wolno p\u00f3j\u015b\u0107 do \u0142\u00f3\u017cka z w\u0142asn\u0105 \u017con\u0105?<\/li>\n<\/ul>\n<p>Nielimitowany u\u017cytek w\u0142asny, kopiowanie i udost\u0119pnianie zabronione.<\/p>\n<p style=\"text-align: left;\"><strong>Ca\u0142kowity doch\u00f3d ze sprzeda\u017cy w sklepie Malak przeznaczony jest <\/strong><strong>na dzia\u0142ania i pomoc charytatywn\u0105 <\/strong><strong>realizowan\u0105 przez <a href=\"https:\/\/fundacjamalak.pl\/\">Fundacj\u0119 Malak<\/a>.<\/strong><\/p>\n","protected":false},"excerpt":{"rendered":"<p>Akrobatyka ma\u0142\u017ce\u0144ska\u00a0to ksi\u0105\u017cka, w kt\u00f3rej ojciec Adam Szustak OP pr\u00f3buje udowodni\u0107, \u017ce ma\u0142\u017ce\u0144stwo to najprostsza rzecz na \u015bwiecie, poniewa\u017c potrzeba do niej tylko dw\u00f3ch element\u00f3w \u2014 prawdziwego m\u0119\u017cczyzny i prawdziwej kobiety, nic wi\u0119cej.<\/p>\n<p><span style=\"color: #ffcc00;\"><strong>Ksi\u0105\u017cka w wersji plik\u00f3w cyfrowych EBOOK (mobi oraz epub).<\/strong><\/span><\/p>\n","protected":false},"featured_media":4895,"template":"","meta":{"_acf_changed":false},"product_brand":[],"product_cat":[69,68,114],"product_tag":[57,106,63,105,81,60],"class_list":{"0":"post-4414","1":"product","2":"type-product","3":"status-publish","4":"has-post-thumbnail","6":"product_cat-adam-szustak-op","7":"product_cat-ksiazki","8":"product_cat-ebooki","9":"product_tag-adam-szustak-op","10":"product_tag-kryzysy","11":"product_tag-malzenstwo","12":"product_tag-relacje","13":"product_tag-rozwoj","14":"product_tag-wychowanie","16":"first","17":"instock","18":"taxable","19":"shipping-taxable","20":"purchasable","21":"product-type-variable","22":"has-default-attributes"},"acf":[],"yoast_head":"<!-- This site is optimized with the Yoast SEO plugin v27.1.1 - https:\/\/yoast.com\/product\/yoast-seo-wordpress\/ -->\n<title>Akrobatyka ma\u0142\u017ce\u0144ska - Adam Szustak OP \/\/ EBOOK - Sklep Malak<\/title>\n<meta name=\"robots\" content=\"index, follow, max-snippet:-1, max-image-preview:large, max-video-preview:-1\" \/>\n<link rel=\"canonical\" href=\"https:\/\/fundacjamalak.pl\/sklep\/produkt\/ksiazki\/akrobatyka-malzenska-adam-szustak-op-ebook\/\" \/>\n<meta property=\"og:locale\" content=\"pl_PL\" \/>\n<meta property=\"og:type\" content=\"article\" \/>\n<meta property=\"og:title\" content=\"Akrobatyka ma\u0142\u017ce\u0144ska - Adam Szustak OP \/\/ EBOOK - Sklep Malak\" \/>\n<meta property=\"og:description\" content=\"Akrobatyka ma\u0142\u017ce\u0144ska\u00a0to ksi\u0105\u017cka, w kt\u00f3rej ojciec Adam Szustak OP pr\u00f3buje udowodni\u0107, \u017ce ma\u0142\u017ce\u0144stwo to najprostsza rzecz na \u015bwiecie, poniewa\u017c potrzeba do niej tylko dw\u00f3ch element\u00f3w \u2014 prawdziwego m\u0119\u017cczyzny i prawdziwej kobiety, nic wi\u0119cej.  Ksi\u0105\u017cka w wersji plik\u00f3w cyfrowych EBOOK (mobi oraz epub).\" \/>\n<meta property=\"og:url\" content=\"https:\/\/fundacjamalak.pl\/sklep\/produkt\/ksiazki\/akrobatyka-malzenska-adam-szustak-op-ebook\/\" \/>\n<meta property=\"og:site_name\" content=\"Sklep Malak\" \/>\n<meta property=\"article:publisher\" content=\"https:\/\/www.facebook.com\/FundacjaMalak\" \/>\n<meta property=\"article:modified_time\" content=\"2026-04-18T21:55:49+00:00\" \/>\n<meta property=\"og:image\" content=\"https:\/\/fundacjamalak.pl\/sklep\/wp-content\/uploads\/2023\/10\/Akrobatyka-malzenska-ebook-Adam-Szustak-OP-wiekszy.png\" \/>\n\t<meta property=\"og:image:width\" content=\"1280\" \/>\n\t<meta property=\"og:image:height\" content=\"1588\" \/>\n\t<meta property=\"og:image:type\" content=\"image\/png\" \/>\n<meta name=\"twitter:card\" content=\"summary_large_image\" \/>\n<meta name=\"twitter:label1\" content=\"Szacowany czas czytania\" \/>\n\t<meta name=\"twitter:data1\" content=\"3 minuty\" \/>\n<script type=\"application\/ld+json\" class=\"yoast-schema-graph\">{\"@context\":\"https:\/\/schema.org\",\"@graph\":[{\"@type\":\"WebPage\",\"@id\":\"https:\/\/fundacjamalak.pl\/sklep\/produkt\/ksiazki\/akrobatyka-malzenska-adam-szustak-op-ebook\/\",\"url\":\"https:\/\/fundacjamalak.pl\/sklep\/produkt\/ksiazki\/akrobatyka-malzenska-adam-szustak-op-ebook\/\",\"name\":\"Akrobatyka ma\u0142\u017ce\u0144ska - Adam Szustak OP \/\/ EBOOK - Sklep Malak\",\"isPartOf\":{\"@id\":\"https:\/\/sklepmalak.pl\/#website\"},\"primaryImageOfPage\":{\"@id\":\"https:\/\/fundacjamalak.pl\/sklep\/produkt\/ksiazki\/akrobatyka-malzenska-adam-szustak-op-ebook\/#primaryimage\"},\"image\":{\"@id\":\"https:\/\/fundacjamalak.pl\/sklep\/produkt\/ksiazki\/akrobatyka-malzenska-adam-szustak-op-ebook\/#primaryimage\"},\"thumbnailUrl\":\"https:\/\/fundacjamalak.pl\/sklep\/wp-content\/uploads\/2023\/10\/Akrobatyka-malzenska-ebook-Adam-Szustak-OP-wiekszy.png\",\"datePublished\":\"2023-08-09T16:17:30+00:00\",\"dateModified\":\"2026-04-18T21:55:49+00:00\",\"breadcrumb\":{\"@id\":\"https:\/\/fundacjamalak.pl\/sklep\/produkt\/ksiazki\/akrobatyka-malzenska-adam-szustak-op-ebook\/#breadcrumb\"},\"inLanguage\":\"pl-PL\",\"potentialAction\":[{\"@type\":\"ReadAction\",\"target\":[\"https:\/\/fundacjamalak.pl\/sklep\/produkt\/ksiazki\/akrobatyka-malzenska-adam-szustak-op-ebook\/\"]}]},{\"@type\":\"ImageObject\",\"inLanguage\":\"pl-PL\",\"@id\":\"https:\/\/fundacjamalak.pl\/sklep\/produkt\/ksiazki\/akrobatyka-malzenska-adam-szustak-op-ebook\/#primaryimage\",\"url\":\"https:\/\/fundacjamalak.pl\/sklep\/wp-content\/uploads\/2023\/10\/Akrobatyka-malzenska-ebook-Adam-Szustak-OP-wiekszy.png\",\"contentUrl\":\"https:\/\/fundacjamalak.pl\/sklep\/wp-content\/uploads\/2023\/10\/Akrobatyka-malzenska-ebook-Adam-Szustak-OP-wiekszy.png\",\"width\":1280,\"height\":1588},{\"@type\":\"BreadcrumbList\",\"@id\":\"https:\/\/fundacjamalak.pl\/sklep\/produkt\/ksiazki\/akrobatyka-malzenska-adam-szustak-op-ebook\/#breadcrumb\",\"itemListElement\":[{\"@type\":\"ListItem\",\"position\":1,\"name\":\"Strona g\u0142\u00f3wna\",\"item\":\"https:\/\/sklepmalak.pl\/\"},{\"@type\":\"ListItem\",\"position\":2,\"name\":\"Sklep\",\"item\":\"https:\/\/sklepmalak.pl\/\"},{\"@type\":\"ListItem\",\"position\":3,\"name\":\"Akrobatyka ma\u0142\u017ce\u0144ska &#8211; Adam Szustak OP \/\/ EBOOK\"}]},{\"@type\":\"WebSite\",\"@id\":\"https:\/\/sklepmalak.pl\/#website\",\"url\":\"https:\/\/sklepmalak.pl\/\",\"name\":\"Sklep Malak\",\"description\":\"Nie ma zwyk\u0142ych chwil!\",\"publisher\":{\"@id\":\"https:\/\/sklepmalak.pl\/#organization\"},\"potentialAction\":[{\"@type\":\"SearchAction\",\"target\":{\"@type\":\"EntryPoint\",\"urlTemplate\":\"https:\/\/sklepmalak.pl\/?s={search_term_string}\"},\"query-input\":{\"@type\":\"PropertyValueSpecification\",\"valueRequired\":true,\"valueName\":\"search_term_string\"}}],\"inLanguage\":\"pl-PL\"},{\"@type\":\"Organization\",\"@id\":\"https:\/\/sklepmalak.pl\/#organization\",\"name\":\"Sklep Malak\",\"alternateName\":\"Sklep Fundacji Malak\",\"url\":\"https:\/\/sklepmalak.pl\/\",\"logo\":{\"@type\":\"ImageObject\",\"inLanguage\":\"pl-PL\",\"@id\":\"https:\/\/sklepmalak.pl\/#\/schema\/logo\/image\/\",\"url\":\"https:\/\/fundacjamalak.pl\/sklep\/wp-content\/uploads\/2023\/09\/logo.malak-14-2.png\",\"contentUrl\":\"https:\/\/fundacjamalak.pl\/sklep\/wp-content\/uploads\/2023\/09\/logo.malak-14-2.png\",\"width\":355,\"height\":355,\"caption\":\"Sklep Malak\"},\"image\":{\"@id\":\"https:\/\/sklepmalak.pl\/#\/schema\/logo\/image\/\"},\"sameAs\":[\"https:\/\/www.facebook.com\/FundacjaMalak\",\"https:\/\/www.instagram.com\/fundacjamalak\"]}]}<\/script>\n<!-- \/ Yoast SEO plugin. -->","yoast_head_json":{"title":"Akrobatyka ma\u0142\u017ce\u0144ska - Adam Szustak OP \/\/ EBOOK - Sklep Malak","robots":{"index":"index","follow":"follow","max-snippet":"max-snippet:-1","max-image-preview":"max-image-preview:large","max-video-preview":"max-video-preview:-1"},"canonical":"https:\/\/fundacjamalak.pl\/sklep\/produkt\/ksiazki\/akrobatyka-malzenska-adam-szustak-op-ebook\/","og_locale":"pl_PL","og_type":"article","og_title":"Akrobatyka ma\u0142\u017ce\u0144ska - Adam Szustak OP \/\/ EBOOK - Sklep Malak","og_description":"Akrobatyka ma\u0142\u017ce\u0144ska\u00a0to ksi\u0105\u017cka, w kt\u00f3rej ojciec Adam Szustak OP pr\u00f3buje udowodni\u0107, \u017ce ma\u0142\u017ce\u0144stwo to najprostsza rzecz na \u015bwiecie, poniewa\u017c potrzeba do niej tylko dw\u00f3ch element\u00f3w \u2014 prawdziwego m\u0119\u017cczyzny i prawdziwej kobiety, nic wi\u0119cej.  Ksi\u0105\u017cka w wersji plik\u00f3w cyfrowych EBOOK (mobi oraz epub).","og_url":"https:\/\/fundacjamalak.pl\/sklep\/produkt\/ksiazki\/akrobatyka-malzenska-adam-szustak-op-ebook\/","og_site_name":"Sklep Malak","article_publisher":"https:\/\/www.facebook.com\/FundacjaMalak","article_modified_time":"2026-04-18T21:55:49+00:00","og_image":[{"width":1280,"height":1588,"url":"https:\/\/fundacjamalak.pl\/sklep\/wp-content\/uploads\/2023\/10\/Akrobatyka-malzenska-ebook-Adam-Szustak-OP-wiekszy.png","type":"image\/png"}],"twitter_card":"summary_large_image","twitter_misc":{"Szacowany czas czytania":"3 minuty"},"schema":{"@context":"https:\/\/schema.org","@graph":[{"@type":"WebPage","@id":"https:\/\/fundacjamalak.pl\/sklep\/produkt\/ksiazki\/akrobatyka-malzenska-adam-szustak-op-ebook\/","url":"https:\/\/fundacjamalak.pl\/sklep\/produkt\/ksiazki\/akrobatyka-malzenska-adam-szustak-op-ebook\/","name":"Akrobatyka ma\u0142\u017ce\u0144ska - Adam Szustak OP \/\/ EBOOK - Sklep Malak","isPartOf":{"@id":"https:\/\/sklepmalak.pl\/#website"},"primaryImageOfPage":{"@id":"https:\/\/fundacjamalak.pl\/sklep\/produkt\/ksiazki\/akrobatyka-malzenska-adam-szustak-op-ebook\/#primaryimage"},"image":{"@id":"https:\/\/fundacjamalak.pl\/sklep\/produkt\/ksiazki\/akrobatyka-malzenska-adam-szustak-op-ebook\/#primaryimage"},"thumbnailUrl":"https:\/\/fundacjamalak.pl\/sklep\/wp-content\/uploads\/2023\/10\/Akrobatyka-malzenska-ebook-Adam-Szustak-OP-wiekszy.png","datePublished":"2023-08-09T16:17:30+00:00","dateModified":"2026-04-18T21:55:49+00:00","breadcrumb":{"@id":"https:\/\/fundacjamalak.pl\/sklep\/produkt\/ksiazki\/akrobatyka-malzenska-adam-szustak-op-ebook\/#breadcrumb"},"inLanguage":"pl-PL","potentialAction":[{"@type":"ReadAction","target":["https:\/\/fundacjamalak.pl\/sklep\/produkt\/ksiazki\/akrobatyka-malzenska-adam-szustak-op-ebook\/"]}]},{"@type":"ImageObject","inLanguage":"pl-PL","@id":"https:\/\/fundacjamalak.pl\/sklep\/produkt\/ksiazki\/akrobatyka-malzenska-adam-szustak-op-ebook\/#primaryimage","url":"https:\/\/fundacjamalak.pl\/sklep\/wp-content\/uploads\/2023\/10\/Akrobatyka-malzenska-ebook-Adam-Szustak-OP-wiekszy.png","contentUrl":"https:\/\/fundacjamalak.pl\/sklep\/wp-content\/uploads\/2023\/10\/Akrobatyka-malzenska-ebook-Adam-Szustak-OP-wiekszy.png","width":1280,"height":1588},{"@type":"BreadcrumbList","@id":"https:\/\/fundacjamalak.pl\/sklep\/produkt\/ksiazki\/akrobatyka-malzenska-adam-szustak-op-ebook\/#breadcrumb","itemListElement":[{"@type":"ListItem","position":1,"name":"Strona g\u0142\u00f3wna","item":"https:\/\/sklepmalak.pl\/"},{"@type":"ListItem","position":2,"name":"Sklep","item":"https:\/\/sklepmalak.pl\/"},{"@type":"ListItem","position":3,"name":"Akrobatyka ma\u0142\u017ce\u0144ska &#8211; Adam Szustak OP \/\/ EBOOK"}]},{"@type":"WebSite","@id":"https:\/\/sklepmalak.pl\/#website","url":"https:\/\/sklepmalak.pl\/","name":"Sklep Malak","description":"Nie ma zwyk\u0142ych chwil!","publisher":{"@id":"https:\/\/sklepmalak.pl\/#organization"},"potentialAction":[{"@type":"SearchAction","target":{"@type":"EntryPoint","urlTemplate":"https:\/\/sklepmalak.pl\/?s={search_term_string}"},"query-input":{"@type":"PropertyValueSpecification","valueRequired":true,"valueName":"search_term_string"}}],"inLanguage":"pl-PL"},{"@type":"Organization","@id":"https:\/\/sklepmalak.pl\/#organization","name":"Sklep Malak","alternateName":"Sklep Fundacji Malak","url":"https:\/\/sklepmalak.pl\/","logo":{"@type":"ImageObject","inLanguage":"pl-PL","@id":"https:\/\/sklepmalak.pl\/#\/schema\/logo\/image\/","url":"https:\/\/fundacjamalak.pl\/sklep\/wp-content\/uploads\/2023\/09\/logo.malak-14-2.png","contentUrl":"https:\/\/fundacjamalak.pl\/sklep\/wp-content\/uploads\/2023\/09\/logo.malak-14-2.png","width":355,"height":355,"caption":"Sklep Malak"},"image":{"@id":"https:\/\/sklepmalak.pl\/#\/schema\/logo\/image\/"},"sameAs":["https:\/\/www.facebook.com\/FundacjaMalak","https:\/\/www.instagram.com\/fundacjamalak"]}]}},"_links":{"self":[{"href":"https:\/\/fundacjamalak.pl\/sklep\/wp-json\/wp\/v2\/product\/4414","targetHints":{"allow":["GET"]}}],"collection":[{"href":"https:\/\/fundacjamalak.pl\/sklep\/wp-json\/wp\/v2\/product"}],"about":[{"href":"https:\/\/fundacjamalak.pl\/sklep\/wp-json\/wp\/v2\/types\/product"}],"wp:featuredmedia":[{"embeddable":true,"href":"https:\/\/fundacjamalak.pl\/sklep\/wp-json\/wp\/v2\/media\/4895"}],"wp:attachment":[{"href":"https:\/\/fundacjamalak.pl\/sklep\/wp-json\/wp\/v2\/media?parent=4414"}],"wp:term":[{"taxonomy":"product_brand","embeddable":true,"href":"https:\/\/fundacjamalak.pl\/sklep\/wp-json\/wp\/v2\/product_brand?post=4414"},{"taxonomy":"product_cat","embeddable":true,"href":"https:\/\/fundacjamalak.pl\/sklep\/wp-json\/wp\/v2\/product_cat?post=4414"},{"taxonomy":"product_tag","embeddable":true,"href":"https:\/\/fundacjamalak.pl\/sklep\/wp-json\/wp\/v2\/product_tag?post=4414"}],"curies":[{"name":"wp","href":"https:\/\/api.w.org\/{rel}","templated":true}]}}