{"id":4416,"date":"2023-08-09T18:17:30","date_gmt":"2023-08-09T16:17:30","guid":{"rendered":"https:\/\/sklep.fundacjamalak.pl\/sklep\/bez-kategorii\/osiol-w-raju-adam-szustak-op-ebook\/"},"modified":"2026-04-18T23:55:54","modified_gmt":"2026-04-18T21:55:54","slug":"osiol-w-raju-adam-szustak-op-ebook","status":"publish","type":"product","link":"https:\/\/fundacjamalak.pl\/sklep\/produkt\/ksiazki\/osiol-w-raju-adam-szustak-op-ebook\/","title":{"rendered":"Osio\u0142 w raju &#8211; Adam Szustak OP \/\/ EBOOK"},"content":{"rendered":"<p><strong>Ksi\u0105\u017cka w wersji plik\u00f3w cyfrowych EBOOK (mobi oraz epub).<\/strong><\/p>\n<p>Wszyscy jeste\u015bmy os\u0142ami. Bez wyj\u0105tku.<\/p>\n<p>Jeste\u015bmy os\u0142ami, bo ci\u0105gle nie chcemy si\u0119 nawr\u00f3ci\u0107, bo ci\u0105gle i\u00a0uparcie trwamy w\u00a0naszych grzechach, nie cierpi\u0105c ich i\u00a0jednocze\u015bnie rozkoszuj\u0105c si\u0119 nimi. Wszyscy jeste\u015bmy os\u0142ami, bo cho\u0107 zostali\u015bmy powo\u0142ani do\u00a0\u015bwi\u0119to\u015bci i\u00a0do\u00a0\u017cycia pe\u0142ni\u0105, uparcie tkwimy w\u00a0naszej szaro\u015bci i\u00a0mizerii, kt\u00f3re godz\u0105 si\u0119 na\u00a0bylejako\u015b\u0107.<\/p>\n<p>Jak zatem zauwa\u017cy\u0107 swoj\u0105 os\u0142owato\u015b\u0107? A co wa\u017cniejsze: jak z\u00a0niej wyj\u015b\u0107? Spos\u00f3b jest tylko jeden: uchwyci\u0107 si\u0119 S\u0142owa Bo\u017cego i za nim p\u00f3j\u015b\u0107.<\/p>\n<p>Osio\u0142 w raju to ksi\u0105\u017cka, kt\u00f3ra da Ci szans\u0119 w nowy spos\u00f3b zmierzy\u0107 si\u0119 z sob\u0105 \u2013 pozwoli odkry\u0107 w\u00a0sobie k\u0142amstwa, kt\u00f3rymi si\u0119 karmisz, i jednocze\u015bnie z moc\u0105 us\u0142ysze\u0107 w\u00a0sobie g\u0142os Boga m\u00f3wi\u0105cego o\u00a0niesko\u0144czonej mi\u0142o\u015bci do\u00a0Ciebie. Ta ksi\u0105\u017cka jest bowiem niczym innym jak wsp\u00f3lnym czytaniem S\u0142owa w\u00a0poszukiwaniu Bo\u017cej recepty na bycie os\u0142em.<\/p>\n<p>Osio\u0142 w raju mia\u0142 ju\u017c swoje pierwsze wydanie w 2010 roku. Pozycja, kt\u00f3r\u0105 oddajemy Wam do r\u0105k, to\u00a0wersja znacznie poszerzona. Jest ona zapisem rekolekcji o tym samym tytule wyg\u0142oszonych w\u00a0kilku miastach (m.in. Warszawie i\u00a0Wroc\u0142awiu) uzupe\u0142nionym o\u00a0nowe, odkrywcze spostrze\u017cenia i\u00a0fascynuj\u0105ce komentarze biblijne o. Adama Szustaka.<\/p>\n<p>Jeste\u015bmy os\u0142ami, bo cho\u0107 jeste\u015bmy powo\u0142ani do \u015bwi\u0119to\u015bci i do \u017cycia pe\u0142ni\u0105, uparcie tkwimy w naszej szaro\u015bci i mizerii, kt\u00f3re godz\u0105 si\u0119 na bylejako\u015b\u0107, zawieraj\u0105 nieustannie kompromisy z nijako\u015bci\u0105 i pogr\u0105\u017caj\u0105 nas w beznadziejnej pustce.<\/p>\n<p>(fragment ksi\u0105\u017cki)<\/p>\n<p>Nielimitowany u\u017cytek w\u0142asny, kopiowanie i udost\u0119pnianie zabronione.<\/p>\n<p><strong>Ca\u0142kowity doch\u00f3d ze sprzeda\u017cy w sklepie Malak przeznaczony jest\u00a0<\/strong><strong>na dzia\u0142ania i pomoc charytatywn\u0105\u00a0<\/strong><strong>realizowan\u0105 przez\u00a0<a href=\"https:\/\/fundacjamalak.pl\/\">Fundacj\u0119 Malak<\/a>.<\/strong><\/p>\n","protected":false},"excerpt":{"rendered":"<p><strong>Ksi\u0105\u017cka w wersji plik\u00f3w cyfrowych EBOOK (mobi oraz epub).<\/strong><\/p>\n<p>Wszyscy jeste\u015bmy os\u0142ami. Bez wyj\u0105tku. Jeste\u015bmy os\u0142ami, bo ci\u0105gle nie chcemy si\u0119 nawr\u00f3ci\u0107, bo ci\u0105gle i\u00a0uparcie trwamy w\u00a0naszych grzechach, nie cierpi\u0105c ich i\u00a0jednocze\u015bnie rozkoszuj\u0105c si\u0119 nimi. Wszyscy jeste\u015bmy os\u0142ami, bo cho\u0107 zostali\u015bmy powo\u0142ani do\u00a0\u015bwi\u0119to\u015bci i\u00a0do\u00a0\u017cycia pe\u0142ni\u0105, uparcie tkwimy w\u00a0naszej szaro\u015bci i\u00a0mizerii, kt\u00f3re godz\u0105 si\u0119 na\u00a0bylejako\u015b\u0107.<\/p>\n<p>Jak zatem zauwa\u017cy\u0107 swoj\u0105 os\u0142owato\u015b\u0107? A co wa\u017cniejsze: jak z\u00a0niej wyj\u015b\u0107? Spos\u00f3b jest tylko jeden: uchwyci\u0107 si\u0119 S\u0142owa Bo\u017cego i za nim p\u00f3j\u015b\u0107.<\/p>\n","protected":false},"featured_media":4941,"template":"","meta":{"_acf_changed":false},"product_brand":[],"product_cat":[69,68,114],"product_tag":[],"class_list":{"0":"post-4416","1":"product","2":"type-product","3":"status-publish","4":"has-post-thumbnail","6":"product_cat-adam-szustak-op","7":"product_cat-ksiazki","8":"product_cat-ebooki","10":"first","11":"instock","12":"taxable","13":"shipping-taxable","14":"purchasable","15":"product-type-variable","16":"has-default-attributes"},"acf":[],"yoast_head":"<!-- This site is optimized with the Yoast SEO plugin v27.1.1 - https:\/\/yoast.com\/product\/yoast-seo-wordpress\/ -->\n<title>Osio\u0142 w raju - Adam Szustak OP \/\/ EBOOK - Sklep Malak<\/title>\n<meta name=\"robots\" content=\"index, follow, max-snippet:-1, max-image-preview:large, max-video-preview:-1\" \/>\n<link rel=\"canonical\" href=\"https:\/\/fundacjamalak.pl\/sklep\/produkt\/ksiazki\/osiol-w-raju-adam-szustak-op-ebook\/\" \/>\n<meta property=\"og:locale\" content=\"pl_PL\" \/>\n<meta property=\"og:type\" content=\"article\" \/>\n<meta property=\"og:title\" content=\"Osio\u0142 w raju - Adam Szustak OP \/\/ EBOOK - Sklep Malak\" \/>\n<meta property=\"og:description\" content=\"Ksi\u0105\u017cka w wersji plik\u00f3w cyfrowych EBOOK (mobi oraz epub).  Wszyscy jeste\u015bmy os\u0142ami. Bez wyj\u0105tku. Jeste\u015bmy os\u0142ami, bo ci\u0105gle nie chcemy si\u0119 nawr\u00f3ci\u0107, bo ci\u0105gle i\u00a0uparcie trwamy w\u00a0naszych grzechach, nie cierpi\u0105c ich i\u00a0jednocze\u015bnie rozkoszuj\u0105c si\u0119 nimi. Wszyscy jeste\u015bmy os\u0142ami, bo cho\u0107 zostali\u015bmy powo\u0142ani do\u00a0\u015bwi\u0119to\u015bci i\u00a0do\u00a0\u017cycia pe\u0142ni\u0105, uparcie tkwimy w\u00a0naszej szaro\u015bci i\u00a0mizerii, kt\u00f3re godz\u0105 si\u0119 na\u00a0bylejako\u015b\u0107.  Jak zatem zauwa\u017cy\u0107 swoj\u0105 os\u0142owato\u015b\u0107? A co wa\u017cniejsze: jak z\u00a0niej wyj\u015b\u0107? Spos\u00f3b jest tylko jeden: uchwyci\u0107 si\u0119 S\u0142owa Bo\u017cego i za nim p\u00f3j\u015b\u0107.\" \/>\n<meta property=\"og:url\" content=\"https:\/\/fundacjamalak.pl\/sklep\/produkt\/ksiazki\/osiol-w-raju-adam-szustak-op-ebook\/\" \/>\n<meta property=\"og:site_name\" content=\"Sklep Malak\" \/>\n<meta property=\"article:publisher\" content=\"https:\/\/www.facebook.com\/FundacjaMalak\" \/>\n<meta property=\"article:modified_time\" content=\"2026-04-18T21:55:54+00:00\" \/>\n<meta property=\"og:image\" content=\"https:\/\/fundacjamalak.pl\/sklep\/wp-content\/uploads\/2023\/10\/Osiol-w-Raju-ebook-Adam-Szustak-OP-new.png\" \/>\n\t<meta property=\"og:image:width\" content=\"1280\" \/>\n\t<meta property=\"og:image:height\" content=\"1588\" \/>\n\t<meta property=\"og:image:type\" content=\"image\/png\" \/>\n<meta name=\"twitter:card\" content=\"summary_large_image\" \/>\n<meta name=\"twitter:label1\" content=\"Szacowany czas czytania\" \/>\n\t<meta name=\"twitter:data1\" content=\"2 minuty\" \/>\n<script type=\"application\/ld+json\" class=\"yoast-schema-graph\">{\"@context\":\"https:\/\/schema.org\",\"@graph\":[{\"@type\":\"WebPage\",\"@id\":\"https:\/\/fundacjamalak.pl\/sklep\/produkt\/ksiazki\/osiol-w-raju-adam-szustak-op-ebook\/\",\"url\":\"https:\/\/fundacjamalak.pl\/sklep\/produkt\/ksiazki\/osiol-w-raju-adam-szustak-op-ebook\/\",\"name\":\"Osio\u0142 w raju - Adam Szustak OP \/\/ EBOOK - Sklep Malak\",\"isPartOf\":{\"@id\":\"https:\/\/sklepmalak.pl\/#website\"},\"primaryImageOfPage\":{\"@id\":\"https:\/\/fundacjamalak.pl\/sklep\/produkt\/ksiazki\/osiol-w-raju-adam-szustak-op-ebook\/#primaryimage\"},\"image\":{\"@id\":\"https:\/\/fundacjamalak.pl\/sklep\/produkt\/ksiazki\/osiol-w-raju-adam-szustak-op-ebook\/#primaryimage\"},\"thumbnailUrl\":\"https:\/\/fundacjamalak.pl\/sklep\/wp-content\/uploads\/2023\/10\/Osiol-w-Raju-ebook-Adam-Szustak-OP-new.png\",\"datePublished\":\"2023-08-09T16:17:30+00:00\",\"dateModified\":\"2026-04-18T21:55:54+00:00\",\"breadcrumb\":{\"@id\":\"https:\/\/fundacjamalak.pl\/sklep\/produkt\/ksiazki\/osiol-w-raju-adam-szustak-op-ebook\/#breadcrumb\"},\"inLanguage\":\"pl-PL\",\"potentialAction\":[{\"@type\":\"ReadAction\",\"target\":[\"https:\/\/fundacjamalak.pl\/sklep\/produkt\/ksiazki\/osiol-w-raju-adam-szustak-op-ebook\/\"]}]},{\"@type\":\"ImageObject\",\"inLanguage\":\"pl-PL\",\"@id\":\"https:\/\/fundacjamalak.pl\/sklep\/produkt\/ksiazki\/osiol-w-raju-adam-szustak-op-ebook\/#primaryimage\",\"url\":\"https:\/\/fundacjamalak.pl\/sklep\/wp-content\/uploads\/2023\/10\/Osiol-w-Raju-ebook-Adam-Szustak-OP-new.png\",\"contentUrl\":\"https:\/\/fundacjamalak.pl\/sklep\/wp-content\/uploads\/2023\/10\/Osiol-w-Raju-ebook-Adam-Szustak-OP-new.png\",\"width\":1280,\"height\":1588},{\"@type\":\"BreadcrumbList\",\"@id\":\"https:\/\/fundacjamalak.pl\/sklep\/produkt\/ksiazki\/osiol-w-raju-adam-szustak-op-ebook\/#breadcrumb\",\"itemListElement\":[{\"@type\":\"ListItem\",\"position\":1,\"name\":\"Strona g\u0142\u00f3wna\",\"item\":\"https:\/\/sklepmalak.pl\/\"},{\"@type\":\"ListItem\",\"position\":2,\"name\":\"Sklep\",\"item\":\"https:\/\/sklepmalak.pl\/\"},{\"@type\":\"ListItem\",\"position\":3,\"name\":\"Osio\u0142 w raju &#8211; Adam Szustak OP \/\/ EBOOK\"}]},{\"@type\":\"WebSite\",\"@id\":\"https:\/\/sklepmalak.pl\/#website\",\"url\":\"https:\/\/sklepmalak.pl\/\",\"name\":\"Sklep Malak\",\"description\":\"Nie ma zwyk\u0142ych chwil!\",\"publisher\":{\"@id\":\"https:\/\/sklepmalak.pl\/#organization\"},\"potentialAction\":[{\"@type\":\"SearchAction\",\"target\":{\"@type\":\"EntryPoint\",\"urlTemplate\":\"https:\/\/sklepmalak.pl\/?s={search_term_string}\"},\"query-input\":{\"@type\":\"PropertyValueSpecification\",\"valueRequired\":true,\"valueName\":\"search_term_string\"}}],\"inLanguage\":\"pl-PL\"},{\"@type\":\"Organization\",\"@id\":\"https:\/\/sklepmalak.pl\/#organization\",\"name\":\"Sklep Malak\",\"alternateName\":\"Sklep Fundacji Malak\",\"url\":\"https:\/\/sklepmalak.pl\/\",\"logo\":{\"@type\":\"ImageObject\",\"inLanguage\":\"pl-PL\",\"@id\":\"https:\/\/sklepmalak.pl\/#\/schema\/logo\/image\/\",\"url\":\"https:\/\/fundacjamalak.pl\/sklep\/wp-content\/uploads\/2023\/09\/logo.malak-14-2.png\",\"contentUrl\":\"https:\/\/fundacjamalak.pl\/sklep\/wp-content\/uploads\/2023\/09\/logo.malak-14-2.png\",\"width\":355,\"height\":355,\"caption\":\"Sklep Malak\"},\"image\":{\"@id\":\"https:\/\/sklepmalak.pl\/#\/schema\/logo\/image\/\"},\"sameAs\":[\"https:\/\/www.facebook.com\/FundacjaMalak\",\"https:\/\/www.instagram.com\/fundacjamalak\"]}]}<\/script>\n<!-- \/ Yoast SEO plugin. -->","yoast_head_json":{"title":"Osio\u0142 w raju - Adam Szustak OP \/\/ EBOOK - Sklep Malak","robots":{"index":"index","follow":"follow","max-snippet":"max-snippet:-1","max-image-preview":"max-image-preview:large","max-video-preview":"max-video-preview:-1"},"canonical":"https:\/\/fundacjamalak.pl\/sklep\/produkt\/ksiazki\/osiol-w-raju-adam-szustak-op-ebook\/","og_locale":"pl_PL","og_type":"article","og_title":"Osio\u0142 w raju - Adam Szustak OP \/\/ EBOOK - Sklep Malak","og_description":"Ksi\u0105\u017cka w wersji plik\u00f3w cyfrowych EBOOK (mobi oraz epub).  Wszyscy jeste\u015bmy os\u0142ami. Bez wyj\u0105tku. Jeste\u015bmy os\u0142ami, bo ci\u0105gle nie chcemy si\u0119 nawr\u00f3ci\u0107, bo ci\u0105gle i\u00a0uparcie trwamy w\u00a0naszych grzechach, nie cierpi\u0105c ich i\u00a0jednocze\u015bnie rozkoszuj\u0105c si\u0119 nimi. Wszyscy jeste\u015bmy os\u0142ami, bo cho\u0107 zostali\u015bmy powo\u0142ani do\u00a0\u015bwi\u0119to\u015bci i\u00a0do\u00a0\u017cycia pe\u0142ni\u0105, uparcie tkwimy w\u00a0naszej szaro\u015bci i\u00a0mizerii, kt\u00f3re godz\u0105 si\u0119 na\u00a0bylejako\u015b\u0107.  Jak zatem zauwa\u017cy\u0107 swoj\u0105 os\u0142owato\u015b\u0107? A co wa\u017cniejsze: jak z\u00a0niej wyj\u015b\u0107? Spos\u00f3b jest tylko jeden: uchwyci\u0107 si\u0119 S\u0142owa Bo\u017cego i za nim p\u00f3j\u015b\u0107.","og_url":"https:\/\/fundacjamalak.pl\/sklep\/produkt\/ksiazki\/osiol-w-raju-adam-szustak-op-ebook\/","og_site_name":"Sklep Malak","article_publisher":"https:\/\/www.facebook.com\/FundacjaMalak","article_modified_time":"2026-04-18T21:55:54+00:00","og_image":[{"width":1280,"height":1588,"url":"https:\/\/fundacjamalak.pl\/sklep\/wp-content\/uploads\/2023\/10\/Osiol-w-Raju-ebook-Adam-Szustak-OP-new.png","type":"image\/png"}],"twitter_card":"summary_large_image","twitter_misc":{"Szacowany czas czytania":"2 minuty"},"schema":{"@context":"https:\/\/schema.org","@graph":[{"@type":"WebPage","@id":"https:\/\/fundacjamalak.pl\/sklep\/produkt\/ksiazki\/osiol-w-raju-adam-szustak-op-ebook\/","url":"https:\/\/fundacjamalak.pl\/sklep\/produkt\/ksiazki\/osiol-w-raju-adam-szustak-op-ebook\/","name":"Osio\u0142 w raju - Adam Szustak OP \/\/ EBOOK - Sklep Malak","isPartOf":{"@id":"https:\/\/sklepmalak.pl\/#website"},"primaryImageOfPage":{"@id":"https:\/\/fundacjamalak.pl\/sklep\/produkt\/ksiazki\/osiol-w-raju-adam-szustak-op-ebook\/#primaryimage"},"image":{"@id":"https:\/\/fundacjamalak.pl\/sklep\/produkt\/ksiazki\/osiol-w-raju-adam-szustak-op-ebook\/#primaryimage"},"thumbnailUrl":"https:\/\/fundacjamalak.pl\/sklep\/wp-content\/uploads\/2023\/10\/Osiol-w-Raju-ebook-Adam-Szustak-OP-new.png","datePublished":"2023-08-09T16:17:30+00:00","dateModified":"2026-04-18T21:55:54+00:00","breadcrumb":{"@id":"https:\/\/fundacjamalak.pl\/sklep\/produkt\/ksiazki\/osiol-w-raju-adam-szustak-op-ebook\/#breadcrumb"},"inLanguage":"pl-PL","potentialAction":[{"@type":"ReadAction","target":["https:\/\/fundacjamalak.pl\/sklep\/produkt\/ksiazki\/osiol-w-raju-adam-szustak-op-ebook\/"]}]},{"@type":"ImageObject","inLanguage":"pl-PL","@id":"https:\/\/fundacjamalak.pl\/sklep\/produkt\/ksiazki\/osiol-w-raju-adam-szustak-op-ebook\/#primaryimage","url":"https:\/\/fundacjamalak.pl\/sklep\/wp-content\/uploads\/2023\/10\/Osiol-w-Raju-ebook-Adam-Szustak-OP-new.png","contentUrl":"https:\/\/fundacjamalak.pl\/sklep\/wp-content\/uploads\/2023\/10\/Osiol-w-Raju-ebook-Adam-Szustak-OP-new.png","width":1280,"height":1588},{"@type":"BreadcrumbList","@id":"https:\/\/fundacjamalak.pl\/sklep\/produkt\/ksiazki\/osiol-w-raju-adam-szustak-op-ebook\/#breadcrumb","itemListElement":[{"@type":"ListItem","position":1,"name":"Strona g\u0142\u00f3wna","item":"https:\/\/sklepmalak.pl\/"},{"@type":"ListItem","position":2,"name":"Sklep","item":"https:\/\/sklepmalak.pl\/"},{"@type":"ListItem","position":3,"name":"Osio\u0142 w raju &#8211; Adam Szustak OP \/\/ EBOOK"}]},{"@type":"WebSite","@id":"https:\/\/sklepmalak.pl\/#website","url":"https:\/\/sklepmalak.pl\/","name":"Sklep Malak","description":"Nie ma zwyk\u0142ych chwil!","publisher":{"@id":"https:\/\/sklepmalak.pl\/#organization"},"potentialAction":[{"@type":"SearchAction","target":{"@type":"EntryPoint","urlTemplate":"https:\/\/sklepmalak.pl\/?s={search_term_string}"},"query-input":{"@type":"PropertyValueSpecification","valueRequired":true,"valueName":"search_term_string"}}],"inLanguage":"pl-PL"},{"@type":"Organization","@id":"https:\/\/sklepmalak.pl\/#organization","name":"Sklep Malak","alternateName":"Sklep Fundacji Malak","url":"https:\/\/sklepmalak.pl\/","logo":{"@type":"ImageObject","inLanguage":"pl-PL","@id":"https:\/\/sklepmalak.pl\/#\/schema\/logo\/image\/","url":"https:\/\/fundacjamalak.pl\/sklep\/wp-content\/uploads\/2023\/09\/logo.malak-14-2.png","contentUrl":"https:\/\/fundacjamalak.pl\/sklep\/wp-content\/uploads\/2023\/09\/logo.malak-14-2.png","width":355,"height":355,"caption":"Sklep Malak"},"image":{"@id":"https:\/\/sklepmalak.pl\/#\/schema\/logo\/image\/"},"sameAs":["https:\/\/www.facebook.com\/FundacjaMalak","https:\/\/www.instagram.com\/fundacjamalak"]}]}},"_links":{"self":[{"href":"https:\/\/fundacjamalak.pl\/sklep\/wp-json\/wp\/v2\/product\/4416","targetHints":{"allow":["GET"]}}],"collection":[{"href":"https:\/\/fundacjamalak.pl\/sklep\/wp-json\/wp\/v2\/product"}],"about":[{"href":"https:\/\/fundacjamalak.pl\/sklep\/wp-json\/wp\/v2\/types\/product"}],"wp:featuredmedia":[{"embeddable":true,"href":"https:\/\/fundacjamalak.pl\/sklep\/wp-json\/wp\/v2\/media\/4941"}],"wp:attachment":[{"href":"https:\/\/fundacjamalak.pl\/sklep\/wp-json\/wp\/v2\/media?parent=4416"}],"wp:term":[{"taxonomy":"product_brand","embeddable":true,"href":"https:\/\/fundacjamalak.pl\/sklep\/wp-json\/wp\/v2\/product_brand?post=4416"},{"taxonomy":"product_cat","embeddable":true,"href":"https:\/\/fundacjamalak.pl\/sklep\/wp-json\/wp\/v2\/product_cat?post=4416"},{"taxonomy":"product_tag","embeddable":true,"href":"https:\/\/fundacjamalak.pl\/sklep\/wp-json\/wp\/v2\/product_tag?post=4416"}],"curies":[{"name":"wp","href":"https:\/\/api.w.org\/{rel}","templated":true}]}}