{"id":4418,"date":"2023-08-09T18:17:31","date_gmt":"2023-08-09T16:17:31","guid":{"rendered":"https:\/\/sklep.fundacjamalak.pl\/sklep\/bez-kategorii\/ewangelia-dla-nienormalnych-adam-szustak-op-ebook\/"},"modified":"2026-04-18T23:55:52","modified_gmt":"2026-04-18T21:55:52","slug":"ewangelia-dla-nienormalnych-adam-szustak-op-ebook","status":"publish","type":"product","link":"https:\/\/fundacjamalak.pl\/sklep\/produkt\/ksiazki\/ewangelia-dla-nienormalnych-adam-szustak-op-ebook\/","title":{"rendered":"Ewangelia dla nienormalnych &#8211; Adam Szustak OP \/\/ EBOOK"},"content":{"rendered":"<p><strong>Ksi\u0105\u017cka w wersji plik\u00f3w cyfrowych EBOOK (mobi oraz epub).<\/strong><\/p>\n<p>Ta ksi\u0105\u017cka jest dla Ciebie, je\u015bli:<\/p>\n<p>czujesz, \u017ce z\u00a0Twoim \u017cyciem co\u015b jest nie tak;<br \/>\nwszystko, co robisz, ko\u0144czy si\u0119 pora\u017ck\u0105;<br \/>\nnie mo\u017cesz odnale\u017a\u0107 sensu w\u00a0wydarzeniach, kt\u00f3re Ci si\u0119 przytrafiaj\u0105;<br \/>\nmasz wra\u017cenie, \u017ce\u00a0nikt Ci\u0119 nie rozumie i\u00a0\u017ce nie potrafisz dogada\u0107 si\u0119 nawet z najbli\u017cszymi;<br \/>\nmy\u015blisz sobie czasem, \u017ce\u00a0Twoje \u017cycie jest po\u00a0prostu nienormalne.<\/p>\n<p>Nie oczekuj!<\/p>\n<p>\u017be po przeczytaniu tej ksi\u0105\u017cki znikn\u0105 wszystkie Twoje problemy, a ca\u0142a nienormalno\u015b\u0107 Twojego \u017cycia si\u0119 sko\u0144czy!<\/p>\n<p>Na co mo\u017cesz liczy\u0107?<\/p>\n<p>Zobaczysz, \u017ce najbardziej nienormalny w\u00a0tym \u015bwiecie jest Pan B\u00f3g i\u00a0kiedy w\u00a0Jego \u015bwietle przyjrzysz si\u0119 sobie, to Twoja nienormalno\u015b\u0107 stanie si\u0119 najnormalniejsza na\u00a0\u015bwiecie. Co wi\u0119cej, oka\u017ce si\u0119, \u017ce w\u0142a\u015bnie w\u00a0niej jest Twoje prawdziwe szcz\u0119\u015bcie.<\/p>\n<p>Do\u015bwiadczysz, \u017ce nienormalno\u015b\u0107 jest b\u0142ogos\u0142awie\u0144stwem.<\/p>\n<p>Bo Ewangelia jest w\u0142a\u015bnie dla nienormalnych!<\/p>\n<p>&nbsp;<\/p>\n<p><em>Chcia\u0142bym Ci\u0119 od razu zaprosi\u0107 do spraw najwa\u017cniejszych, fundamentalnych, kt\u00f3re wszystko rozstrzygaj\u0105 \u2013 bez gry wst\u0119pnej, bez rozgrzewki, bez przygotowywania gruntu. Ot\u00f3\u017c k\u0142ad\u0119 dzi\u015b przed Tob\u0105 wypowiedzian\u0105 wprost i bez ogr\u00f3dek prawd\u0119: je\u015bli si\u0119 nie nawr\u00f3cisz, nie masz po co \u017cy\u0107!<\/em><\/p>\n<p><em>(fragment ksi\u0105\u017cki)<\/em><\/p>\n<p>&nbsp;<\/p>\n<p>Specyfikacja produktu:<\/p>\n<p>Wydawca: Fundacja Malak<\/p>\n<p>Krak\u00f3w 2015<\/p>\n<p>Wydanie II, poprawione i uzupe\u0142nione<\/p>\n<p>105 stron<\/p>\n<p>Oprawa\u00a0mi\u0119kka<\/p>\n<p>Wymiary: 125 x\u00a0200 mm<\/p>\n<p>ISBN:\u00a0978-83-957359-1-2<\/p>\n<p>Nielimitowany u\u017cytek w\u0142asny, kopiowanie i udost\u0119pnianie zabronione.<\/p>\n<p>&nbsp;<\/p>\n<p>&nbsp;<\/p>\n<p>&nbsp;<\/p>\n","protected":false},"excerpt":{"rendered":"<p><strong>Ksi\u0105\u017cka w wersji plik\u00f3w cyfrowych EBOOK (mobi oraz epub).<\/strong><\/p>\n<p>Ta ksi\u0105\u017cka jest dla Ciebie, je\u015bli:<\/p>\n<p>czujesz, \u017ce z\u00a0Twoim \u017cyciem co\u015b jest nie tak;<br \/>\nwszystko, co robisz, ko\u0144czy si\u0119 pora\u017ck\u0105;<br \/>\nnie mo\u017cesz odnale\u017a\u0107 sensu w\u00a0wydarzeniach, kt\u00f3re Ci si\u0119 przytrafiaj\u0105;<br \/>\nmasz wra\u017cenie, \u017ce\u00a0nikt Ci\u0119 nie rozumie i\u00a0\u017ce nie potrafisz dogada\u0107 si\u0119 nawet z najbli\u017cszymi;<br \/>\nmy\u015blisz sobie czasem, \u017ce\u00a0Twoje \u017cycie jest po\u00a0prostu nienormalne.<\/p>\n","protected":false},"featured_media":4940,"template":"","meta":{"_acf_changed":false},"product_brand":[],"product_cat":[69,68,114],"product_tag":[],"class_list":{"0":"post-4418","1":"product","2":"type-product","3":"status-publish","4":"has-post-thumbnail","6":"product_cat-adam-szustak-op","7":"product_cat-ksiazki","8":"product_cat-ebooki","10":"first","11":"instock","12":"taxable","13":"shipping-taxable","14":"purchasable","15":"product-type-variable","16":"has-default-attributes"},"acf":[],"yoast_head":"<!-- This site is optimized with the Yoast SEO plugin v27.1.1 - https:\/\/yoast.com\/product\/yoast-seo-wordpress\/ -->\n<title>Ewangelia dla nienormalnych - Adam Szustak OP \/\/ EBOOK - Sklep Malak<\/title>\n<meta name=\"robots\" content=\"index, follow, max-snippet:-1, max-image-preview:large, max-video-preview:-1\" \/>\n<link rel=\"canonical\" href=\"https:\/\/fundacjamalak.pl\/sklep\/produkt\/ksiazki\/ewangelia-dla-nienormalnych-adam-szustak-op-ebook\/\" \/>\n<meta property=\"og:locale\" content=\"pl_PL\" \/>\n<meta property=\"og:type\" content=\"article\" \/>\n<meta property=\"og:title\" content=\"Ewangelia dla nienormalnych - Adam Szustak OP \/\/ EBOOK - Sklep Malak\" \/>\n<meta property=\"og:description\" content=\"Ksi\u0105\u017cka w wersji plik\u00f3w cyfrowych EBOOK (mobi oraz epub).  Ta ksi\u0105\u017cka jest dla Ciebie, je\u015bli:  czujesz, \u017ce z\u00a0Twoim \u017cyciem co\u015b jest nie tak; wszystko, co robisz, ko\u0144czy si\u0119 pora\u017ck\u0105; nie mo\u017cesz odnale\u017a\u0107 sensu w\u00a0wydarzeniach, kt\u00f3re Ci si\u0119 przytrafiaj\u0105; masz wra\u017cenie, \u017ce\u00a0nikt Ci\u0119 nie rozumie i\u00a0\u017ce nie potrafisz dogada\u0107 si\u0119 nawet z najbli\u017cszymi; my\u015blisz sobie czasem, \u017ce\u00a0Twoje \u017cycie jest po\u00a0prostu nienormalne.\" \/>\n<meta property=\"og:url\" content=\"https:\/\/fundacjamalak.pl\/sklep\/produkt\/ksiazki\/ewangelia-dla-nienormalnych-adam-szustak-op-ebook\/\" \/>\n<meta property=\"og:site_name\" content=\"Sklep Malak\" \/>\n<meta property=\"article:publisher\" content=\"https:\/\/www.facebook.com\/FundacjaMalak\" \/>\n<meta property=\"article:modified_time\" content=\"2026-04-18T21:55:52+00:00\" \/>\n<meta property=\"og:image\" content=\"https:\/\/fundacjamalak.pl\/sklep\/wp-content\/uploads\/2023\/10\/Ewangelia-dla-nienormalnych-Ebook-Adam-Szustak-OP-new.png\" \/>\n\t<meta property=\"og:image:width\" content=\"1280\" \/>\n\t<meta property=\"og:image:height\" content=\"1588\" \/>\n\t<meta property=\"og:image:type\" content=\"image\/png\" \/>\n<meta name=\"twitter:card\" content=\"summary_large_image\" \/>\n<meta name=\"twitter:label1\" content=\"Szacowany czas czytania\" \/>\n\t<meta name=\"twitter:data1\" content=\"2 minuty\" \/>\n<script type=\"application\/ld+json\" class=\"yoast-schema-graph\">{\"@context\":\"https:\/\/schema.org\",\"@graph\":[{\"@type\":\"WebPage\",\"@id\":\"https:\/\/fundacjamalak.pl\/sklep\/produkt\/ksiazki\/ewangelia-dla-nienormalnych-adam-szustak-op-ebook\/\",\"url\":\"https:\/\/fundacjamalak.pl\/sklep\/produkt\/ksiazki\/ewangelia-dla-nienormalnych-adam-szustak-op-ebook\/\",\"name\":\"Ewangelia dla nienormalnych - Adam Szustak OP \/\/ EBOOK - Sklep Malak\",\"isPartOf\":{\"@id\":\"https:\/\/sklepmalak.pl\/#website\"},\"primaryImageOfPage\":{\"@id\":\"https:\/\/fundacjamalak.pl\/sklep\/produkt\/ksiazki\/ewangelia-dla-nienormalnych-adam-szustak-op-ebook\/#primaryimage\"},\"image\":{\"@id\":\"https:\/\/fundacjamalak.pl\/sklep\/produkt\/ksiazki\/ewangelia-dla-nienormalnych-adam-szustak-op-ebook\/#primaryimage\"},\"thumbnailUrl\":\"https:\/\/fundacjamalak.pl\/sklep\/wp-content\/uploads\/2023\/10\/Ewangelia-dla-nienormalnych-Ebook-Adam-Szustak-OP-new.png\",\"datePublished\":\"2023-08-09T16:17:31+00:00\",\"dateModified\":\"2026-04-18T21:55:52+00:00\",\"breadcrumb\":{\"@id\":\"https:\/\/fundacjamalak.pl\/sklep\/produkt\/ksiazki\/ewangelia-dla-nienormalnych-adam-szustak-op-ebook\/#breadcrumb\"},\"inLanguage\":\"pl-PL\",\"potentialAction\":[{\"@type\":\"ReadAction\",\"target\":[\"https:\/\/fundacjamalak.pl\/sklep\/produkt\/ksiazki\/ewangelia-dla-nienormalnych-adam-szustak-op-ebook\/\"]}]},{\"@type\":\"ImageObject\",\"inLanguage\":\"pl-PL\",\"@id\":\"https:\/\/fundacjamalak.pl\/sklep\/produkt\/ksiazki\/ewangelia-dla-nienormalnych-adam-szustak-op-ebook\/#primaryimage\",\"url\":\"https:\/\/fundacjamalak.pl\/sklep\/wp-content\/uploads\/2023\/10\/Ewangelia-dla-nienormalnych-Ebook-Adam-Szustak-OP-new.png\",\"contentUrl\":\"https:\/\/fundacjamalak.pl\/sklep\/wp-content\/uploads\/2023\/10\/Ewangelia-dla-nienormalnych-Ebook-Adam-Szustak-OP-new.png\",\"width\":1280,\"height\":1588},{\"@type\":\"BreadcrumbList\",\"@id\":\"https:\/\/fundacjamalak.pl\/sklep\/produkt\/ksiazki\/ewangelia-dla-nienormalnych-adam-szustak-op-ebook\/#breadcrumb\",\"itemListElement\":[{\"@type\":\"ListItem\",\"position\":1,\"name\":\"Strona g\u0142\u00f3wna\",\"item\":\"https:\/\/sklepmalak.pl\/\"},{\"@type\":\"ListItem\",\"position\":2,\"name\":\"Sklep\",\"item\":\"https:\/\/sklepmalak.pl\/\"},{\"@type\":\"ListItem\",\"position\":3,\"name\":\"Ewangelia dla nienormalnych &#8211; Adam Szustak OP \/\/ EBOOK\"}]},{\"@type\":\"WebSite\",\"@id\":\"https:\/\/sklepmalak.pl\/#website\",\"url\":\"https:\/\/sklepmalak.pl\/\",\"name\":\"Sklep Malak\",\"description\":\"Nie ma zwyk\u0142ych chwil!\",\"publisher\":{\"@id\":\"https:\/\/sklepmalak.pl\/#organization\"},\"potentialAction\":[{\"@type\":\"SearchAction\",\"target\":{\"@type\":\"EntryPoint\",\"urlTemplate\":\"https:\/\/sklepmalak.pl\/?s={search_term_string}\"},\"query-input\":{\"@type\":\"PropertyValueSpecification\",\"valueRequired\":true,\"valueName\":\"search_term_string\"}}],\"inLanguage\":\"pl-PL\"},{\"@type\":\"Organization\",\"@id\":\"https:\/\/sklepmalak.pl\/#organization\",\"name\":\"Sklep Malak\",\"alternateName\":\"Sklep Fundacji Malak\",\"url\":\"https:\/\/sklepmalak.pl\/\",\"logo\":{\"@type\":\"ImageObject\",\"inLanguage\":\"pl-PL\",\"@id\":\"https:\/\/sklepmalak.pl\/#\/schema\/logo\/image\/\",\"url\":\"https:\/\/fundacjamalak.pl\/sklep\/wp-content\/uploads\/2023\/09\/logo.malak-14-2.png\",\"contentUrl\":\"https:\/\/fundacjamalak.pl\/sklep\/wp-content\/uploads\/2023\/09\/logo.malak-14-2.png\",\"width\":355,\"height\":355,\"caption\":\"Sklep Malak\"},\"image\":{\"@id\":\"https:\/\/sklepmalak.pl\/#\/schema\/logo\/image\/\"},\"sameAs\":[\"https:\/\/www.facebook.com\/FundacjaMalak\",\"https:\/\/www.instagram.com\/fundacjamalak\"]}]}<\/script>\n<!-- \/ Yoast SEO plugin. -->","yoast_head_json":{"title":"Ewangelia dla nienormalnych - Adam Szustak OP \/\/ EBOOK - Sklep Malak","robots":{"index":"index","follow":"follow","max-snippet":"max-snippet:-1","max-image-preview":"max-image-preview:large","max-video-preview":"max-video-preview:-1"},"canonical":"https:\/\/fundacjamalak.pl\/sklep\/produkt\/ksiazki\/ewangelia-dla-nienormalnych-adam-szustak-op-ebook\/","og_locale":"pl_PL","og_type":"article","og_title":"Ewangelia dla nienormalnych - Adam Szustak OP \/\/ EBOOK - Sklep Malak","og_description":"Ksi\u0105\u017cka w wersji plik\u00f3w cyfrowych EBOOK (mobi oraz epub).  Ta ksi\u0105\u017cka jest dla Ciebie, je\u015bli:  czujesz, \u017ce z\u00a0Twoim \u017cyciem co\u015b jest nie tak; wszystko, co robisz, ko\u0144czy si\u0119 pora\u017ck\u0105; nie mo\u017cesz odnale\u017a\u0107 sensu w\u00a0wydarzeniach, kt\u00f3re Ci si\u0119 przytrafiaj\u0105; masz wra\u017cenie, \u017ce\u00a0nikt Ci\u0119 nie rozumie i\u00a0\u017ce nie potrafisz dogada\u0107 si\u0119 nawet z najbli\u017cszymi; my\u015blisz sobie czasem, \u017ce\u00a0Twoje \u017cycie jest po\u00a0prostu nienormalne.","og_url":"https:\/\/fundacjamalak.pl\/sklep\/produkt\/ksiazki\/ewangelia-dla-nienormalnych-adam-szustak-op-ebook\/","og_site_name":"Sklep Malak","article_publisher":"https:\/\/www.facebook.com\/FundacjaMalak","article_modified_time":"2026-04-18T21:55:52+00:00","og_image":[{"width":1280,"height":1588,"url":"https:\/\/fundacjamalak.pl\/sklep\/wp-content\/uploads\/2023\/10\/Ewangelia-dla-nienormalnych-Ebook-Adam-Szustak-OP-new.png","type":"image\/png"}],"twitter_card":"summary_large_image","twitter_misc":{"Szacowany czas czytania":"2 minuty"},"schema":{"@context":"https:\/\/schema.org","@graph":[{"@type":"WebPage","@id":"https:\/\/fundacjamalak.pl\/sklep\/produkt\/ksiazki\/ewangelia-dla-nienormalnych-adam-szustak-op-ebook\/","url":"https:\/\/fundacjamalak.pl\/sklep\/produkt\/ksiazki\/ewangelia-dla-nienormalnych-adam-szustak-op-ebook\/","name":"Ewangelia dla nienormalnych - Adam Szustak OP \/\/ EBOOK - Sklep Malak","isPartOf":{"@id":"https:\/\/sklepmalak.pl\/#website"},"primaryImageOfPage":{"@id":"https:\/\/fundacjamalak.pl\/sklep\/produkt\/ksiazki\/ewangelia-dla-nienormalnych-adam-szustak-op-ebook\/#primaryimage"},"image":{"@id":"https:\/\/fundacjamalak.pl\/sklep\/produkt\/ksiazki\/ewangelia-dla-nienormalnych-adam-szustak-op-ebook\/#primaryimage"},"thumbnailUrl":"https:\/\/fundacjamalak.pl\/sklep\/wp-content\/uploads\/2023\/10\/Ewangelia-dla-nienormalnych-Ebook-Adam-Szustak-OP-new.png","datePublished":"2023-08-09T16:17:31+00:00","dateModified":"2026-04-18T21:55:52+00:00","breadcrumb":{"@id":"https:\/\/fundacjamalak.pl\/sklep\/produkt\/ksiazki\/ewangelia-dla-nienormalnych-adam-szustak-op-ebook\/#breadcrumb"},"inLanguage":"pl-PL","potentialAction":[{"@type":"ReadAction","target":["https:\/\/fundacjamalak.pl\/sklep\/produkt\/ksiazki\/ewangelia-dla-nienormalnych-adam-szustak-op-ebook\/"]}]},{"@type":"ImageObject","inLanguage":"pl-PL","@id":"https:\/\/fundacjamalak.pl\/sklep\/produkt\/ksiazki\/ewangelia-dla-nienormalnych-adam-szustak-op-ebook\/#primaryimage","url":"https:\/\/fundacjamalak.pl\/sklep\/wp-content\/uploads\/2023\/10\/Ewangelia-dla-nienormalnych-Ebook-Adam-Szustak-OP-new.png","contentUrl":"https:\/\/fundacjamalak.pl\/sklep\/wp-content\/uploads\/2023\/10\/Ewangelia-dla-nienormalnych-Ebook-Adam-Szustak-OP-new.png","width":1280,"height":1588},{"@type":"BreadcrumbList","@id":"https:\/\/fundacjamalak.pl\/sklep\/produkt\/ksiazki\/ewangelia-dla-nienormalnych-adam-szustak-op-ebook\/#breadcrumb","itemListElement":[{"@type":"ListItem","position":1,"name":"Strona g\u0142\u00f3wna","item":"https:\/\/sklepmalak.pl\/"},{"@type":"ListItem","position":2,"name":"Sklep","item":"https:\/\/sklepmalak.pl\/"},{"@type":"ListItem","position":3,"name":"Ewangelia dla nienormalnych &#8211; Adam Szustak OP \/\/ EBOOK"}]},{"@type":"WebSite","@id":"https:\/\/sklepmalak.pl\/#website","url":"https:\/\/sklepmalak.pl\/","name":"Sklep Malak","description":"Nie ma zwyk\u0142ych chwil!","publisher":{"@id":"https:\/\/sklepmalak.pl\/#organization"},"potentialAction":[{"@type":"SearchAction","target":{"@type":"EntryPoint","urlTemplate":"https:\/\/sklepmalak.pl\/?s={search_term_string}"},"query-input":{"@type":"PropertyValueSpecification","valueRequired":true,"valueName":"search_term_string"}}],"inLanguage":"pl-PL"},{"@type":"Organization","@id":"https:\/\/sklepmalak.pl\/#organization","name":"Sklep Malak","alternateName":"Sklep Fundacji Malak","url":"https:\/\/sklepmalak.pl\/","logo":{"@type":"ImageObject","inLanguage":"pl-PL","@id":"https:\/\/sklepmalak.pl\/#\/schema\/logo\/image\/","url":"https:\/\/fundacjamalak.pl\/sklep\/wp-content\/uploads\/2023\/09\/logo.malak-14-2.png","contentUrl":"https:\/\/fundacjamalak.pl\/sklep\/wp-content\/uploads\/2023\/09\/logo.malak-14-2.png","width":355,"height":355,"caption":"Sklep Malak"},"image":{"@id":"https:\/\/sklepmalak.pl\/#\/schema\/logo\/image\/"},"sameAs":["https:\/\/www.facebook.com\/FundacjaMalak","https:\/\/www.instagram.com\/fundacjamalak"]}]}},"_links":{"self":[{"href":"https:\/\/fundacjamalak.pl\/sklep\/wp-json\/wp\/v2\/product\/4418","targetHints":{"allow":["GET"]}}],"collection":[{"href":"https:\/\/fundacjamalak.pl\/sklep\/wp-json\/wp\/v2\/product"}],"about":[{"href":"https:\/\/fundacjamalak.pl\/sklep\/wp-json\/wp\/v2\/types\/product"}],"wp:featuredmedia":[{"embeddable":true,"href":"https:\/\/fundacjamalak.pl\/sklep\/wp-json\/wp\/v2\/media\/4940"}],"wp:attachment":[{"href":"https:\/\/fundacjamalak.pl\/sklep\/wp-json\/wp\/v2\/media?parent=4418"}],"wp:term":[{"taxonomy":"product_brand","embeddable":true,"href":"https:\/\/fundacjamalak.pl\/sklep\/wp-json\/wp\/v2\/product_brand?post=4418"},{"taxonomy":"product_cat","embeddable":true,"href":"https:\/\/fundacjamalak.pl\/sklep\/wp-json\/wp\/v2\/product_cat?post=4418"},{"taxonomy":"product_tag","embeddable":true,"href":"https:\/\/fundacjamalak.pl\/sklep\/wp-json\/wp\/v2\/product_tag?post=4418"}],"curies":[{"name":"wp","href":"https:\/\/api.w.org\/{rel}","templated":true}]}}