{"id":4430,"date":"2023-08-09T18:17:46","date_gmt":"2023-08-09T16:17:46","guid":{"rendered":"https:\/\/sklep.fundacjamalak.pl\/sklep\/bez-kategorii\/rodzinne-pole-minowe\/"},"modified":"2026-04-18T23:55:41","modified_gmt":"2026-04-18T21:55:41","slug":"rodzinne-pole-minowe","status":"publish","type":"product","link":"https:\/\/fundacjamalak.pl\/sklep\/produkt\/ksiazki\/rodzinne-pole-minowe\/","title":{"rendered":"Rodzinne pole minowe &#8211; Adam Szustak OP"},"content":{"rendered":"<p>Rodzinne pole minowe &#8211; Adam Szustak OP \u00a0O sztuce przetrwania na rodzinnym polu minowym<\/p>\n<p>Jedno z najbardziej niebezpiecznych p\u00f3l minowych w \u017cyciu to tw\u00f3r, kt\u00f3ry nazywamy rodzin\u0105. Na ka\u017cdym kroku w relacjach na tym polu trafi\u0107 mo\u017cna na niebezpieczn\u0105 min\u0119, kt\u00f3ra grozi wybuchem, konfliktem, zranieniami i r\u00f3\u017cnymi innymi trudnymi sytuacjami, kt\u00f3re rozwalaj\u0105 rodzin\u0119 od \u015brodka.<\/p>\n<p>Ksi\u0105\u017cka podpowiada jak tego niebezpiecze\u0144stwa unikn\u0105\u0107, jak uk\u0142ada\u0107 relacje ze wszystkimi osobami w rodzinie, jakich konkretnych sposob\u00f3w i taktyk u\u017cywa\u0107, aby pokonywa\u0107 trudno\u015bci, \u0142agodzi\u0107 spory, nauczy\u0107 si\u0119 porozumiewa\u0107, by relacje rodzinne prowadzi\u0142y do pog\u0142\u0119biania wi\u0119zi i wzajemnej mi\u0142o\u015bci!<\/p>\n<ul>\n<li>Je\u015bli nie umiesz dogada\u0107 si\u0119, albo chcesz o wiele lepiej ni\u017c teraz dogadywa\u0107 si\u0119 z m\u0119\u017cem \/ \u017con\u0105 \/ te\u015bciow\u0105 \/ zi\u0119ciem \/ synow\u0105<\/li>\n<li>Je\u015bli w Twojej rodzinie konflikty zdarzaj\u0105 si\u0119 (za) cz\u0119sto<\/li>\n<li>Je\u015bli nie ogarniasz \u015bwiata swojego nastoletniego lub doros\u0142ego dziecka<\/li>\n<li>Je\u015bli Tw\u00f3j rodzic, nastolatku, zupe\u0142nie nie kuma o co Ci chodzi<\/li>\n<li>Je\u015bli Wasze ma\u0142\u017ce\u0144stwo potrzebuje wsparcia, aby dogadywa\u0107 si\u0119 z reszt\u0105 rodziny<\/li>\n<li>Je\u015bli chcesz w swojej rodzinie czu\u0107 si\u0119 jak u siebie w domu, a nie jak na polu minowym<\/li>\n<\/ul>\n<p><strong>Ta ksi\u0105\u017cka jest napisana dla Ciebie!<\/strong><\/p>\n<p><strong>Kupuj\u0105c wspierasz! Ca\u0142kowity doch\u00f3d ze sprzeda\u017cy w sklepie Malak przeznaczony jest na dzia\u0142ania i pomoc charytatywn\u0105 realizowan\u0105 przez\u00a0<a href=\"https:\/\/fundacjamalak.pl\/\">Fundacj\u0119 Malak<\/a>.<\/strong><\/p>\n<p style=\"text-align: center;\"><span style=\"font-family: verdana, geneva, sans-serif; font-size: 10pt;\">\u00a0<\/span><\/p>\n","protected":false},"excerpt":{"rendered":"<p>Jedno z najbardziej niebezpiecznych p\u00f3l minowych w \u017cyciu to tw\u00f3r, kt\u00f3ry nazywamy rodzin\u0105. Na ka\u017cdym kroku w relacjach na tym polu trafi\u0107 mo\u017cna na niebezpieczn\u0105 min\u0119, kt\u00f3ra grozi wybuchem, konfliktem, zranieniami i r\u00f3\u017cnymi innymi trudnymi sytuacjami, kt\u00f3re rozwalaj\u0105 rodzin\u0119 od \u015brodka.<\/p>\n<p>Ksi\u0105\u017cka podpowiada jak tego niebezpiecze\u0144stwa unikn\u0105\u0107, jak uk\u0142ada\u0107 relacje ze wszystkimi osobami w rodzinie, jakich konkretnych sposob\u00f3w i taktyk u\u017cywa\u0107, aby pokonywa\u0107 trudno\u015bci, \u0142agodzi\u0107 spory, nauczy\u0107 si\u0119 porozumiewa\u0107, by relacje rodzinne prowadzi\u0142y do pog\u0142\u0119biania wi\u0119zi i wzajemnej mi\u0142o\u015bci!<\/p>\n<p>&nbsp;<\/p>\n","protected":false},"featured_media":4944,"template":"","meta":{"_acf_changed":false},"product_brand":[],"product_cat":[69,68],"product_tag":[],"class_list":{"0":"post-4430","1":"product","2":"type-product","3":"status-publish","4":"has-post-thumbnail","6":"product_cat-adam-szustak-op","7":"product_cat-ksiazki","9":"first","10":"outofstock","11":"taxable","12":"shipping-taxable","13":"purchasable","14":"product-type-variable","15":"has-default-attributes"},"acf":[],"yoast_head":"<!-- This site is optimized with the Yoast SEO plugin v27.1.1 - https:\/\/yoast.com\/product\/yoast-seo-wordpress\/ -->\n<title>Rodzinne pole minowe - Adam Szustak OP - Sklep Malak<\/title>\n<meta name=\"robots\" content=\"index, follow, max-snippet:-1, max-image-preview:large, max-video-preview:-1\" \/>\n<link rel=\"canonical\" href=\"https:\/\/fundacjamalak.pl\/sklep\/produkt\/ksiazki\/rodzinne-pole-minowe\/\" \/>\n<meta property=\"og:locale\" content=\"pl_PL\" \/>\n<meta property=\"og:type\" content=\"article\" \/>\n<meta property=\"og:title\" content=\"Rodzinne pole minowe - Adam Szustak OP - Sklep Malak\" \/>\n<meta property=\"og:description\" content=\"Jedno z najbardziej niebezpiecznych p\u00f3l minowych w \u017cyciu to tw\u00f3r, kt\u00f3ry nazywamy rodzin\u0105. Na ka\u017cdym kroku w relacjach na tym polu trafi\u0107 mo\u017cna na niebezpieczn\u0105 min\u0119, kt\u00f3ra grozi wybuchem, konfliktem, zranieniami i r\u00f3\u017cnymi innymi trudnymi sytuacjami, kt\u00f3re rozwalaj\u0105 rodzin\u0119 od \u015brodka.  Ksi\u0105\u017cka podpowiada jak tego niebezpiecze\u0144stwa unikn\u0105\u0107, jak uk\u0142ada\u0107 relacje ze wszystkimi osobami w rodzinie, jakich konkretnych sposob\u00f3w i taktyk u\u017cywa\u0107, aby pokonywa\u0107 trudno\u015bci, \u0142agodzi\u0107 spory, nauczy\u0107 si\u0119 porozumiewa\u0107, by relacje rodzinne prowadzi\u0142y do pog\u0142\u0119biania wi\u0119zi i wzajemnej mi\u0142o\u015bci!  &nbsp;\" \/>\n<meta property=\"og:url\" content=\"https:\/\/fundacjamalak.pl\/sklep\/produkt\/ksiazki\/rodzinne-pole-minowe\/\" \/>\n<meta property=\"og:site_name\" content=\"Sklep Malak\" \/>\n<meta property=\"article:publisher\" content=\"https:\/\/www.facebook.com\/FundacjaMalak\" \/>\n<meta property=\"article:modified_time\" content=\"2026-04-18T21:55:41+00:00\" \/>\n<meta property=\"og:image\" content=\"https:\/\/fundacjamalak.pl\/sklep\/wp-content\/uploads\/2023\/10\/Rodzinne-pole-minowe-Mock.png\" \/>\n\t<meta property=\"og:image:width\" content=\"1280\" \/>\n\t<meta property=\"og:image:height\" content=\"1588\" \/>\n\t<meta property=\"og:image:type\" content=\"image\/png\" \/>\n<meta name=\"twitter:card\" content=\"summary_large_image\" \/>\n<meta name=\"twitter:label1\" content=\"Szacowany czas czytania\" \/>\n\t<meta name=\"twitter:data1\" content=\"2 minuty\" \/>\n<script type=\"application\/ld+json\" class=\"yoast-schema-graph\">{\"@context\":\"https:\/\/schema.org\",\"@graph\":[{\"@type\":\"WebPage\",\"@id\":\"https:\/\/fundacjamalak.pl\/sklep\/produkt\/ksiazki\/rodzinne-pole-minowe\/\",\"url\":\"https:\/\/fundacjamalak.pl\/sklep\/produkt\/ksiazki\/rodzinne-pole-minowe\/\",\"name\":\"Rodzinne pole minowe - Adam Szustak OP - Sklep Malak\",\"isPartOf\":{\"@id\":\"https:\/\/sklepmalak.pl\/#website\"},\"primaryImageOfPage\":{\"@id\":\"https:\/\/fundacjamalak.pl\/sklep\/produkt\/ksiazki\/rodzinne-pole-minowe\/#primaryimage\"},\"image\":{\"@id\":\"https:\/\/fundacjamalak.pl\/sklep\/produkt\/ksiazki\/rodzinne-pole-minowe\/#primaryimage\"},\"thumbnailUrl\":\"https:\/\/fundacjamalak.pl\/sklep\/wp-content\/uploads\/2023\/10\/Rodzinne-pole-minowe-Mock.png\",\"datePublished\":\"2023-08-09T16:17:46+00:00\",\"dateModified\":\"2026-04-18T21:55:41+00:00\",\"breadcrumb\":{\"@id\":\"https:\/\/fundacjamalak.pl\/sklep\/produkt\/ksiazki\/rodzinne-pole-minowe\/#breadcrumb\"},\"inLanguage\":\"pl-PL\",\"potentialAction\":[{\"@type\":\"ReadAction\",\"target\":[\"https:\/\/fundacjamalak.pl\/sklep\/produkt\/ksiazki\/rodzinne-pole-minowe\/\"]}]},{\"@type\":\"ImageObject\",\"inLanguage\":\"pl-PL\",\"@id\":\"https:\/\/fundacjamalak.pl\/sklep\/produkt\/ksiazki\/rodzinne-pole-minowe\/#primaryimage\",\"url\":\"https:\/\/fundacjamalak.pl\/sklep\/wp-content\/uploads\/2023\/10\/Rodzinne-pole-minowe-Mock.png\",\"contentUrl\":\"https:\/\/fundacjamalak.pl\/sklep\/wp-content\/uploads\/2023\/10\/Rodzinne-pole-minowe-Mock.png\",\"width\":1280,\"height\":1588},{\"@type\":\"BreadcrumbList\",\"@id\":\"https:\/\/fundacjamalak.pl\/sklep\/produkt\/ksiazki\/rodzinne-pole-minowe\/#breadcrumb\",\"itemListElement\":[{\"@type\":\"ListItem\",\"position\":1,\"name\":\"Strona g\u0142\u00f3wna\",\"item\":\"https:\/\/sklepmalak.pl\/\"},{\"@type\":\"ListItem\",\"position\":2,\"name\":\"Sklep\",\"item\":\"https:\/\/sklepmalak.pl\/\"},{\"@type\":\"ListItem\",\"position\":3,\"name\":\"Rodzinne pole minowe &#8211; Adam Szustak OP\"}]},{\"@type\":\"WebSite\",\"@id\":\"https:\/\/sklepmalak.pl\/#website\",\"url\":\"https:\/\/sklepmalak.pl\/\",\"name\":\"Sklep Malak\",\"description\":\"Nie ma zwyk\u0142ych chwil!\",\"publisher\":{\"@id\":\"https:\/\/sklepmalak.pl\/#organization\"},\"potentialAction\":[{\"@type\":\"SearchAction\",\"target\":{\"@type\":\"EntryPoint\",\"urlTemplate\":\"https:\/\/sklepmalak.pl\/?s={search_term_string}\"},\"query-input\":{\"@type\":\"PropertyValueSpecification\",\"valueRequired\":true,\"valueName\":\"search_term_string\"}}],\"inLanguage\":\"pl-PL\"},{\"@type\":\"Organization\",\"@id\":\"https:\/\/sklepmalak.pl\/#organization\",\"name\":\"Sklep Malak\",\"alternateName\":\"Sklep Fundacji Malak\",\"url\":\"https:\/\/sklepmalak.pl\/\",\"logo\":{\"@type\":\"ImageObject\",\"inLanguage\":\"pl-PL\",\"@id\":\"https:\/\/sklepmalak.pl\/#\/schema\/logo\/image\/\",\"url\":\"https:\/\/fundacjamalak.pl\/sklep\/wp-content\/uploads\/2023\/09\/logo.malak-14-2.png\",\"contentUrl\":\"https:\/\/fundacjamalak.pl\/sklep\/wp-content\/uploads\/2023\/09\/logo.malak-14-2.png\",\"width\":355,\"height\":355,\"caption\":\"Sklep Malak\"},\"image\":{\"@id\":\"https:\/\/sklepmalak.pl\/#\/schema\/logo\/image\/\"},\"sameAs\":[\"https:\/\/www.facebook.com\/FundacjaMalak\",\"https:\/\/www.instagram.com\/fundacjamalak\"]}]}<\/script>\n<!-- \/ Yoast SEO plugin. -->","yoast_head_json":{"title":"Rodzinne pole minowe - Adam Szustak OP - Sklep Malak","robots":{"index":"index","follow":"follow","max-snippet":"max-snippet:-1","max-image-preview":"max-image-preview:large","max-video-preview":"max-video-preview:-1"},"canonical":"https:\/\/fundacjamalak.pl\/sklep\/produkt\/ksiazki\/rodzinne-pole-minowe\/","og_locale":"pl_PL","og_type":"article","og_title":"Rodzinne pole minowe - Adam Szustak OP - Sklep Malak","og_description":"Jedno z najbardziej niebezpiecznych p\u00f3l minowych w \u017cyciu to tw\u00f3r, kt\u00f3ry nazywamy rodzin\u0105. Na ka\u017cdym kroku w relacjach na tym polu trafi\u0107 mo\u017cna na niebezpieczn\u0105 min\u0119, kt\u00f3ra grozi wybuchem, konfliktem, zranieniami i r\u00f3\u017cnymi innymi trudnymi sytuacjami, kt\u00f3re rozwalaj\u0105 rodzin\u0119 od \u015brodka.  Ksi\u0105\u017cka podpowiada jak tego niebezpiecze\u0144stwa unikn\u0105\u0107, jak uk\u0142ada\u0107 relacje ze wszystkimi osobami w rodzinie, jakich konkretnych sposob\u00f3w i taktyk u\u017cywa\u0107, aby pokonywa\u0107 trudno\u015bci, \u0142agodzi\u0107 spory, nauczy\u0107 si\u0119 porozumiewa\u0107, by relacje rodzinne prowadzi\u0142y do pog\u0142\u0119biania wi\u0119zi i wzajemnej mi\u0142o\u015bci!  &nbsp;","og_url":"https:\/\/fundacjamalak.pl\/sklep\/produkt\/ksiazki\/rodzinne-pole-minowe\/","og_site_name":"Sklep Malak","article_publisher":"https:\/\/www.facebook.com\/FundacjaMalak","article_modified_time":"2026-04-18T21:55:41+00:00","og_image":[{"width":1280,"height":1588,"url":"https:\/\/fundacjamalak.pl\/sklep\/wp-content\/uploads\/2023\/10\/Rodzinne-pole-minowe-Mock.png","type":"image\/png"}],"twitter_card":"summary_large_image","twitter_misc":{"Szacowany czas czytania":"2 minuty"},"schema":{"@context":"https:\/\/schema.org","@graph":[{"@type":"WebPage","@id":"https:\/\/fundacjamalak.pl\/sklep\/produkt\/ksiazki\/rodzinne-pole-minowe\/","url":"https:\/\/fundacjamalak.pl\/sklep\/produkt\/ksiazki\/rodzinne-pole-minowe\/","name":"Rodzinne pole minowe - Adam Szustak OP - Sklep Malak","isPartOf":{"@id":"https:\/\/sklepmalak.pl\/#website"},"primaryImageOfPage":{"@id":"https:\/\/fundacjamalak.pl\/sklep\/produkt\/ksiazki\/rodzinne-pole-minowe\/#primaryimage"},"image":{"@id":"https:\/\/fundacjamalak.pl\/sklep\/produkt\/ksiazki\/rodzinne-pole-minowe\/#primaryimage"},"thumbnailUrl":"https:\/\/fundacjamalak.pl\/sklep\/wp-content\/uploads\/2023\/10\/Rodzinne-pole-minowe-Mock.png","datePublished":"2023-08-09T16:17:46+00:00","dateModified":"2026-04-18T21:55:41+00:00","breadcrumb":{"@id":"https:\/\/fundacjamalak.pl\/sklep\/produkt\/ksiazki\/rodzinne-pole-minowe\/#breadcrumb"},"inLanguage":"pl-PL","potentialAction":[{"@type":"ReadAction","target":["https:\/\/fundacjamalak.pl\/sklep\/produkt\/ksiazki\/rodzinne-pole-minowe\/"]}]},{"@type":"ImageObject","inLanguage":"pl-PL","@id":"https:\/\/fundacjamalak.pl\/sklep\/produkt\/ksiazki\/rodzinne-pole-minowe\/#primaryimage","url":"https:\/\/fundacjamalak.pl\/sklep\/wp-content\/uploads\/2023\/10\/Rodzinne-pole-minowe-Mock.png","contentUrl":"https:\/\/fundacjamalak.pl\/sklep\/wp-content\/uploads\/2023\/10\/Rodzinne-pole-minowe-Mock.png","width":1280,"height":1588},{"@type":"BreadcrumbList","@id":"https:\/\/fundacjamalak.pl\/sklep\/produkt\/ksiazki\/rodzinne-pole-minowe\/#breadcrumb","itemListElement":[{"@type":"ListItem","position":1,"name":"Strona g\u0142\u00f3wna","item":"https:\/\/sklepmalak.pl\/"},{"@type":"ListItem","position":2,"name":"Sklep","item":"https:\/\/sklepmalak.pl\/"},{"@type":"ListItem","position":3,"name":"Rodzinne pole minowe &#8211; Adam Szustak OP"}]},{"@type":"WebSite","@id":"https:\/\/sklepmalak.pl\/#website","url":"https:\/\/sklepmalak.pl\/","name":"Sklep Malak","description":"Nie ma zwyk\u0142ych chwil!","publisher":{"@id":"https:\/\/sklepmalak.pl\/#organization"},"potentialAction":[{"@type":"SearchAction","target":{"@type":"EntryPoint","urlTemplate":"https:\/\/sklepmalak.pl\/?s={search_term_string}"},"query-input":{"@type":"PropertyValueSpecification","valueRequired":true,"valueName":"search_term_string"}}],"inLanguage":"pl-PL"},{"@type":"Organization","@id":"https:\/\/sklepmalak.pl\/#organization","name":"Sklep Malak","alternateName":"Sklep Fundacji Malak","url":"https:\/\/sklepmalak.pl\/","logo":{"@type":"ImageObject","inLanguage":"pl-PL","@id":"https:\/\/sklepmalak.pl\/#\/schema\/logo\/image\/","url":"https:\/\/fundacjamalak.pl\/sklep\/wp-content\/uploads\/2023\/09\/logo.malak-14-2.png","contentUrl":"https:\/\/fundacjamalak.pl\/sklep\/wp-content\/uploads\/2023\/09\/logo.malak-14-2.png","width":355,"height":355,"caption":"Sklep Malak"},"image":{"@id":"https:\/\/sklepmalak.pl\/#\/schema\/logo\/image\/"},"sameAs":["https:\/\/www.facebook.com\/FundacjaMalak","https:\/\/www.instagram.com\/fundacjamalak"]}]}},"_links":{"self":[{"href":"https:\/\/fundacjamalak.pl\/sklep\/wp-json\/wp\/v2\/product\/4430","targetHints":{"allow":["GET"]}}],"collection":[{"href":"https:\/\/fundacjamalak.pl\/sklep\/wp-json\/wp\/v2\/product"}],"about":[{"href":"https:\/\/fundacjamalak.pl\/sklep\/wp-json\/wp\/v2\/types\/product"}],"wp:featuredmedia":[{"embeddable":true,"href":"https:\/\/fundacjamalak.pl\/sklep\/wp-json\/wp\/v2\/media\/4944"}],"wp:attachment":[{"href":"https:\/\/fundacjamalak.pl\/sklep\/wp-json\/wp\/v2\/media?parent=4430"}],"wp:term":[{"taxonomy":"product_brand","embeddable":true,"href":"https:\/\/fundacjamalak.pl\/sklep\/wp-json\/wp\/v2\/product_brand?post=4430"},{"taxonomy":"product_cat","embeddable":true,"href":"https:\/\/fundacjamalak.pl\/sklep\/wp-json\/wp\/v2\/product_cat?post=4430"},{"taxonomy":"product_tag","embeddable":true,"href":"https:\/\/fundacjamalak.pl\/sklep\/wp-json\/wp\/v2\/product_tag?post=4430"}],"curies":[{"name":"wp","href":"https:\/\/api.w.org\/{rel}","templated":true}]}}