{"id":4442,"date":"2023-08-09T18:17:53","date_gmt":"2023-08-09T16:17:53","guid":{"rendered":"https:\/\/sklep.fundacjamalak.pl\/sklep\/bez-kategorii\/psalmy-komentarze-do-tekstow-biblijnych-tom-1-adam-szustak-op-ebook\/"},"modified":"2026-04-19T23:55:47","modified_gmt":"2026-04-19T21:55:47","slug":"psalmy-komentarze-do-tekstow-biblijnych-tom-1-adam-szustak-op-ebook","status":"publish","type":"product","link":"https:\/\/fundacjamalak.pl\/sklep\/produkt\/ksiazki\/psalmy-komentarze-do-tekstow-biblijnych-tom-1-adam-szustak-op-ebook\/","title":{"rendered":"Psalmy. Komentarze do tekst\u00f3w biblijnych &#8211; tom 1 &#8211; Adam Szustak OP \/\/ EBOOK"},"content":{"rendered":"<p style=\"text-align: center;\"><span style=\"color: #ff9900;\"><strong>Ksi\u0105\u017cka w wersji plik\u00f3w cyfrowych EBOOK (mobi oraz epub).<\/strong><\/span><\/p>\n<p><em>Psalmy (tom pierwszy)\u00a0<\/em>to ksi\u0105\u017cka zawieraj\u0105ca komentarze Adama Szustaka OP do Ksi\u0119gi Psalm\u00f3w. Powsta\u0142a na podstawie internetowej serii nosz\u0105cej tytu\u0142 \u201ePlaster miodu. Psalmy\u201d, kt\u00f3ra przez kilka lat z r\u00f3\u017cn\u0105 cz\u0119stotliwo\u015bci\u0105 ukazywa\u0142a si\u0119 na youtube\u2019wym kanale \u201eLangusta na palmie\u201d, a kt\u00f3ra nast\u0119pnie zosta\u0142a spisana, uporz\u0105dkowana i nieco poszerzona.<\/p>\n<p>Teksty w niej zawarte nie s\u0105 naukowymi komentarzami do Biblii, ale raczej zapisem osobistych przemy\u015ble\u0144 i refleksji autora, kt\u00f3re rodzi\u0142y si\u0119 podczas modlitwy psalmami. W ksi\u0105\u017cce\u00a0<em>Psalmy (tom pierwszy)<\/em>\u00a0ojciec Adam dzieli si\u0119 tym, jak S\u0142owo Bo\u017ce dotyka na co dzie\u0144 jego \u017cycia i jak ods\u0142ania mu to, kim jest B\u00f3g. Psalmy stanowi\u0105 dla ojca \u015bwiadectwo tego, \u017ce Pan B\u00f3g ju\u017c dawno wszed\u0142 we wszystkie (zar\u00f3wno pi\u0119kne, jak i trudne) sytuacje \u017cycia ludzkiego i rozla\u0142 tam swoj\u0105 \u0142ask\u0119. Modlitwa psalmami, kt\u00f3rej w swoich komentarzach krok po kroku uczy autor, to wi\u0119c stopniowe otwieranie duszy na Bo\u017c\u0105 obecno\u015b\u0107 w nas i w naszym \u017cyciu. Ksi\u0105\u017ck\u0119\u00a0<em>Psalmy (tom pierwszy)<\/em>\u00a0mo\u017cna zatem nazwa\u0107 tak\u017ce pr\u00f3b\u0105 odkrycia nowych lub od\u015bwie\u017cenia zapomnianych sposob\u00f3w budowania relacji z Bogiem, poznawania Go i \u017cycia w Jego obecno\u015bci na co dzie\u0144.<\/p>\n<p><em>&#8222;Wierz\u0119, \u017ce przez wsp\u00f3lne rozwa\u017canie psalm\u00f3w Pan B\u00f3g b\u0119dzie w nas dzia\u0142a\u0142 (bo przecie\u017c sam to obieca\u0142) i swoj\u0105 moc\u0105 b\u0119dzie towarzyszy\u0142 tym, kt\u00f3rzy odwa\u017c\u0105 si\u0119 g\u0142osi\u0107 Jego S\u0142owo swoim \u017cyciem.&#8221;<\/em><\/p>\n<p>Adam Szustak OP<\/p>\n<p><strong>Adam Szustak OP<\/strong>\u00a0\u2013 dominikanin i w\u0119drowny kaznodzieja, autor wielu ksi\u0105\u017cek i audiobook\u00f3w (<em>Osio\u0142 w raju<\/em>,\u00a0<em>Pachnid\u0142a<\/em>,\u00a0<em>Akrobatyka ma\u0142\u017ce\u0144ska<\/em>), dyrektor Dominika\u0144skiego O\u015brodka Kaznodziejskiego, youtuber (<em>Langusta na palmie<\/em>,\u00a0<em>dominikanie.pl<\/em>). Od pocz\u0105tku zwi\u0105zany z Fundacj\u0105 MALAK, najpierw jako jej pomys\u0142odawca, a do dzi\u015b jako wsp\u00f3\u0142tw\u00f3rca inicjatyw ewangelizacyjnych (Weekend Pe\u0142en \u0141aski) oraz charytatywnych.<\/p>\n<p>Nielimitowany u\u017cytek w\u0142asny, kopiowanie i udost\u0119pnianie zabronione.<\/p>\n<p style=\"text-align: center;\"><strong>Kupuj\u0105c wspierasz! Ca\u0142kowity doch\u00f3d ze sprzeda\u017cy w sklepie Malak przeznaczony jest na dzia\u0142ania i pomoc charytatywn\u0105 realizowan\u0105 przez\u00a0<a href=\"https:\/\/fundacjamalak.pl\/\">Fundacj\u0119 Malak<\/a>.<\/strong><\/p>\n","protected":false},"excerpt":{"rendered":"<p><em>Psalmy (tom pierwszy)\u00a0<\/em>to ksi\u0105\u017cka zawieraj\u0105ca komentarze Adama Szustaka OP do Ksi\u0119gi Psalm\u00f3w. Powsta\u0142a na podstawie internetowej serii nosz\u0105cej tytu\u0142 \u201ePlaster miodu. Psalmy\u201d, kt\u00f3ra przez kilka lat z r\u00f3\u017cn\u0105 cz\u0119stotliwo\u015bci\u0105 ukazywa\u0142a si\u0119 na youtube\u2019wym kanale \u201eLangusta na palmie\u201d, a kt\u00f3ra nast\u0119pnie zosta\u0142a spisana, uporz\u0105dkowana i nieco poszerzona.<\/p>\n<p><span style=\"color: #ff9900;\"><strong>Ksi\u0105\u017cka w wersji plik\u00f3w cyfrowych EBOOK (mobi oraz epub).<\/strong><\/span><\/p>\n","protected":false},"featured_media":4949,"template":"","meta":{"_acf_changed":false},"product_brand":[],"product_cat":[69,68,114],"product_tag":[],"class_list":{"0":"post-4442","1":"product","2":"type-product","3":"status-publish","4":"has-post-thumbnail","6":"product_cat-adam-szustak-op","7":"product_cat-ksiazki","8":"product_cat-ebooki","10":"first","11":"instock","12":"taxable","13":"shipping-taxable","14":"purchasable","15":"product-type-variable","16":"has-default-attributes"},"acf":[],"yoast_head":"<!-- This site is optimized with the Yoast SEO plugin v27.1.1 - https:\/\/yoast.com\/product\/yoast-seo-wordpress\/ -->\n<title>Psalmy. Komentarze do tekst\u00f3w biblijnych - tom 1 - Adam Szustak OP \/\/ EBOOK - Sklep Malak<\/title>\n<meta name=\"robots\" content=\"index, follow, max-snippet:-1, max-image-preview:large, max-video-preview:-1\" \/>\n<link rel=\"canonical\" href=\"https:\/\/fundacjamalak.pl\/sklep\/produkt\/ksiazki\/psalmy-komentarze-do-tekstow-biblijnych-tom-1-adam-szustak-op-ebook\/\" \/>\n<meta property=\"og:locale\" content=\"pl_PL\" \/>\n<meta property=\"og:type\" content=\"article\" \/>\n<meta property=\"og:title\" content=\"Psalmy. Komentarze do tekst\u00f3w biblijnych - tom 1 - Adam Szustak OP \/\/ EBOOK - Sklep Malak\" \/>\n<meta property=\"og:description\" content=\"Psalmy (tom pierwszy)\u00a0to ksi\u0105\u017cka zawieraj\u0105ca komentarze Adama Szustaka OP do Ksi\u0119gi Psalm\u00f3w. Powsta\u0142a na podstawie internetowej serii nosz\u0105cej tytu\u0142 \u201ePlaster miodu. Psalmy\u201d, kt\u00f3ra przez kilka lat z r\u00f3\u017cn\u0105 cz\u0119stotliwo\u015bci\u0105 ukazywa\u0142a si\u0119 na youtube\u2019wym kanale \u201eLangusta na palmie\u201d, a kt\u00f3ra nast\u0119pnie zosta\u0142a spisana, uporz\u0105dkowana i nieco poszerzona.  Ksi\u0105\u017cka w wersji plik\u00f3w cyfrowych EBOOK (mobi oraz epub).\" \/>\n<meta property=\"og:url\" content=\"https:\/\/fundacjamalak.pl\/sklep\/produkt\/ksiazki\/psalmy-komentarze-do-tekstow-biblijnych-tom-1-adam-szustak-op-ebook\/\" \/>\n<meta property=\"og:site_name\" content=\"Sklep Malak\" \/>\n<meta property=\"article:publisher\" content=\"https:\/\/www.facebook.com\/FundacjaMalak\" \/>\n<meta property=\"article:modified_time\" content=\"2026-04-19T21:55:47+00:00\" \/>\n<meta property=\"og:image\" content=\"https:\/\/fundacjamalak.pl\/sklep\/wp-content\/uploads\/2023\/08\/Psalmy-Tom-I-ebook-Adam-Szustak-OP-new.png\" \/>\n\t<meta property=\"og:image:width\" content=\"1280\" \/>\n\t<meta property=\"og:image:height\" content=\"1588\" \/>\n\t<meta property=\"og:image:type\" content=\"image\/png\" \/>\n<meta name=\"twitter:card\" content=\"summary_large_image\" \/>\n<meta name=\"twitter:label1\" content=\"Szacowany czas czytania\" \/>\n\t<meta name=\"twitter:data1\" content=\"2 minuty\" \/>\n<script type=\"application\/ld+json\" class=\"yoast-schema-graph\">{\"@context\":\"https:\/\/schema.org\",\"@graph\":[{\"@type\":\"WebPage\",\"@id\":\"https:\/\/fundacjamalak.pl\/sklep\/produkt\/ksiazki\/psalmy-komentarze-do-tekstow-biblijnych-tom-1-adam-szustak-op-ebook\/\",\"url\":\"https:\/\/fundacjamalak.pl\/sklep\/produkt\/ksiazki\/psalmy-komentarze-do-tekstow-biblijnych-tom-1-adam-szustak-op-ebook\/\",\"name\":\"Psalmy. Komentarze do tekst\u00f3w biblijnych - tom 1 - Adam Szustak OP \/\/ EBOOK - Sklep Malak\",\"isPartOf\":{\"@id\":\"https:\/\/sklepmalak.pl\/#website\"},\"primaryImageOfPage\":{\"@id\":\"https:\/\/fundacjamalak.pl\/sklep\/produkt\/ksiazki\/psalmy-komentarze-do-tekstow-biblijnych-tom-1-adam-szustak-op-ebook\/#primaryimage\"},\"image\":{\"@id\":\"https:\/\/fundacjamalak.pl\/sklep\/produkt\/ksiazki\/psalmy-komentarze-do-tekstow-biblijnych-tom-1-adam-szustak-op-ebook\/#primaryimage\"},\"thumbnailUrl\":\"https:\/\/fundacjamalak.pl\/sklep\/wp-content\/uploads\/2023\/08\/Psalmy-Tom-I-ebook-Adam-Szustak-OP-new.png\",\"datePublished\":\"2023-08-09T16:17:53+00:00\",\"dateModified\":\"2026-04-19T21:55:47+00:00\",\"breadcrumb\":{\"@id\":\"https:\/\/fundacjamalak.pl\/sklep\/produkt\/ksiazki\/psalmy-komentarze-do-tekstow-biblijnych-tom-1-adam-szustak-op-ebook\/#breadcrumb\"},\"inLanguage\":\"pl-PL\",\"potentialAction\":[{\"@type\":\"ReadAction\",\"target\":[\"https:\/\/fundacjamalak.pl\/sklep\/produkt\/ksiazki\/psalmy-komentarze-do-tekstow-biblijnych-tom-1-adam-szustak-op-ebook\/\"]}]},{\"@type\":\"ImageObject\",\"inLanguage\":\"pl-PL\",\"@id\":\"https:\/\/fundacjamalak.pl\/sklep\/produkt\/ksiazki\/psalmy-komentarze-do-tekstow-biblijnych-tom-1-adam-szustak-op-ebook\/#primaryimage\",\"url\":\"https:\/\/fundacjamalak.pl\/sklep\/wp-content\/uploads\/2023\/08\/Psalmy-Tom-I-ebook-Adam-Szustak-OP-new.png\",\"contentUrl\":\"https:\/\/fundacjamalak.pl\/sklep\/wp-content\/uploads\/2023\/08\/Psalmy-Tom-I-ebook-Adam-Szustak-OP-new.png\",\"width\":1280,\"height\":1588},{\"@type\":\"BreadcrumbList\",\"@id\":\"https:\/\/fundacjamalak.pl\/sklep\/produkt\/ksiazki\/psalmy-komentarze-do-tekstow-biblijnych-tom-1-adam-szustak-op-ebook\/#breadcrumb\",\"itemListElement\":[{\"@type\":\"ListItem\",\"position\":1,\"name\":\"Strona g\u0142\u00f3wna\",\"item\":\"https:\/\/sklepmalak.pl\/\"},{\"@type\":\"ListItem\",\"position\":2,\"name\":\"Sklep\",\"item\":\"https:\/\/sklepmalak.pl\/\"},{\"@type\":\"ListItem\",\"position\":3,\"name\":\"Psalmy. Komentarze do tekst\u00f3w biblijnych &#8211; tom 1 &#8211; Adam Szustak OP \/\/ EBOOK\"}]},{\"@type\":\"WebSite\",\"@id\":\"https:\/\/sklepmalak.pl\/#website\",\"url\":\"https:\/\/sklepmalak.pl\/\",\"name\":\"Sklep Malak\",\"description\":\"Nie ma zwyk\u0142ych chwil!\",\"publisher\":{\"@id\":\"https:\/\/sklepmalak.pl\/#organization\"},\"potentialAction\":[{\"@type\":\"SearchAction\",\"target\":{\"@type\":\"EntryPoint\",\"urlTemplate\":\"https:\/\/sklepmalak.pl\/?s={search_term_string}\"},\"query-input\":{\"@type\":\"PropertyValueSpecification\",\"valueRequired\":true,\"valueName\":\"search_term_string\"}}],\"inLanguage\":\"pl-PL\"},{\"@type\":\"Organization\",\"@id\":\"https:\/\/sklepmalak.pl\/#organization\",\"name\":\"Sklep Malak\",\"alternateName\":\"Sklep Fundacji Malak\",\"url\":\"https:\/\/sklepmalak.pl\/\",\"logo\":{\"@type\":\"ImageObject\",\"inLanguage\":\"pl-PL\",\"@id\":\"https:\/\/sklepmalak.pl\/#\/schema\/logo\/image\/\",\"url\":\"https:\/\/fundacjamalak.pl\/sklep\/wp-content\/uploads\/2023\/09\/logo.malak-14-2.png\",\"contentUrl\":\"https:\/\/fundacjamalak.pl\/sklep\/wp-content\/uploads\/2023\/09\/logo.malak-14-2.png\",\"width\":355,\"height\":355,\"caption\":\"Sklep Malak\"},\"image\":{\"@id\":\"https:\/\/sklepmalak.pl\/#\/schema\/logo\/image\/\"},\"sameAs\":[\"https:\/\/www.facebook.com\/FundacjaMalak\",\"https:\/\/www.instagram.com\/fundacjamalak\"]}]}<\/script>\n<!-- \/ Yoast SEO plugin. -->","yoast_head_json":{"title":"Psalmy. Komentarze do tekst\u00f3w biblijnych - tom 1 - Adam Szustak OP \/\/ EBOOK - Sklep Malak","robots":{"index":"index","follow":"follow","max-snippet":"max-snippet:-1","max-image-preview":"max-image-preview:large","max-video-preview":"max-video-preview:-1"},"canonical":"https:\/\/fundacjamalak.pl\/sklep\/produkt\/ksiazki\/psalmy-komentarze-do-tekstow-biblijnych-tom-1-adam-szustak-op-ebook\/","og_locale":"pl_PL","og_type":"article","og_title":"Psalmy. Komentarze do tekst\u00f3w biblijnych - tom 1 - Adam Szustak OP \/\/ EBOOK - Sklep Malak","og_description":"Psalmy (tom pierwszy)\u00a0to ksi\u0105\u017cka zawieraj\u0105ca komentarze Adama Szustaka OP do Ksi\u0119gi Psalm\u00f3w. Powsta\u0142a na podstawie internetowej serii nosz\u0105cej tytu\u0142 \u201ePlaster miodu. Psalmy\u201d, kt\u00f3ra przez kilka lat z r\u00f3\u017cn\u0105 cz\u0119stotliwo\u015bci\u0105 ukazywa\u0142a si\u0119 na youtube\u2019wym kanale \u201eLangusta na palmie\u201d, a kt\u00f3ra nast\u0119pnie zosta\u0142a spisana, uporz\u0105dkowana i nieco poszerzona.  Ksi\u0105\u017cka w wersji plik\u00f3w cyfrowych EBOOK (mobi oraz epub).","og_url":"https:\/\/fundacjamalak.pl\/sklep\/produkt\/ksiazki\/psalmy-komentarze-do-tekstow-biblijnych-tom-1-adam-szustak-op-ebook\/","og_site_name":"Sklep Malak","article_publisher":"https:\/\/www.facebook.com\/FundacjaMalak","article_modified_time":"2026-04-19T21:55:47+00:00","og_image":[{"width":1280,"height":1588,"url":"https:\/\/fundacjamalak.pl\/sklep\/wp-content\/uploads\/2023\/08\/Psalmy-Tom-I-ebook-Adam-Szustak-OP-new.png","type":"image\/png"}],"twitter_card":"summary_large_image","twitter_misc":{"Szacowany czas czytania":"2 minuty"},"schema":{"@context":"https:\/\/schema.org","@graph":[{"@type":"WebPage","@id":"https:\/\/fundacjamalak.pl\/sklep\/produkt\/ksiazki\/psalmy-komentarze-do-tekstow-biblijnych-tom-1-adam-szustak-op-ebook\/","url":"https:\/\/fundacjamalak.pl\/sklep\/produkt\/ksiazki\/psalmy-komentarze-do-tekstow-biblijnych-tom-1-adam-szustak-op-ebook\/","name":"Psalmy. Komentarze do tekst\u00f3w biblijnych - tom 1 - Adam Szustak OP \/\/ EBOOK - Sklep Malak","isPartOf":{"@id":"https:\/\/sklepmalak.pl\/#website"},"primaryImageOfPage":{"@id":"https:\/\/fundacjamalak.pl\/sklep\/produkt\/ksiazki\/psalmy-komentarze-do-tekstow-biblijnych-tom-1-adam-szustak-op-ebook\/#primaryimage"},"image":{"@id":"https:\/\/fundacjamalak.pl\/sklep\/produkt\/ksiazki\/psalmy-komentarze-do-tekstow-biblijnych-tom-1-adam-szustak-op-ebook\/#primaryimage"},"thumbnailUrl":"https:\/\/fundacjamalak.pl\/sklep\/wp-content\/uploads\/2023\/08\/Psalmy-Tom-I-ebook-Adam-Szustak-OP-new.png","datePublished":"2023-08-09T16:17:53+00:00","dateModified":"2026-04-19T21:55:47+00:00","breadcrumb":{"@id":"https:\/\/fundacjamalak.pl\/sklep\/produkt\/ksiazki\/psalmy-komentarze-do-tekstow-biblijnych-tom-1-adam-szustak-op-ebook\/#breadcrumb"},"inLanguage":"pl-PL","potentialAction":[{"@type":"ReadAction","target":["https:\/\/fundacjamalak.pl\/sklep\/produkt\/ksiazki\/psalmy-komentarze-do-tekstow-biblijnych-tom-1-adam-szustak-op-ebook\/"]}]},{"@type":"ImageObject","inLanguage":"pl-PL","@id":"https:\/\/fundacjamalak.pl\/sklep\/produkt\/ksiazki\/psalmy-komentarze-do-tekstow-biblijnych-tom-1-adam-szustak-op-ebook\/#primaryimage","url":"https:\/\/fundacjamalak.pl\/sklep\/wp-content\/uploads\/2023\/08\/Psalmy-Tom-I-ebook-Adam-Szustak-OP-new.png","contentUrl":"https:\/\/fundacjamalak.pl\/sklep\/wp-content\/uploads\/2023\/08\/Psalmy-Tom-I-ebook-Adam-Szustak-OP-new.png","width":1280,"height":1588},{"@type":"BreadcrumbList","@id":"https:\/\/fundacjamalak.pl\/sklep\/produkt\/ksiazki\/psalmy-komentarze-do-tekstow-biblijnych-tom-1-adam-szustak-op-ebook\/#breadcrumb","itemListElement":[{"@type":"ListItem","position":1,"name":"Strona g\u0142\u00f3wna","item":"https:\/\/sklepmalak.pl\/"},{"@type":"ListItem","position":2,"name":"Sklep","item":"https:\/\/sklepmalak.pl\/"},{"@type":"ListItem","position":3,"name":"Psalmy. Komentarze do tekst\u00f3w biblijnych &#8211; tom 1 &#8211; Adam Szustak OP \/\/ EBOOK"}]},{"@type":"WebSite","@id":"https:\/\/sklepmalak.pl\/#website","url":"https:\/\/sklepmalak.pl\/","name":"Sklep Malak","description":"Nie ma zwyk\u0142ych chwil!","publisher":{"@id":"https:\/\/sklepmalak.pl\/#organization"},"potentialAction":[{"@type":"SearchAction","target":{"@type":"EntryPoint","urlTemplate":"https:\/\/sklepmalak.pl\/?s={search_term_string}"},"query-input":{"@type":"PropertyValueSpecification","valueRequired":true,"valueName":"search_term_string"}}],"inLanguage":"pl-PL"},{"@type":"Organization","@id":"https:\/\/sklepmalak.pl\/#organization","name":"Sklep Malak","alternateName":"Sklep Fundacji Malak","url":"https:\/\/sklepmalak.pl\/","logo":{"@type":"ImageObject","inLanguage":"pl-PL","@id":"https:\/\/sklepmalak.pl\/#\/schema\/logo\/image\/","url":"https:\/\/fundacjamalak.pl\/sklep\/wp-content\/uploads\/2023\/09\/logo.malak-14-2.png","contentUrl":"https:\/\/fundacjamalak.pl\/sklep\/wp-content\/uploads\/2023\/09\/logo.malak-14-2.png","width":355,"height":355,"caption":"Sklep Malak"},"image":{"@id":"https:\/\/sklepmalak.pl\/#\/schema\/logo\/image\/"},"sameAs":["https:\/\/www.facebook.com\/FundacjaMalak","https:\/\/www.instagram.com\/fundacjamalak"]}]}},"_links":{"self":[{"href":"https:\/\/fundacjamalak.pl\/sklep\/wp-json\/wp\/v2\/product\/4442","targetHints":{"allow":["GET"]}}],"collection":[{"href":"https:\/\/fundacjamalak.pl\/sklep\/wp-json\/wp\/v2\/product"}],"about":[{"href":"https:\/\/fundacjamalak.pl\/sklep\/wp-json\/wp\/v2\/types\/product"}],"wp:featuredmedia":[{"embeddable":true,"href":"https:\/\/fundacjamalak.pl\/sklep\/wp-json\/wp\/v2\/media\/4949"}],"wp:attachment":[{"href":"https:\/\/fundacjamalak.pl\/sklep\/wp-json\/wp\/v2\/media?parent=4442"}],"wp:term":[{"taxonomy":"product_brand","embeddable":true,"href":"https:\/\/fundacjamalak.pl\/sklep\/wp-json\/wp\/v2\/product_brand?post=4442"},{"taxonomy":"product_cat","embeddable":true,"href":"https:\/\/fundacjamalak.pl\/sklep\/wp-json\/wp\/v2\/product_cat?post=4442"},{"taxonomy":"product_tag","embeddable":true,"href":"https:\/\/fundacjamalak.pl\/sklep\/wp-json\/wp\/v2\/product_tag?post=4442"}],"curies":[{"name":"wp","href":"https:\/\/api.w.org\/{rel}","templated":true}]}}