{"id":4458,"date":"2023-08-09T18:18:20","date_gmt":"2023-08-09T16:18:20","guid":{"rendered":"https:\/\/sklep.fundacjamalak.pl\/sklep\/bez-kategorii\/tamar-wszystkie-nieszczescia-kobiet-adam-szustak-op\/"},"modified":"2026-04-19T23:55:39","modified_gmt":"2026-04-19T21:55:39","slug":"tamar-wszystkie-nieszczescia-kobiet-adam-szustak-op","status":"publish","type":"product","link":"https:\/\/fundacjamalak.pl\/sklep\/produkt\/ksiazki\/tamar-wszystkie-nieszczescia-kobiet-adam-szustak-op\/","title":{"rendered":"Tamar. Wszystkie nieszcz\u0119\u015bcia kobiet &#8211; Adam Szustak OP &#8211; ksi\u0105\u017cka"},"content":{"rendered":"<p>Tamar. Wszystkie nieszcz\u0119\u015bcia kobiet to trzecia \u2013 po Judycie i Esterze \u2013 publikacja z<br \/>\nserii opowiadaj\u0105cej o kobietach, ich to\u017csamo\u015bci i \u017cyciowych zadaniach, na podstawie<br \/>\nhistorii biblijnych.<\/p>\n<p>Tamar dozna\u0142a w \u017cyciu niemal\u017ce wszystkich najwi\u0119kszych tragedii, a jednocze\u015bnie<br \/>\npotrafi\u0142a si\u0119 od tego odbi\u0107, wyj\u015b\u0107 na prost\u0105. Zgotowano jej wszystko, co najgorsze,<br \/>\ndo\u015bwiadczy\u0142a okrucie\u0144stw, traktowano j\u0105 najgorzej, jak to tylko mo\u017cliwe, a jednak ona si\u0119<br \/>\nna tym nie zatrzyma\u0142a.<\/p>\n<p>Tamar to historia kobiety nieszcz\u0119\u015bliwej, kt\u00f3ra w pewnym momencie zdj\u0119\u0142a szaty smutku i<br \/>\nzacz\u0119\u0142a \u017c\u0105da\u0107. I tak skutecznie \u017c\u0105da\u0142a, \u017ce jako pierwsza kobieta wesz\u0142a do genealogii<br \/>\nPana Jezusa. Jest to opowie\u015b\u0107 o najwi\u0119kszym nieszcz\u0119\u015bciu, kt\u00f3re wsta\u0142o i zacz\u0119\u0142o<br \/>\nwalczy\u0107, opowie\u015b\u0107 o kobiecie, kt\u00f3ra do\u015bwiadczy\u0142a tego, co \u015bwiat funduje wszystkim<br \/>\nkobietom i zrekonstruowa\u0142a wszystko na nowo.<\/p>\n<p><strong>Kupuj\u0105c wspierasz! Ca\u0142kowity doch\u00f3d ze sprzeda\u017cy w sklepie Malak przeznaczony jest na dzia\u0142ania i pomoc charytatywn\u0105 realizowan\u0105 przez\u00a0<a href=\"https:\/\/fundacjamalak.pl\/\">Fundacj\u0119 Malak<\/a>.<\/strong><\/p>\n","protected":false},"excerpt":{"rendered":"<p>Tamar. Wszystkie nieszcz\u0119\u015bcia kobiet to trzecia \u2013 po Judycie i Esterze \u2013 publikacja z<br \/>\nserii opowiadaj\u0105cej o kobietach, ich to\u017csamo\u015bci i \u017cyciowych zadaniach, na podstawie<br \/>\nhistorii biblijnych.<\/p>\n<p>Tamar dozna\u0142a w \u017cyciu niemal\u017ce wszystkich najwi\u0119kszych tragedii, a jednocze\u015bnie<br \/>\npotrafi\u0142a si\u0119 od tego odbi\u0107, wyj\u015b\u0107 na prost\u0105. Zgotowano jej wszystko, co najgorsze,<br \/>\ndo\u015bwiadczy\u0142a okrucie\u0144stw, traktowano j\u0105 najgorzej, jak to tylko mo\u017cliwe, a jednak ona si\u0119<br \/>\nna tym nie zatrzyma\u0142a.<\/p>\n","protected":false},"featured_media":4884,"template":"","meta":{"_acf_changed":false},"product_brand":[],"product_cat":[69,68],"product_tag":[57,242],"class_list":{"0":"post-4458","1":"product","2":"type-product","3":"status-publish","4":"has-post-thumbnail","6":"product_cat-adam-szustak-op","7":"product_cat-ksiazki","8":"product_tag-adam-szustak-op","9":"product_tag-tamar","11":"first","12":"outofstock","13":"taxable","14":"shipping-taxable","15":"purchasable","16":"product-type-variable","17":"has-default-attributes"},"acf":[],"yoast_head":"<!-- This site is optimized with the Yoast SEO plugin v27.1.1 - https:\/\/yoast.com\/product\/yoast-seo-wordpress\/ -->\n<title>Tamar. Wszystkie nieszcz\u0119\u015bcia kobiet - Adam Szustak OP - ksi\u0105\u017cka - Sklep Malak<\/title>\n<meta name=\"robots\" content=\"index, follow, max-snippet:-1, max-image-preview:large, max-video-preview:-1\" \/>\n<link rel=\"canonical\" href=\"https:\/\/fundacjamalak.pl\/sklep\/produkt\/ksiazki\/tamar-wszystkie-nieszczescia-kobiet-adam-szustak-op\/\" \/>\n<meta property=\"og:locale\" content=\"pl_PL\" \/>\n<meta property=\"og:type\" content=\"article\" \/>\n<meta property=\"og:title\" content=\"Tamar. Wszystkie nieszcz\u0119\u015bcia kobiet - Adam Szustak OP - ksi\u0105\u017cka - Sklep Malak\" \/>\n<meta property=\"og:description\" content=\"Tamar. Wszystkie nieszcz\u0119\u015bcia kobiet to trzecia \u2013 po Judycie i Esterze \u2013 publikacja z serii opowiadaj\u0105cej o kobietach, ich to\u017csamo\u015bci i \u017cyciowych zadaniach, na podstawie historii biblijnych.  Tamar dozna\u0142a w \u017cyciu niemal\u017ce wszystkich najwi\u0119kszych tragedii, a jednocze\u015bnie potrafi\u0142a si\u0119 od tego odbi\u0107, wyj\u015b\u0107 na prost\u0105. Zgotowano jej wszystko, co najgorsze, do\u015bwiadczy\u0142a okrucie\u0144stw, traktowano j\u0105 najgorzej, jak to tylko mo\u017cliwe, a jednak ona si\u0119 na tym nie zatrzyma\u0142a.\" \/>\n<meta property=\"og:url\" content=\"https:\/\/fundacjamalak.pl\/sklep\/produkt\/ksiazki\/tamar-wszystkie-nieszczescia-kobiet-adam-szustak-op\/\" \/>\n<meta property=\"og:site_name\" content=\"Sklep Malak\" \/>\n<meta property=\"article:publisher\" content=\"https:\/\/www.facebook.com\/FundacjaMalak\" \/>\n<meta property=\"article:modified_time\" content=\"2026-04-19T21:55:39+00:00\" \/>\n<meta property=\"og:image\" content=\"https:\/\/fundacjamalak.pl\/sklep\/wp-content\/uploads\/2023\/10\/Tamar-Adam-Szustak-OP.png\" \/>\n\t<meta property=\"og:image:width\" content=\"1280\" \/>\n\t<meta property=\"og:image:height\" content=\"1588\" \/>\n\t<meta property=\"og:image:type\" content=\"image\/png\" \/>\n<meta name=\"twitter:card\" content=\"summary_large_image\" \/>\n<meta name=\"twitter:label1\" content=\"Szacowany czas czytania\" \/>\n\t<meta name=\"twitter:data1\" content=\"2 minuty\" \/>\n<script type=\"application\/ld+json\" class=\"yoast-schema-graph\">{\"@context\":\"https:\/\/schema.org\",\"@graph\":[{\"@type\":\"WebPage\",\"@id\":\"https:\/\/fundacjamalak.pl\/sklep\/produkt\/ksiazki\/tamar-wszystkie-nieszczescia-kobiet-adam-szustak-op\/\",\"url\":\"https:\/\/fundacjamalak.pl\/sklep\/produkt\/ksiazki\/tamar-wszystkie-nieszczescia-kobiet-adam-szustak-op\/\",\"name\":\"Tamar. Wszystkie nieszcz\u0119\u015bcia kobiet - Adam Szustak OP - ksi\u0105\u017cka - Sklep Malak\",\"isPartOf\":{\"@id\":\"https:\/\/sklepmalak.pl\/#website\"},\"primaryImageOfPage\":{\"@id\":\"https:\/\/fundacjamalak.pl\/sklep\/produkt\/ksiazki\/tamar-wszystkie-nieszczescia-kobiet-adam-szustak-op\/#primaryimage\"},\"image\":{\"@id\":\"https:\/\/fundacjamalak.pl\/sklep\/produkt\/ksiazki\/tamar-wszystkie-nieszczescia-kobiet-adam-szustak-op\/#primaryimage\"},\"thumbnailUrl\":\"https:\/\/fundacjamalak.pl\/sklep\/wp-content\/uploads\/2023\/10\/Tamar-Adam-Szustak-OP.png\",\"datePublished\":\"2023-08-09T16:18:20+00:00\",\"dateModified\":\"2026-04-19T21:55:39+00:00\",\"breadcrumb\":{\"@id\":\"https:\/\/fundacjamalak.pl\/sklep\/produkt\/ksiazki\/tamar-wszystkie-nieszczescia-kobiet-adam-szustak-op\/#breadcrumb\"},\"inLanguage\":\"pl-PL\",\"potentialAction\":[{\"@type\":\"ReadAction\",\"target\":[\"https:\/\/fundacjamalak.pl\/sklep\/produkt\/ksiazki\/tamar-wszystkie-nieszczescia-kobiet-adam-szustak-op\/\"]}]},{\"@type\":\"ImageObject\",\"inLanguage\":\"pl-PL\",\"@id\":\"https:\/\/fundacjamalak.pl\/sklep\/produkt\/ksiazki\/tamar-wszystkie-nieszczescia-kobiet-adam-szustak-op\/#primaryimage\",\"url\":\"https:\/\/fundacjamalak.pl\/sklep\/wp-content\/uploads\/2023\/10\/Tamar-Adam-Szustak-OP.png\",\"contentUrl\":\"https:\/\/fundacjamalak.pl\/sklep\/wp-content\/uploads\/2023\/10\/Tamar-Adam-Szustak-OP.png\",\"width\":1280,\"height\":1588},{\"@type\":\"BreadcrumbList\",\"@id\":\"https:\/\/fundacjamalak.pl\/sklep\/produkt\/ksiazki\/tamar-wszystkie-nieszczescia-kobiet-adam-szustak-op\/#breadcrumb\",\"itemListElement\":[{\"@type\":\"ListItem\",\"position\":1,\"name\":\"Strona g\u0142\u00f3wna\",\"item\":\"https:\/\/sklepmalak.pl\/\"},{\"@type\":\"ListItem\",\"position\":2,\"name\":\"Sklep\",\"item\":\"https:\/\/sklepmalak.pl\/\"},{\"@type\":\"ListItem\",\"position\":3,\"name\":\"Tamar. Wszystkie nieszcz\u0119\u015bcia kobiet &#8211; Adam Szustak OP &#8211; ksi\u0105\u017cka\"}]},{\"@type\":\"WebSite\",\"@id\":\"https:\/\/sklepmalak.pl\/#website\",\"url\":\"https:\/\/sklepmalak.pl\/\",\"name\":\"Sklep Malak\",\"description\":\"Nie ma zwyk\u0142ych chwil!\",\"publisher\":{\"@id\":\"https:\/\/sklepmalak.pl\/#organization\"},\"potentialAction\":[{\"@type\":\"SearchAction\",\"target\":{\"@type\":\"EntryPoint\",\"urlTemplate\":\"https:\/\/sklepmalak.pl\/?s={search_term_string}\"},\"query-input\":{\"@type\":\"PropertyValueSpecification\",\"valueRequired\":true,\"valueName\":\"search_term_string\"}}],\"inLanguage\":\"pl-PL\"},{\"@type\":\"Organization\",\"@id\":\"https:\/\/sklepmalak.pl\/#organization\",\"name\":\"Sklep Malak\",\"alternateName\":\"Sklep Fundacji Malak\",\"url\":\"https:\/\/sklepmalak.pl\/\",\"logo\":{\"@type\":\"ImageObject\",\"inLanguage\":\"pl-PL\",\"@id\":\"https:\/\/sklepmalak.pl\/#\/schema\/logo\/image\/\",\"url\":\"https:\/\/fundacjamalak.pl\/sklep\/wp-content\/uploads\/2023\/09\/logo.malak-14-2.png\",\"contentUrl\":\"https:\/\/fundacjamalak.pl\/sklep\/wp-content\/uploads\/2023\/09\/logo.malak-14-2.png\",\"width\":355,\"height\":355,\"caption\":\"Sklep Malak\"},\"image\":{\"@id\":\"https:\/\/sklepmalak.pl\/#\/schema\/logo\/image\/\"},\"sameAs\":[\"https:\/\/www.facebook.com\/FundacjaMalak\",\"https:\/\/www.instagram.com\/fundacjamalak\"]}]}<\/script>\n<!-- \/ Yoast SEO plugin. -->","yoast_head_json":{"title":"Tamar. Wszystkie nieszcz\u0119\u015bcia kobiet - Adam Szustak OP - ksi\u0105\u017cka - Sklep Malak","robots":{"index":"index","follow":"follow","max-snippet":"max-snippet:-1","max-image-preview":"max-image-preview:large","max-video-preview":"max-video-preview:-1"},"canonical":"https:\/\/fundacjamalak.pl\/sklep\/produkt\/ksiazki\/tamar-wszystkie-nieszczescia-kobiet-adam-szustak-op\/","og_locale":"pl_PL","og_type":"article","og_title":"Tamar. Wszystkie nieszcz\u0119\u015bcia kobiet - Adam Szustak OP - ksi\u0105\u017cka - Sklep Malak","og_description":"Tamar. Wszystkie nieszcz\u0119\u015bcia kobiet to trzecia \u2013 po Judycie i Esterze \u2013 publikacja z serii opowiadaj\u0105cej o kobietach, ich to\u017csamo\u015bci i \u017cyciowych zadaniach, na podstawie historii biblijnych.  Tamar dozna\u0142a w \u017cyciu niemal\u017ce wszystkich najwi\u0119kszych tragedii, a jednocze\u015bnie potrafi\u0142a si\u0119 od tego odbi\u0107, wyj\u015b\u0107 na prost\u0105. Zgotowano jej wszystko, co najgorsze, do\u015bwiadczy\u0142a okrucie\u0144stw, traktowano j\u0105 najgorzej, jak to tylko mo\u017cliwe, a jednak ona si\u0119 na tym nie zatrzyma\u0142a.","og_url":"https:\/\/fundacjamalak.pl\/sklep\/produkt\/ksiazki\/tamar-wszystkie-nieszczescia-kobiet-adam-szustak-op\/","og_site_name":"Sklep Malak","article_publisher":"https:\/\/www.facebook.com\/FundacjaMalak","article_modified_time":"2026-04-19T21:55:39+00:00","og_image":[{"width":1280,"height":1588,"url":"https:\/\/fundacjamalak.pl\/sklep\/wp-content\/uploads\/2023\/10\/Tamar-Adam-Szustak-OP.png","type":"image\/png"}],"twitter_card":"summary_large_image","twitter_misc":{"Szacowany czas czytania":"2 minuty"},"schema":{"@context":"https:\/\/schema.org","@graph":[{"@type":"WebPage","@id":"https:\/\/fundacjamalak.pl\/sklep\/produkt\/ksiazki\/tamar-wszystkie-nieszczescia-kobiet-adam-szustak-op\/","url":"https:\/\/fundacjamalak.pl\/sklep\/produkt\/ksiazki\/tamar-wszystkie-nieszczescia-kobiet-adam-szustak-op\/","name":"Tamar. Wszystkie nieszcz\u0119\u015bcia kobiet - Adam Szustak OP - ksi\u0105\u017cka - Sklep Malak","isPartOf":{"@id":"https:\/\/sklepmalak.pl\/#website"},"primaryImageOfPage":{"@id":"https:\/\/fundacjamalak.pl\/sklep\/produkt\/ksiazki\/tamar-wszystkie-nieszczescia-kobiet-adam-szustak-op\/#primaryimage"},"image":{"@id":"https:\/\/fundacjamalak.pl\/sklep\/produkt\/ksiazki\/tamar-wszystkie-nieszczescia-kobiet-adam-szustak-op\/#primaryimage"},"thumbnailUrl":"https:\/\/fundacjamalak.pl\/sklep\/wp-content\/uploads\/2023\/10\/Tamar-Adam-Szustak-OP.png","datePublished":"2023-08-09T16:18:20+00:00","dateModified":"2026-04-19T21:55:39+00:00","breadcrumb":{"@id":"https:\/\/fundacjamalak.pl\/sklep\/produkt\/ksiazki\/tamar-wszystkie-nieszczescia-kobiet-adam-szustak-op\/#breadcrumb"},"inLanguage":"pl-PL","potentialAction":[{"@type":"ReadAction","target":["https:\/\/fundacjamalak.pl\/sklep\/produkt\/ksiazki\/tamar-wszystkie-nieszczescia-kobiet-adam-szustak-op\/"]}]},{"@type":"ImageObject","inLanguage":"pl-PL","@id":"https:\/\/fundacjamalak.pl\/sklep\/produkt\/ksiazki\/tamar-wszystkie-nieszczescia-kobiet-adam-szustak-op\/#primaryimage","url":"https:\/\/fundacjamalak.pl\/sklep\/wp-content\/uploads\/2023\/10\/Tamar-Adam-Szustak-OP.png","contentUrl":"https:\/\/fundacjamalak.pl\/sklep\/wp-content\/uploads\/2023\/10\/Tamar-Adam-Szustak-OP.png","width":1280,"height":1588},{"@type":"BreadcrumbList","@id":"https:\/\/fundacjamalak.pl\/sklep\/produkt\/ksiazki\/tamar-wszystkie-nieszczescia-kobiet-adam-szustak-op\/#breadcrumb","itemListElement":[{"@type":"ListItem","position":1,"name":"Strona g\u0142\u00f3wna","item":"https:\/\/sklepmalak.pl\/"},{"@type":"ListItem","position":2,"name":"Sklep","item":"https:\/\/sklepmalak.pl\/"},{"@type":"ListItem","position":3,"name":"Tamar. Wszystkie nieszcz\u0119\u015bcia kobiet &#8211; Adam Szustak OP &#8211; ksi\u0105\u017cka"}]},{"@type":"WebSite","@id":"https:\/\/sklepmalak.pl\/#website","url":"https:\/\/sklepmalak.pl\/","name":"Sklep Malak","description":"Nie ma zwyk\u0142ych chwil!","publisher":{"@id":"https:\/\/sklepmalak.pl\/#organization"},"potentialAction":[{"@type":"SearchAction","target":{"@type":"EntryPoint","urlTemplate":"https:\/\/sklepmalak.pl\/?s={search_term_string}"},"query-input":{"@type":"PropertyValueSpecification","valueRequired":true,"valueName":"search_term_string"}}],"inLanguage":"pl-PL"},{"@type":"Organization","@id":"https:\/\/sklepmalak.pl\/#organization","name":"Sklep Malak","alternateName":"Sklep Fundacji Malak","url":"https:\/\/sklepmalak.pl\/","logo":{"@type":"ImageObject","inLanguage":"pl-PL","@id":"https:\/\/sklepmalak.pl\/#\/schema\/logo\/image\/","url":"https:\/\/fundacjamalak.pl\/sklep\/wp-content\/uploads\/2023\/09\/logo.malak-14-2.png","contentUrl":"https:\/\/fundacjamalak.pl\/sklep\/wp-content\/uploads\/2023\/09\/logo.malak-14-2.png","width":355,"height":355,"caption":"Sklep Malak"},"image":{"@id":"https:\/\/sklepmalak.pl\/#\/schema\/logo\/image\/"},"sameAs":["https:\/\/www.facebook.com\/FundacjaMalak","https:\/\/www.instagram.com\/fundacjamalak"]}]}},"_links":{"self":[{"href":"https:\/\/fundacjamalak.pl\/sklep\/wp-json\/wp\/v2\/product\/4458","targetHints":{"allow":["GET"]}}],"collection":[{"href":"https:\/\/fundacjamalak.pl\/sklep\/wp-json\/wp\/v2\/product"}],"about":[{"href":"https:\/\/fundacjamalak.pl\/sklep\/wp-json\/wp\/v2\/types\/product"}],"wp:featuredmedia":[{"embeddable":true,"href":"https:\/\/fundacjamalak.pl\/sklep\/wp-json\/wp\/v2\/media\/4884"}],"wp:attachment":[{"href":"https:\/\/fundacjamalak.pl\/sklep\/wp-json\/wp\/v2\/media?parent=4458"}],"wp:term":[{"taxonomy":"product_brand","embeddable":true,"href":"https:\/\/fundacjamalak.pl\/sklep\/wp-json\/wp\/v2\/product_brand?post=4458"},{"taxonomy":"product_cat","embeddable":true,"href":"https:\/\/fundacjamalak.pl\/sklep\/wp-json\/wp\/v2\/product_cat?post=4458"},{"taxonomy":"product_tag","embeddable":true,"href":"https:\/\/fundacjamalak.pl\/sklep\/wp-json\/wp\/v2\/product_tag?post=4458"}],"curies":[{"name":"wp","href":"https:\/\/api.w.org\/{rel}","templated":true}]}}