{"id":4462,"date":"2023-08-09T18:18:23","date_gmt":"2023-08-09T16:18:23","guid":{"rendered":"https:\/\/sklep.fundacjamalak.pl\/sklep\/bez-kategorii\/psalmy-komentarze-do-tekstow-biblijnych-tom-2-adam-szustak-op\/"},"modified":"2026-04-21T09:25:20","modified_gmt":"2026-04-21T07:25:20","slug":"psalmy-komentarze-do-tekstow-biblijnych-tom-2-adam-szustak-op","status":"publish","type":"product","link":"https:\/\/fundacjamalak.pl\/sklep\/produkt\/ksiazki\/psalmy-komentarze-do-tekstow-biblijnych-tom-2-adam-szustak-op\/","title":{"rendered":"Psalmy tom 2 &#8211; Adam Szustak OP (przedsprzeda\u017c) Akcja Dobry uczynek dla Agaty"},"content":{"rendered":"<p>Kupuj\u0105c w przedsprzeda\u017cy drugi tom komentarzy do ksi\u0119gi Psalm\u00f3w ojca Adama Szustaka OP wspierasz akcj\u0119 <a href=\"https:\/\/fundacjamalak.pl\/dobry-uczynek-dla-agaty\/\">Dobry uczynek dla Agaty<\/a> <\/p>\n<p><strong>Wysy\u0142ka b\u0119dzie realizowana po 10.04.26! <\/strong><\/p>\n<p><strong>Ebook Psalmy Tom 1 gratis! <\/strong><\/p>\n<p><img fetchpriority=\"high\" decoding=\"async\" src=\"https:\/\/fundacjamalak.pl\/sklep\/wp-content\/uploads\/2023\/08\/Szablon-YT-Facebook-Wydarzenia-8-300x169.jpg\" alt=\"\" width=\"1000\" height=\"563\" class=\"alignnone size-medium wp-image-17279\" srcset=\"https:\/\/fundacjamalak.pl\/sklep\/wp-content\/uploads\/2023\/08\/Szablon-YT-Facebook-Wydarzenia-8-300x169.jpg 300w, https:\/\/fundacjamalak.pl\/sklep\/wp-content\/uploads\/2023\/08\/Szablon-YT-Facebook-Wydarzenia-8-1024x576.jpg 1024w, https:\/\/fundacjamalak.pl\/sklep\/wp-content\/uploads\/2023\/08\/Szablon-YT-Facebook-Wydarzenia-8-768x432.jpg 768w, https:\/\/fundacjamalak.pl\/sklep\/wp-content\/uploads\/2023\/08\/Szablon-YT-Facebook-Wydarzenia-8-1536x864.jpg 1536w, https:\/\/fundacjamalak.pl\/sklep\/wp-content\/uploads\/2023\/08\/Szablon-YT-Facebook-Wydarzenia-8-2048x1152.jpg 2048w, https:\/\/fundacjamalak.pl\/sklep\/wp-content\/uploads\/2023\/08\/Szablon-YT-Facebook-Wydarzenia-8-350x197.jpg 350w, https:\/\/fundacjamalak.pl\/sklep\/wp-content\/uploads\/2023\/08\/Szablon-YT-Facebook-Wydarzenia-8-680x383.jpg 680w\" sizes=\"(max-width: 1000px) 100vw, 1000px\" \/><\/p>\n<p>Psalmy (tom drugi) to ksi\u0105\u017cka zawieraj\u0105ca komentarze Adama Szustaka OP do Ksi\u0119gi Psalm\u00f3w. Powsta\u0142a na podstawie internetowej serii nosz\u0105cej tytu\u0142 \u201ePlaster miodu. Psalmy\u201d, kt\u00f3ra przez kilka lat z r\u00f3\u017cn\u0105 cz\u0119stotliwo\u015bci\u0105 ukazywa\u0142a si\u0119 na youtube\u2019wym kanale \u201eLangusta na palmie\u201d, a kt\u00f3ra nast\u0119pnie zosta\u0142a spisana, uporz\u0105dkowana i nieco poszerzona.<\/p>\n<p>Teksty w niej zawarte nie s\u0105 naukowymi komentarzami do Biblii, ale raczej zapisem osobistych przemy\u015ble\u0144 i refleksji autora, kt\u00f3re rodzi\u0142y si\u0119 podczas modlitwy psalmami. W ksi\u0105\u017cce Psalmy (tom drugi) ojciec Adam dzieli si\u0119 tym, jak S\u0142owo Bo\u017ce dotyka na co dzie\u0144 jego \u017cycia i jak pozwala mu pozna\u0107 Boga. Psalmy s\u0105 dla ojca \u015bwiadectwem tego, \u017ce Panu Bogu nic nie wymyka si\u0119 z r\u0105k, \u017ce On swoj\u0105 mi\u0142o\u015bci\u0105 ju\u017c dawno ogarn\u0105\u0142 wszystkie (zar\u00f3wno pi\u0119kne, jak i trudne) sytuacje \u017cycia ludzkiego i rozla\u0142 tam swoj\u0105 \u0142ask\u0119. Modlitwa psalmami, kt\u00f3rej w swoich komentarzach krok po kroku uczy autor, to wi\u0119c stopniowe otwieranie serca na Bo\u017c\u0105 obecno\u015b\u0107 w nas i w naszym \u017cyciu. Ksi\u0105\u017ck\u0119 Psalmy (tom drugi) mo\u017cna zatem nazwa\u0107 tak\u017ce pr\u00f3b\u0105 odkrycia nowych lub od\u015bwie\u017cenia zapomnianych sposob\u00f3w budowania relacji z Bogiem i \u017cycia z Nim na co dzie\u0144.<\/p>\n<p><em>Za ka\u017cdym razem, gdy przygotowywa\u0142em poszczeg\u00f3lne komentarze do psalm\u00f3w, prosi\u0142em Ducha Bo\u017cego, by mi wskazywa\u0142, co wybra\u0107, o czym powiedzie\u0107 i przy kt\u00f3rym wersecie si\u0119 zatrzyma\u0107. Mam zatem ogromn\u0105 nadziej\u0119, \u017ce id\u0105c razem przez te poszczeg\u00f3lne teksty, b\u0119dziemy wsp\u00f3lnie spotykali Pana Boga i poznawali Jego mi\u0142o\u015b\u0107.<\/em><\/p>\n<p><em>Adam Szustak OP<\/em><\/p>\n<p>Tom 2 zawiera psalmy od 76 do 150 Tom 1 ebook <a href=\"https:\/\/fundacjamalak.pl\/sklep\/produkt\/ksiazki\/psalmy-komentarze-do-tekstow-biblijnych-tom-1-adam-szustak-op-ebook\/\">dost\u0119pny tutaj<\/a><\/p>\n<p><strong>Ca\u0142kowity doch\u00f3d ze sprzeda\u017cy w sklepie Malak przeznaczony jest\u00a0<\/strong><strong>na dzia\u0142ania i pomoc charytatywn\u0105\u00a0<\/strong><strong>realizowan\u0105 przez\u00a0<a href=\"https:\/\/fundacjamalak.pl\/\">Fundacj\u0119 Malak<\/a>.<\/strong><\/p>\n<p class=\"Standard\" style=\"text-align: justify; text-indent: 35.4pt; line-height: 150%;\">\n","protected":false},"excerpt":{"rendered":"<p>Kupuj\u0105c w przedsprzeda\u017cy drugi tom komentarzy do ksi\u0119gi Psalm\u00f3w ojca Adama Szustaka OP wspierasz akcj\u0119 <a href=\"https:\/\/fundacjamalak.pl\/dobry-uczynek-dla-agaty\/\">Dobry uczynek dla Agaty<\/a> <\/p>\n<p><strong> Tylko teraz Ebook Psalmy Tom 1 gratis! <\/strong> <\/p>\n<p><strong>Wysy\u0142ka b\u0119dzie realizowana po 10.04.26! <\/strong><\/p>\n<p>Psalmy (tom drugi) to ksi\u0105\u017cka zawieraj\u0105ca komentarze Adama Szustaka OP do Ksi\u0119gi Psalm\u00f3w. Powsta\u0142a na podstawie internetowej serii nosz\u0105cej tytu\u0142 \u201ePlaster miodu. Psalmy\u201d, kt\u00f3ra przez kilka lat z r\u00f3\u017cn\u0105 cz\u0119stotliwo\u015bci\u0105 ukazywa\u0142a si\u0119 na youtube\u2019wym kanale \u201eLangusta na palmie\u201d, a kt\u00f3ra nast\u0119pnie zosta\u0142a spisana, uporz\u0105dkowana i nieco poszerzona.<\/p>\n","protected":false},"featured_media":4913,"template":"","meta":{"_acf_changed":false},"product_brand":[],"product_cat":[69,68,288],"product_tag":[],"class_list":{"0":"post-4462","1":"product","2":"type-product","3":"status-publish","4":"has-post-thumbnail","6":"product_cat-adam-szustak-op","7":"product_cat-ksiazki","8":"product_cat-okazje-i-nowosci","10":"first","11":"instock","12":"sale","13":"taxable","14":"shipping-taxable","15":"purchasable","16":"product-type-variable","17":"has-default-attributes"},"acf":[],"yoast_head":"<!-- This site is optimized with the Yoast SEO plugin v27.1.1 - https:\/\/yoast.com\/product\/yoast-seo-wordpress\/ -->\n<title>Psalmy tom 2 - Adam Szustak OP (przedsprzeda\u017c) Akcja Dobry uczynek dla Agaty - Sklep Malak<\/title>\n<meta name=\"robots\" content=\"index, follow, max-snippet:-1, max-image-preview:large, max-video-preview:-1\" \/>\n<link rel=\"canonical\" href=\"https:\/\/fundacjamalak.pl\/sklep\/produkt\/ksiazki\/psalmy-komentarze-do-tekstow-biblijnych-tom-2-adam-szustak-op\/\" \/>\n<meta property=\"og:locale\" content=\"pl_PL\" \/>\n<meta property=\"og:type\" content=\"article\" \/>\n<meta property=\"og:title\" content=\"Psalmy tom 2 - Adam Szustak OP (przedsprzeda\u017c) Akcja Dobry uczynek dla Agaty - Sklep Malak\" \/>\n<meta property=\"og:description\" content=\"Kupuj\u0105c w przedsprzeda\u017cy drugi tom komentarzy do ksi\u0119gi Psalm\u00f3w ojca Adama Szustaka OP wspierasz akcj\u0119 Dobry uczynek dla Agaty   Tylko teraz Ebook Psalmy Tom 1 gratis!   Wysy\u0142ka b\u0119dzie realizowana po 10.04.26!   Psalmy (tom drugi) to ksi\u0105\u017cka zawieraj\u0105ca komentarze Adama Szustaka OP do Ksi\u0119gi Psalm\u00f3w. Powsta\u0142a na podstawie internetowej serii nosz\u0105cej tytu\u0142 \u201ePlaster miodu. Psalmy\u201d, kt\u00f3ra przez kilka lat z r\u00f3\u017cn\u0105 cz\u0119stotliwo\u015bci\u0105 ukazywa\u0142a si\u0119 na youtube\u2019wym kanale \u201eLangusta na palmie\u201d, a kt\u00f3ra nast\u0119pnie zosta\u0142a spisana, uporz\u0105dkowana i nieco poszerzona.\" \/>\n<meta property=\"og:url\" content=\"https:\/\/fundacjamalak.pl\/sklep\/produkt\/ksiazki\/psalmy-komentarze-do-tekstow-biblijnych-tom-2-adam-szustak-op\/\" \/>\n<meta property=\"og:site_name\" content=\"Sklep Malak\" \/>\n<meta property=\"article:publisher\" content=\"https:\/\/www.facebook.com\/FundacjaMalak\" \/>\n<meta property=\"article:modified_time\" content=\"2026-04-21T07:25:20+00:00\" \/>\n<meta property=\"og:image\" content=\"https:\/\/fundacjamalak.pl\/sklep\/wp-content\/uploads\/2023\/10\/Psalmy-Tom-2-ksiazka-Adam-Szustak-1.png\" \/>\n\t<meta property=\"og:image:width\" content=\"1280\" \/>\n\t<meta property=\"og:image:height\" content=\"1588\" \/>\n\t<meta property=\"og:image:type\" content=\"image\/png\" \/>\n<meta name=\"twitter:card\" content=\"summary_large_image\" \/>\n<meta name=\"twitter:label1\" content=\"Szacowany czas czytania\" \/>\n\t<meta name=\"twitter:data1\" content=\"3 minuty\" \/>\n<script type=\"application\/ld+json\" class=\"yoast-schema-graph\">{\"@context\":\"https:\/\/schema.org\",\"@graph\":[{\"@type\":\"WebPage\",\"@id\":\"https:\/\/fundacjamalak.pl\/sklep\/produkt\/ksiazki\/psalmy-komentarze-do-tekstow-biblijnych-tom-2-adam-szustak-op\/\",\"url\":\"https:\/\/fundacjamalak.pl\/sklep\/produkt\/ksiazki\/psalmy-komentarze-do-tekstow-biblijnych-tom-2-adam-szustak-op\/\",\"name\":\"Psalmy tom 2 - Adam Szustak OP (przedsprzeda\u017c) Akcja Dobry uczynek dla Agaty - Sklep Malak\",\"isPartOf\":{\"@id\":\"https:\/\/sklepmalak.pl\/#website\"},\"primaryImageOfPage\":{\"@id\":\"https:\/\/fundacjamalak.pl\/sklep\/produkt\/ksiazki\/psalmy-komentarze-do-tekstow-biblijnych-tom-2-adam-szustak-op\/#primaryimage\"},\"image\":{\"@id\":\"https:\/\/fundacjamalak.pl\/sklep\/produkt\/ksiazki\/psalmy-komentarze-do-tekstow-biblijnych-tom-2-adam-szustak-op\/#primaryimage\"},\"thumbnailUrl\":\"https:\/\/fundacjamalak.pl\/sklep\/wp-content\/uploads\/2023\/10\/Psalmy-Tom-2-ksiazka-Adam-Szustak-1.png\",\"datePublished\":\"2023-08-09T16:18:23+00:00\",\"dateModified\":\"2026-04-21T07:25:20+00:00\",\"breadcrumb\":{\"@id\":\"https:\/\/fundacjamalak.pl\/sklep\/produkt\/ksiazki\/psalmy-komentarze-do-tekstow-biblijnych-tom-2-adam-szustak-op\/#breadcrumb\"},\"inLanguage\":\"pl-PL\",\"potentialAction\":[{\"@type\":\"ReadAction\",\"target\":[\"https:\/\/fundacjamalak.pl\/sklep\/produkt\/ksiazki\/psalmy-komentarze-do-tekstow-biblijnych-tom-2-adam-szustak-op\/\"]}]},{\"@type\":\"ImageObject\",\"inLanguage\":\"pl-PL\",\"@id\":\"https:\/\/fundacjamalak.pl\/sklep\/produkt\/ksiazki\/psalmy-komentarze-do-tekstow-biblijnych-tom-2-adam-szustak-op\/#primaryimage\",\"url\":\"https:\/\/fundacjamalak.pl\/sklep\/wp-content\/uploads\/2023\/10\/Psalmy-Tom-2-ksiazka-Adam-Szustak-1.png\",\"contentUrl\":\"https:\/\/fundacjamalak.pl\/sklep\/wp-content\/uploads\/2023\/10\/Psalmy-Tom-2-ksiazka-Adam-Szustak-1.png\",\"width\":1280,\"height\":1588},{\"@type\":\"BreadcrumbList\",\"@id\":\"https:\/\/fundacjamalak.pl\/sklep\/produkt\/ksiazki\/psalmy-komentarze-do-tekstow-biblijnych-tom-2-adam-szustak-op\/#breadcrumb\",\"itemListElement\":[{\"@type\":\"ListItem\",\"position\":1,\"name\":\"Strona g\u0142\u00f3wna\",\"item\":\"https:\/\/sklepmalak.pl\/\"},{\"@type\":\"ListItem\",\"position\":2,\"name\":\"Sklep\",\"item\":\"https:\/\/sklepmalak.pl\/\"},{\"@type\":\"ListItem\",\"position\":3,\"name\":\"Psalmy tom 2 &#8211; Adam Szustak OP (przedsprzeda\u017c) Akcja Dobry uczynek dla Agaty\"}]},{\"@type\":\"WebSite\",\"@id\":\"https:\/\/sklepmalak.pl\/#website\",\"url\":\"https:\/\/sklepmalak.pl\/\",\"name\":\"Sklep Malak\",\"description\":\"Nie ma zwyk\u0142ych chwil!\",\"publisher\":{\"@id\":\"https:\/\/sklepmalak.pl\/#organization\"},\"potentialAction\":[{\"@type\":\"SearchAction\",\"target\":{\"@type\":\"EntryPoint\",\"urlTemplate\":\"https:\/\/sklepmalak.pl\/?s={search_term_string}\"},\"query-input\":{\"@type\":\"PropertyValueSpecification\",\"valueRequired\":true,\"valueName\":\"search_term_string\"}}],\"inLanguage\":\"pl-PL\"},{\"@type\":\"Organization\",\"@id\":\"https:\/\/sklepmalak.pl\/#organization\",\"name\":\"Sklep Malak\",\"alternateName\":\"Sklep Fundacji Malak\",\"url\":\"https:\/\/sklepmalak.pl\/\",\"logo\":{\"@type\":\"ImageObject\",\"inLanguage\":\"pl-PL\",\"@id\":\"https:\/\/sklepmalak.pl\/#\/schema\/logo\/image\/\",\"url\":\"https:\/\/fundacjamalak.pl\/sklep\/wp-content\/uploads\/2023\/09\/logo.malak-14-2.png\",\"contentUrl\":\"https:\/\/fundacjamalak.pl\/sklep\/wp-content\/uploads\/2023\/09\/logo.malak-14-2.png\",\"width\":355,\"height\":355,\"caption\":\"Sklep Malak\"},\"image\":{\"@id\":\"https:\/\/sklepmalak.pl\/#\/schema\/logo\/image\/\"},\"sameAs\":[\"https:\/\/www.facebook.com\/FundacjaMalak\",\"https:\/\/www.instagram.com\/fundacjamalak\"]}]}<\/script>\n<!-- \/ Yoast SEO plugin. -->","yoast_head_json":{"title":"Psalmy tom 2 - Adam Szustak OP (przedsprzeda\u017c) Akcja Dobry uczynek dla Agaty - Sklep Malak","robots":{"index":"index","follow":"follow","max-snippet":"max-snippet:-1","max-image-preview":"max-image-preview:large","max-video-preview":"max-video-preview:-1"},"canonical":"https:\/\/fundacjamalak.pl\/sklep\/produkt\/ksiazki\/psalmy-komentarze-do-tekstow-biblijnych-tom-2-adam-szustak-op\/","og_locale":"pl_PL","og_type":"article","og_title":"Psalmy tom 2 - Adam Szustak OP (przedsprzeda\u017c) Akcja Dobry uczynek dla Agaty - Sklep Malak","og_description":"Kupuj\u0105c w przedsprzeda\u017cy drugi tom komentarzy do ksi\u0119gi Psalm\u00f3w ojca Adama Szustaka OP wspierasz akcj\u0119 Dobry uczynek dla Agaty   Tylko teraz Ebook Psalmy Tom 1 gratis!   Wysy\u0142ka b\u0119dzie realizowana po 10.04.26!   Psalmy (tom drugi) to ksi\u0105\u017cka zawieraj\u0105ca komentarze Adama Szustaka OP do Ksi\u0119gi Psalm\u00f3w. Powsta\u0142a na podstawie internetowej serii nosz\u0105cej tytu\u0142 \u201ePlaster miodu. Psalmy\u201d, kt\u00f3ra przez kilka lat z r\u00f3\u017cn\u0105 cz\u0119stotliwo\u015bci\u0105 ukazywa\u0142a si\u0119 na youtube\u2019wym kanale \u201eLangusta na palmie\u201d, a kt\u00f3ra nast\u0119pnie zosta\u0142a spisana, uporz\u0105dkowana i nieco poszerzona.","og_url":"https:\/\/fundacjamalak.pl\/sklep\/produkt\/ksiazki\/psalmy-komentarze-do-tekstow-biblijnych-tom-2-adam-szustak-op\/","og_site_name":"Sklep Malak","article_publisher":"https:\/\/www.facebook.com\/FundacjaMalak","article_modified_time":"2026-04-21T07:25:20+00:00","og_image":[{"width":1280,"height":1588,"url":"https:\/\/fundacjamalak.pl\/sklep\/wp-content\/uploads\/2023\/10\/Psalmy-Tom-2-ksiazka-Adam-Szustak-1.png","type":"image\/png"}],"twitter_card":"summary_large_image","twitter_misc":{"Szacowany czas czytania":"3 minuty"},"schema":{"@context":"https:\/\/schema.org","@graph":[{"@type":"WebPage","@id":"https:\/\/fundacjamalak.pl\/sklep\/produkt\/ksiazki\/psalmy-komentarze-do-tekstow-biblijnych-tom-2-adam-szustak-op\/","url":"https:\/\/fundacjamalak.pl\/sklep\/produkt\/ksiazki\/psalmy-komentarze-do-tekstow-biblijnych-tom-2-adam-szustak-op\/","name":"Psalmy tom 2 - Adam Szustak OP (przedsprzeda\u017c) Akcja Dobry uczynek dla Agaty - Sklep Malak","isPartOf":{"@id":"https:\/\/sklepmalak.pl\/#website"},"primaryImageOfPage":{"@id":"https:\/\/fundacjamalak.pl\/sklep\/produkt\/ksiazki\/psalmy-komentarze-do-tekstow-biblijnych-tom-2-adam-szustak-op\/#primaryimage"},"image":{"@id":"https:\/\/fundacjamalak.pl\/sklep\/produkt\/ksiazki\/psalmy-komentarze-do-tekstow-biblijnych-tom-2-adam-szustak-op\/#primaryimage"},"thumbnailUrl":"https:\/\/fundacjamalak.pl\/sklep\/wp-content\/uploads\/2023\/10\/Psalmy-Tom-2-ksiazka-Adam-Szustak-1.png","datePublished":"2023-08-09T16:18:23+00:00","dateModified":"2026-04-21T07:25:20+00:00","breadcrumb":{"@id":"https:\/\/fundacjamalak.pl\/sklep\/produkt\/ksiazki\/psalmy-komentarze-do-tekstow-biblijnych-tom-2-adam-szustak-op\/#breadcrumb"},"inLanguage":"pl-PL","potentialAction":[{"@type":"ReadAction","target":["https:\/\/fundacjamalak.pl\/sklep\/produkt\/ksiazki\/psalmy-komentarze-do-tekstow-biblijnych-tom-2-adam-szustak-op\/"]}]},{"@type":"ImageObject","inLanguage":"pl-PL","@id":"https:\/\/fundacjamalak.pl\/sklep\/produkt\/ksiazki\/psalmy-komentarze-do-tekstow-biblijnych-tom-2-adam-szustak-op\/#primaryimage","url":"https:\/\/fundacjamalak.pl\/sklep\/wp-content\/uploads\/2023\/10\/Psalmy-Tom-2-ksiazka-Adam-Szustak-1.png","contentUrl":"https:\/\/fundacjamalak.pl\/sklep\/wp-content\/uploads\/2023\/10\/Psalmy-Tom-2-ksiazka-Adam-Szustak-1.png","width":1280,"height":1588},{"@type":"BreadcrumbList","@id":"https:\/\/fundacjamalak.pl\/sklep\/produkt\/ksiazki\/psalmy-komentarze-do-tekstow-biblijnych-tom-2-adam-szustak-op\/#breadcrumb","itemListElement":[{"@type":"ListItem","position":1,"name":"Strona g\u0142\u00f3wna","item":"https:\/\/sklepmalak.pl\/"},{"@type":"ListItem","position":2,"name":"Sklep","item":"https:\/\/sklepmalak.pl\/"},{"@type":"ListItem","position":3,"name":"Psalmy tom 2 &#8211; Adam Szustak OP (przedsprzeda\u017c) Akcja Dobry uczynek dla Agaty"}]},{"@type":"WebSite","@id":"https:\/\/sklepmalak.pl\/#website","url":"https:\/\/sklepmalak.pl\/","name":"Sklep Malak","description":"Nie ma zwyk\u0142ych chwil!","publisher":{"@id":"https:\/\/sklepmalak.pl\/#organization"},"potentialAction":[{"@type":"SearchAction","target":{"@type":"EntryPoint","urlTemplate":"https:\/\/sklepmalak.pl\/?s={search_term_string}"},"query-input":{"@type":"PropertyValueSpecification","valueRequired":true,"valueName":"search_term_string"}}],"inLanguage":"pl-PL"},{"@type":"Organization","@id":"https:\/\/sklepmalak.pl\/#organization","name":"Sklep Malak","alternateName":"Sklep Fundacji Malak","url":"https:\/\/sklepmalak.pl\/","logo":{"@type":"ImageObject","inLanguage":"pl-PL","@id":"https:\/\/sklepmalak.pl\/#\/schema\/logo\/image\/","url":"https:\/\/fundacjamalak.pl\/sklep\/wp-content\/uploads\/2023\/09\/logo.malak-14-2.png","contentUrl":"https:\/\/fundacjamalak.pl\/sklep\/wp-content\/uploads\/2023\/09\/logo.malak-14-2.png","width":355,"height":355,"caption":"Sklep Malak"},"image":{"@id":"https:\/\/sklepmalak.pl\/#\/schema\/logo\/image\/"},"sameAs":["https:\/\/www.facebook.com\/FundacjaMalak","https:\/\/www.instagram.com\/fundacjamalak"]}]}},"_links":{"self":[{"href":"https:\/\/fundacjamalak.pl\/sklep\/wp-json\/wp\/v2\/product\/4462","targetHints":{"allow":["GET"]}}],"collection":[{"href":"https:\/\/fundacjamalak.pl\/sklep\/wp-json\/wp\/v2\/product"}],"about":[{"href":"https:\/\/fundacjamalak.pl\/sklep\/wp-json\/wp\/v2\/types\/product"}],"wp:featuredmedia":[{"embeddable":true,"href":"https:\/\/fundacjamalak.pl\/sklep\/wp-json\/wp\/v2\/media\/4913"}],"wp:attachment":[{"href":"https:\/\/fundacjamalak.pl\/sklep\/wp-json\/wp\/v2\/media?parent=4462"}],"wp:term":[{"taxonomy":"product_brand","embeddable":true,"href":"https:\/\/fundacjamalak.pl\/sklep\/wp-json\/wp\/v2\/product_brand?post=4462"},{"taxonomy":"product_cat","embeddable":true,"href":"https:\/\/fundacjamalak.pl\/sklep\/wp-json\/wp\/v2\/product_cat?post=4462"},{"taxonomy":"product_tag","embeddable":true,"href":"https:\/\/fundacjamalak.pl\/sklep\/wp-json\/wp\/v2\/product_tag?post=4462"}],"curies":[{"name":"wp","href":"https:\/\/api.w.org\/{rel}","templated":true}]}}