{"id":4474,"date":"2023-08-09T18:18:38","date_gmt":"2023-08-09T16:18:38","guid":{"rendered":"https:\/\/sklep.fundacjamalak.pl\/sklep\/bez-kategorii\/owca-chwaly-2-0\/"},"modified":"2026-04-20T23:55:28","modified_gmt":"2026-04-20T21:55:28","slug":"owca-chwaly-2-0","status":"publish","type":"product","link":"https:\/\/fundacjamalak.pl\/sklep\/produkt\/muzyka\/owca-chwaly-2-0\/","title":{"rendered":"owca Chwa\u0142y 2.0 &#8211; album dwup\u0142ytowy!"},"content":{"rendered":"<p>Kilka lat po pierwszych Chwa\u0142ach, owca wraca z kolejn\u0105 porcj\u0105 swoich piosenek-modlitw \u2013 dwup\u0142ytowym albumem Chwa\u0142y 2.0. Nadal prze\u017cywaj\u0105 i prze\u017cuwaj\u0105 S\u0142owo i dziel\u0105 si\u0119 owocami tego procesu, a muzycznie si\u0119gaj\u0105c po ci\u0105gle nowe \u015brodki wyrazu, przypominaj\u0105, \u017ce uwielbienie, to nie konkretny styl muzyczny, a spos\u00f3b \u017cycia, odbierania rzeczywisto\u015bci i komunikacji z Tat\u0105 w niebie.<\/p>\n<p>S\u0142uchaj\u0105c pierwszej z dw\u00f3ch zawartych w papierowym kartoniku p\u0142yt, mo\u017cemy uwielbia\u0107 Boga owcow\u0105 parafraz\u0105 modlitwy Ojcze nasz, doksologii, ale te\u017c tre\u015bciami bardzo \u017cyciowymi, o zmaganiu z codzienno\u015bci\u0105 i zapraszaniu Boga w ka\u017cd\u0105 kolejn\u0105 przestrze\u0144 \u017cycia, \u017ceby przyszed\u0142, przemieni\u0142 i odnowi\u0142 swoj\u0105 \u0142ask\u0105.<\/p>\n<p>Drugim CD uciesz\u0105 si\u0119 szczeg\u00f3lnie ci, kt\u00f3rzy wypatrywali wersji audio YouTube&#8217;owej serii \u017cywe Chwa\u0142y b\u0119d\u0105 mogli wreszcie zap\u0119tli\u0107 p\u0142yt\u0119, w odtwarzaczu, czy w ulubionym serwisie streamingowym. Na dok\u0142adk\u0119 \u2013 dwie znane ju\u017c chwa\u0142y, kt\u00f3re dotychczas nie zosta\u0142y wydane na p\u0142ycie.<\/p>\n<p>owca \u2013 zesp\u00f3\u0142 powsta\u0142y z potrzeby uwielbienia Boga now\u0105 muzyk\u0105, kt\u00f3ry swoj\u0105 to\u017csamo\u015b\u0107 odnajduje w biblijnym obrazie owcy, tej co potrzebuje Pasterza-Chrystusa i stada-Ko\u015bcio\u0142a.<\/p>\n<p>Korzystaj\u0105c z du\u017cego do\u015bwiadczenia z r\u00f3\u017cnych przestrzeni muzycznych, chc\u0105 tworzy\u0107 i wielbi\u0107 w jako\u015bci godnej standard\u00f3w Kr\u00f3lestwa, chwa\u0142ami wy\u015bpiewanymi j\u0119zykiem bliskim, codziennym i zrozumia\u0142ym. Na koncie dwie p\u0142yty, sesja live, wiele wydarze\u0144 \u2013 tych stadionowych i zupe\u0142nie ma\u0142ych, i marzenia na wiele wi\u0119cej.<\/p>\n<p><a href=\"https:\/\/chwalydwazero.com\/\">Oficjalna strona projektu Chwa\u0142y 2.0<\/a><\/p>\n<p>&nbsp;<\/p>\n<div style=\"text-align: center;\">\n<p><iframe title=\"YouTube video player\" src=\"\/\/www.youtube.com\/embed\/Z_iRPDuBv0g\" width=\"560\" height=\"315\" frameborder=\"0\"><\/iframe><\/p>\n<\/div>\n<p style=\"text-align: center;\"><span style=\"color: #ffcc00;\">\u00a0<\/span><\/p>\n<hr \/>\n<p>CD 1<\/p>\n<ol>\n<li>z Tob\u0105 mog\u0119 wszystko<\/li>\n<li>ca\u0142a chwa\u0142a<\/li>\n<li>Psalm 46<\/li>\n<li>do Ciebie nale\u017c\u0119<\/li>\n<li>na nowo<\/li>\n<li>z Tob\u0105 { owca w kosmosie }<\/li>\n<li>Tato nasz<\/li>\n<li>Jeste\u015b { owca w domu }<\/li>\n<li>Ten Trzeci {Duch}<\/li>\n<li>la la la la la<\/li>\n<\/ol>\n<div><\/div>\n<p>CD 2<\/p>\n<ol>\n<li>p\u00f3jd\u0119 za Tob\u0105<\/li>\n<li>Psalm 131<\/li>\n<li>Baranek<\/li>\n<li>ulewa i \u015bnieg<\/li>\n<li>jedynie Ty jeste\u015b Panem<\/li>\n<li>Ezechiel<\/li>\n<li>Odpowied\u017a<\/li>\n<li>blisko<\/li>\n<li>w Twoim \u015bwietle<\/li>\n<\/ol>\n<div><\/div>\n<div>\n<div style=\"text-align: center;\"><iframe title=\"YouTube video player\" src=\"https:\/\/www.youtube.com\/embed\/Sb5DVVLRsnQ\" width=\"560\" height=\"315\" frameborder=\"0\"><\/iframe><\/div>\n<\/div>\n<hr \/>\n<p dir=\"ltr\"><strong>Ca\u0142kowity doch\u00f3d ze sprzeda\u017cy w sklepie Malak przeznaczony jest\u00a0<\/strong><strong>na dzia\u0142ania i pomoc charytatywn\u0105\u00a0<\/strong><strong>realizowan\u0105 przez\u00a0<a href=\"https:\/\/fundacjamalak.pl\/\">Fundacj\u0119 Malak<\/a>.<\/strong><\/p>\n<p style=\"color: #333333; font-size: 12px; font-family: Tahoma, Arial, sans-serif; text-align: center;\">\n","protected":false},"excerpt":{"rendered":"<p><span style=\"font-weight: 400;\">Kilka lat po pierwszych <\/span><em><span style=\"font-weight: 400;\">Chwa\u0142ach<\/span><\/em><span style=\"font-weight: 400;\">, owca wraca z kolejn\u0105 porcj\u0105 swoich piosenek-modlitw \u2013 dwup\u0142ytowym albumem <\/span><em><span style=\"font-weight: 400;\">Chwa\u0142y 2.0<\/span><\/em><span style=\"font-weight: 400;\">.<\/span><\/p>\n<p>Zesp\u00f3\u0142 powsta\u0142y z potrzeby uwielbienia Boga now\u0105 muzyk\u0105, kt\u00f3ry swoj\u0105 to\u017csamo\u015b\u0107 odnajduje w biblijnym obrazie owcy, tej co potrzebuje Pasterza-Chrystusa i stada-Ko\u015bcio\u0142a.<\/p>\n<p>Korzystaj\u0105c z du\u017cego do\u015bwiadczenia z r\u00f3\u017cnych przestrzeni muzycznych, chc\u0105 tworzy\u0107 i wielbi\u0107 w jako\u015bci godnej standard\u00f3w Kr\u00f3lestwa, chwa\u0142ami wy\u015bpiewanymi j\u0119zykiem bliskim, codziennym i zrozumia\u0142ym. Na koncie dwie p\u0142yty, sesja live, wiele wydarze\u0144 \u2013 tych stadionowych i zupe\u0142nie ma\u0142ych, i marzenia na wiele wi\u0119cej.<\/p>\n","protected":false},"featured_media":4852,"template":"","meta":{"_acf_changed":false},"product_brand":[],"product_cat":[116,288],"product_tag":[148,144,146,145,147],"class_list":{"0":"post-4474","1":"product","2":"type-product","3":"status-publish","4":"has-post-thumbnail","6":"product_cat-muzyka","7":"product_cat-okazje-i-nowosci","8":"product_tag-muzyka-chrzescijanska","9":"product_tag-owca","10":"product_tag-owca-chwaly","11":"product_tag-owca-chwaly-2-0","12":"product_tag-uwielbienie","14":"first","15":"instock","16":"featured","17":"taxable","18":"shipping-taxable","19":"purchasable","20":"product-type-variable","21":"has-default-attributes"},"acf":[],"yoast_head":"<!-- This site is optimized with the Yoast SEO plugin v27.1.1 - https:\/\/yoast.com\/product\/yoast-seo-wordpress\/ -->\n<title>owca Chwa\u0142y 2.0 - album dwup\u0142ytowy! - Sklep Malak<\/title>\n<meta name=\"robots\" content=\"index, follow, max-snippet:-1, max-image-preview:large, max-video-preview:-1\" \/>\n<link rel=\"canonical\" href=\"https:\/\/fundacjamalak.pl\/sklep\/produkt\/muzyka\/owca-chwaly-2-0\/\" \/>\n<meta property=\"og:locale\" content=\"pl_PL\" \/>\n<meta property=\"og:type\" content=\"article\" \/>\n<meta property=\"og:title\" content=\"owca Chwa\u0142y 2.0 - album dwup\u0142ytowy! - Sklep Malak\" \/>\n<meta property=\"og:description\" content=\"Kilka lat po pierwszych Chwa\u0142ach, owca wraca z kolejn\u0105 porcj\u0105 swoich piosenek-modlitw \u2013 dwup\u0142ytowym albumem Chwa\u0142y 2.0.  Zesp\u00f3\u0142 powsta\u0142y z potrzeby uwielbienia Boga now\u0105 muzyk\u0105, kt\u00f3ry swoj\u0105 to\u017csamo\u015b\u0107 odnajduje w biblijnym obrazie owcy, tej co potrzebuje Pasterza-Chrystusa i stada-Ko\u015bcio\u0142a.  Korzystaj\u0105c z du\u017cego do\u015bwiadczenia z r\u00f3\u017cnych przestrzeni muzycznych, chc\u0105 tworzy\u0107 i wielbi\u0107 w jako\u015bci godnej standard\u00f3w Kr\u00f3lestwa, chwa\u0142ami wy\u015bpiewanymi j\u0119zykiem bliskim, codziennym i zrozumia\u0142ym. Na koncie dwie p\u0142yty, sesja live, wiele wydarze\u0144 \u2013 tych stadionowych i zupe\u0142nie ma\u0142ych, i marzenia na wiele wi\u0119cej.\" \/>\n<meta property=\"og:url\" content=\"https:\/\/fundacjamalak.pl\/sklep\/produkt\/muzyka\/owca-chwaly-2-0\/\" \/>\n<meta property=\"og:site_name\" content=\"Sklep Malak\" \/>\n<meta property=\"article:publisher\" content=\"https:\/\/www.facebook.com\/FundacjaMalak\" \/>\n<meta property=\"article:modified_time\" content=\"2026-04-20T21:55:28+00:00\" \/>\n<meta property=\"og:image\" content=\"https:\/\/fundacjamalak.pl\/sklep\/wp-content\/uploads\/2023\/08\/owca-Chwaly-2.0_1.png\" \/>\n\t<meta property=\"og:image:width\" content=\"1280\" \/>\n\t<meta property=\"og:image:height\" content=\"1588\" \/>\n\t<meta property=\"og:image:type\" content=\"image\/png\" \/>\n<meta name=\"twitter:card\" content=\"summary_large_image\" \/>\n<meta name=\"twitter:label1\" content=\"Szacowany czas czytania\" \/>\n\t<meta name=\"twitter:data1\" content=\"2 minuty\" \/>\n<script type=\"application\/ld+json\" class=\"yoast-schema-graph\">{\"@context\":\"https:\/\/schema.org\",\"@graph\":[{\"@type\":\"WebPage\",\"@id\":\"https:\/\/fundacjamalak.pl\/sklep\/produkt\/muzyka\/owca-chwaly-2-0\/\",\"url\":\"https:\/\/fundacjamalak.pl\/sklep\/produkt\/muzyka\/owca-chwaly-2-0\/\",\"name\":\"owca Chwa\u0142y 2.0 - album dwup\u0142ytowy! - Sklep Malak\",\"isPartOf\":{\"@id\":\"https:\/\/sklepmalak.pl\/#website\"},\"primaryImageOfPage\":{\"@id\":\"https:\/\/fundacjamalak.pl\/sklep\/produkt\/muzyka\/owca-chwaly-2-0\/#primaryimage\"},\"image\":{\"@id\":\"https:\/\/fundacjamalak.pl\/sklep\/produkt\/muzyka\/owca-chwaly-2-0\/#primaryimage\"},\"thumbnailUrl\":\"https:\/\/fundacjamalak.pl\/sklep\/wp-content\/uploads\/2023\/08\/owca-Chwaly-2.0_1.png\",\"datePublished\":\"2023-08-09T16:18:38+00:00\",\"dateModified\":\"2026-04-20T21:55:28+00:00\",\"breadcrumb\":{\"@id\":\"https:\/\/fundacjamalak.pl\/sklep\/produkt\/muzyka\/owca-chwaly-2-0\/#breadcrumb\"},\"inLanguage\":\"pl-PL\",\"potentialAction\":[{\"@type\":\"ReadAction\",\"target\":[\"https:\/\/fundacjamalak.pl\/sklep\/produkt\/muzyka\/owca-chwaly-2-0\/\"]}]},{\"@type\":\"ImageObject\",\"inLanguage\":\"pl-PL\",\"@id\":\"https:\/\/fundacjamalak.pl\/sklep\/produkt\/muzyka\/owca-chwaly-2-0\/#primaryimage\",\"url\":\"https:\/\/fundacjamalak.pl\/sklep\/wp-content\/uploads\/2023\/08\/owca-Chwaly-2.0_1.png\",\"contentUrl\":\"https:\/\/fundacjamalak.pl\/sklep\/wp-content\/uploads\/2023\/08\/owca-Chwaly-2.0_1.png\",\"width\":1280,\"height\":1588},{\"@type\":\"BreadcrumbList\",\"@id\":\"https:\/\/fundacjamalak.pl\/sklep\/produkt\/muzyka\/owca-chwaly-2-0\/#breadcrumb\",\"itemListElement\":[{\"@type\":\"ListItem\",\"position\":1,\"name\":\"Strona g\u0142\u00f3wna\",\"item\":\"https:\/\/sklepmalak.pl\/\"},{\"@type\":\"ListItem\",\"position\":2,\"name\":\"Sklep\",\"item\":\"https:\/\/sklepmalak.pl\/\"},{\"@type\":\"ListItem\",\"position\":3,\"name\":\"owca Chwa\u0142y 2.0 &#8211; album dwup\u0142ytowy!\"}]},{\"@type\":\"WebSite\",\"@id\":\"https:\/\/sklepmalak.pl\/#website\",\"url\":\"https:\/\/sklepmalak.pl\/\",\"name\":\"Sklep Malak\",\"description\":\"Nie ma zwyk\u0142ych chwil!\",\"publisher\":{\"@id\":\"https:\/\/sklepmalak.pl\/#organization\"},\"potentialAction\":[{\"@type\":\"SearchAction\",\"target\":{\"@type\":\"EntryPoint\",\"urlTemplate\":\"https:\/\/sklepmalak.pl\/?s={search_term_string}\"},\"query-input\":{\"@type\":\"PropertyValueSpecification\",\"valueRequired\":true,\"valueName\":\"search_term_string\"}}],\"inLanguage\":\"pl-PL\"},{\"@type\":\"Organization\",\"@id\":\"https:\/\/sklepmalak.pl\/#organization\",\"name\":\"Sklep Malak\",\"alternateName\":\"Sklep Fundacji Malak\",\"url\":\"https:\/\/sklepmalak.pl\/\",\"logo\":{\"@type\":\"ImageObject\",\"inLanguage\":\"pl-PL\",\"@id\":\"https:\/\/sklepmalak.pl\/#\/schema\/logo\/image\/\",\"url\":\"https:\/\/fundacjamalak.pl\/sklep\/wp-content\/uploads\/2023\/09\/logo.malak-14-2.png\",\"contentUrl\":\"https:\/\/fundacjamalak.pl\/sklep\/wp-content\/uploads\/2023\/09\/logo.malak-14-2.png\",\"width\":355,\"height\":355,\"caption\":\"Sklep Malak\"},\"image\":{\"@id\":\"https:\/\/sklepmalak.pl\/#\/schema\/logo\/image\/\"},\"sameAs\":[\"https:\/\/www.facebook.com\/FundacjaMalak\",\"https:\/\/www.instagram.com\/fundacjamalak\"]}]}<\/script>\n<!-- \/ Yoast SEO plugin. -->","yoast_head_json":{"title":"owca Chwa\u0142y 2.0 - album dwup\u0142ytowy! - Sklep Malak","robots":{"index":"index","follow":"follow","max-snippet":"max-snippet:-1","max-image-preview":"max-image-preview:large","max-video-preview":"max-video-preview:-1"},"canonical":"https:\/\/fundacjamalak.pl\/sklep\/produkt\/muzyka\/owca-chwaly-2-0\/","og_locale":"pl_PL","og_type":"article","og_title":"owca Chwa\u0142y 2.0 - album dwup\u0142ytowy! - Sklep Malak","og_description":"Kilka lat po pierwszych Chwa\u0142ach, owca wraca z kolejn\u0105 porcj\u0105 swoich piosenek-modlitw \u2013 dwup\u0142ytowym albumem Chwa\u0142y 2.0.  Zesp\u00f3\u0142 powsta\u0142y z potrzeby uwielbienia Boga now\u0105 muzyk\u0105, kt\u00f3ry swoj\u0105 to\u017csamo\u015b\u0107 odnajduje w biblijnym obrazie owcy, tej co potrzebuje Pasterza-Chrystusa i stada-Ko\u015bcio\u0142a.  Korzystaj\u0105c z du\u017cego do\u015bwiadczenia z r\u00f3\u017cnych przestrzeni muzycznych, chc\u0105 tworzy\u0107 i wielbi\u0107 w jako\u015bci godnej standard\u00f3w Kr\u00f3lestwa, chwa\u0142ami wy\u015bpiewanymi j\u0119zykiem bliskim, codziennym i zrozumia\u0142ym. Na koncie dwie p\u0142yty, sesja live, wiele wydarze\u0144 \u2013 tych stadionowych i zupe\u0142nie ma\u0142ych, i marzenia na wiele wi\u0119cej.","og_url":"https:\/\/fundacjamalak.pl\/sklep\/produkt\/muzyka\/owca-chwaly-2-0\/","og_site_name":"Sklep Malak","article_publisher":"https:\/\/www.facebook.com\/FundacjaMalak","article_modified_time":"2026-04-20T21:55:28+00:00","og_image":[{"width":1280,"height":1588,"url":"https:\/\/fundacjamalak.pl\/sklep\/wp-content\/uploads\/2023\/08\/owca-Chwaly-2.0_1.png","type":"image\/png"}],"twitter_card":"summary_large_image","twitter_misc":{"Szacowany czas czytania":"2 minuty"},"schema":{"@context":"https:\/\/schema.org","@graph":[{"@type":"WebPage","@id":"https:\/\/fundacjamalak.pl\/sklep\/produkt\/muzyka\/owca-chwaly-2-0\/","url":"https:\/\/fundacjamalak.pl\/sklep\/produkt\/muzyka\/owca-chwaly-2-0\/","name":"owca Chwa\u0142y 2.0 - album dwup\u0142ytowy! - Sklep Malak","isPartOf":{"@id":"https:\/\/sklepmalak.pl\/#website"},"primaryImageOfPage":{"@id":"https:\/\/fundacjamalak.pl\/sklep\/produkt\/muzyka\/owca-chwaly-2-0\/#primaryimage"},"image":{"@id":"https:\/\/fundacjamalak.pl\/sklep\/produkt\/muzyka\/owca-chwaly-2-0\/#primaryimage"},"thumbnailUrl":"https:\/\/fundacjamalak.pl\/sklep\/wp-content\/uploads\/2023\/08\/owca-Chwaly-2.0_1.png","datePublished":"2023-08-09T16:18:38+00:00","dateModified":"2026-04-20T21:55:28+00:00","breadcrumb":{"@id":"https:\/\/fundacjamalak.pl\/sklep\/produkt\/muzyka\/owca-chwaly-2-0\/#breadcrumb"},"inLanguage":"pl-PL","potentialAction":[{"@type":"ReadAction","target":["https:\/\/fundacjamalak.pl\/sklep\/produkt\/muzyka\/owca-chwaly-2-0\/"]}]},{"@type":"ImageObject","inLanguage":"pl-PL","@id":"https:\/\/fundacjamalak.pl\/sklep\/produkt\/muzyka\/owca-chwaly-2-0\/#primaryimage","url":"https:\/\/fundacjamalak.pl\/sklep\/wp-content\/uploads\/2023\/08\/owca-Chwaly-2.0_1.png","contentUrl":"https:\/\/fundacjamalak.pl\/sklep\/wp-content\/uploads\/2023\/08\/owca-Chwaly-2.0_1.png","width":1280,"height":1588},{"@type":"BreadcrumbList","@id":"https:\/\/fundacjamalak.pl\/sklep\/produkt\/muzyka\/owca-chwaly-2-0\/#breadcrumb","itemListElement":[{"@type":"ListItem","position":1,"name":"Strona g\u0142\u00f3wna","item":"https:\/\/sklepmalak.pl\/"},{"@type":"ListItem","position":2,"name":"Sklep","item":"https:\/\/sklepmalak.pl\/"},{"@type":"ListItem","position":3,"name":"owca Chwa\u0142y 2.0 &#8211; album dwup\u0142ytowy!"}]},{"@type":"WebSite","@id":"https:\/\/sklepmalak.pl\/#website","url":"https:\/\/sklepmalak.pl\/","name":"Sklep Malak","description":"Nie ma zwyk\u0142ych chwil!","publisher":{"@id":"https:\/\/sklepmalak.pl\/#organization"},"potentialAction":[{"@type":"SearchAction","target":{"@type":"EntryPoint","urlTemplate":"https:\/\/sklepmalak.pl\/?s={search_term_string}"},"query-input":{"@type":"PropertyValueSpecification","valueRequired":true,"valueName":"search_term_string"}}],"inLanguage":"pl-PL"},{"@type":"Organization","@id":"https:\/\/sklepmalak.pl\/#organization","name":"Sklep Malak","alternateName":"Sklep Fundacji Malak","url":"https:\/\/sklepmalak.pl\/","logo":{"@type":"ImageObject","inLanguage":"pl-PL","@id":"https:\/\/sklepmalak.pl\/#\/schema\/logo\/image\/","url":"https:\/\/fundacjamalak.pl\/sklep\/wp-content\/uploads\/2023\/09\/logo.malak-14-2.png","contentUrl":"https:\/\/fundacjamalak.pl\/sklep\/wp-content\/uploads\/2023\/09\/logo.malak-14-2.png","width":355,"height":355,"caption":"Sklep Malak"},"image":{"@id":"https:\/\/sklepmalak.pl\/#\/schema\/logo\/image\/"},"sameAs":["https:\/\/www.facebook.com\/FundacjaMalak","https:\/\/www.instagram.com\/fundacjamalak"]}]}},"_links":{"self":[{"href":"https:\/\/fundacjamalak.pl\/sklep\/wp-json\/wp\/v2\/product\/4474","targetHints":{"allow":["GET"]}}],"collection":[{"href":"https:\/\/fundacjamalak.pl\/sklep\/wp-json\/wp\/v2\/product"}],"about":[{"href":"https:\/\/fundacjamalak.pl\/sklep\/wp-json\/wp\/v2\/types\/product"}],"wp:featuredmedia":[{"embeddable":true,"href":"https:\/\/fundacjamalak.pl\/sklep\/wp-json\/wp\/v2\/media\/4852"}],"wp:attachment":[{"href":"https:\/\/fundacjamalak.pl\/sklep\/wp-json\/wp\/v2\/media?parent=4474"}],"wp:term":[{"taxonomy":"product_brand","embeddable":true,"href":"https:\/\/fundacjamalak.pl\/sklep\/wp-json\/wp\/v2\/product_brand?post=4474"},{"taxonomy":"product_cat","embeddable":true,"href":"https:\/\/fundacjamalak.pl\/sklep\/wp-json\/wp\/v2\/product_cat?post=4474"},{"taxonomy":"product_tag","embeddable":true,"href":"https:\/\/fundacjamalak.pl\/sklep\/wp-json\/wp\/v2\/product_tag?post=4474"}],"curies":[{"name":"wp","href":"https:\/\/api.w.org\/{rel}","templated":true}]}}