{"id":4486,"date":"2023-08-09T18:18:50","date_gmt":"2023-08-09T16:18:50","guid":{"rendered":"https:\/\/sklep.fundacjamalak.pl\/sklep\/bez-kategorii\/psalmy-2-ebook\/"},"modified":"2026-04-18T23:55:47","modified_gmt":"2026-04-18T21:55:47","slug":"psalmy-2-ebook","status":"publish","type":"product","link":"https:\/\/fundacjamalak.pl\/sklep\/produkt\/ksiazki\/psalmy-2-ebook\/","title":{"rendered":"Psalmy 2. Komentarze do tekst\u00f3w biblijnych &#8211; tom 2 &#8211; Adam Szustak OP \/\/ EBOOK"},"content":{"rendered":"<p>Psalmy (tom drugi) to ksi\u0105\u017cka zawieraj\u0105ca komentarze Adama Szustaka OP do Ksi\u0119gi Psalm\u00f3w. Powsta\u0142a na podstawie internetowej serii nosz\u0105cej tytu\u0142 \u201ePlaster miodu. Psalmy\u201d, kt\u00f3ra przez kilka lat z r\u00f3\u017cn\u0105 cz\u0119stotliwo\u015bci\u0105 ukazywa\u0142a si\u0119 na youtube\u2019wym kanale \u201eLangusta na palmie\u201d, a kt\u00f3ra nast\u0119pnie zosta\u0142a spisana, uporz\u0105dkowana i nieco poszerzona.<\/p>\n<p>Teksty w niej zawarte nie s\u0105 naukowymi komentarzami do Biblii, ale raczej zapisem osobistych przemy\u015ble\u0144 i refleksji autora, kt\u00f3re rodzi\u0142y si\u0119 podczas modlitwy psalmami. W ksi\u0105\u017cce Psalmy (tom drugi) ojciec Adam dzieli si\u0119 tym, jak S\u0142owo Bo\u017ce dotyka na co dzie\u0144 jego \u017cycia i jak pozwala mu pozna\u0107 Boga. Psalmy s\u0105 dla ojca \u015bwiadectwem tego, \u017ce Panu Bogu nic nie wymyka si\u0119 z r\u0105k, \u017ce On swoj\u0105 mi\u0142o\u015bci\u0105 ju\u017c dawno ogarn\u0105\u0142 wszystkie (zar\u00f3wno pi\u0119kne, jak i trudne) sytuacje \u017cycia ludzkiego i rozla\u0142 tam swoj\u0105 \u0142ask\u0119. Modlitwa psalmami, kt\u00f3rej w swoich komentarzach krok po kroku uczy autor, to wi\u0119c stopniowe otwieranie serca na Bo\u017c\u0105 obecno\u015b\u0107 w nas i w naszym \u017cyciu. Ksi\u0105\u017ck\u0119 Psalmy (tom drugi) mo\u017cna zatem nazwa\u0107 tak\u017ce pr\u00f3b\u0105 odkrycia nowych lub od\u015bwie\u017cenia zapomnianych sposob\u00f3w budowania relacji z Bogiem i \u017cycia z Nim na co dzie\u0144.<\/p>\n<p><em>Za ka\u017cdym razem, gdy przygotowywa\u0142em poszczeg\u00f3lne komentarze do psalm\u00f3w, prosi\u0142em Ducha Bo\u017cego, by mi wskazywa\u0142, co wybra\u0107, o czym powiedzie\u0107 i przy kt\u00f3rym wersecie si\u0119 zatrzyma\u0107. Mam zatem ogromn\u0105 nadziej\u0119, \u017ce id\u0105c razem przez te poszczeg\u00f3lne teksty, b\u0119dziemy wsp\u00f3lnie spotykali Pana Boga i poznawali Jego mi\u0142o\u015b\u0107.<\/em><\/p>\n<p><em>Adam Szustak OP<\/em><\/p>\n<p>Tom 2 zawiera psalmy od 76 do 150 Tom 1 dost\u0119pny tutaj<\/p>\n<p><strong>Ksi\u0105\u017cka w wersji plik\u00f3w cyfrowych EBOOK (mobi oraz epub).<\/strong><\/p>\n<p><strong>Ca\u0142kowity doch\u00f3d ze sprzeda\u017cy w sklepie Malak przeznaczony jest\u00a0<\/strong><strong>na dzia\u0142ania i pomoc charytatywn\u0105\u00a0<\/strong><strong>realizowan\u0105 przez\u00a0<a href=\"https:\/\/fundacjamalak.pl\/\">Fundacj\u0119 Malak<\/a>.<\/strong><\/p>\n","protected":false},"excerpt":{"rendered":"<p>Psalmy (tom drugi) to ksi\u0105\u017cka zawieraj\u0105ca komentarze Adama Szustaka OP do Ksi\u0119gi Psalm\u00f3w. Powsta\u0142a na podstawie internetowej serii nosz\u0105cej tytu\u0142 \u201ePlaster miodu. Psalmy\u201d, kt\u00f3ra przez kilka lat z r\u00f3\u017cn\u0105 cz\u0119stotliwo\u015bci\u0105 ukazywa\u0142a si\u0119 na youtube\u2019wym kanale \u201eLangusta na palmie\u201d, a kt\u00f3ra nast\u0119pnie zosta\u0142a spisana, uporz\u0105dkowana i nieco poszerzona.<\/p>\n<p><strong>Ksi\u0105\u017cka w wersji plik\u00f3w cyfrowych EBOOK (mobi oraz epub).<\/strong><\/p>\n","protected":false},"featured_media":4948,"template":"","meta":{"_acf_changed":false},"product_brand":[],"product_cat":[69,68,114],"product_tag":[57,219,172,218],"class_list":{"0":"post-4486","1":"product","2":"type-product","3":"status-publish","4":"has-post-thumbnail","6":"product_cat-adam-szustak-op","7":"product_cat-ksiazki","8":"product_cat-ebooki","9":"product_tag-adam-szustak-op","10":"product_tag-langusta-na-palmie","11":"product_tag-plaster-miodu","12":"product_tag-psalmy","14":"first","15":"instock","16":"taxable","17":"shipping-taxable","18":"purchasable","19":"product-type-variable","20":"has-default-attributes"},"acf":[],"yoast_head":"<!-- This site is optimized with the Yoast SEO plugin v27.1.1 - https:\/\/yoast.com\/product\/yoast-seo-wordpress\/ -->\n<title>Psalmy 2. Komentarze do tekst\u00f3w biblijnych - tom 2 - Adam Szustak OP \/\/ EBOOK - Sklep Malak<\/title>\n<meta name=\"robots\" content=\"index, follow, max-snippet:-1, max-image-preview:large, max-video-preview:-1\" \/>\n<link rel=\"canonical\" href=\"https:\/\/fundacjamalak.pl\/sklep\/produkt\/ksiazki\/psalmy-2-ebook\/\" \/>\n<meta property=\"og:locale\" content=\"pl_PL\" \/>\n<meta property=\"og:type\" content=\"article\" \/>\n<meta property=\"og:title\" content=\"Psalmy 2. Komentarze do tekst\u00f3w biblijnych - tom 2 - Adam Szustak OP \/\/ EBOOK - Sklep Malak\" \/>\n<meta property=\"og:description\" content=\"Psalmy (tom drugi) to ksi\u0105\u017cka zawieraj\u0105ca komentarze Adama Szustaka OP do Ksi\u0119gi Psalm\u00f3w. Powsta\u0142a na podstawie internetowej serii nosz\u0105cej tytu\u0142 \u201ePlaster miodu. Psalmy\u201d, kt\u00f3ra przez kilka lat z r\u00f3\u017cn\u0105 cz\u0119stotliwo\u015bci\u0105 ukazywa\u0142a si\u0119 na youtube\u2019wym kanale \u201eLangusta na palmie\u201d, a kt\u00f3ra nast\u0119pnie zosta\u0142a spisana, uporz\u0105dkowana i nieco poszerzona.  Ksi\u0105\u017cka w wersji plik\u00f3w cyfrowych EBOOK (mobi oraz epub).\" \/>\n<meta property=\"og:url\" content=\"https:\/\/fundacjamalak.pl\/sklep\/produkt\/ksiazki\/psalmy-2-ebook\/\" \/>\n<meta property=\"og:site_name\" content=\"Sklep Malak\" \/>\n<meta property=\"article:publisher\" content=\"https:\/\/www.facebook.com\/FundacjaMalak\" \/>\n<meta property=\"article:modified_time\" content=\"2026-04-18T21:55:47+00:00\" \/>\n<meta property=\"og:image\" content=\"https:\/\/fundacjamalak.pl\/sklep\/wp-content\/uploads\/2023\/08\/Psalmy-Tom-2-ebook-Adam-Szustak-new.png\" \/>\n\t<meta property=\"og:image:width\" content=\"1280\" \/>\n\t<meta property=\"og:image:height\" content=\"1588\" \/>\n\t<meta property=\"og:image:type\" content=\"image\/png\" \/>\n<meta name=\"twitter:card\" content=\"summary_large_image\" \/>\n<meta name=\"twitter:label1\" content=\"Szacowany czas czytania\" \/>\n\t<meta name=\"twitter:data1\" content=\"2 minuty\" \/>\n<script type=\"application\/ld+json\" class=\"yoast-schema-graph\">{\"@context\":\"https:\/\/schema.org\",\"@graph\":[{\"@type\":\"WebPage\",\"@id\":\"https:\/\/fundacjamalak.pl\/sklep\/produkt\/ksiazki\/psalmy-2-ebook\/\",\"url\":\"https:\/\/fundacjamalak.pl\/sklep\/produkt\/ksiazki\/psalmy-2-ebook\/\",\"name\":\"Psalmy 2. Komentarze do tekst\u00f3w biblijnych - tom 2 - Adam Szustak OP \/\/ EBOOK - Sklep Malak\",\"isPartOf\":{\"@id\":\"https:\/\/sklepmalak.pl\/#website\"},\"primaryImageOfPage\":{\"@id\":\"https:\/\/fundacjamalak.pl\/sklep\/produkt\/ksiazki\/psalmy-2-ebook\/#primaryimage\"},\"image\":{\"@id\":\"https:\/\/fundacjamalak.pl\/sklep\/produkt\/ksiazki\/psalmy-2-ebook\/#primaryimage\"},\"thumbnailUrl\":\"https:\/\/fundacjamalak.pl\/sklep\/wp-content\/uploads\/2023\/08\/Psalmy-Tom-2-ebook-Adam-Szustak-new.png\",\"datePublished\":\"2023-08-09T16:18:50+00:00\",\"dateModified\":\"2026-04-18T21:55:47+00:00\",\"breadcrumb\":{\"@id\":\"https:\/\/fundacjamalak.pl\/sklep\/produkt\/ksiazki\/psalmy-2-ebook\/#breadcrumb\"},\"inLanguage\":\"pl-PL\",\"potentialAction\":[{\"@type\":\"ReadAction\",\"target\":[\"https:\/\/fundacjamalak.pl\/sklep\/produkt\/ksiazki\/psalmy-2-ebook\/\"]}]},{\"@type\":\"ImageObject\",\"inLanguage\":\"pl-PL\",\"@id\":\"https:\/\/fundacjamalak.pl\/sklep\/produkt\/ksiazki\/psalmy-2-ebook\/#primaryimage\",\"url\":\"https:\/\/fundacjamalak.pl\/sklep\/wp-content\/uploads\/2023\/08\/Psalmy-Tom-2-ebook-Adam-Szustak-new.png\",\"contentUrl\":\"https:\/\/fundacjamalak.pl\/sklep\/wp-content\/uploads\/2023\/08\/Psalmy-Tom-2-ebook-Adam-Szustak-new.png\",\"width\":1280,\"height\":1588},{\"@type\":\"BreadcrumbList\",\"@id\":\"https:\/\/fundacjamalak.pl\/sklep\/produkt\/ksiazki\/psalmy-2-ebook\/#breadcrumb\",\"itemListElement\":[{\"@type\":\"ListItem\",\"position\":1,\"name\":\"Strona g\u0142\u00f3wna\",\"item\":\"https:\/\/sklepmalak.pl\/\"},{\"@type\":\"ListItem\",\"position\":2,\"name\":\"Sklep\",\"item\":\"https:\/\/sklepmalak.pl\/\"},{\"@type\":\"ListItem\",\"position\":3,\"name\":\"Psalmy 2. Komentarze do tekst\u00f3w biblijnych &#8211; tom 2 &#8211; Adam Szustak OP \/\/ EBOOK\"}]},{\"@type\":\"WebSite\",\"@id\":\"https:\/\/sklepmalak.pl\/#website\",\"url\":\"https:\/\/sklepmalak.pl\/\",\"name\":\"Sklep Malak\",\"description\":\"Nie ma zwyk\u0142ych chwil!\",\"publisher\":{\"@id\":\"https:\/\/sklepmalak.pl\/#organization\"},\"potentialAction\":[{\"@type\":\"SearchAction\",\"target\":{\"@type\":\"EntryPoint\",\"urlTemplate\":\"https:\/\/sklepmalak.pl\/?s={search_term_string}\"},\"query-input\":{\"@type\":\"PropertyValueSpecification\",\"valueRequired\":true,\"valueName\":\"search_term_string\"}}],\"inLanguage\":\"pl-PL\"},{\"@type\":\"Organization\",\"@id\":\"https:\/\/sklepmalak.pl\/#organization\",\"name\":\"Sklep Malak\",\"alternateName\":\"Sklep Fundacji Malak\",\"url\":\"https:\/\/sklepmalak.pl\/\",\"logo\":{\"@type\":\"ImageObject\",\"inLanguage\":\"pl-PL\",\"@id\":\"https:\/\/sklepmalak.pl\/#\/schema\/logo\/image\/\",\"url\":\"https:\/\/fundacjamalak.pl\/sklep\/wp-content\/uploads\/2023\/09\/logo.malak-14-2.png\",\"contentUrl\":\"https:\/\/fundacjamalak.pl\/sklep\/wp-content\/uploads\/2023\/09\/logo.malak-14-2.png\",\"width\":355,\"height\":355,\"caption\":\"Sklep Malak\"},\"image\":{\"@id\":\"https:\/\/sklepmalak.pl\/#\/schema\/logo\/image\/\"},\"sameAs\":[\"https:\/\/www.facebook.com\/FundacjaMalak\",\"https:\/\/www.instagram.com\/fundacjamalak\"]}]}<\/script>\n<!-- \/ Yoast SEO plugin. -->","yoast_head_json":{"title":"Psalmy 2. Komentarze do tekst\u00f3w biblijnych - tom 2 - Adam Szustak OP \/\/ EBOOK - Sklep Malak","robots":{"index":"index","follow":"follow","max-snippet":"max-snippet:-1","max-image-preview":"max-image-preview:large","max-video-preview":"max-video-preview:-1"},"canonical":"https:\/\/fundacjamalak.pl\/sklep\/produkt\/ksiazki\/psalmy-2-ebook\/","og_locale":"pl_PL","og_type":"article","og_title":"Psalmy 2. Komentarze do tekst\u00f3w biblijnych - tom 2 - Adam Szustak OP \/\/ EBOOK - Sklep Malak","og_description":"Psalmy (tom drugi) to ksi\u0105\u017cka zawieraj\u0105ca komentarze Adama Szustaka OP do Ksi\u0119gi Psalm\u00f3w. Powsta\u0142a na podstawie internetowej serii nosz\u0105cej tytu\u0142 \u201ePlaster miodu. Psalmy\u201d, kt\u00f3ra przez kilka lat z r\u00f3\u017cn\u0105 cz\u0119stotliwo\u015bci\u0105 ukazywa\u0142a si\u0119 na youtube\u2019wym kanale \u201eLangusta na palmie\u201d, a kt\u00f3ra nast\u0119pnie zosta\u0142a spisana, uporz\u0105dkowana i nieco poszerzona.  Ksi\u0105\u017cka w wersji plik\u00f3w cyfrowych EBOOK (mobi oraz epub).","og_url":"https:\/\/fundacjamalak.pl\/sklep\/produkt\/ksiazki\/psalmy-2-ebook\/","og_site_name":"Sklep Malak","article_publisher":"https:\/\/www.facebook.com\/FundacjaMalak","article_modified_time":"2026-04-18T21:55:47+00:00","og_image":[{"width":1280,"height":1588,"url":"https:\/\/fundacjamalak.pl\/sklep\/wp-content\/uploads\/2023\/08\/Psalmy-Tom-2-ebook-Adam-Szustak-new.png","type":"image\/png"}],"twitter_card":"summary_large_image","twitter_misc":{"Szacowany czas czytania":"2 minuty"},"schema":{"@context":"https:\/\/schema.org","@graph":[{"@type":"WebPage","@id":"https:\/\/fundacjamalak.pl\/sklep\/produkt\/ksiazki\/psalmy-2-ebook\/","url":"https:\/\/fundacjamalak.pl\/sklep\/produkt\/ksiazki\/psalmy-2-ebook\/","name":"Psalmy 2. Komentarze do tekst\u00f3w biblijnych - tom 2 - Adam Szustak OP \/\/ EBOOK - Sklep Malak","isPartOf":{"@id":"https:\/\/sklepmalak.pl\/#website"},"primaryImageOfPage":{"@id":"https:\/\/fundacjamalak.pl\/sklep\/produkt\/ksiazki\/psalmy-2-ebook\/#primaryimage"},"image":{"@id":"https:\/\/fundacjamalak.pl\/sklep\/produkt\/ksiazki\/psalmy-2-ebook\/#primaryimage"},"thumbnailUrl":"https:\/\/fundacjamalak.pl\/sklep\/wp-content\/uploads\/2023\/08\/Psalmy-Tom-2-ebook-Adam-Szustak-new.png","datePublished":"2023-08-09T16:18:50+00:00","dateModified":"2026-04-18T21:55:47+00:00","breadcrumb":{"@id":"https:\/\/fundacjamalak.pl\/sklep\/produkt\/ksiazki\/psalmy-2-ebook\/#breadcrumb"},"inLanguage":"pl-PL","potentialAction":[{"@type":"ReadAction","target":["https:\/\/fundacjamalak.pl\/sklep\/produkt\/ksiazki\/psalmy-2-ebook\/"]}]},{"@type":"ImageObject","inLanguage":"pl-PL","@id":"https:\/\/fundacjamalak.pl\/sklep\/produkt\/ksiazki\/psalmy-2-ebook\/#primaryimage","url":"https:\/\/fundacjamalak.pl\/sklep\/wp-content\/uploads\/2023\/08\/Psalmy-Tom-2-ebook-Adam-Szustak-new.png","contentUrl":"https:\/\/fundacjamalak.pl\/sklep\/wp-content\/uploads\/2023\/08\/Psalmy-Tom-2-ebook-Adam-Szustak-new.png","width":1280,"height":1588},{"@type":"BreadcrumbList","@id":"https:\/\/fundacjamalak.pl\/sklep\/produkt\/ksiazki\/psalmy-2-ebook\/#breadcrumb","itemListElement":[{"@type":"ListItem","position":1,"name":"Strona g\u0142\u00f3wna","item":"https:\/\/sklepmalak.pl\/"},{"@type":"ListItem","position":2,"name":"Sklep","item":"https:\/\/sklepmalak.pl\/"},{"@type":"ListItem","position":3,"name":"Psalmy 2. Komentarze do tekst\u00f3w biblijnych &#8211; tom 2 &#8211; Adam Szustak OP \/\/ EBOOK"}]},{"@type":"WebSite","@id":"https:\/\/sklepmalak.pl\/#website","url":"https:\/\/sklepmalak.pl\/","name":"Sklep Malak","description":"Nie ma zwyk\u0142ych chwil!","publisher":{"@id":"https:\/\/sklepmalak.pl\/#organization"},"potentialAction":[{"@type":"SearchAction","target":{"@type":"EntryPoint","urlTemplate":"https:\/\/sklepmalak.pl\/?s={search_term_string}"},"query-input":{"@type":"PropertyValueSpecification","valueRequired":true,"valueName":"search_term_string"}}],"inLanguage":"pl-PL"},{"@type":"Organization","@id":"https:\/\/sklepmalak.pl\/#organization","name":"Sklep Malak","alternateName":"Sklep Fundacji Malak","url":"https:\/\/sklepmalak.pl\/","logo":{"@type":"ImageObject","inLanguage":"pl-PL","@id":"https:\/\/sklepmalak.pl\/#\/schema\/logo\/image\/","url":"https:\/\/fundacjamalak.pl\/sklep\/wp-content\/uploads\/2023\/09\/logo.malak-14-2.png","contentUrl":"https:\/\/fundacjamalak.pl\/sklep\/wp-content\/uploads\/2023\/09\/logo.malak-14-2.png","width":355,"height":355,"caption":"Sklep Malak"},"image":{"@id":"https:\/\/sklepmalak.pl\/#\/schema\/logo\/image\/"},"sameAs":["https:\/\/www.facebook.com\/FundacjaMalak","https:\/\/www.instagram.com\/fundacjamalak"]}]}},"_links":{"self":[{"href":"https:\/\/fundacjamalak.pl\/sklep\/wp-json\/wp\/v2\/product\/4486","targetHints":{"allow":["GET"]}}],"collection":[{"href":"https:\/\/fundacjamalak.pl\/sklep\/wp-json\/wp\/v2\/product"}],"about":[{"href":"https:\/\/fundacjamalak.pl\/sklep\/wp-json\/wp\/v2\/types\/product"}],"wp:featuredmedia":[{"embeddable":true,"href":"https:\/\/fundacjamalak.pl\/sklep\/wp-json\/wp\/v2\/media\/4948"}],"wp:attachment":[{"href":"https:\/\/fundacjamalak.pl\/sklep\/wp-json\/wp\/v2\/media?parent=4486"}],"wp:term":[{"taxonomy":"product_brand","embeddable":true,"href":"https:\/\/fundacjamalak.pl\/sklep\/wp-json\/wp\/v2\/product_brand?post=4486"},{"taxonomy":"product_cat","embeddable":true,"href":"https:\/\/fundacjamalak.pl\/sklep\/wp-json\/wp\/v2\/product_cat?post=4486"},{"taxonomy":"product_tag","embeddable":true,"href":"https:\/\/fundacjamalak.pl\/sklep\/wp-json\/wp\/v2\/product_tag?post=4486"}],"curies":[{"name":"wp","href":"https:\/\/api.w.org\/{rel}","templated":true}]}}