{"id":4986,"date":"2023-10-05T22:30:30","date_gmt":"2023-10-05T20:30:30","guid":{"rendered":"https:\/\/sklepmalak.pl\/?post_type=product&#038;p=4986"},"modified":"2026-04-19T23:55:31","modified_gmt":"2026-04-19T21:55:31","slug":"osiol-w-raju-adam-szustak-op","status":"publish","type":"product","link":"https:\/\/fundacjamalak.pl\/sklep\/produkt\/ksiazki\/osiol-w-raju-adam-szustak-op\/","title":{"rendered":"Osio\u0142 w raju &#8211; Adam Szustak OP"},"content":{"rendered":"<p><b>Dla kogo jest ta ksi\u0105\u017cka?<\/b><\/p>\n<ul>\n<li style=\"font-weight: 400;\" aria-level=\"1\"><span style=\"font-weight: 400;\">Dla os\u0142\u00f3w, czyli ka\u017cdego z nas,\u00a0<\/span><\/li>\n<li style=\"font-weight: 400;\" aria-level=\"1\"><span style=\"font-weight: 400;\">dla tych, kt\u00f3rzy pragn\u0105 wiedzie\u0107 wi\u0119cej,\u00a0<\/span><\/li>\n<li style=\"font-weight: 400;\" aria-level=\"1\"><span style=\"font-weight: 400;\">dla tych, kt\u00f3rym k\u0142amstwo nie jest obce,<\/span><\/li>\n<li style=\"font-weight: 400;\" aria-level=\"1\"><span style=\"font-weight: 400;\">dla poszukuj\u0105cych relacji z Bogiem,\u00a0<\/span><\/li>\n<li style=\"font-weight: 400;\" aria-level=\"1\"><span style=\"font-weight: 400;\">dla chc\u0105cych \u017cy\u0107 pe\u0142niej i dojrzalej,\u00a0<\/span><\/li>\n<li style=\"font-weight: 400;\" aria-level=\"1\"><span style=\"font-weight: 400;\">dla tych, kt\u00f3rzy potrzebuj\u0105 kontaktu z Bibli\u0105,\u00a0<\/span><\/li>\n<li style=\"font-weight: 400;\" aria-level=\"1\"><span style=\"font-weight: 400;\">dla wszystkich, kt\u00f3rzy lubi\u0105 poczucie humoru i styl o. Adama Szustaka.<\/span><\/li>\n<\/ul>\n<p><i><span style=\"font-weight: 400;\">\u00a0<\/span><\/i><\/p>\n<p><b>Czego m.in. dowiesz si\u0119 z tej ksi\u0105\u017cki?<\/b><\/p>\n<ul>\n<li style=\"font-weight: 400;\" aria-level=\"1\"><span style=\"font-weight: 400;\">Dlaczego jeste\u015bmy os\u0142ami i na czym polega ludzka \u201eos\u0142owato\u015b\u0107\u201d?\u00a0<\/span><\/li>\n<li style=\"font-weight: 400;\" aria-level=\"1\"><span style=\"font-weight: 400;\">dlaczego nie potrafimy przyj\u0105\u0107 ogromu Bo\u017cej mi\u0142o\u015bci?,\u00a0\u00a0<\/span><\/li>\n<li style=\"font-weight: 400;\" aria-level=\"1\"><span style=\"font-weight: 400;\">jak powsta\u0142o pierwsze k\u0142amstwo?,\u00a0<\/span><\/li>\n<li style=\"font-weight: 400;\" aria-level=\"1\"><span style=\"font-weight: 400;\">na czym polega spojrzenie Jezusa? Co widzi, kiedy patrzy na cz\u0142owieka?,\u00a0<\/span><\/li>\n<li style=\"font-weight: 400;\" aria-level=\"1\"><span style=\"font-weight: 400;\">w jakim cz\u0142owieku B\u00f3g znajduje pow\u00f3d do chluby?,\u00a0<\/span><\/li>\n<li style=\"font-weight: 400;\" aria-level=\"1\"><span style=\"font-weight: 400;\">w jaki spos\u00f3b do\u015bwiadczamy Zmartwychwsta\u0142ego?,\u00a0<\/span><\/li>\n<li style=\"font-weight: 400;\" aria-level=\"1\"><span style=\"font-weight: 400;\">jaka jest podstawowa lekcja, kt\u00f3r\u0105 daje nam Ewangelia?,\u00a0<\/span><\/li>\n<li style=\"font-weight: 400;\" aria-level=\"1\"><span style=\"font-weight: 400;\">co nas powstrzymuje przed pe\u0142nym mi\u0142o\u015bci patrzeniem na siebie?,\u00a0<\/span><\/li>\n<li style=\"font-weight: 400;\" aria-level=\"1\"><span style=\"font-weight: 400;\">jak nauczy\u0107 si\u0119 innego spojrzenia na grzech?.\u00a0<\/span><\/li>\n<\/ul>\n<p><span style=\"font-weight: 400;\">A tak\u017ce:<\/span><\/p>\n<ul>\n<li style=\"font-weight: 400;\" aria-level=\"1\"><span style=\"font-weight: 400;\">Co r\u00f3\u017cnicuje poszczeg\u00f3lne Ewangelie?,\u00a0\u00a0<\/span><\/li>\n<li style=\"font-weight: 400;\" aria-level=\"1\"><span style=\"font-weight: 400;\">na czym polega syndrom lod\u00f3wki?,\u00a0<\/span><\/li>\n<li style=\"font-weight: 400;\" aria-level=\"1\"><span style=\"font-weight: 400;\">w jaki spos\u00f3b Pan B\u00f3g \u201edobiera si\u0119\u201d do serca cz\u0142owieka?.<\/span><\/li>\n<\/ul>\n<p><i><span style=\"font-weight: 400;\">Jeste\u015bmy os\u0142ami, bo cho\u0107 jeste\u015bmy powo\u0142ani do \u015bwi\u0119to\u015bci i do \u017cycia pe\u0142ni\u0105, uparcie tkwimy w\u00a0naszej szaro\u015bci i mizerii, kt\u00f3re godz\u0105 si\u0119 na bylejako\u015b\u0107, zawieraj\u0105 nieustannie kompromisy z nijako\u015bci\u0105 i pogr\u0105\u017caj\u0105 nas w beznadziejnej pustce.<\/span><\/i><\/p>\n<p><i><span style=\"font-weight: 400;\">fragment ksi\u0105\u017cki<\/span><\/i><\/p>\n<p><b>O ksi\u0105\u017cce\u00a0<\/b><\/p>\n<p><b>Na pocz\u0105tek troch\u0119 historii\u2026<\/b><\/p>\n<p><i><span style=\"font-weight: 400;\">Osio\u0142 w raju <\/span><\/i><span style=\"font-weight: 400;\">\u00a0&#8211; to wynik rekolekcji g\u0142oszonych przez o. Adama Szustaka OP dla student\u00f3w ze s\u0142ynnej krakowskiej \u201eBeczki\u201d, czyli Dominika\u0144skiego Duszpasterstwa Akademickiego przy Bazylice \u015bw. Tr\u00f3jcy w Krakowie (swoj\u0105 drog\u0105 w tym roku organizacja \u015bwi\u0119tuje 60. rocznic\u0119 istnienia).\u00a0<\/span><\/p>\n<p><span style=\"font-weight: 400;\">Jak zaznacza we wst\u0119pie ojciec Szustak: <\/span><i><span style=\"font-weight: 400;\">Te rekolekcje i spotkania ze studentami by\u0142y dla mnie zawsze najwa\u017cniejszymi wydarzeniami ka\u017cdego roku duszpasterskiej pracy.\u00a0<\/span><\/i><\/p>\n<p><span style=\"font-weight: 400;\">Swoje pierwsze wydanie ksi\u0105\u017cka mia\u0142a w 2010 roku. To, kt\u00f3re proponujemy pochodzi z 2018. Rekolekcje s\u0105 nie tylko spisane, ale ponownie przeredagowane i rozszerzone (zapis tych wyg\u0142oszonych nie tylko w Krakowie, ale te\u017c w Warszawie i Wroc\u0142awiu).\u00a0<\/span><\/p>\n<p><span style=\"font-weight: 400;\">Biblijne komentarze ojca Szustaka to nie tylko droga do spotkania z Bogiem, ale te\u017c inspiracja do nowatorskiego odczytania fragment\u00f3w Pisma \u015awi\u0119tego.\u00a0<\/span><\/p>\n<p><b>Dlaczego osio\u0142?\u00a0<\/b><\/p>\n<p><span style=\"font-weight: 400;\">A dlaczego nie? A ca\u0142kiem serio, to w\u0142a\u015bnie osio\u0142 jest chyba najbardziej upartym zwierz\u0119ciem, a na pewno tym przys\u0142owiowym. Dodatkowo w polszczy\u017anie symbolizuje g\u0142upot\u0119. A ta jak wiemy, id\u0105c za s\u0142owami Stanis\u0142awa Jerzego Leca, nie zwalnia od my\u015blenia, a przynajmniej nie powinna.\u00a0<\/span><\/p>\n<p><span style=\"font-weight: 400;\">No dobrze, ale po kolei. Wszyscy, bez wyj\u0105tk\u00f3w, w pewnym stopniu jeste\u015bmy jak os\u0142y, uparci i niech\u0119tni do zmian. Mimo \u017ce nie lubimy naszych wad, cz\u0119sto w nich trwamy i z uporem (tym razem przys\u0142owiowego maniaka) do ich wracamy. I pomimo &#8211; jak pisze o. Szustak \u2013 naszego powo\u0142ania do \u015bwi\u0119to\u015bci, wci\u0105\u017c wybieramy, jak szary wiruje py\u0142, co nale\u017cy rozumie\u0107 jako trwanie i powtarzanie tych samych b\u0142\u0119d\u00f3w ka\u017cdego dnia. <\/span><i><span style=\"font-weight: 400;\">The same thing every day. <\/span><\/i><i><span style=\"font-weight: 400;\"><br \/>\n<\/span><\/i><span style=\"font-weight: 400;\"><br \/>\n<\/span><span style=\"font-weight: 400;\">Obraz os\u0142a, kt\u00f3ry autor przywo\u0142uje, a kt\u00f3ry mo\u017cna znale\u017a\u0107 w V rozdziale Ksi\u0119gi\u00a0 Daniela jest symboliczny. Mo\u017cemy sobie tkwi\u0107 w tej &#8222;osio\u0142kowej&#8221; postawie, ale nic z tego nie wyniknie, a\u00a0na pewno nic dobrego i po\u017cytecznego dla nas. \u017beby otrzyma\u0107, trzeba si\u0119 ukorzy\u0107, czyli podda\u0107, odpu\u015bci\u0107. A tak bardzo przecie\u017c lubimy kierowa\u0107 naszym \u017cyciem\u2026<\/span><\/p>\n<p><b>Na tapczanie siedzi le\u0144\u00a0<\/b><\/p>\n<p><span style=\"font-weight: 400;\">Ten le\u0144, to my, a lenistwo to nasza \u201eos\u0142owato\u015b\u0107\u201d. To tak w skr\u00f3cie.\u00a0<\/span><\/p>\n<p><span style=\"font-weight: 400;\">Ojciec Adam Szustak OP bardzo konkretnie t\u0142umaczy, jak powsta\u0142o pierwsze k\u0142amstwo i jak ta ca\u0142a sie\u0107 oszustw rozci\u0105gn\u0119\u0142a si\u0119 na ka\u017cd\u0105 dziedzin\u0119 ludzko\u015bci.\u00a0<\/span><\/p>\n<p><span style=\"font-weight: 400;\">Gwarantuj\u0119 Ci, \u017ce po przeczytaniu stracisz pewno\u015b\u0107 co do swojego zbawienia, nawet je\u015bli systematycznie co niedziel\u0119 chodzisz na msz\u0119 \u015bwi\u0119t\u0105. Nie, to nie jest straszenie, wr\u0119cz przeciwnie. Chodzi o prawdziw\u0105 relacj\u0119, a nie systematyczn\u0105. U\u015bmiechn\u0105 si\u0119 Ci, w 46. roku \u017cycia. Dlaczego? Znajd\u0105 tutaj cenn\u0105 wiedz\u0119 dotycz\u0105c\u0105 \u017cydowskiej symboliki.\u00a0<\/span><\/p>\n<p><span style=\"font-weight: 400;\">Dalej. Co kryje spojrzenie Jezusa? Co widzi, kiedy patrzy na cz\u0142owieka? Pi\u0119kne przes\u0142anie i\u00a0nauka dla nas, by nigdy nie by\u0142o w naszym spojrzeniu na drugiego cienia pogardy.\u00a0<\/span><\/p>\n<p><b>No w\u0142a\u015bnie, jak tu zobaczy\u0107 swoj\u0105 &#8222;os\u0142owato\u015b\u0107&#8221;?\u00a0<\/b><\/p>\n<p><span style=\"font-weight: 400;\">Zobaczy\u0107 to jedno, ale co wa\u017cniejsze: jak si\u0119 z niej wydosta\u0107?\u00a0Mam dla Was dobr\u0105 wiadomo\u015b\u0107 &#8211; jest spos\u00f3b! Trzeba tylko z\u0142apa\u0107 si\u0119 <\/span><i><span style=\"font-weight: 400;\">Os\u0142a w raju. <\/span><\/i><span style=\"font-weight: 400;\">To bardzo dobry pocz\u0105tek.\u00a0<\/span><\/p>\n<p><span style=\"font-weight: 400;\">Warto te\u017c zada\u0107 sobie kilka pyta\u0144. Na przyk\u0142ad od czego zaczynasz codzienn\u0105 rozmow\u0119 z Bogiem? Od \u201edzi\u0119kuj\u0119\u201d czy od \u201eprosz\u0119\u201d. To ju\u017c bardzo wiele pokazuje.\u00a0<\/span><\/p>\n<p><span style=\"font-weight: 400;\">Ojciec Adam rozwa\u017ca &#8211; w kontek\u015bcie\u00a021. rozdzia\u0142u Ewangelii \u015bw. Jana &#8211; w jaki spos\u00f3b do\u015bwiadczamy Zmartwychwsta\u0142ego?\u00a0<\/span><\/p>\n<p><span style=\"font-weight: 400;\">Tutaj te\u017c otrzymasz pierwsz\u0105 podstawowa lekcj\u0119 z Ewangelii, kt\u00f3ra brzmi: <\/span><i><span style=\"font-weight: 400;\">B\u00f3g jest niesko\u0144czenie cierpliwy, naprawd\u0119 niesko\u0144czenie cierpliwy.<\/span><\/i><span style=\"font-weight: 400;\">\u00a0<\/span><\/p>\n<p><span style=\"font-weight: 400;\">Dlatego z uporem os\u0142a czy maniaka nie pr\u00f3buj dokona\u0107 nawr\u00f3cenia samodzielnie, nie polegaj li tylko na sobie. NO chyba \u017ce chcesz, to ju\u017c nawet Wszechmog\u0105cy nic nie poradzi.\u00a0<\/span><\/p>\n<p><span style=\"font-weight: 400;\">Ale prawda jest taka, \u017ce tylko On mo\u017ce dokona\u0107 w nas zmiany (oczywi\u015bcie nie bez naszego udzia\u0142u, bo nic o nas bez nas).\u00a0 Wystarczy mu pozwoli\u0107.\u00a0<\/span><\/p>\n<p><span style=\"font-weight: 400;\">Co Ci\u0119 jeszcze powstrzymuje przed pe\u0142nym mi\u0142o\u015bci spojrzeniem na siebie? Nie odpowiadaj natychmiast. Zajrzyj do <\/span><i><span style=\"font-weight: 400;\">Os\u0142a w raju.<\/span><\/i><span style=\"font-weight: 400;\">\u00a0<\/span><\/p>\n<p><b>Ciekawostki\u00a0<\/b><\/p>\n<p><span style=\"font-weight: 400;\">Syndrom lod\u00f3wki ma ka\u017cdy z nas!<\/span><\/p>\n<p><span style=\"font-weight: 400;\">Wiedzia\u0142e\u015b, \u017ce Ewangelia \u015bw. Marka jest <\/span><i><span style=\"font-weight: 400;\">Ewangeli\u0105 dla \u017co\u0142nierzy<\/span><\/i><span style=\"font-weight: 400;\">?\u00a0<\/span><\/p>\n<p><span style=\"font-weight: 400;\">Zapraszamy do czytania!\u00a0<\/span><\/p>\n<p>&nbsp;<\/p>\n<p><b>Kupuj\u0105c wspierasz! Ca\u0142kowity doch\u00f3d ze sprzeda\u017cy w sklepie Malak przeznaczony jest na dzia\u0142ania i pomoc charytatywn\u0105 realizowan\u0105 przez <\/b><strong>\u00a0<a href=\"https:\/\/fundacjamalak.pl\/\">Fundacj\u0119 Malak<\/a>.<\/strong><\/p>\n","protected":false},"excerpt":{"rendered":"<p><i><span style=\"font-weight: 400;\">Osio\u0142 w raju <\/span><\/i><span style=\"font-weight: 400;\">to sztandarowa pozycja ojca Adama Szustaka OP. Czego dotyczy? Naszej \u201eos\u0142owato\u015bci\u201d, czyli uporu. Ci\u0105gle &#8211; jak przys\u0142owiowy osio\u0142 &#8211; powtarzamy te same \u017cyciowe scenariusze, upieramy si\u0119 przy swoim. Czy naprawd\u0119 jeste\u015bmy skazani na powtarzanie tych samych b\u0142\u0119d\u00f3w? Ot\u00f3\u017c nie! Biblijne komentarze zawarte w tej ksi\u0105\u017cce stan\u0105 si\u0119 dla Ciebie niczym najlepszy przewodnik. Dok\u0105d Ci\u0119 zaprowadz\u0105?\u00a0 Sam si\u0119 przekonaj!\u00a0<\/span><\/p>\n<p>&nbsp;<\/p>\n","protected":false},"featured_media":4923,"template":"","meta":{"_acf_changed":false},"product_brand":[],"product_cat":[69,68],"product_tag":[57,193],"class_list":{"0":"post-4986","1":"product","2":"type-product","3":"status-publish","4":"has-post-thumbnail","6":"product_cat-adam-szustak-op","7":"product_cat-ksiazki","8":"product_tag-adam-szustak-op","9":"product_tag-osiol-w-raju","11":"first","12":"instock","13":"featured","14":"taxable","15":"shipping-taxable","16":"purchasable","17":"product-type-variable","18":"has-default-attributes"},"acf":[],"yoast_head":"<!-- This site is optimized with the Yoast SEO plugin v27.1.1 - https:\/\/yoast.com\/product\/yoast-seo-wordpress\/ -->\n<title>Osio\u0142 w raju - Adam Szustak OP - Sklep Malak<\/title>\n<meta name=\"robots\" content=\"index, follow, max-snippet:-1, max-image-preview:large, max-video-preview:-1\" \/>\n<link rel=\"canonical\" href=\"https:\/\/fundacjamalak.pl\/sklep\/produkt\/ksiazki\/osiol-w-raju-adam-szustak-op\/\" \/>\n<meta property=\"og:locale\" content=\"pl_PL\" \/>\n<meta property=\"og:type\" content=\"article\" \/>\n<meta property=\"og:title\" content=\"Osio\u0142 w raju - Adam Szustak OP - Sklep Malak\" \/>\n<meta property=\"og:description\" content=\"Osio\u0142 w raju to sztandarowa pozycja ojca Adama Szustaka OP. Czego dotyczy? Naszej \u201eos\u0142owato\u015bci\u201d, czyli uporu. Ci\u0105gle - jak przys\u0142owiowy osio\u0142 - powtarzamy te same \u017cyciowe scenariusze, upieramy si\u0119 przy swoim. Czy naprawd\u0119 jeste\u015bmy skazani na powtarzanie tych samych b\u0142\u0119d\u00f3w? Ot\u00f3\u017c nie! Biblijne komentarze zawarte w tej ksi\u0105\u017cce stan\u0105 si\u0119 dla Ciebie niczym najlepszy przewodnik. Dok\u0105d Ci\u0119 zaprowadz\u0105?\u00a0 Sam si\u0119 przekonaj!\u00a0  &nbsp;\" \/>\n<meta property=\"og:url\" content=\"https:\/\/fundacjamalak.pl\/sklep\/produkt\/ksiazki\/osiol-w-raju-adam-szustak-op\/\" \/>\n<meta property=\"og:site_name\" content=\"Sklep Malak\" \/>\n<meta property=\"article:publisher\" content=\"https:\/\/www.facebook.com\/FundacjaMalak\" \/>\n<meta property=\"article:modified_time\" content=\"2026-04-19T21:55:31+00:00\" \/>\n<meta property=\"og:image\" content=\"https:\/\/fundacjamalak.pl\/sklep\/wp-content\/uploads\/2023\/10\/Osiol-w-Raju-Adam-Szustak-OP.png\" \/>\n\t<meta property=\"og:image:width\" content=\"1280\" \/>\n\t<meta property=\"og:image:height\" content=\"1588\" \/>\n\t<meta property=\"og:image:type\" content=\"image\/png\" \/>\n<meta name=\"twitter:card\" content=\"summary_large_image\" \/>\n<meta name=\"twitter:label1\" content=\"Szacowany czas czytania\" \/>\n\t<meta name=\"twitter:data1\" content=\"6 minut\" \/>\n<script type=\"application\/ld+json\" class=\"yoast-schema-graph\">{\"@context\":\"https:\/\/schema.org\",\"@graph\":[{\"@type\":\"WebPage\",\"@id\":\"https:\/\/fundacjamalak.pl\/sklep\/produkt\/ksiazki\/osiol-w-raju-adam-szustak-op\/\",\"url\":\"https:\/\/fundacjamalak.pl\/sklep\/produkt\/ksiazki\/osiol-w-raju-adam-szustak-op\/\",\"name\":\"Osio\u0142 w raju - Adam Szustak OP - Sklep Malak\",\"isPartOf\":{\"@id\":\"https:\/\/sklepmalak.pl\/#website\"},\"primaryImageOfPage\":{\"@id\":\"https:\/\/fundacjamalak.pl\/sklep\/produkt\/ksiazki\/osiol-w-raju-adam-szustak-op\/#primaryimage\"},\"image\":{\"@id\":\"https:\/\/fundacjamalak.pl\/sklep\/produkt\/ksiazki\/osiol-w-raju-adam-szustak-op\/#primaryimage\"},\"thumbnailUrl\":\"https:\/\/fundacjamalak.pl\/sklep\/wp-content\/uploads\/2023\/10\/Osiol-w-Raju-Adam-Szustak-OP.png\",\"datePublished\":\"2023-10-05T20:30:30+00:00\",\"dateModified\":\"2026-04-19T21:55:31+00:00\",\"breadcrumb\":{\"@id\":\"https:\/\/fundacjamalak.pl\/sklep\/produkt\/ksiazki\/osiol-w-raju-adam-szustak-op\/#breadcrumb\"},\"inLanguage\":\"pl-PL\",\"potentialAction\":[{\"@type\":\"ReadAction\",\"target\":[\"https:\/\/fundacjamalak.pl\/sklep\/produkt\/ksiazki\/osiol-w-raju-adam-szustak-op\/\"]}]},{\"@type\":\"ImageObject\",\"inLanguage\":\"pl-PL\",\"@id\":\"https:\/\/fundacjamalak.pl\/sklep\/produkt\/ksiazki\/osiol-w-raju-adam-szustak-op\/#primaryimage\",\"url\":\"https:\/\/fundacjamalak.pl\/sklep\/wp-content\/uploads\/2023\/10\/Osiol-w-Raju-Adam-Szustak-OP.png\",\"contentUrl\":\"https:\/\/fundacjamalak.pl\/sklep\/wp-content\/uploads\/2023\/10\/Osiol-w-Raju-Adam-Szustak-OP.png\",\"width\":1280,\"height\":1588},{\"@type\":\"BreadcrumbList\",\"@id\":\"https:\/\/fundacjamalak.pl\/sklep\/produkt\/ksiazki\/osiol-w-raju-adam-szustak-op\/#breadcrumb\",\"itemListElement\":[{\"@type\":\"ListItem\",\"position\":1,\"name\":\"Strona g\u0142\u00f3wna\",\"item\":\"https:\/\/sklepmalak.pl\/\"},{\"@type\":\"ListItem\",\"position\":2,\"name\":\"Sklep\",\"item\":\"https:\/\/sklepmalak.pl\/\"},{\"@type\":\"ListItem\",\"position\":3,\"name\":\"Osio\u0142 w raju &#8211; Adam Szustak OP\"}]},{\"@type\":\"WebSite\",\"@id\":\"https:\/\/sklepmalak.pl\/#website\",\"url\":\"https:\/\/sklepmalak.pl\/\",\"name\":\"Sklep Malak\",\"description\":\"Nie ma zwyk\u0142ych chwil!\",\"publisher\":{\"@id\":\"https:\/\/sklepmalak.pl\/#organization\"},\"potentialAction\":[{\"@type\":\"SearchAction\",\"target\":{\"@type\":\"EntryPoint\",\"urlTemplate\":\"https:\/\/sklepmalak.pl\/?s={search_term_string}\"},\"query-input\":{\"@type\":\"PropertyValueSpecification\",\"valueRequired\":true,\"valueName\":\"search_term_string\"}}],\"inLanguage\":\"pl-PL\"},{\"@type\":\"Organization\",\"@id\":\"https:\/\/sklepmalak.pl\/#organization\",\"name\":\"Sklep Malak\",\"alternateName\":\"Sklep Fundacji Malak\",\"url\":\"https:\/\/sklepmalak.pl\/\",\"logo\":{\"@type\":\"ImageObject\",\"inLanguage\":\"pl-PL\",\"@id\":\"https:\/\/sklepmalak.pl\/#\/schema\/logo\/image\/\",\"url\":\"https:\/\/fundacjamalak.pl\/sklep\/wp-content\/uploads\/2023\/09\/logo.malak-14-2.png\",\"contentUrl\":\"https:\/\/fundacjamalak.pl\/sklep\/wp-content\/uploads\/2023\/09\/logo.malak-14-2.png\",\"width\":355,\"height\":355,\"caption\":\"Sklep Malak\"},\"image\":{\"@id\":\"https:\/\/sklepmalak.pl\/#\/schema\/logo\/image\/\"},\"sameAs\":[\"https:\/\/www.facebook.com\/FundacjaMalak\",\"https:\/\/www.instagram.com\/fundacjamalak\"]}]}<\/script>\n<!-- \/ Yoast SEO plugin. -->","yoast_head_json":{"title":"Osio\u0142 w raju - Adam Szustak OP - Sklep Malak","robots":{"index":"index","follow":"follow","max-snippet":"max-snippet:-1","max-image-preview":"max-image-preview:large","max-video-preview":"max-video-preview:-1"},"canonical":"https:\/\/fundacjamalak.pl\/sklep\/produkt\/ksiazki\/osiol-w-raju-adam-szustak-op\/","og_locale":"pl_PL","og_type":"article","og_title":"Osio\u0142 w raju - Adam Szustak OP - Sklep Malak","og_description":"Osio\u0142 w raju to sztandarowa pozycja ojca Adama Szustaka OP. Czego dotyczy? Naszej \u201eos\u0142owato\u015bci\u201d, czyli uporu. Ci\u0105gle - jak przys\u0142owiowy osio\u0142 - powtarzamy te same \u017cyciowe scenariusze, upieramy si\u0119 przy swoim. Czy naprawd\u0119 jeste\u015bmy skazani na powtarzanie tych samych b\u0142\u0119d\u00f3w? Ot\u00f3\u017c nie! Biblijne komentarze zawarte w tej ksi\u0105\u017cce stan\u0105 si\u0119 dla Ciebie niczym najlepszy przewodnik. Dok\u0105d Ci\u0119 zaprowadz\u0105?\u00a0 Sam si\u0119 przekonaj!\u00a0  &nbsp;","og_url":"https:\/\/fundacjamalak.pl\/sklep\/produkt\/ksiazki\/osiol-w-raju-adam-szustak-op\/","og_site_name":"Sklep Malak","article_publisher":"https:\/\/www.facebook.com\/FundacjaMalak","article_modified_time":"2026-04-19T21:55:31+00:00","og_image":[{"width":1280,"height":1588,"url":"https:\/\/fundacjamalak.pl\/sklep\/wp-content\/uploads\/2023\/10\/Osiol-w-Raju-Adam-Szustak-OP.png","type":"image\/png"}],"twitter_card":"summary_large_image","twitter_misc":{"Szacowany czas czytania":"6 minut"},"schema":{"@context":"https:\/\/schema.org","@graph":[{"@type":"WebPage","@id":"https:\/\/fundacjamalak.pl\/sklep\/produkt\/ksiazki\/osiol-w-raju-adam-szustak-op\/","url":"https:\/\/fundacjamalak.pl\/sklep\/produkt\/ksiazki\/osiol-w-raju-adam-szustak-op\/","name":"Osio\u0142 w raju - Adam Szustak OP - Sklep Malak","isPartOf":{"@id":"https:\/\/sklepmalak.pl\/#website"},"primaryImageOfPage":{"@id":"https:\/\/fundacjamalak.pl\/sklep\/produkt\/ksiazki\/osiol-w-raju-adam-szustak-op\/#primaryimage"},"image":{"@id":"https:\/\/fundacjamalak.pl\/sklep\/produkt\/ksiazki\/osiol-w-raju-adam-szustak-op\/#primaryimage"},"thumbnailUrl":"https:\/\/fundacjamalak.pl\/sklep\/wp-content\/uploads\/2023\/10\/Osiol-w-Raju-Adam-Szustak-OP.png","datePublished":"2023-10-05T20:30:30+00:00","dateModified":"2026-04-19T21:55:31+00:00","breadcrumb":{"@id":"https:\/\/fundacjamalak.pl\/sklep\/produkt\/ksiazki\/osiol-w-raju-adam-szustak-op\/#breadcrumb"},"inLanguage":"pl-PL","potentialAction":[{"@type":"ReadAction","target":["https:\/\/fundacjamalak.pl\/sklep\/produkt\/ksiazki\/osiol-w-raju-adam-szustak-op\/"]}]},{"@type":"ImageObject","inLanguage":"pl-PL","@id":"https:\/\/fundacjamalak.pl\/sklep\/produkt\/ksiazki\/osiol-w-raju-adam-szustak-op\/#primaryimage","url":"https:\/\/fundacjamalak.pl\/sklep\/wp-content\/uploads\/2023\/10\/Osiol-w-Raju-Adam-Szustak-OP.png","contentUrl":"https:\/\/fundacjamalak.pl\/sklep\/wp-content\/uploads\/2023\/10\/Osiol-w-Raju-Adam-Szustak-OP.png","width":1280,"height":1588},{"@type":"BreadcrumbList","@id":"https:\/\/fundacjamalak.pl\/sklep\/produkt\/ksiazki\/osiol-w-raju-adam-szustak-op\/#breadcrumb","itemListElement":[{"@type":"ListItem","position":1,"name":"Strona g\u0142\u00f3wna","item":"https:\/\/sklepmalak.pl\/"},{"@type":"ListItem","position":2,"name":"Sklep","item":"https:\/\/sklepmalak.pl\/"},{"@type":"ListItem","position":3,"name":"Osio\u0142 w raju &#8211; Adam Szustak OP"}]},{"@type":"WebSite","@id":"https:\/\/sklepmalak.pl\/#website","url":"https:\/\/sklepmalak.pl\/","name":"Sklep Malak","description":"Nie ma zwyk\u0142ych chwil!","publisher":{"@id":"https:\/\/sklepmalak.pl\/#organization"},"potentialAction":[{"@type":"SearchAction","target":{"@type":"EntryPoint","urlTemplate":"https:\/\/sklepmalak.pl\/?s={search_term_string}"},"query-input":{"@type":"PropertyValueSpecification","valueRequired":true,"valueName":"search_term_string"}}],"inLanguage":"pl-PL"},{"@type":"Organization","@id":"https:\/\/sklepmalak.pl\/#organization","name":"Sklep Malak","alternateName":"Sklep Fundacji Malak","url":"https:\/\/sklepmalak.pl\/","logo":{"@type":"ImageObject","inLanguage":"pl-PL","@id":"https:\/\/sklepmalak.pl\/#\/schema\/logo\/image\/","url":"https:\/\/fundacjamalak.pl\/sklep\/wp-content\/uploads\/2023\/09\/logo.malak-14-2.png","contentUrl":"https:\/\/fundacjamalak.pl\/sklep\/wp-content\/uploads\/2023\/09\/logo.malak-14-2.png","width":355,"height":355,"caption":"Sklep Malak"},"image":{"@id":"https:\/\/sklepmalak.pl\/#\/schema\/logo\/image\/"},"sameAs":["https:\/\/www.facebook.com\/FundacjaMalak","https:\/\/www.instagram.com\/fundacjamalak"]}]}},"_links":{"self":[{"href":"https:\/\/fundacjamalak.pl\/sklep\/wp-json\/wp\/v2\/product\/4986","targetHints":{"allow":["GET"]}}],"collection":[{"href":"https:\/\/fundacjamalak.pl\/sklep\/wp-json\/wp\/v2\/product"}],"about":[{"href":"https:\/\/fundacjamalak.pl\/sklep\/wp-json\/wp\/v2\/types\/product"}],"wp:featuredmedia":[{"embeddable":true,"href":"https:\/\/fundacjamalak.pl\/sklep\/wp-json\/wp\/v2\/media\/4923"}],"wp:attachment":[{"href":"https:\/\/fundacjamalak.pl\/sklep\/wp-json\/wp\/v2\/media?parent=4986"}],"wp:term":[{"taxonomy":"product_brand","embeddable":true,"href":"https:\/\/fundacjamalak.pl\/sklep\/wp-json\/wp\/v2\/product_brand?post=4986"},{"taxonomy":"product_cat","embeddable":true,"href":"https:\/\/fundacjamalak.pl\/sklep\/wp-json\/wp\/v2\/product_cat?post=4986"},{"taxonomy":"product_tag","embeddable":true,"href":"https:\/\/fundacjamalak.pl\/sklep\/wp-json\/wp\/v2\/product_tag?post=4986"}],"curies":[{"name":"wp","href":"https:\/\/api.w.org\/{rel}","templated":true}]}}