{"id":4999,"date":"2023-10-10T19:46:35","date_gmt":"2023-10-10T17:46:35","guid":{"rendered":"https:\/\/sklepmalak.pl\/?post_type=product&#038;p=4999"},"modified":"2026-04-19T23:55:49","modified_gmt":"2026-04-19T21:55:49","slug":"serce-w-serce-ebook-adam-szustak-op","status":"publish","type":"product","link":"https:\/\/fundacjamalak.pl\/sklep\/produkt\/adam-szustak-op\/serce-w-serce-ebook-adam-szustak-op\/","title":{"rendered":"Serce w serce -ebook- Adam Szustak OP"},"content":{"rendered":"<p><strong>Ksi\u0105\u017cka w wersji plik\u00f3w cyfrowych EBOOK (mobi oraz epub).<\/strong><\/p>\n<p>Rut opisuje historyczne wydarzenia, ale jednocze\u015bnie spe\u0142nia si\u0119 w czasie, gdy jest czytana. Pochodz\u0105ce ze Starego Testamentu pismo by\u0142o zwi\u0105zane ze \u015awi\u0119tem Pi\u0119\u0107dziesi\u0105tnicy, kiedy powszechnie odczytywano je w domach. Wsp\u00f3\u0142czesne komentarze do Ksi\u0119gi przygotowa\u0142 Adam Szustak \u2013 Serce w serce jest zaproszeniem do przeczytania historii Rut na nowo. Dominikanin interpretuje opowie\u015b\u0107 o czasach g\u0142odu, emigracji do Moabu oraz powrocie do ojczyzny, wyczytuj\u0105c w niej wielk\u0105 nauk\u0119 o mi\u0142o\u015bci.<\/p>\n<p>Czy wszyscy \u017cyjemy w czasach s\u0119dzi\u00f3w? Odpowiedzi na podstawie Ksi\u0119gi Rut udziela autor Serce w serce. Adam Szustak o\u015bmiela si\u0119 wej\u015b\u0107 w rol\u0119 ojca, kt\u00f3ry czyta j\u0105 swojej rodzinie z przekonaniem, \u017ce nie jest ona tylko zapisem wydarze\u0144 sprzed tysi\u0119cy lat, ale przede wszystkim szans\u0105 na spotkanie si\u0119 z Bogiem twarz\u0105 w twarz.<\/p>\n<hr \/>\n<h2><strong>Od Autora:<\/strong><\/h2>\n<p><em>S\u0105 historie tak niezwyk\u0142e, \u017ce cho\u0107 trudno w nie uwierzy\u0107, maj\u0105 moc, by zmieni\u0107 \u015bwiat. Historie, o kt\u00f3rych marzymy, pragn\u0105c wzi\u0105\u0107 w nich udzia\u0142, pomimo \u017ce wszystko m\u00f3wi nam, \u017ce to niemo\u017cliwe. W\u0142a\u015bnie taka jest historia Rut.\u00a0<\/em><\/p>\n<p>Jestem przekonany, \u017ce to tak\u017ce opowie\u015b\u0107 o spotkaniu Twojej duszy z Bogiem, spotkaniu nies\u0142ychanie przez Niego wyt\u0119sknionym. Jestem przekonany, \u017ce w trakcie czytania B\u00f3g b\u0119dzie schodzi\u0142 po niebia\u0144skiej drabinie, \u017ceby spotka\u0107 si\u0119 z Tob\u0105 tak, jak jeszcze nikt nigdy si\u0119 z Tob\u0105 nie spotka\u0142. Usi\u0105d\u017a wi\u0119c wygodnie i zanurz si\u0119 w tej najbardziej niezwyk\u0142ej historii, kt\u00f3ra wydarzy\u0142a si\u0119 przed wiekami, gdy B\u00f3g zaw\u0119drowa\u0142 do Moabu, czyli na sam koniec \u015bwiata. Zaw\u0119drowa\u0142 tam, \u017ceby znale\u017a\u0107 Ciebie.<\/p>\n<div>Adam Szustak OP<\/div>\n<p><strong>Ca\u0142kowity doch\u00f3d ze sprzeda\u017cy w sklepie Malak przeznaczony jest\u00a0<\/strong><strong>na dzia\u0142ania i pomoc charytatywn\u0105\u00a0<\/strong><strong>realizowan\u0105 przez\u00a0<a href=\"https:\/\/fundacjamalak.pl\/\">Fundacj\u0119 Malak<\/a>.<\/strong><\/p>\n","protected":false},"excerpt":{"rendered":"<p><strong>Ksi\u0105\u017cka w wersji plik\u00f3w cyfrowych EBOOK (mobi oraz epub).<\/strong><\/p>\n<p>S\u0105 historie tak niezwyk\u0142e, \u017ce cho\u0107 trudno w nie uwierzy\u0107, maj\u0105 moc, by zmienia\u0107 \u015bwiat\u2026 Rut opisuje historyczne wydarzenia, ale jednocze\u015bnie spe\u0142nia si\u0119 w czasie, gdy jest czytana. Pochodz\u0105ce ze Starego Testamentu pismo by\u0142o zwi\u0105zane ze \u015awi\u0119tem Pi\u0119\u0107dziesi\u0105tnicy, kiedy powszechnie odczytywano je w domach. Wsp\u00f3\u0142czesne komentarze do Ksi\u0119gi przygotowa\u0142 Adam Szustak \u2013 Serce w serce jest zaproszeniem do przeczytania historii Rut na nowo. Dominikanin interpretuje opowie\u015b\u0107 o czasach g\u0142odu, emigracji do Moabu oraz powrocie do ojczyzny, wyczytuj\u0105c w niej wielk\u0105 nauk\u0119 o mi\u0142o\u015bci.<\/p>\n","protected":false},"featured_media":4942,"template":"","meta":{"_acf_changed":false},"product_brand":[],"product_cat":[69,114],"product_tag":[57,257,256,255],"class_list":{"0":"post-4999","1":"product","2":"type-product","3":"status-publish","4":"has-post-thumbnail","6":"product_cat-adam-szustak-op","7":"product_cat-ebooki","8":"product_tag-adam-szustak-op","9":"product_tag-milosc","10":"product_tag-rut","11":"product_tag-serce-w-serce","13":"first","14":"instock","15":"taxable","16":"shipping-taxable","17":"purchasable","18":"product-type-variable","19":"has-default-attributes"},"acf":[],"yoast_head":"<!-- This site is optimized with the Yoast SEO plugin v27.1.1 - https:\/\/yoast.com\/product\/yoast-seo-wordpress\/ -->\n<title>Serce w serce -ebook- Adam Szustak OP - Sklep Malak<\/title>\n<meta name=\"robots\" content=\"index, follow, max-snippet:-1, max-image-preview:large, max-video-preview:-1\" \/>\n<link rel=\"canonical\" href=\"https:\/\/fundacjamalak.pl\/sklep\/produkt\/adam-szustak-op\/serce-w-serce-ebook-adam-szustak-op\/\" \/>\n<meta property=\"og:locale\" content=\"pl_PL\" \/>\n<meta property=\"og:type\" content=\"article\" \/>\n<meta property=\"og:title\" content=\"Serce w serce -ebook- Adam Szustak OP - Sklep Malak\" \/>\n<meta property=\"og:description\" content=\"Ksi\u0105\u017cka w wersji plik\u00f3w cyfrowych EBOOK (mobi oraz epub).  S\u0105 historie tak niezwyk\u0142e, \u017ce cho\u0107 trudno w nie uwierzy\u0107, maj\u0105 moc, by zmienia\u0107 \u015bwiat\u2026 Rut opisuje historyczne wydarzenia, ale jednocze\u015bnie spe\u0142nia si\u0119 w czasie, gdy jest czytana. Pochodz\u0105ce ze Starego Testamentu pismo by\u0142o zwi\u0105zane ze \u015awi\u0119tem Pi\u0119\u0107dziesi\u0105tnicy, kiedy powszechnie odczytywano je w domach. Wsp\u00f3\u0142czesne komentarze do Ksi\u0119gi przygotowa\u0142 Adam Szustak \u2013 Serce w serce jest zaproszeniem do przeczytania historii Rut na nowo. Dominikanin interpretuje opowie\u015b\u0107 o czasach g\u0142odu, emigracji do Moabu oraz powrocie do ojczyzny, wyczytuj\u0105c w niej wielk\u0105 nauk\u0119 o mi\u0142o\u015bci.\" \/>\n<meta property=\"og:url\" content=\"https:\/\/fundacjamalak.pl\/sklep\/produkt\/adam-szustak-op\/serce-w-serce-ebook-adam-szustak-op\/\" \/>\n<meta property=\"og:site_name\" content=\"Sklep Malak\" \/>\n<meta property=\"article:publisher\" content=\"https:\/\/www.facebook.com\/FundacjaMalak\" \/>\n<meta property=\"article:modified_time\" content=\"2026-04-19T21:55:49+00:00\" \/>\n<meta property=\"og:image\" content=\"https:\/\/fundacjamalak.pl\/sklep\/wp-content\/uploads\/2023\/10\/Serce-w-serce-ebook-Adam-Szustak-OP-new.png\" \/>\n\t<meta property=\"og:image:width\" content=\"1280\" \/>\n\t<meta property=\"og:image:height\" content=\"1588\" \/>\n\t<meta property=\"og:image:type\" content=\"image\/png\" \/>\n<meta name=\"twitter:card\" content=\"summary_large_image\" \/>\n<meta name=\"twitter:label1\" content=\"Szacowany czas czytania\" \/>\n\t<meta name=\"twitter:data1\" content=\"2 minuty\" \/>\n<script type=\"application\/ld+json\" class=\"yoast-schema-graph\">{\"@context\":\"https:\/\/schema.org\",\"@graph\":[{\"@type\":\"WebPage\",\"@id\":\"https:\/\/fundacjamalak.pl\/sklep\/produkt\/adam-szustak-op\/serce-w-serce-ebook-adam-szustak-op\/\",\"url\":\"https:\/\/fundacjamalak.pl\/sklep\/produkt\/adam-szustak-op\/serce-w-serce-ebook-adam-szustak-op\/\",\"name\":\"Serce w serce -ebook- Adam Szustak OP - Sklep Malak\",\"isPartOf\":{\"@id\":\"https:\/\/sklepmalak.pl\/#website\"},\"primaryImageOfPage\":{\"@id\":\"https:\/\/fundacjamalak.pl\/sklep\/produkt\/adam-szustak-op\/serce-w-serce-ebook-adam-szustak-op\/#primaryimage\"},\"image\":{\"@id\":\"https:\/\/fundacjamalak.pl\/sklep\/produkt\/adam-szustak-op\/serce-w-serce-ebook-adam-szustak-op\/#primaryimage\"},\"thumbnailUrl\":\"https:\/\/fundacjamalak.pl\/sklep\/wp-content\/uploads\/2023\/10\/Serce-w-serce-ebook-Adam-Szustak-OP-new.png\",\"datePublished\":\"2023-10-10T17:46:35+00:00\",\"dateModified\":\"2026-04-19T21:55:49+00:00\",\"breadcrumb\":{\"@id\":\"https:\/\/fundacjamalak.pl\/sklep\/produkt\/adam-szustak-op\/serce-w-serce-ebook-adam-szustak-op\/#breadcrumb\"},\"inLanguage\":\"pl-PL\",\"potentialAction\":[{\"@type\":\"ReadAction\",\"target\":[\"https:\/\/fundacjamalak.pl\/sklep\/produkt\/adam-szustak-op\/serce-w-serce-ebook-adam-szustak-op\/\"]}]},{\"@type\":\"ImageObject\",\"inLanguage\":\"pl-PL\",\"@id\":\"https:\/\/fundacjamalak.pl\/sklep\/produkt\/adam-szustak-op\/serce-w-serce-ebook-adam-szustak-op\/#primaryimage\",\"url\":\"https:\/\/fundacjamalak.pl\/sklep\/wp-content\/uploads\/2023\/10\/Serce-w-serce-ebook-Adam-Szustak-OP-new.png\",\"contentUrl\":\"https:\/\/fundacjamalak.pl\/sklep\/wp-content\/uploads\/2023\/10\/Serce-w-serce-ebook-Adam-Szustak-OP-new.png\",\"width\":1280,\"height\":1588,\"caption\":\"Serce w serce -ebook- Adam Szustak OP\"},{\"@type\":\"BreadcrumbList\",\"@id\":\"https:\/\/fundacjamalak.pl\/sklep\/produkt\/adam-szustak-op\/serce-w-serce-ebook-adam-szustak-op\/#breadcrumb\",\"itemListElement\":[{\"@type\":\"ListItem\",\"position\":1,\"name\":\"Strona g\u0142\u00f3wna\",\"item\":\"https:\/\/sklepmalak.pl\/\"},{\"@type\":\"ListItem\",\"position\":2,\"name\":\"Sklep\",\"item\":\"https:\/\/sklepmalak.pl\/\"},{\"@type\":\"ListItem\",\"position\":3,\"name\":\"Serce w serce -ebook- Adam Szustak OP\"}]},{\"@type\":\"WebSite\",\"@id\":\"https:\/\/sklepmalak.pl\/#website\",\"url\":\"https:\/\/sklepmalak.pl\/\",\"name\":\"Sklep Malak\",\"description\":\"Nie ma zwyk\u0142ych chwil!\",\"publisher\":{\"@id\":\"https:\/\/sklepmalak.pl\/#organization\"},\"potentialAction\":[{\"@type\":\"SearchAction\",\"target\":{\"@type\":\"EntryPoint\",\"urlTemplate\":\"https:\/\/sklepmalak.pl\/?s={search_term_string}\"},\"query-input\":{\"@type\":\"PropertyValueSpecification\",\"valueRequired\":true,\"valueName\":\"search_term_string\"}}],\"inLanguage\":\"pl-PL\"},{\"@type\":\"Organization\",\"@id\":\"https:\/\/sklepmalak.pl\/#organization\",\"name\":\"Sklep Malak\",\"alternateName\":\"Sklep Fundacji Malak\",\"url\":\"https:\/\/sklepmalak.pl\/\",\"logo\":{\"@type\":\"ImageObject\",\"inLanguage\":\"pl-PL\",\"@id\":\"https:\/\/sklepmalak.pl\/#\/schema\/logo\/image\/\",\"url\":\"https:\/\/fundacjamalak.pl\/sklep\/wp-content\/uploads\/2023\/09\/logo.malak-14-2.png\",\"contentUrl\":\"https:\/\/fundacjamalak.pl\/sklep\/wp-content\/uploads\/2023\/09\/logo.malak-14-2.png\",\"width\":355,\"height\":355,\"caption\":\"Sklep Malak\"},\"image\":{\"@id\":\"https:\/\/sklepmalak.pl\/#\/schema\/logo\/image\/\"},\"sameAs\":[\"https:\/\/www.facebook.com\/FundacjaMalak\",\"https:\/\/www.instagram.com\/fundacjamalak\"]}]}<\/script>\n<!-- \/ Yoast SEO plugin. -->","yoast_head_json":{"title":"Serce w serce -ebook- Adam Szustak OP - Sklep Malak","robots":{"index":"index","follow":"follow","max-snippet":"max-snippet:-1","max-image-preview":"max-image-preview:large","max-video-preview":"max-video-preview:-1"},"canonical":"https:\/\/fundacjamalak.pl\/sklep\/produkt\/adam-szustak-op\/serce-w-serce-ebook-adam-szustak-op\/","og_locale":"pl_PL","og_type":"article","og_title":"Serce w serce -ebook- Adam Szustak OP - Sklep Malak","og_description":"Ksi\u0105\u017cka w wersji plik\u00f3w cyfrowych EBOOK (mobi oraz epub).  S\u0105 historie tak niezwyk\u0142e, \u017ce cho\u0107 trudno w nie uwierzy\u0107, maj\u0105 moc, by zmienia\u0107 \u015bwiat\u2026 Rut opisuje historyczne wydarzenia, ale jednocze\u015bnie spe\u0142nia si\u0119 w czasie, gdy jest czytana. Pochodz\u0105ce ze Starego Testamentu pismo by\u0142o zwi\u0105zane ze \u015awi\u0119tem Pi\u0119\u0107dziesi\u0105tnicy, kiedy powszechnie odczytywano je w domach. Wsp\u00f3\u0142czesne komentarze do Ksi\u0119gi przygotowa\u0142 Adam Szustak \u2013 Serce w serce jest zaproszeniem do przeczytania historii Rut na nowo. Dominikanin interpretuje opowie\u015b\u0107 o czasach g\u0142odu, emigracji do Moabu oraz powrocie do ojczyzny, wyczytuj\u0105c w niej wielk\u0105 nauk\u0119 o mi\u0142o\u015bci.","og_url":"https:\/\/fundacjamalak.pl\/sklep\/produkt\/adam-szustak-op\/serce-w-serce-ebook-adam-szustak-op\/","og_site_name":"Sklep Malak","article_publisher":"https:\/\/www.facebook.com\/FundacjaMalak","article_modified_time":"2026-04-19T21:55:49+00:00","og_image":[{"width":1280,"height":1588,"url":"https:\/\/fundacjamalak.pl\/sklep\/wp-content\/uploads\/2023\/10\/Serce-w-serce-ebook-Adam-Szustak-OP-new.png","type":"image\/png"}],"twitter_card":"summary_large_image","twitter_misc":{"Szacowany czas czytania":"2 minuty"},"schema":{"@context":"https:\/\/schema.org","@graph":[{"@type":"WebPage","@id":"https:\/\/fundacjamalak.pl\/sklep\/produkt\/adam-szustak-op\/serce-w-serce-ebook-adam-szustak-op\/","url":"https:\/\/fundacjamalak.pl\/sklep\/produkt\/adam-szustak-op\/serce-w-serce-ebook-adam-szustak-op\/","name":"Serce w serce -ebook- Adam Szustak OP - Sklep Malak","isPartOf":{"@id":"https:\/\/sklepmalak.pl\/#website"},"primaryImageOfPage":{"@id":"https:\/\/fundacjamalak.pl\/sklep\/produkt\/adam-szustak-op\/serce-w-serce-ebook-adam-szustak-op\/#primaryimage"},"image":{"@id":"https:\/\/fundacjamalak.pl\/sklep\/produkt\/adam-szustak-op\/serce-w-serce-ebook-adam-szustak-op\/#primaryimage"},"thumbnailUrl":"https:\/\/fundacjamalak.pl\/sklep\/wp-content\/uploads\/2023\/10\/Serce-w-serce-ebook-Adam-Szustak-OP-new.png","datePublished":"2023-10-10T17:46:35+00:00","dateModified":"2026-04-19T21:55:49+00:00","breadcrumb":{"@id":"https:\/\/fundacjamalak.pl\/sklep\/produkt\/adam-szustak-op\/serce-w-serce-ebook-adam-szustak-op\/#breadcrumb"},"inLanguage":"pl-PL","potentialAction":[{"@type":"ReadAction","target":["https:\/\/fundacjamalak.pl\/sklep\/produkt\/adam-szustak-op\/serce-w-serce-ebook-adam-szustak-op\/"]}]},{"@type":"ImageObject","inLanguage":"pl-PL","@id":"https:\/\/fundacjamalak.pl\/sklep\/produkt\/adam-szustak-op\/serce-w-serce-ebook-adam-szustak-op\/#primaryimage","url":"https:\/\/fundacjamalak.pl\/sklep\/wp-content\/uploads\/2023\/10\/Serce-w-serce-ebook-Adam-Szustak-OP-new.png","contentUrl":"https:\/\/fundacjamalak.pl\/sklep\/wp-content\/uploads\/2023\/10\/Serce-w-serce-ebook-Adam-Szustak-OP-new.png","width":1280,"height":1588,"caption":"Serce w serce -ebook- Adam Szustak OP"},{"@type":"BreadcrumbList","@id":"https:\/\/fundacjamalak.pl\/sklep\/produkt\/adam-szustak-op\/serce-w-serce-ebook-adam-szustak-op\/#breadcrumb","itemListElement":[{"@type":"ListItem","position":1,"name":"Strona g\u0142\u00f3wna","item":"https:\/\/sklepmalak.pl\/"},{"@type":"ListItem","position":2,"name":"Sklep","item":"https:\/\/sklepmalak.pl\/"},{"@type":"ListItem","position":3,"name":"Serce w serce -ebook- Adam Szustak OP"}]},{"@type":"WebSite","@id":"https:\/\/sklepmalak.pl\/#website","url":"https:\/\/sklepmalak.pl\/","name":"Sklep Malak","description":"Nie ma zwyk\u0142ych chwil!","publisher":{"@id":"https:\/\/sklepmalak.pl\/#organization"},"potentialAction":[{"@type":"SearchAction","target":{"@type":"EntryPoint","urlTemplate":"https:\/\/sklepmalak.pl\/?s={search_term_string}"},"query-input":{"@type":"PropertyValueSpecification","valueRequired":true,"valueName":"search_term_string"}}],"inLanguage":"pl-PL"},{"@type":"Organization","@id":"https:\/\/sklepmalak.pl\/#organization","name":"Sklep Malak","alternateName":"Sklep Fundacji Malak","url":"https:\/\/sklepmalak.pl\/","logo":{"@type":"ImageObject","inLanguage":"pl-PL","@id":"https:\/\/sklepmalak.pl\/#\/schema\/logo\/image\/","url":"https:\/\/fundacjamalak.pl\/sklep\/wp-content\/uploads\/2023\/09\/logo.malak-14-2.png","contentUrl":"https:\/\/fundacjamalak.pl\/sklep\/wp-content\/uploads\/2023\/09\/logo.malak-14-2.png","width":355,"height":355,"caption":"Sklep Malak"},"image":{"@id":"https:\/\/sklepmalak.pl\/#\/schema\/logo\/image\/"},"sameAs":["https:\/\/www.facebook.com\/FundacjaMalak","https:\/\/www.instagram.com\/fundacjamalak"]}]}},"_links":{"self":[{"href":"https:\/\/fundacjamalak.pl\/sklep\/wp-json\/wp\/v2\/product\/4999","targetHints":{"allow":["GET"]}}],"collection":[{"href":"https:\/\/fundacjamalak.pl\/sklep\/wp-json\/wp\/v2\/product"}],"about":[{"href":"https:\/\/fundacjamalak.pl\/sklep\/wp-json\/wp\/v2\/types\/product"}],"wp:featuredmedia":[{"embeddable":true,"href":"https:\/\/fundacjamalak.pl\/sklep\/wp-json\/wp\/v2\/media\/4942"}],"wp:attachment":[{"href":"https:\/\/fundacjamalak.pl\/sklep\/wp-json\/wp\/v2\/media?parent=4999"}],"wp:term":[{"taxonomy":"product_brand","embeddable":true,"href":"https:\/\/fundacjamalak.pl\/sklep\/wp-json\/wp\/v2\/product_brand?post=4999"},{"taxonomy":"product_cat","embeddable":true,"href":"https:\/\/fundacjamalak.pl\/sklep\/wp-json\/wp\/v2\/product_cat?post=4999"},{"taxonomy":"product_tag","embeddable":true,"href":"https:\/\/fundacjamalak.pl\/sklep\/wp-json\/wp\/v2\/product_tag?post=4999"}],"curies":[{"name":"wp","href":"https:\/\/api.w.org\/{rel}","templated":true}]}}