{"id":5077,"date":"2023-10-19T12:16:57","date_gmt":"2023-10-19T10:16:57","guid":{"rendered":"https:\/\/sklepmalak.pl\/?post_type=product&#038;p=5077"},"modified":"2026-04-19T23:55:38","modified_gmt":"2026-04-19T21:55:38","slug":"torba-nie-ma-zwyklych-chwil","status":"publish","type":"product","link":"https:\/\/fundacjamalak.pl\/sklep\/produkt\/okazje-i-nowosci\/torba-nie-ma-zwyklych-chwil\/","title":{"rendered":"Torba &#8222;NIE MA zwyk\u0142ych chwil&#8221; &#8211; cegie\u0142ka kupuj\u0105c wspierasz!"},"content":{"rendered":"<p>Has\u0142o \u201eNie ma zwyk\u0142ych chwil\u201d od d\u0142u\u017cszego czasu jest z nami w Malaku i dobrze nam z nim! Zach\u0119ca nas do zatrzymania si\u0119 i dostrze\u017cenia chwili obecnej i jej znaczenia. Chwili, kt\u00f3ra mo\u017ce zmieni\u0107 bieg \u017cycia. Do celebracji jej i docenienia samego faktu \u017cycia i bycia tu i teraz.<\/p>\n<p>Chcemy szerzy\u0107 t\u0119 my\u015bl, dlatego wypuszczamy w \u015bwiat torb\u0119 z serii \u201eNie ma zwyk\u0142ych chwil\u201d, kt\u00f3ra jest idealnym prezentem pod choink\u0119!<\/p>\n<p>Toreb jest na \u015bwiecie wiele, to fakt! Ale ta nasza jest wyj\u0105tkowa, bo ROBI DOBRO! Jest to cegie\u0142ka na rzecz Fundacji Malak, dzi\u0119ki kt\u00f3rej mo\u017cemy jeszcze wi\u0119cej dobra wypu\u015bci\u0107 w \u015bwiat!!<\/p>\n<p>Bawe\u0142niana torba Fundacji Malak &#8211; &#8222;Nie ma zwyk\u0142ych chwil&#8221;<\/p>\n<p>Ka\u017cdy najdrobniejszy gest si\u0119 liczy!<\/p>\n<p>Polska produkcja &#8211; najwy\u017csza jako\u015b\u0107!<\/p>\n<p>Nosz\u0105c torb\u0119 pomagasz!<\/p>\n<p><strong>Ca\u0142kowity doch\u00f3d ze sprzeda\u017cy w sklepie Malak przeznaczony jest\u00a0<\/strong><strong>na dzia\u0142ania i pomoc charytatywn\u0105\u00a0<\/strong><strong>realizowan\u0105 przez\u00a0<a href=\"https:\/\/fundacjamalak.pl\/\">Fundacj\u0119 Malak<\/a>.<\/strong><\/p>\n","protected":false},"excerpt":{"rendered":"<p>Has\u0142o \u201eNie ma zwyk\u0142ych chwil\u201d od d\u0142u\u017cszego czasu jest z nami w Malaku i dobrze nam z nim! Zach\u0119ca nas do zatrzymania si\u0119 i dostrze\u017cenia chwili obecnej i jej znaczenia. Chwili, kt\u00f3ra mo\u017ce zmieni\u0107 bieg \u017cycia. Do celebracji jej i docenienia samego faktu \u017cycia i bycia tu i teraz.<\/p>\n<p>Chcemy szerzy\u0107 t\u0119 my\u015bl, dlatego wypuszczamy w \u015bwiat torb\u0119 z serii \u201eNie ma zwyk\u0142ych chwil\u201d, kt\u00f3ra jest idealnym prezentem pod choink\u0119!<\/p>\n<p>Toreb jest na \u015bwiecie wiele, to fakt! Ale ta nasza jest wyj\u0105tkowa, bo ROBI DOBRO! Jest to cegie\u0142ka na rzecz Fundacji Malak, dzi\u0119ki kt\u00f3rej mo\u017cemy jeszcze wi\u0119cej dobra wypu\u015bci\u0107 w \u015bwiat!!<\/p>\n","protected":false},"featured_media":5611,"template":"","meta":{"_acf_changed":false},"product_brand":[],"product_cat":[345,288],"product_tag":[],"class_list":{"0":"post-5077","1":"product","2":"type-product","3":"status-publish","4":"has-post-thumbnail","6":"product_cat-cegielki","7":"product_cat-okazje-i-nowosci","9":"first","10":"instock","11":"taxable","12":"shipping-taxable","13":"purchasable","14":"product-type-variable","15":"has-default-attributes"},"acf":[],"yoast_head":"<!-- This site is optimized with the Yoast SEO plugin v27.1.1 - https:\/\/yoast.com\/product\/yoast-seo-wordpress\/ -->\n<title>Torba &quot;NIE MA zwyk\u0142ych chwil&quot; - cegie\u0142ka kupuj\u0105c wspierasz! - Sklep Malak<\/title>\n<meta name=\"robots\" content=\"index, follow, max-snippet:-1, max-image-preview:large, max-video-preview:-1\" \/>\n<link rel=\"canonical\" href=\"https:\/\/fundacjamalak.pl\/sklep\/produkt\/okazje-i-nowosci\/torba-nie-ma-zwyklych-chwil\/\" \/>\n<meta property=\"og:locale\" content=\"pl_PL\" \/>\n<meta property=\"og:type\" content=\"article\" \/>\n<meta property=\"og:title\" content=\"Torba &quot;NIE MA zwyk\u0142ych chwil&quot; - cegie\u0142ka kupuj\u0105c wspierasz! - Sklep Malak\" \/>\n<meta property=\"og:description\" content=\"Has\u0142o \u201eNie ma zwyk\u0142ych chwil\u201d od d\u0142u\u017cszego czasu jest z nami w Malaku i dobrze nam z nim! Zach\u0119ca nas do zatrzymania si\u0119 i dostrze\u017cenia chwili obecnej i jej znaczenia. Chwili, kt\u00f3ra mo\u017ce zmieni\u0107 bieg \u017cycia. Do celebracji jej i docenienia samego faktu \u017cycia i bycia tu i teraz.  Chcemy szerzy\u0107 t\u0119 my\u015bl, dlatego wypuszczamy w \u015bwiat torb\u0119 z serii \u201eNie ma zwyk\u0142ych chwil\u201d, kt\u00f3ra jest idealnym prezentem pod choink\u0119!  Toreb jest na \u015bwiecie wiele, to fakt! Ale ta nasza jest wyj\u0105tkowa, bo ROBI DOBRO! Jest to cegie\u0142ka na rzecz Fundacji Malak, dzi\u0119ki kt\u00f3rej mo\u017cemy jeszcze wi\u0119cej dobra wypu\u015bci\u0107 w \u015bwiat!!\" \/>\n<meta property=\"og:url\" content=\"https:\/\/fundacjamalak.pl\/sklep\/produkt\/okazje-i-nowosci\/torba-nie-ma-zwyklych-chwil\/\" \/>\n<meta property=\"og:site_name\" content=\"Sklep Malak\" \/>\n<meta property=\"article:publisher\" content=\"https:\/\/www.facebook.com\/FundacjaMalak\" \/>\n<meta property=\"article:modified_time\" content=\"2026-04-19T21:55:38+00:00\" \/>\n<meta property=\"og:image\" content=\"https:\/\/fundacjamalak.pl\/sklep\/wp-content\/uploads\/2023\/10\/Torba_1.png\" \/>\n\t<meta property=\"og:image:width\" content=\"1280\" \/>\n\t<meta property=\"og:image:height\" content=\"1588\" \/>\n\t<meta property=\"og:image:type\" content=\"image\/png\" \/>\n<meta name=\"twitter:card\" content=\"summary_large_image\" \/>\n<meta name=\"twitter:label1\" content=\"Szacowany czas czytania\" \/>\n\t<meta name=\"twitter:data1\" content=\"2 minuty\" \/>\n<script type=\"application\/ld+json\" class=\"yoast-schema-graph\">{\"@context\":\"https:\/\/schema.org\",\"@graph\":[{\"@type\":\"WebPage\",\"@id\":\"https:\/\/fundacjamalak.pl\/sklep\/produkt\/okazje-i-nowosci\/torba-nie-ma-zwyklych-chwil\/\",\"url\":\"https:\/\/fundacjamalak.pl\/sklep\/produkt\/okazje-i-nowosci\/torba-nie-ma-zwyklych-chwil\/\",\"name\":\"Torba \\\"NIE MA zwyk\u0142ych chwil\\\" - cegie\u0142ka kupuj\u0105c wspierasz! - Sklep Malak\",\"isPartOf\":{\"@id\":\"https:\/\/sklepmalak.pl\/#website\"},\"primaryImageOfPage\":{\"@id\":\"https:\/\/fundacjamalak.pl\/sklep\/produkt\/okazje-i-nowosci\/torba-nie-ma-zwyklych-chwil\/#primaryimage\"},\"image\":{\"@id\":\"https:\/\/fundacjamalak.pl\/sklep\/produkt\/okazje-i-nowosci\/torba-nie-ma-zwyklych-chwil\/#primaryimage\"},\"thumbnailUrl\":\"https:\/\/fundacjamalak.pl\/sklep\/wp-content\/uploads\/2023\/10\/Torba_1.png\",\"datePublished\":\"2023-10-19T10:16:57+00:00\",\"dateModified\":\"2026-04-19T21:55:38+00:00\",\"breadcrumb\":{\"@id\":\"https:\/\/fundacjamalak.pl\/sklep\/produkt\/okazje-i-nowosci\/torba-nie-ma-zwyklych-chwil\/#breadcrumb\"},\"inLanguage\":\"pl-PL\",\"potentialAction\":[{\"@type\":\"ReadAction\",\"target\":[\"https:\/\/fundacjamalak.pl\/sklep\/produkt\/okazje-i-nowosci\/torba-nie-ma-zwyklych-chwil\/\"]}]},{\"@type\":\"ImageObject\",\"inLanguage\":\"pl-PL\",\"@id\":\"https:\/\/fundacjamalak.pl\/sklep\/produkt\/okazje-i-nowosci\/torba-nie-ma-zwyklych-chwil\/#primaryimage\",\"url\":\"https:\/\/fundacjamalak.pl\/sklep\/wp-content\/uploads\/2023\/10\/Torba_1.png\",\"contentUrl\":\"https:\/\/fundacjamalak.pl\/sklep\/wp-content\/uploads\/2023\/10\/Torba_1.png\",\"width\":1280,\"height\":1588},{\"@type\":\"BreadcrumbList\",\"@id\":\"https:\/\/fundacjamalak.pl\/sklep\/produkt\/okazje-i-nowosci\/torba-nie-ma-zwyklych-chwil\/#breadcrumb\",\"itemListElement\":[{\"@type\":\"ListItem\",\"position\":1,\"name\":\"Strona g\u0142\u00f3wna\",\"item\":\"https:\/\/sklepmalak.pl\/\"},{\"@type\":\"ListItem\",\"position\":2,\"name\":\"Sklep\",\"item\":\"https:\/\/sklepmalak.pl\/\"},{\"@type\":\"ListItem\",\"position\":3,\"name\":\"Torba &#8222;NIE MA zwyk\u0142ych chwil&#8221; &#8211; cegie\u0142ka kupuj\u0105c wspierasz!\"}]},{\"@type\":\"WebSite\",\"@id\":\"https:\/\/sklepmalak.pl\/#website\",\"url\":\"https:\/\/sklepmalak.pl\/\",\"name\":\"Sklep Malak\",\"description\":\"Nie ma zwyk\u0142ych chwil!\",\"publisher\":{\"@id\":\"https:\/\/sklepmalak.pl\/#organization\"},\"potentialAction\":[{\"@type\":\"SearchAction\",\"target\":{\"@type\":\"EntryPoint\",\"urlTemplate\":\"https:\/\/sklepmalak.pl\/?s={search_term_string}\"},\"query-input\":{\"@type\":\"PropertyValueSpecification\",\"valueRequired\":true,\"valueName\":\"search_term_string\"}}],\"inLanguage\":\"pl-PL\"},{\"@type\":\"Organization\",\"@id\":\"https:\/\/sklepmalak.pl\/#organization\",\"name\":\"Sklep Malak\",\"alternateName\":\"Sklep Fundacji Malak\",\"url\":\"https:\/\/sklepmalak.pl\/\",\"logo\":{\"@type\":\"ImageObject\",\"inLanguage\":\"pl-PL\",\"@id\":\"https:\/\/sklepmalak.pl\/#\/schema\/logo\/image\/\",\"url\":\"https:\/\/fundacjamalak.pl\/sklep\/wp-content\/uploads\/2023\/09\/logo.malak-14-2.png\",\"contentUrl\":\"https:\/\/fundacjamalak.pl\/sklep\/wp-content\/uploads\/2023\/09\/logo.malak-14-2.png\",\"width\":355,\"height\":355,\"caption\":\"Sklep Malak\"},\"image\":{\"@id\":\"https:\/\/sklepmalak.pl\/#\/schema\/logo\/image\/\"},\"sameAs\":[\"https:\/\/www.facebook.com\/FundacjaMalak\",\"https:\/\/www.instagram.com\/fundacjamalak\"]}]}<\/script>\n<!-- \/ Yoast SEO plugin. -->","yoast_head_json":{"title":"Torba \"NIE MA zwyk\u0142ych chwil\" - cegie\u0142ka kupuj\u0105c wspierasz! - Sklep Malak","robots":{"index":"index","follow":"follow","max-snippet":"max-snippet:-1","max-image-preview":"max-image-preview:large","max-video-preview":"max-video-preview:-1"},"canonical":"https:\/\/fundacjamalak.pl\/sklep\/produkt\/okazje-i-nowosci\/torba-nie-ma-zwyklych-chwil\/","og_locale":"pl_PL","og_type":"article","og_title":"Torba \"NIE MA zwyk\u0142ych chwil\" - cegie\u0142ka kupuj\u0105c wspierasz! - Sklep Malak","og_description":"Has\u0142o \u201eNie ma zwyk\u0142ych chwil\u201d od d\u0142u\u017cszego czasu jest z nami w Malaku i dobrze nam z nim! Zach\u0119ca nas do zatrzymania si\u0119 i dostrze\u017cenia chwili obecnej i jej znaczenia. Chwili, kt\u00f3ra mo\u017ce zmieni\u0107 bieg \u017cycia. Do celebracji jej i docenienia samego faktu \u017cycia i bycia tu i teraz.  Chcemy szerzy\u0107 t\u0119 my\u015bl, dlatego wypuszczamy w \u015bwiat torb\u0119 z serii \u201eNie ma zwyk\u0142ych chwil\u201d, kt\u00f3ra jest idealnym prezentem pod choink\u0119!  Toreb jest na \u015bwiecie wiele, to fakt! Ale ta nasza jest wyj\u0105tkowa, bo ROBI DOBRO! Jest to cegie\u0142ka na rzecz Fundacji Malak, dzi\u0119ki kt\u00f3rej mo\u017cemy jeszcze wi\u0119cej dobra wypu\u015bci\u0107 w \u015bwiat!!","og_url":"https:\/\/fundacjamalak.pl\/sklep\/produkt\/okazje-i-nowosci\/torba-nie-ma-zwyklych-chwil\/","og_site_name":"Sklep Malak","article_publisher":"https:\/\/www.facebook.com\/FundacjaMalak","article_modified_time":"2026-04-19T21:55:38+00:00","og_image":[{"width":1280,"height":1588,"url":"https:\/\/fundacjamalak.pl\/sklep\/wp-content\/uploads\/2023\/10\/Torba_1.png","type":"image\/png"}],"twitter_card":"summary_large_image","twitter_misc":{"Szacowany czas czytania":"2 minuty"},"schema":{"@context":"https:\/\/schema.org","@graph":[{"@type":"WebPage","@id":"https:\/\/fundacjamalak.pl\/sklep\/produkt\/okazje-i-nowosci\/torba-nie-ma-zwyklych-chwil\/","url":"https:\/\/fundacjamalak.pl\/sklep\/produkt\/okazje-i-nowosci\/torba-nie-ma-zwyklych-chwil\/","name":"Torba \"NIE MA zwyk\u0142ych chwil\" - cegie\u0142ka kupuj\u0105c wspierasz! - Sklep Malak","isPartOf":{"@id":"https:\/\/sklepmalak.pl\/#website"},"primaryImageOfPage":{"@id":"https:\/\/fundacjamalak.pl\/sklep\/produkt\/okazje-i-nowosci\/torba-nie-ma-zwyklych-chwil\/#primaryimage"},"image":{"@id":"https:\/\/fundacjamalak.pl\/sklep\/produkt\/okazje-i-nowosci\/torba-nie-ma-zwyklych-chwil\/#primaryimage"},"thumbnailUrl":"https:\/\/fundacjamalak.pl\/sklep\/wp-content\/uploads\/2023\/10\/Torba_1.png","datePublished":"2023-10-19T10:16:57+00:00","dateModified":"2026-04-19T21:55:38+00:00","breadcrumb":{"@id":"https:\/\/fundacjamalak.pl\/sklep\/produkt\/okazje-i-nowosci\/torba-nie-ma-zwyklych-chwil\/#breadcrumb"},"inLanguage":"pl-PL","potentialAction":[{"@type":"ReadAction","target":["https:\/\/fundacjamalak.pl\/sklep\/produkt\/okazje-i-nowosci\/torba-nie-ma-zwyklych-chwil\/"]}]},{"@type":"ImageObject","inLanguage":"pl-PL","@id":"https:\/\/fundacjamalak.pl\/sklep\/produkt\/okazje-i-nowosci\/torba-nie-ma-zwyklych-chwil\/#primaryimage","url":"https:\/\/fundacjamalak.pl\/sklep\/wp-content\/uploads\/2023\/10\/Torba_1.png","contentUrl":"https:\/\/fundacjamalak.pl\/sklep\/wp-content\/uploads\/2023\/10\/Torba_1.png","width":1280,"height":1588},{"@type":"BreadcrumbList","@id":"https:\/\/fundacjamalak.pl\/sklep\/produkt\/okazje-i-nowosci\/torba-nie-ma-zwyklych-chwil\/#breadcrumb","itemListElement":[{"@type":"ListItem","position":1,"name":"Strona g\u0142\u00f3wna","item":"https:\/\/sklepmalak.pl\/"},{"@type":"ListItem","position":2,"name":"Sklep","item":"https:\/\/sklepmalak.pl\/"},{"@type":"ListItem","position":3,"name":"Torba &#8222;NIE MA zwyk\u0142ych chwil&#8221; &#8211; cegie\u0142ka kupuj\u0105c wspierasz!"}]},{"@type":"WebSite","@id":"https:\/\/sklepmalak.pl\/#website","url":"https:\/\/sklepmalak.pl\/","name":"Sklep Malak","description":"Nie ma zwyk\u0142ych chwil!","publisher":{"@id":"https:\/\/sklepmalak.pl\/#organization"},"potentialAction":[{"@type":"SearchAction","target":{"@type":"EntryPoint","urlTemplate":"https:\/\/sklepmalak.pl\/?s={search_term_string}"},"query-input":{"@type":"PropertyValueSpecification","valueRequired":true,"valueName":"search_term_string"}}],"inLanguage":"pl-PL"},{"@type":"Organization","@id":"https:\/\/sklepmalak.pl\/#organization","name":"Sklep Malak","alternateName":"Sklep Fundacji Malak","url":"https:\/\/sklepmalak.pl\/","logo":{"@type":"ImageObject","inLanguage":"pl-PL","@id":"https:\/\/sklepmalak.pl\/#\/schema\/logo\/image\/","url":"https:\/\/fundacjamalak.pl\/sklep\/wp-content\/uploads\/2023\/09\/logo.malak-14-2.png","contentUrl":"https:\/\/fundacjamalak.pl\/sklep\/wp-content\/uploads\/2023\/09\/logo.malak-14-2.png","width":355,"height":355,"caption":"Sklep Malak"},"image":{"@id":"https:\/\/sklepmalak.pl\/#\/schema\/logo\/image\/"},"sameAs":["https:\/\/www.facebook.com\/FundacjaMalak","https:\/\/www.instagram.com\/fundacjamalak"]}]}},"_links":{"self":[{"href":"https:\/\/fundacjamalak.pl\/sklep\/wp-json\/wp\/v2\/product\/5077","targetHints":{"allow":["GET"]}}],"collection":[{"href":"https:\/\/fundacjamalak.pl\/sklep\/wp-json\/wp\/v2\/product"}],"about":[{"href":"https:\/\/fundacjamalak.pl\/sklep\/wp-json\/wp\/v2\/types\/product"}],"wp:featuredmedia":[{"embeddable":true,"href":"https:\/\/fundacjamalak.pl\/sklep\/wp-json\/wp\/v2\/media\/5611"}],"wp:attachment":[{"href":"https:\/\/fundacjamalak.pl\/sklep\/wp-json\/wp\/v2\/media?parent=5077"}],"wp:term":[{"taxonomy":"product_brand","embeddable":true,"href":"https:\/\/fundacjamalak.pl\/sklep\/wp-json\/wp\/v2\/product_brand?post=5077"},{"taxonomy":"product_cat","embeddable":true,"href":"https:\/\/fundacjamalak.pl\/sklep\/wp-json\/wp\/v2\/product_cat?post=5077"},{"taxonomy":"product_tag","embeddable":true,"href":"https:\/\/fundacjamalak.pl\/sklep\/wp-json\/wp\/v2\/product_tag?post=5077"}],"curies":[{"name":"wp","href":"https:\/\/api.w.org\/{rel}","templated":true}]}}