{"id":6766,"date":"2024-10-21T20:37:06","date_gmt":"2024-10-21T18:37:06","guid":{"rendered":"https:\/\/sklepmalak.pl\/?post_type=product&#038;p=6766"},"modified":"2026-04-20T23:55:48","modified_gmt":"2026-04-20T21:55:48","slug":"cegielka-czarka-z-serduszkiem-biala-2","status":"publish","type":"product","link":"https:\/\/fundacjamalak.pl\/sklep\/produkt\/okazje-i-nowosci\/cegielka-czarka-z-serduszkiem-biala-2\/","title":{"rendered":"Cegie\u0142ka &#8211; Czarka tu i teraz (turkus)"},"content":{"rendered":"<p><em>Gdyby rzeczy m\u00f3wi\u0142y \u2013<\/em><br \/>\n<em>ale gdyby m\u00f3wi\u0142y, mog\u0142yby i k\u0142ama\u0107.<\/em><br \/>\n<em>Zw\u0142aszcza te zwyk\u0142e i ma\u0142o cenione,<\/em><br \/>\n<em>\u017ceby wreszcie zwr\u00f3ci\u0107 na siebie uwag\u0119.<\/em><\/p>\n<p><em>Wis\u0142awa Szymborska<\/em><\/p>\n<p>Czarka. Nie zwyk\u0142a, ale niezwyk\u0142a. Gdyby m\u00f3wi\u0142a, powiedzia\u0142aby: \u201eZanurz si\u0119 w ciszy ze mn\u0105 w d\u0142oniach\u201d.<\/p>\n<p>Czarka Fundacji Malak z subtelnym serduszkiem na \u015brodku, to co\u015b wi\u0119cej ni\u017c zwyk\u0142e naczynie \u2013 to prawdziwa cegie\u0142ka dobroci.<\/p>\n<p>Fundacja Malak ju\u017c od kilkunastu lat anga\u017cuje si\u0119 w r\u00f3\u017cnorodne projekty i akcje charytatywne. Kupuj\u0105c ten w\u0142a\u015bnie produkt, wspierasz nasz\u0105 dzia\u0142alno\u015b\u0107, przyczyniasz si\u0119 do realizacji wielu inicjatyw, ale przede wszystkim robisz dobro i sprawiasz rado\u015b\u0107 obdarowanej osobie. \u015awiadomo\u015b\u0107 szczytnego celu dodaje warto\u015bci ka\u017cdemu przedmiotowi.<\/p>\n<p>Ka\u017cdego ranka, pij\u0105c kaw\u0119 z tego kubka, czujesz, jak bardzo wa\u017cne jest TU i TERAZ. Drobny napis, kt\u00f3ry niesie ogromny sens.<\/p>\n<p><strong>Podstawowe dane o przedmiocie:<\/strong><\/p>\n<p>-szkliwiona czarka kamionkowa z czerwonym serduszkiem<br \/>\n-wykonana z wysokiej jako\u015bci ceramiki<br \/>\n-przy wysy\u0142ce zapakowana w estetyczny kartonik, zabezpieczony ekologicznym papierem<br \/>\n-mo\u017cna j\u0105 my\u0107 w zmywarce<br \/>\n-mo\u017cna jej u\u017cywa\u0107 w mikrofal\u00f3wce,<br \/>\n-r\u0119czne mycie gwarantuje d\u0142u\u017csze u\u017cytkowanie<br \/>\n-pojemno\u015b\u0107 ok. 200 ml<br \/>\n-wymiary ok. 8 x 6,5<br \/>\n-wyr\u00f3b rzemie\u015blniczo-r\u0119kodzielniczy &#8211; Pracownia Artystyczna Blue House<\/p>\n<p><strong>Kilka sposob\u00f3w na to, jak czarka z serduszkiem mo\u017ce pom\u00f3c Ci wyrazi\u0107 uczucia:<\/strong><\/p>\n<p>\u00b7 podaruj j\u0105 ukochanej osobie &#8211; to wi\u0119cej ni\u017c prezent, to wyraz Twoich uczu\u0107 i wsparcie dla potrzebuj\u0105cych,<\/p>\n<p>\u00b7 zr\u00f3b niespodziank\u0119 &#8211; czarka z serduszkiem to \u015bwietny spos\u00f3b na pokazanie, \u017ce Ci zale\u017cy na danej osobie,<\/p>\n<p>\u00b7 wyra\u017a wdzi\u0119czno\u015b\u0107 &#8211; podzi\u0119kuj komu\u015b za pomoc lub wsparcie,<\/p>\n<p>\u00b7 przepro\u015b za b\u0142\u0105d &#8211; czasem trudno jest znale\u017a\u0107 s\u0142owa, czarka z serduszkiem pomo\u017ce Ci wyrazi\u0107 skruch\u0119,<\/p>\n<p>\u00b7 celebruj wa\u017cne chwile &#8211; czarka to idealny towarzysz podczas \u015bwi\u0119towania sukces\u00f3w i radosnych wydarze\u0144 w Twoim \u017cyciu.<\/p>\n<p><strong>Ca\u0142kowity doch\u00f3d ze sprzeda\u017cy w sklepie Malak przeznaczony jest\u00a0<\/strong><strong>na dzia\u0142ania i pomoc charytatywn\u0105\u00a0<\/strong><strong>realizowan\u0105 przez\u00a0<a href=\"https:\/\/fundacjamalak.pl\/\">Fundacj\u0119 Malak<\/a>.<\/strong><\/p>\n","protected":false},"excerpt":{"rendered":"<p>Czarka. Nie zwyk\u0142a, ale niezwyk\u0142a. Gdyby m\u00f3wi\u0142a, powiedzia\u0142aby: \u201eZanurz si\u0119 w ciszy ze mn\u0105 w d\u0142oniach\u201d.<\/p>\n<p>Czarka Fundacji Malak z subtelnym serduszkiem na \u015brodku, to co\u015b wi\u0119cej ni\u017c zwyk\u0142e naczynie \u2013 to prawdziwa cegie\u0142ka dobroci.<\/p>\n<p>Fundacja Malak ju\u017c od kilkunastu lat anga\u017cuje si\u0119 w r\u00f3\u017cnorodne projekty i akcje charytatywne. Kupuj\u0105c ten w\u0142a\u015bnie produkt, wspierasz nasz\u0105 dzia\u0142alno\u015b\u0107, przyczyniasz si\u0119 do realizacji wielu inicjatyw, ale przede wszystkim robisz dobro i sprawiasz rado\u015b\u0107 obdarowanej osobie. \u015awiadomo\u015b\u0107 szczytnego celu dodaje warto\u015bci ka\u017cdemu przedmiotowi.<\/p>\n<p>Ka\u017cdego ranka, pij\u0105c kaw\u0119 z tego kubka, czujesz, jak bardzo wa\u017cne jest TU i TERAZ. Drobny napis, kt\u00f3ry niesie ogromny sens.<\/p>\n","protected":false},"featured_media":6745,"template":"","meta":{"_acf_changed":false},"product_brand":[],"product_cat":[345,288],"product_tag":[],"class_list":{"0":"post-6766","1":"product","2":"type-product","3":"status-publish","4":"has-post-thumbnail","6":"product_cat-cegielki","7":"product_cat-okazje-i-nowosci","9":"first","10":"instock","11":"taxable","12":"shipping-taxable","13":"purchasable","14":"product-type-variable","15":"has-default-attributes"},"acf":[],"yoast_head":"<!-- This site is optimized with the Yoast SEO plugin v27.1.1 - https:\/\/yoast.com\/product\/yoast-seo-wordpress\/ -->\n<title>Cegie\u0142ka - Czarka tu i teraz (turkus) - Sklep Malak<\/title>\n<meta name=\"robots\" content=\"index, follow, max-snippet:-1, max-image-preview:large, max-video-preview:-1\" \/>\n<link rel=\"canonical\" href=\"https:\/\/fundacjamalak.pl\/sklep\/produkt\/okazje-i-nowosci\/cegielka-czarka-z-serduszkiem-biala-2\/\" \/>\n<meta property=\"og:locale\" content=\"pl_PL\" \/>\n<meta property=\"og:type\" content=\"article\" \/>\n<meta property=\"og:title\" content=\"Cegie\u0142ka - Czarka tu i teraz (turkus) - Sklep Malak\" \/>\n<meta property=\"og:description\" content=\"Czarka. Nie zwyk\u0142a, ale niezwyk\u0142a. Gdyby m\u00f3wi\u0142a, powiedzia\u0142aby: \u201eZanurz si\u0119 w ciszy ze mn\u0105 w d\u0142oniach\u201d.  Czarka Fundacji Malak z subtelnym serduszkiem na \u015brodku, to co\u015b wi\u0119cej ni\u017c zwyk\u0142e naczynie \u2013 to prawdziwa cegie\u0142ka dobroci.  Fundacja Malak ju\u017c od kilkunastu lat anga\u017cuje si\u0119 w r\u00f3\u017cnorodne projekty i akcje charytatywne. Kupuj\u0105c ten w\u0142a\u015bnie produkt, wspierasz nasz\u0105 dzia\u0142alno\u015b\u0107, przyczyniasz si\u0119 do realizacji wielu inicjatyw, ale przede wszystkim robisz dobro i sprawiasz rado\u015b\u0107 obdarowanej osobie. \u015awiadomo\u015b\u0107 szczytnego celu dodaje warto\u015bci ka\u017cdemu przedmiotowi.  Ka\u017cdego ranka, pij\u0105c kaw\u0119 z tego kubka, czujesz, jak bardzo wa\u017cne jest TU i TERAZ. Drobny napis, kt\u00f3ry niesie ogromny sens.\" \/>\n<meta property=\"og:url\" content=\"https:\/\/fundacjamalak.pl\/sklep\/produkt\/okazje-i-nowosci\/cegielka-czarka-z-serduszkiem-biala-2\/\" \/>\n<meta property=\"og:site_name\" content=\"Sklep Malak\" \/>\n<meta property=\"article:publisher\" content=\"https:\/\/www.facebook.com\/FundacjaMalak\" \/>\n<meta property=\"article:modified_time\" content=\"2026-04-20T21:55:48+00:00\" \/>\n<meta property=\"og:image\" content=\"https:\/\/fundacjamalak.pl\/sklep\/wp-content\/uploads\/2024\/10\/Czarka-ciemna_produktowe.png\" \/>\n\t<meta property=\"og:image:width\" content=\"1280\" \/>\n\t<meta property=\"og:image:height\" content=\"1588\" \/>\n\t<meta property=\"og:image:type\" content=\"image\/png\" \/>\n<meta name=\"twitter:card\" content=\"summary_large_image\" \/>\n<meta name=\"twitter:label1\" content=\"Szacowany czas czytania\" \/>\n\t<meta name=\"twitter:data1\" content=\"2 minuty\" \/>\n<script type=\"application\/ld+json\" class=\"yoast-schema-graph\">{\"@context\":\"https:\/\/schema.org\",\"@graph\":[{\"@type\":\"WebPage\",\"@id\":\"https:\/\/fundacjamalak.pl\/sklep\/produkt\/okazje-i-nowosci\/cegielka-czarka-z-serduszkiem-biala-2\/\",\"url\":\"https:\/\/fundacjamalak.pl\/sklep\/produkt\/okazje-i-nowosci\/cegielka-czarka-z-serduszkiem-biala-2\/\",\"name\":\"Cegie\u0142ka - Czarka tu i teraz (turkus) - Sklep Malak\",\"isPartOf\":{\"@id\":\"https:\/\/sklepmalak.pl\/#website\"},\"primaryImageOfPage\":{\"@id\":\"https:\/\/fundacjamalak.pl\/sklep\/produkt\/okazje-i-nowosci\/cegielka-czarka-z-serduszkiem-biala-2\/#primaryimage\"},\"image\":{\"@id\":\"https:\/\/fundacjamalak.pl\/sklep\/produkt\/okazje-i-nowosci\/cegielka-czarka-z-serduszkiem-biala-2\/#primaryimage\"},\"thumbnailUrl\":\"https:\/\/fundacjamalak.pl\/sklep\/wp-content\/uploads\/2024\/10\/Czarka-ciemna_produktowe.png\",\"datePublished\":\"2024-10-21T18:37:06+00:00\",\"dateModified\":\"2026-04-20T21:55:48+00:00\",\"breadcrumb\":{\"@id\":\"https:\/\/fundacjamalak.pl\/sklep\/produkt\/okazje-i-nowosci\/cegielka-czarka-z-serduszkiem-biala-2\/#breadcrumb\"},\"inLanguage\":\"pl-PL\",\"potentialAction\":[{\"@type\":\"ReadAction\",\"target\":[\"https:\/\/fundacjamalak.pl\/sklep\/produkt\/okazje-i-nowosci\/cegielka-czarka-z-serduszkiem-biala-2\/\"]}]},{\"@type\":\"ImageObject\",\"inLanguage\":\"pl-PL\",\"@id\":\"https:\/\/fundacjamalak.pl\/sklep\/produkt\/okazje-i-nowosci\/cegielka-czarka-z-serduszkiem-biala-2\/#primaryimage\",\"url\":\"https:\/\/fundacjamalak.pl\/sklep\/wp-content\/uploads\/2024\/10\/Czarka-ciemna_produktowe.png\",\"contentUrl\":\"https:\/\/fundacjamalak.pl\/sklep\/wp-content\/uploads\/2024\/10\/Czarka-ciemna_produktowe.png\",\"width\":1280,\"height\":1588},{\"@type\":\"BreadcrumbList\",\"@id\":\"https:\/\/fundacjamalak.pl\/sklep\/produkt\/okazje-i-nowosci\/cegielka-czarka-z-serduszkiem-biala-2\/#breadcrumb\",\"itemListElement\":[{\"@type\":\"ListItem\",\"position\":1,\"name\":\"Strona g\u0142\u00f3wna\",\"item\":\"https:\/\/sklepmalak.pl\/\"},{\"@type\":\"ListItem\",\"position\":2,\"name\":\"Sklep\",\"item\":\"https:\/\/sklepmalak.pl\/\"},{\"@type\":\"ListItem\",\"position\":3,\"name\":\"Cegie\u0142ka &#8211; Czarka tu i teraz (turkus)\"}]},{\"@type\":\"WebSite\",\"@id\":\"https:\/\/sklepmalak.pl\/#website\",\"url\":\"https:\/\/sklepmalak.pl\/\",\"name\":\"Sklep Malak\",\"description\":\"Nie ma zwyk\u0142ych chwil!\",\"publisher\":{\"@id\":\"https:\/\/sklepmalak.pl\/#organization\"},\"potentialAction\":[{\"@type\":\"SearchAction\",\"target\":{\"@type\":\"EntryPoint\",\"urlTemplate\":\"https:\/\/sklepmalak.pl\/?s={search_term_string}\"},\"query-input\":{\"@type\":\"PropertyValueSpecification\",\"valueRequired\":true,\"valueName\":\"search_term_string\"}}],\"inLanguage\":\"pl-PL\"},{\"@type\":\"Organization\",\"@id\":\"https:\/\/sklepmalak.pl\/#organization\",\"name\":\"Sklep Malak\",\"alternateName\":\"Sklep Fundacji Malak\",\"url\":\"https:\/\/sklepmalak.pl\/\",\"logo\":{\"@type\":\"ImageObject\",\"inLanguage\":\"pl-PL\",\"@id\":\"https:\/\/sklepmalak.pl\/#\/schema\/logo\/image\/\",\"url\":\"https:\/\/fundacjamalak.pl\/sklep\/wp-content\/uploads\/2023\/09\/logo.malak-14-2.png\",\"contentUrl\":\"https:\/\/fundacjamalak.pl\/sklep\/wp-content\/uploads\/2023\/09\/logo.malak-14-2.png\",\"width\":355,\"height\":355,\"caption\":\"Sklep Malak\"},\"image\":{\"@id\":\"https:\/\/sklepmalak.pl\/#\/schema\/logo\/image\/\"},\"sameAs\":[\"https:\/\/www.facebook.com\/FundacjaMalak\",\"https:\/\/www.instagram.com\/fundacjamalak\"]}]}<\/script>\n<!-- \/ Yoast SEO plugin. -->","yoast_head_json":{"title":"Cegie\u0142ka - Czarka tu i teraz (turkus) - Sklep Malak","robots":{"index":"index","follow":"follow","max-snippet":"max-snippet:-1","max-image-preview":"max-image-preview:large","max-video-preview":"max-video-preview:-1"},"canonical":"https:\/\/fundacjamalak.pl\/sklep\/produkt\/okazje-i-nowosci\/cegielka-czarka-z-serduszkiem-biala-2\/","og_locale":"pl_PL","og_type":"article","og_title":"Cegie\u0142ka - Czarka tu i teraz (turkus) - Sklep Malak","og_description":"Czarka. Nie zwyk\u0142a, ale niezwyk\u0142a. Gdyby m\u00f3wi\u0142a, powiedzia\u0142aby: \u201eZanurz si\u0119 w ciszy ze mn\u0105 w d\u0142oniach\u201d.  Czarka Fundacji Malak z subtelnym serduszkiem na \u015brodku, to co\u015b wi\u0119cej ni\u017c zwyk\u0142e naczynie \u2013 to prawdziwa cegie\u0142ka dobroci.  Fundacja Malak ju\u017c od kilkunastu lat anga\u017cuje si\u0119 w r\u00f3\u017cnorodne projekty i akcje charytatywne. Kupuj\u0105c ten w\u0142a\u015bnie produkt, wspierasz nasz\u0105 dzia\u0142alno\u015b\u0107, przyczyniasz si\u0119 do realizacji wielu inicjatyw, ale przede wszystkim robisz dobro i sprawiasz rado\u015b\u0107 obdarowanej osobie. \u015awiadomo\u015b\u0107 szczytnego celu dodaje warto\u015bci ka\u017cdemu przedmiotowi.  Ka\u017cdego ranka, pij\u0105c kaw\u0119 z tego kubka, czujesz, jak bardzo wa\u017cne jest TU i TERAZ. Drobny napis, kt\u00f3ry niesie ogromny sens.","og_url":"https:\/\/fundacjamalak.pl\/sklep\/produkt\/okazje-i-nowosci\/cegielka-czarka-z-serduszkiem-biala-2\/","og_site_name":"Sklep Malak","article_publisher":"https:\/\/www.facebook.com\/FundacjaMalak","article_modified_time":"2026-04-20T21:55:48+00:00","og_image":[{"width":1280,"height":1588,"url":"https:\/\/fundacjamalak.pl\/sklep\/wp-content\/uploads\/2024\/10\/Czarka-ciemna_produktowe.png","type":"image\/png"}],"twitter_card":"summary_large_image","twitter_misc":{"Szacowany czas czytania":"2 minuty"},"schema":{"@context":"https:\/\/schema.org","@graph":[{"@type":"WebPage","@id":"https:\/\/fundacjamalak.pl\/sklep\/produkt\/okazje-i-nowosci\/cegielka-czarka-z-serduszkiem-biala-2\/","url":"https:\/\/fundacjamalak.pl\/sklep\/produkt\/okazje-i-nowosci\/cegielka-czarka-z-serduszkiem-biala-2\/","name":"Cegie\u0142ka - Czarka tu i teraz (turkus) - Sklep Malak","isPartOf":{"@id":"https:\/\/sklepmalak.pl\/#website"},"primaryImageOfPage":{"@id":"https:\/\/fundacjamalak.pl\/sklep\/produkt\/okazje-i-nowosci\/cegielka-czarka-z-serduszkiem-biala-2\/#primaryimage"},"image":{"@id":"https:\/\/fundacjamalak.pl\/sklep\/produkt\/okazje-i-nowosci\/cegielka-czarka-z-serduszkiem-biala-2\/#primaryimage"},"thumbnailUrl":"https:\/\/fundacjamalak.pl\/sklep\/wp-content\/uploads\/2024\/10\/Czarka-ciemna_produktowe.png","datePublished":"2024-10-21T18:37:06+00:00","dateModified":"2026-04-20T21:55:48+00:00","breadcrumb":{"@id":"https:\/\/fundacjamalak.pl\/sklep\/produkt\/okazje-i-nowosci\/cegielka-czarka-z-serduszkiem-biala-2\/#breadcrumb"},"inLanguage":"pl-PL","potentialAction":[{"@type":"ReadAction","target":["https:\/\/fundacjamalak.pl\/sklep\/produkt\/okazje-i-nowosci\/cegielka-czarka-z-serduszkiem-biala-2\/"]}]},{"@type":"ImageObject","inLanguage":"pl-PL","@id":"https:\/\/fundacjamalak.pl\/sklep\/produkt\/okazje-i-nowosci\/cegielka-czarka-z-serduszkiem-biala-2\/#primaryimage","url":"https:\/\/fundacjamalak.pl\/sklep\/wp-content\/uploads\/2024\/10\/Czarka-ciemna_produktowe.png","contentUrl":"https:\/\/fundacjamalak.pl\/sklep\/wp-content\/uploads\/2024\/10\/Czarka-ciemna_produktowe.png","width":1280,"height":1588},{"@type":"BreadcrumbList","@id":"https:\/\/fundacjamalak.pl\/sklep\/produkt\/okazje-i-nowosci\/cegielka-czarka-z-serduszkiem-biala-2\/#breadcrumb","itemListElement":[{"@type":"ListItem","position":1,"name":"Strona g\u0142\u00f3wna","item":"https:\/\/sklepmalak.pl\/"},{"@type":"ListItem","position":2,"name":"Sklep","item":"https:\/\/sklepmalak.pl\/"},{"@type":"ListItem","position":3,"name":"Cegie\u0142ka &#8211; Czarka tu i teraz (turkus)"}]},{"@type":"WebSite","@id":"https:\/\/sklepmalak.pl\/#website","url":"https:\/\/sklepmalak.pl\/","name":"Sklep Malak","description":"Nie ma zwyk\u0142ych chwil!","publisher":{"@id":"https:\/\/sklepmalak.pl\/#organization"},"potentialAction":[{"@type":"SearchAction","target":{"@type":"EntryPoint","urlTemplate":"https:\/\/sklepmalak.pl\/?s={search_term_string}"},"query-input":{"@type":"PropertyValueSpecification","valueRequired":true,"valueName":"search_term_string"}}],"inLanguage":"pl-PL"},{"@type":"Organization","@id":"https:\/\/sklepmalak.pl\/#organization","name":"Sklep Malak","alternateName":"Sklep Fundacji Malak","url":"https:\/\/sklepmalak.pl\/","logo":{"@type":"ImageObject","inLanguage":"pl-PL","@id":"https:\/\/sklepmalak.pl\/#\/schema\/logo\/image\/","url":"https:\/\/fundacjamalak.pl\/sklep\/wp-content\/uploads\/2023\/09\/logo.malak-14-2.png","contentUrl":"https:\/\/fundacjamalak.pl\/sklep\/wp-content\/uploads\/2023\/09\/logo.malak-14-2.png","width":355,"height":355,"caption":"Sklep Malak"},"image":{"@id":"https:\/\/sklepmalak.pl\/#\/schema\/logo\/image\/"},"sameAs":["https:\/\/www.facebook.com\/FundacjaMalak","https:\/\/www.instagram.com\/fundacjamalak"]}]}},"_links":{"self":[{"href":"https:\/\/fundacjamalak.pl\/sklep\/wp-json\/wp\/v2\/product\/6766","targetHints":{"allow":["GET"]}}],"collection":[{"href":"https:\/\/fundacjamalak.pl\/sklep\/wp-json\/wp\/v2\/product"}],"about":[{"href":"https:\/\/fundacjamalak.pl\/sklep\/wp-json\/wp\/v2\/types\/product"}],"wp:featuredmedia":[{"embeddable":true,"href":"https:\/\/fundacjamalak.pl\/sklep\/wp-json\/wp\/v2\/media\/6745"}],"wp:attachment":[{"href":"https:\/\/fundacjamalak.pl\/sklep\/wp-json\/wp\/v2\/media?parent=6766"}],"wp:term":[{"taxonomy":"product_brand","embeddable":true,"href":"https:\/\/fundacjamalak.pl\/sklep\/wp-json\/wp\/v2\/product_brand?post=6766"},{"taxonomy":"product_cat","embeddable":true,"href":"https:\/\/fundacjamalak.pl\/sklep\/wp-json\/wp\/v2\/product_cat?post=6766"},{"taxonomy":"product_tag","embeddable":true,"href":"https:\/\/fundacjamalak.pl\/sklep\/wp-json\/wp\/v2\/product_tag?post=6766"}],"curies":[{"name":"wp","href":"https:\/\/api.w.org\/{rel}","templated":true}]}}