{"id":6768,"date":"2024-10-21T20:40:19","date_gmt":"2024-10-21T18:40:19","guid":{"rendered":"https:\/\/sklepmalak.pl\/?post_type=product&#038;p=6768"},"modified":"2026-04-20T23:55:51","modified_gmt":"2026-04-20T21:55:51","slug":"krzyz-ceramiczny","status":"publish","type":"product","link":"https:\/\/fundacjamalak.pl\/sklep\/produkt\/okazje-i-nowosci\/krzyz-ceramiczny\/","title":{"rendered":"Krzy\u017c ceramiczny"},"content":{"rendered":"<p><em>Im bardziej obejmujemy krzy\u017c, tym mocniej obejmujemy Jezusa, kt\u00f3ry jest do niego przybity.<\/em><\/p>\n<p><em>\u015bw. Karol de Foucauld<\/em><\/p>\n<p>Krzy\u017c- niezale\u017cnie od wyznania czy \u015bwiatopogl\u0105du- jeden z najbardziej rozpoznawalnych symboli na \u015bwiecie.<\/p>\n<p>Symbolizuje nie tylko cierpienie, ale przede wszystkim mi\u0142o\u015b\u0107 i odkupienie. Obejmowanie krzy\u017ca to przyj\u0119cie trudno\u015bci i wyzwa\u0144, kt\u00f3re napotykamy w naszym codziennym \u017cyciu. Uczy nas zaufania i powierzenia si\u0119 Bogu.<\/p>\n<p>Malakowy krzy\u017c jest przede wszystkim unikatowy, bo r\u0119cznie wykonany. Ka\u017cdy egzemplarz ma swoj\u0105 w\u0142asn\u0105 histori\u0119.<\/p>\n<p>Doskonale sprawdzi si\u0119 jako element dekoracyjny w domowym wn\u0119trzu. Mo\u017ce by\u0107 tak\u017ce idealnym prezentem dla bliskiej osoby, symbolizuj\u0105cym wsparcie.<\/p>\n<p>Podstawowe dane o przedmiocie:<\/p>\n<p>-wymiary: szeroko\u015b\u0107 ok. 10cm, wysoko\u015b\u0107 ok. 14cm<\/p>\n<p>-wykonany z wysokiej jako\u015bci ceramiki kamionkowej<br \/>\n-przy wysy\u0142ce zapakowany w estetyczny kartonik, zabezpieczony ekologicznym papierem<br \/>\n-wyr\u00f3b rzemie\u015blniczo-r\u0119kodzielniczy wykonany przez Blue House Studio<\/p>\n<p><strong>Ca\u0142kowity doch\u00f3d ze sprzeda\u017cy w sklepie Malak przeznaczony jest\u00a0<\/strong><strong>na dzia\u0142ania i pomoc charytatywn\u0105\u00a0<\/strong><strong>realizowan\u0105 przez\u00a0<a href=\"https:\/\/fundacjamalak.pl\/\">Fundacj\u0119 Malak<\/a>.<\/strong><\/p>\n","protected":false},"excerpt":{"rendered":"<p>Malakowy krzy\u017c jest przede wszystkim unikatowy, bo r\u0119cznie wykonany. Ka\u017cdy egzemplarz ma swoj\u0105 w\u0142asn\u0105 histori\u0119.<\/p>\n<p>Doskonale sprawdzi si\u0119 jako element dekoracyjny w domowym wn\u0119trzu. Mo\u017ce by\u0107 tak\u017ce idealnym prezentem dla bliskiej osoby, symbolizuj\u0105cym wsparcie.<\/p>\n","protected":false},"featured_media":6739,"template":"","meta":{"_acf_changed":false},"product_brand":[],"product_cat":[345,288],"product_tag":[],"class_list":{"0":"post-6768","1":"product","2":"type-product","3":"status-publish","4":"has-post-thumbnail","6":"product_cat-cegielki","7":"product_cat-okazje-i-nowosci","9":"first","10":"instock","11":"taxable","12":"shipping-taxable","13":"purchasable","14":"product-type-variable","15":"has-default-attributes"},"acf":[],"yoast_head":"<!-- This site is optimized with the Yoast SEO plugin v27.1.1 - https:\/\/yoast.com\/product\/yoast-seo-wordpress\/ -->\n<title>Krzy\u017c ceramiczny - Sklep Malak<\/title>\n<meta name=\"robots\" content=\"index, follow, max-snippet:-1, max-image-preview:large, max-video-preview:-1\" \/>\n<link rel=\"canonical\" href=\"https:\/\/fundacjamalak.pl\/sklep\/produkt\/okazje-i-nowosci\/krzyz-ceramiczny\/\" \/>\n<meta property=\"og:locale\" content=\"pl_PL\" \/>\n<meta property=\"og:type\" content=\"article\" \/>\n<meta property=\"og:title\" content=\"Krzy\u017c ceramiczny - Sklep Malak\" \/>\n<meta property=\"og:description\" content=\"Malakowy krzy\u017c jest przede wszystkim unikatowy, bo r\u0119cznie wykonany. Ka\u017cdy egzemplarz ma swoj\u0105 w\u0142asn\u0105 histori\u0119.  Doskonale sprawdzi si\u0119 jako element dekoracyjny w domowym wn\u0119trzu. Mo\u017ce by\u0107 tak\u017ce idealnym prezentem dla bliskiej osoby, symbolizuj\u0105cym wsparcie.\" \/>\n<meta property=\"og:url\" content=\"https:\/\/fundacjamalak.pl\/sklep\/produkt\/okazje-i-nowosci\/krzyz-ceramiczny\/\" \/>\n<meta property=\"og:site_name\" content=\"Sklep Malak\" \/>\n<meta property=\"article:publisher\" content=\"https:\/\/www.facebook.com\/FundacjaMalak\" \/>\n<meta property=\"article:modified_time\" content=\"2026-04-20T21:55:51+00:00\" \/>\n<meta property=\"og:image\" content=\"https:\/\/fundacjamalak.pl\/sklep\/wp-content\/uploads\/2024\/08\/Krzyz_produktowe-jasniejszy-1.png\" \/>\n\t<meta property=\"og:image:width\" content=\"1280\" \/>\n\t<meta property=\"og:image:height\" content=\"1588\" \/>\n\t<meta property=\"og:image:type\" content=\"image\/png\" \/>\n<meta name=\"twitter:card\" content=\"summary_large_image\" \/>\n<meta name=\"twitter:label1\" content=\"Szacowany czas czytania\" \/>\n\t<meta name=\"twitter:data1\" content=\"2 minuty\" \/>\n<script type=\"application\/ld+json\" class=\"yoast-schema-graph\">{\"@context\":\"https:\/\/schema.org\",\"@graph\":[{\"@type\":\"WebPage\",\"@id\":\"https:\/\/fundacjamalak.pl\/sklep\/produkt\/okazje-i-nowosci\/krzyz-ceramiczny\/\",\"url\":\"https:\/\/fundacjamalak.pl\/sklep\/produkt\/okazje-i-nowosci\/krzyz-ceramiczny\/\",\"name\":\"Krzy\u017c ceramiczny - Sklep Malak\",\"isPartOf\":{\"@id\":\"https:\/\/sklepmalak.pl\/#website\"},\"primaryImageOfPage\":{\"@id\":\"https:\/\/fundacjamalak.pl\/sklep\/produkt\/okazje-i-nowosci\/krzyz-ceramiczny\/#primaryimage\"},\"image\":{\"@id\":\"https:\/\/fundacjamalak.pl\/sklep\/produkt\/okazje-i-nowosci\/krzyz-ceramiczny\/#primaryimage\"},\"thumbnailUrl\":\"https:\/\/fundacjamalak.pl\/sklep\/wp-content\/uploads\/2024\/08\/Krzyz_produktowe-jasniejszy-1.png\",\"datePublished\":\"2024-10-21T18:40:19+00:00\",\"dateModified\":\"2026-04-20T21:55:51+00:00\",\"breadcrumb\":{\"@id\":\"https:\/\/fundacjamalak.pl\/sklep\/produkt\/okazje-i-nowosci\/krzyz-ceramiczny\/#breadcrumb\"},\"inLanguage\":\"pl-PL\",\"potentialAction\":[{\"@type\":\"ReadAction\",\"target\":[\"https:\/\/fundacjamalak.pl\/sklep\/produkt\/okazje-i-nowosci\/krzyz-ceramiczny\/\"]}]},{\"@type\":\"ImageObject\",\"inLanguage\":\"pl-PL\",\"@id\":\"https:\/\/fundacjamalak.pl\/sklep\/produkt\/okazje-i-nowosci\/krzyz-ceramiczny\/#primaryimage\",\"url\":\"https:\/\/fundacjamalak.pl\/sklep\/wp-content\/uploads\/2024\/08\/Krzyz_produktowe-jasniejszy-1.png\",\"contentUrl\":\"https:\/\/fundacjamalak.pl\/sklep\/wp-content\/uploads\/2024\/08\/Krzyz_produktowe-jasniejszy-1.png\",\"width\":1280,\"height\":1588},{\"@type\":\"BreadcrumbList\",\"@id\":\"https:\/\/fundacjamalak.pl\/sklep\/produkt\/okazje-i-nowosci\/krzyz-ceramiczny\/#breadcrumb\",\"itemListElement\":[{\"@type\":\"ListItem\",\"position\":1,\"name\":\"Strona g\u0142\u00f3wna\",\"item\":\"https:\/\/sklepmalak.pl\/\"},{\"@type\":\"ListItem\",\"position\":2,\"name\":\"Sklep\",\"item\":\"https:\/\/sklepmalak.pl\/\"},{\"@type\":\"ListItem\",\"position\":3,\"name\":\"Krzy\u017c ceramiczny\"}]},{\"@type\":\"WebSite\",\"@id\":\"https:\/\/sklepmalak.pl\/#website\",\"url\":\"https:\/\/sklepmalak.pl\/\",\"name\":\"Sklep Malak\",\"description\":\"Nie ma zwyk\u0142ych chwil!\",\"publisher\":{\"@id\":\"https:\/\/sklepmalak.pl\/#organization\"},\"potentialAction\":[{\"@type\":\"SearchAction\",\"target\":{\"@type\":\"EntryPoint\",\"urlTemplate\":\"https:\/\/sklepmalak.pl\/?s={search_term_string}\"},\"query-input\":{\"@type\":\"PropertyValueSpecification\",\"valueRequired\":true,\"valueName\":\"search_term_string\"}}],\"inLanguage\":\"pl-PL\"},{\"@type\":\"Organization\",\"@id\":\"https:\/\/sklepmalak.pl\/#organization\",\"name\":\"Sklep Malak\",\"alternateName\":\"Sklep Fundacji Malak\",\"url\":\"https:\/\/sklepmalak.pl\/\",\"logo\":{\"@type\":\"ImageObject\",\"inLanguage\":\"pl-PL\",\"@id\":\"https:\/\/sklepmalak.pl\/#\/schema\/logo\/image\/\",\"url\":\"https:\/\/fundacjamalak.pl\/sklep\/wp-content\/uploads\/2023\/09\/logo.malak-14-2.png\",\"contentUrl\":\"https:\/\/fundacjamalak.pl\/sklep\/wp-content\/uploads\/2023\/09\/logo.malak-14-2.png\",\"width\":355,\"height\":355,\"caption\":\"Sklep Malak\"},\"image\":{\"@id\":\"https:\/\/sklepmalak.pl\/#\/schema\/logo\/image\/\"},\"sameAs\":[\"https:\/\/www.facebook.com\/FundacjaMalak\",\"https:\/\/www.instagram.com\/fundacjamalak\"]}]}<\/script>\n<!-- \/ Yoast SEO plugin. -->","yoast_head_json":{"title":"Krzy\u017c ceramiczny - Sklep Malak","robots":{"index":"index","follow":"follow","max-snippet":"max-snippet:-1","max-image-preview":"max-image-preview:large","max-video-preview":"max-video-preview:-1"},"canonical":"https:\/\/fundacjamalak.pl\/sklep\/produkt\/okazje-i-nowosci\/krzyz-ceramiczny\/","og_locale":"pl_PL","og_type":"article","og_title":"Krzy\u017c ceramiczny - Sklep Malak","og_description":"Malakowy krzy\u017c jest przede wszystkim unikatowy, bo r\u0119cznie wykonany. Ka\u017cdy egzemplarz ma swoj\u0105 w\u0142asn\u0105 histori\u0119.  Doskonale sprawdzi si\u0119 jako element dekoracyjny w domowym wn\u0119trzu. Mo\u017ce by\u0107 tak\u017ce idealnym prezentem dla bliskiej osoby, symbolizuj\u0105cym wsparcie.","og_url":"https:\/\/fundacjamalak.pl\/sklep\/produkt\/okazje-i-nowosci\/krzyz-ceramiczny\/","og_site_name":"Sklep Malak","article_publisher":"https:\/\/www.facebook.com\/FundacjaMalak","article_modified_time":"2026-04-20T21:55:51+00:00","og_image":[{"width":1280,"height":1588,"url":"https:\/\/fundacjamalak.pl\/sklep\/wp-content\/uploads\/2024\/08\/Krzyz_produktowe-jasniejszy-1.png","type":"image\/png"}],"twitter_card":"summary_large_image","twitter_misc":{"Szacowany czas czytania":"2 minuty"},"schema":{"@context":"https:\/\/schema.org","@graph":[{"@type":"WebPage","@id":"https:\/\/fundacjamalak.pl\/sklep\/produkt\/okazje-i-nowosci\/krzyz-ceramiczny\/","url":"https:\/\/fundacjamalak.pl\/sklep\/produkt\/okazje-i-nowosci\/krzyz-ceramiczny\/","name":"Krzy\u017c ceramiczny - Sklep Malak","isPartOf":{"@id":"https:\/\/sklepmalak.pl\/#website"},"primaryImageOfPage":{"@id":"https:\/\/fundacjamalak.pl\/sklep\/produkt\/okazje-i-nowosci\/krzyz-ceramiczny\/#primaryimage"},"image":{"@id":"https:\/\/fundacjamalak.pl\/sklep\/produkt\/okazje-i-nowosci\/krzyz-ceramiczny\/#primaryimage"},"thumbnailUrl":"https:\/\/fundacjamalak.pl\/sklep\/wp-content\/uploads\/2024\/08\/Krzyz_produktowe-jasniejszy-1.png","datePublished":"2024-10-21T18:40:19+00:00","dateModified":"2026-04-20T21:55:51+00:00","breadcrumb":{"@id":"https:\/\/fundacjamalak.pl\/sklep\/produkt\/okazje-i-nowosci\/krzyz-ceramiczny\/#breadcrumb"},"inLanguage":"pl-PL","potentialAction":[{"@type":"ReadAction","target":["https:\/\/fundacjamalak.pl\/sklep\/produkt\/okazje-i-nowosci\/krzyz-ceramiczny\/"]}]},{"@type":"ImageObject","inLanguage":"pl-PL","@id":"https:\/\/fundacjamalak.pl\/sklep\/produkt\/okazje-i-nowosci\/krzyz-ceramiczny\/#primaryimage","url":"https:\/\/fundacjamalak.pl\/sklep\/wp-content\/uploads\/2024\/08\/Krzyz_produktowe-jasniejszy-1.png","contentUrl":"https:\/\/fundacjamalak.pl\/sklep\/wp-content\/uploads\/2024\/08\/Krzyz_produktowe-jasniejszy-1.png","width":1280,"height":1588},{"@type":"BreadcrumbList","@id":"https:\/\/fundacjamalak.pl\/sklep\/produkt\/okazje-i-nowosci\/krzyz-ceramiczny\/#breadcrumb","itemListElement":[{"@type":"ListItem","position":1,"name":"Strona g\u0142\u00f3wna","item":"https:\/\/sklepmalak.pl\/"},{"@type":"ListItem","position":2,"name":"Sklep","item":"https:\/\/sklepmalak.pl\/"},{"@type":"ListItem","position":3,"name":"Krzy\u017c ceramiczny"}]},{"@type":"WebSite","@id":"https:\/\/sklepmalak.pl\/#website","url":"https:\/\/sklepmalak.pl\/","name":"Sklep Malak","description":"Nie ma zwyk\u0142ych chwil!","publisher":{"@id":"https:\/\/sklepmalak.pl\/#organization"},"potentialAction":[{"@type":"SearchAction","target":{"@type":"EntryPoint","urlTemplate":"https:\/\/sklepmalak.pl\/?s={search_term_string}"},"query-input":{"@type":"PropertyValueSpecification","valueRequired":true,"valueName":"search_term_string"}}],"inLanguage":"pl-PL"},{"@type":"Organization","@id":"https:\/\/sklepmalak.pl\/#organization","name":"Sklep Malak","alternateName":"Sklep Fundacji Malak","url":"https:\/\/sklepmalak.pl\/","logo":{"@type":"ImageObject","inLanguage":"pl-PL","@id":"https:\/\/sklepmalak.pl\/#\/schema\/logo\/image\/","url":"https:\/\/fundacjamalak.pl\/sklep\/wp-content\/uploads\/2023\/09\/logo.malak-14-2.png","contentUrl":"https:\/\/fundacjamalak.pl\/sklep\/wp-content\/uploads\/2023\/09\/logo.malak-14-2.png","width":355,"height":355,"caption":"Sklep Malak"},"image":{"@id":"https:\/\/sklepmalak.pl\/#\/schema\/logo\/image\/"},"sameAs":["https:\/\/www.facebook.com\/FundacjaMalak","https:\/\/www.instagram.com\/fundacjamalak"]}]}},"_links":{"self":[{"href":"https:\/\/fundacjamalak.pl\/sklep\/wp-json\/wp\/v2\/product\/6768","targetHints":{"allow":["GET"]}}],"collection":[{"href":"https:\/\/fundacjamalak.pl\/sklep\/wp-json\/wp\/v2\/product"}],"about":[{"href":"https:\/\/fundacjamalak.pl\/sklep\/wp-json\/wp\/v2\/types\/product"}],"wp:featuredmedia":[{"embeddable":true,"href":"https:\/\/fundacjamalak.pl\/sklep\/wp-json\/wp\/v2\/media\/6739"}],"wp:attachment":[{"href":"https:\/\/fundacjamalak.pl\/sklep\/wp-json\/wp\/v2\/media?parent=6768"}],"wp:term":[{"taxonomy":"product_brand","embeddable":true,"href":"https:\/\/fundacjamalak.pl\/sklep\/wp-json\/wp\/v2\/product_brand?post=6768"},{"taxonomy":"product_cat","embeddable":true,"href":"https:\/\/fundacjamalak.pl\/sklep\/wp-json\/wp\/v2\/product_cat?post=6768"},{"taxonomy":"product_tag","embeddable":true,"href":"https:\/\/fundacjamalak.pl\/sklep\/wp-json\/wp\/v2\/product_tag?post=6768"}],"curies":[{"name":"wp","href":"https:\/\/api.w.org\/{rel}","templated":true}]}}